{"id":12759,"date":"2024-09-27T17:02:58","date_gmt":"2024-09-27T10:02:58","guid":{"rendered":"https:\/\/bynature.vn\/product\/bo-vitamin-vani-cam-ngot-100g\/"},"modified":"2024-09-27T17:02:58","modified_gmt":"2024-09-27T10:02:58","slug":"bo-vitamin-vani-cam-ngot-100g","status":"publish","type":"product","link":"https:\/\/bynature.vn\/vi\/product\/bo-vitamin-vani-cam-ngot-100g\/","title":{"rendered":"B\u01a1 Vitamin Vani &amp; Cam Ng\u1ecdt 100g"},"content":{"rendered":"<p>B\u01a1 D\u01b0\u1ee1ng Th\u1ec3 Vitamin Ho\u00e0n To\u00e0n T\u1ef1 Nhi\u00ean v\u1edbi tinh d\u1ea7u Vani &amp; Cam Ng\u1ecdt Nguy\u00ean Ch\u1ea5t<\/p>\n<p>Nu\u00f4ng chi\u1ec1u l\u00e0n da c\u1ee7a b\u1ea1n v\u1edbi B\u01a1 D\u01b0\u1ee1ng Th\u1ec3 Vitamin Thi\u00ean Nhi\u00ean, s\u1ef1 h\u00f2a quy\u1ec7n sang tr\u1ecdng gi\u00fap nu\u00f4i d\u01b0\u1ee1ng v\u00e0 c\u1ea5p \u1ea9m chuy\u00ean s\u00e2u. \u0110\u01b0\u1ee3c \u1ee7 h\u01b0\u01a1ng tinh t\u1ebf t\u1eeb vani v\u00e0 tinh d\u1ea7u cam ng\u1ecdt nguy\u00ean ch\u1ea5t, ch\u1ea5t b\u01a1 \u0111\u1eadm m\u1ecbn n\u00e0y kh\u00f4ng ch\u1ec9 ch\u0103m s\u00f3c da m\u00e0 c\u00f2n bao b\u1ecdc c\u00e1c gi\u00e1c quan trong c\u1ea3m gi\u00e1c th\u01b0 gi\u00e3n, d\u1ec5 ch\u1ecbu. <\/p>\n<p>Nh\u1eefng l\u1ee3i \u00edch n\u1ed5i b\u1eadt:<br \/>&#8211; C\u00f4ng th\u1ee9c nu\u00f4i d\u01b0\u1ee1ng: Gi\u00e0u vitamin A &amp; E thi\u1ebft y\u1ebfu, gi\u00fap l\u00e0n da kh\u1ecfe m\u1ea1nh, r\u1ea1ng r\u1ee1, c\u1ea3i thi\u1ec7n k\u1ebft c\u1ea5u v\u00e0 \u0111\u1ed9 \u0111\u00e0n h\u1ed3i.<br \/>\n&#8211; D\u01b0\u1ee1ng \u1ea9m s\u00e2u: \u0110\u01b0\u1ee3c t\u1ea1o n\u00ean t\u1eeb b\u01a1 h\u1ea1t m\u1ee1 t\u1ef1 nhi\u00ean v\u00e0 d\u1ea7u d\u1eeba, s\u1ea3n ph\u1ea9m tan ch\u1ea3y nh\u1eb9 nh\u00e0ng tr\u00ean da, cung c\u1ea5p \u0111\u1ed9 \u1ea9m l\u00e2u d\u00e0i m\u00e0 kh\u00f4ng g\u00e2y nh\u1eddn r\u00edt.<br \/>\n&#8211; H\u01b0\u01a1ng th\u01a1m t\u01b0\u01a1i m\u1edbi, tr\u00e0n \u0111\u1ea7y s\u1ee9c s\u1ed1ng: S\u1ef1 k\u1ebft h\u1ee3p gi\u1eefa h\u01b0\u01a1ng vani ng\u1ecdt ng\u00e0o, b\u00e9o m\u1ecbn v\u00e0 cam ng\u1ecdt t\u01b0\u01a1i s\u00e1ng mang l\u1ea1i tr\u1ea3i nghi\u1ec7m h\u01b0\u01a1ng th\u01a1m d\u1ec5 ch\u1ecbu, gi\u00fap tinh th\u1ea7n s\u1ea3ng kho\u00e1i v\u00e0 tr\u00e0n \u0111\u1ea7y n\u0103ng l\u01b0\u1ee3ng.<\/p>\n<p>Ph\u00f9 h\u1ee3p v\u1edbi M\u1ecdi Lo\u1ea1i Da: Th\u00edch h\u1ee3p s\u1eed d\u1ee5ng h\u1eb1ng ng\u00e0y, b\u01a1 d\u01b0\u1ee1ng th\u1ec3 c\u1ea3u ch\u00fang t\u00f4i l\u00e0 l\u1ef1a ch\u1ecdn l\u00fd t\u01b0\u1edfng cho b\u1ea5t k\u1ef3 ai mu\u1ed1n n\u00e2ng c\u1ea5p chu tr\u00ecnh ch\u0103m s\u00f3c da, \u0111\u1ed3ng th\u1eddi t\u1eadn h\u01b0\u1edfng h\u01b0\u01a1ng th\u01a1m d\u1ecbu nh\u1eb9 nh\u01b0ng \u0111\u1ea7y s\u1ee9c s\u1ed1ng t\u1eeb thi\u00ean nhi\u00ean.<\/p>\n<p>H\u00e3y chi\u1ec1u chu\u1ed9ng l\u00e0n da v\u1edbi kh\u1ea3 n\u0103ng d\u01b0\u1ee1ng \u1ea9m t\u1ed1i \u01b0u v\u00e0 \u0111\u1eafm m\u00ecnh trong s\u1ef1 h\u00f2a quy\u1ec7n ng\u1ecdt ng\u00e0o c\u1ee7a vani v\u00e0 cam qu\u00fdt. Tr\u1ea3i nghi\u1ec7m s\u1ee9c m\u1ea1nh nu\u00f4i d\u01b0\u1ee1ng m\u1ea1nh m\u1ebd t\u1eeb B\u01a1 D\u01b0\u1ee1ng Th\u1ec3 Vitamin Thi\u00ean Nhi\u00ean ngay h\u00f4m nay! <\/p>\n<p>Dung t\u00edch: 100g.<\/p>\n<p>Th\u00e0nh ph\u1ea7n: d\u1ea7u d\u1eeba, d\u1ea7u jojoba, d\u1ea7u g\u1ea5c, d\u1ea7u b\u01a1, s\u00e1p ong, s\u00e1p \u0111\u1eadu n\u00e0nh, b\u01a1 h\u1ea1t m\u1ee1, vitamin A &amp; E, chi\u1ebft xu\u1ea5t th\u1ef1c v\u1eadt IPM v\u00e0 tinh d\u1ea7u nguy\u00ean ch\u1ea5t.<\/p>\n","protected":false},"excerpt":{"rendered":"<p>B\u01a1 D\u01b0\u1ee1ng Th\u1ec3 Vitamin Vani &amp; Cam Ng\u1ecdt Ho\u00e0n To\u00e0n T\u1ef1 Nhi\u00ean<\/p>\n<p>Ch\u0103m s\u00f3c l\u00e0n da c\u1ee7a b\u1ea1n v\u1edbi B\u01a1 D\u01b0\u1ee1ng Th\u1ec3 Vitamin Ho\u00e0n To\u00e0n T\u1ef1 Nhi\u00ean, \u0111\u01b0\u1ee3c \u1ee7 h\u01b0\u01a1ng vanilla v\u00e0 cam ng\u1ecdt \u0111\u1ea7y quy\u1ebfn r\u0169. C\u00f4ng th\u1ee9c kem m\u1ecbn k\u1ebft h\u1ee3p vitamin A &amp; E, gi\u00e0u b\u01a1 h\u1ea1t m\u1ee1 h\u1eefu c\u01a1 v\u00e0 d\u1ea7u d\u1eeba gi\u00fap c\u1ea5p \u1ea9m s\u00e2u, mang l\u1ea1i l\u00e0n da m\u1ec1m m\u1ea1i, m\u01b0\u1ee3t m\u00e0 nh\u01b0 l\u1ee5a. L\u1ef1a ch\u1ecdn ho\u00e0n h\u1ea3o v\u1edbi m\u1ecdi lo\u1ea1i da, s\u1ea3n ph\u1ea9m gi\u00fap da lu\u00f4n \u1ea9m m\u1ecbn, th\u01a1m d\u1ecbu v\u00e0 tr\u00e0n \u0111\u1ea7y s\u1ee9c s\u1ed1ng. H\u00e3y t\u1eadn h\u01b0\u1edfng s\u1ef1 h\u00f2a quy\u1ec7n sang tr\u1ecdng n\u00e0y v\u00e0 \u0111\u1eafm m\u00ecnh trong h\u01b0\u01a1ng th\u01a1m ng\u1ecdt ng\u00e0o, t\u01b0\u01a1i m\u1edbi c\u1ee7a vani v\u00e0 cam qu\u00fdt!   <\/p>\n<p>Dung t\u00edch: 100g<\/p>\n","protected":false},"featured_media":12276,"template":"","meta":[],"pwb-brand":[288],"product_cat":[397,401,185],"product_tag":[555,556],"class_list":{"0":"post-12759","1":"product","2":"type-product","3":"status-publish","4":"has-post-thumbnail","6":"pwb-brand-bynature-vi","7":"product_cat-cham-soc-co-the","8":"product_cat-duong-am","9":"product_cat-suc-khoe-lam-dep","10":"product_tag-bo-duong-the-vitamin","11":"product_tag-duong-am","13":"first","14":"instock","15":"shipping-taxable","16":"purchasable","17":"product-type-simple"},"acf":[],"brands":[{"id":288,"name":"ByNature","slug":"bynature-vi"}],"_links":{"self":[{"href":"https:\/\/bynature.vn\/vi\/wp-json\/wp\/v2\/product\/12759","targetHints":{"allow":["GET"]}}],"collection":[{"href":"https:\/\/bynature.vn\/vi\/wp-json\/wp\/v2\/product"}],"about":[{"href":"https:\/\/bynature.vn\/vi\/wp-json\/wp\/v2\/types\/product"}],"wp:featuredmedia":[{"embeddable":true,"href":"https:\/\/bynature.vn\/vi\/wp-json\/wp\/v2\/media\/12276"}],"wp:attachment":[{"href":"https:\/\/bynature.vn\/vi\/wp-json\/wp\/v2\/media?parent=12759"}],"wp:term":[{"taxonomy":"pwb-brand","embeddable":true,"href":"https:\/\/bynature.vn\/vi\/wp-json\/wp\/v2\/pwb-brand?post=12759"},{"taxonomy":"product_cat","embeddable":true,"href":"https:\/\/bynature.vn\/vi\/wp-json\/wp\/v2\/product_cat?post=12759"},{"taxonomy":"product_tag","embeddable":true,"href":"https:\/\/bynature.vn\/vi\/wp-json\/wp\/v2\/product_tag?post=12759"}],"curies":[{"name":"wp","href":"https:\/\/api.w.org\/{rel}","templated":true}]}}