{"id":12758,"date":"2024-09-27T16:23:35","date_gmt":"2024-09-27T09:23:35","guid":{"rendered":"https:\/\/bynature.vn\/product\/bo-vitamin-oai-huong-cuc-la-ma-100g\/"},"modified":"2024-09-27T16:23:35","modified_gmt":"2024-09-27T09:23:35","slug":"bo-vitamin-oai-huong-cuc-la-ma-100g","status":"publish","type":"product","link":"https:\/\/bynature.vn\/vi\/product\/bo-vitamin-oai-huong-cuc-la-ma-100g\/","title":{"rendered":"B\u01a1 Vitamin O\u1ea3i h\u01b0\u01a1ng &amp; C\u00fac La M\u00e3 100g"},"content":{"rendered":"<div id=\"model-response-message-contentr_9243bf73b5ba464c\" class=\"markdown markdown-main-panel tutor-markdown-rendering enable-updated-hr-color\" dir=\"ltr\">\n<h2>B\u01a1 D\u01b0\u1ee1ng Th\u1ec3 O\u1ea3i h\u01b0\u01a1ng &amp; C\u00fac La M\u00e3 L\u00e0m D\u1ecbu Da<\/h2>\n<p><b>D\u01b0\u1ee1ng \u1ea9m s\u00e2u. L\u00e0m d\u1ecbu t\u1ef1 nhi\u00ean. Tho\u1ea3i m\u00e1i, kh\u00f4ng h\u00f3a ch\u1ea5t.  <\/b><\/p>\n<p>H\u00e3y chi\u1ec1u chu\u1ed9ng l\u00e0n da c\u1ee7a b\u1ea1n v\u1edbi quy tr\u00ecnh th\u01b0 gi\u00e3n tuy\u1ec7t \u0111\u1ed1i c\u00f9ng <b>B\u01a1 D\u01b0\u1ee1ng Th\u1ec3 Vitamin O\u1ea3i h\u01b0\u01a1ng &amp; C\u00fac La M\u00e3<\/b>. C\u00f4ng th\u1ee9c si\u00eau gi\u00e0u d\u01b0\u1ee1ng ch\u1ea5t, ho\u00e0n to\u00e0n t\u1ef1 nhi\u00ean mang \u0111\u1ebfn \u0111\u1ed9 \u1ea9m chuy\u00ean s\u00e2u v\u00e0 c\u1ea3m gi\u00e1c d\u1ec5 ch\u1ecbu, \u0111\u1ed3ng th\u1eddi xoa d\u1ecbu c\u00e1c gi\u00e1c quan, tr\u1edf th\u00e0nh l\u1ef1a ch\u1ecdn ho\u00e0n h\u1ea3o cho chu tr\u00ecnh ch\u0103m s\u00f3c da tr\u01b0\u1edbc khi \u0111i ng\u1ee7. <\/p>\n<ul>\n<li><b>D\u01b0\u1ee1ng \u1ea8m M\u1ea1nh M\u1ebd T\u1eeb Thi\u00ean Nhi\u00ean:<\/b> S\u1ea3n ph\u1ea9m b\u01a1 n\u00e0y <img width=\"0\" height=\"0\"> kh\u00f4ng ch\u1ee9a paraben v\u00e0 c\u00e1c h\u00f3a ch\u1ea5t m\u1ea1nh. Ch\u00fang t\u00f4i k\u1ebft h\u1ee3p c\u00e1c ch\u1ea5t d\u01b0\u1ee1ng \u1ea9m t\u1ef1 nhi\u00ean c\u00f3 hi\u1ec7u qu\u1ea3 cao nh\u01b0 <b>B\u01a1 H\u1ea1t M\u1ee1<\/b>, <b>D\u1ea7u D\u1eeba<\/b>, <b>D\u1ea7u Jojoba<\/b> v\u00e0 <b>D\u1ea7u B\u01a1<\/b>, gi\u00fap ph\u1ee5c h\u1ed3i l\u00e0n da s\u00e2u v\u00e0 l\u00e2u d\u00e0i. <\/li>\n<li><b>B\u1ed5 Sung Vitamin:<\/b> \u0110\u01b0\u1ee3c t\u0103ng c\u01b0\u1eddng Vitamin A &amp; E thi\u1ebft y\u1ebfu, c\u00f4ng th\u1ee9c h\u1ed7 tr\u1ee3 t\u00e1i t\u1ea1o da v\u00e0 gi\u00fap duy tr\u00ec h\u00e0ng r\u00e0o b\u1ea3o v\u1ec7 da kh\u1ecfe m\u1ea1nh, m\u1ec1m m\u1ea1i.<\/li>\n<li><b>C\u00f4ng Th\u1ee9c \u0110\u1ed9c \u0110\u00e1o v\u1edbi G\u1ea5c &amp; IPM:<\/b> B\u1ed5 sung c\u00e1c th\u00e0nh ph\u1ea7n \u0111\u1eb7c bi\u1ec7t nh\u01b0 <b>D\u1ea7u G\u1ea5c<\/b> v\u00e0 <b>Chi\u1ebft Xu\u1ea5t Th\u1ef1c V\u1eadt IPM <\/b>gi\u00fap t\u0103ng kh\u1ea3 n\u0103ng h\u1ea5p th\u1ee5 c\u1ee7a b\u01a1 v\u00e0 n\u00e2ng cao hi\u1ec7u qu\u1ea3 ph\u1ee5c h\u1ed3i, l\u00e0m m\u1edbi l\u00e0n da.<\/li>\n<li><b>Li\u1ec7u Ph\u00e1p H\u01b0\u01a1ng Th\u01a1m cho Gi\u1ea5c Ng\u1ee7:<\/b> S\u1ef1 k\u1ebft h\u1ee3p d\u1ecbu nh\u1eb9 c\u1ee7a<b> O\u1ea3i h\u01b0\u01a1ng<\/b> v\u00e0 <b>C\u00fac La M\u00e3 <\/b>t\u1eeb <b>tinh d\u1ea7u nguy\u00ean ch\u1ea5t<\/b> gi\u00fap th\u01b0 gi\u00e3n tinh th\u1ea7n v\u00e0 chu\u1ea9n b\u1ecb c\u01a1 th\u1ec3 cho m\u1ed9t gi\u1ea5c ng\u1ee7 s\u00e2u, tr\u1ecdn v\u1eb9n.<\/li>\n<li><b>K\u1ebft C\u1ea5u T\u1ef1 Nhi\u00ean, Gi\u00e0u D\u01b0\u1ee1ng Ch\u1ea5t:<\/b> H\u1ed7n h\u1ee3p sang tr\u1ecdng c\u1ee7a <b>S\u00e1p ong<\/b> v\u00e0 <b>S\u00e1p \u0111\u1eadu n\u00e0nh<\/b> t\u1ea1o n\u00ean k\u1ebft c\u1ea5u b\u01a1 \u0111\u1eb7c m\u1ecbn ho\u00e0n h\u1ea3o, tan ch\u1ea3y nh\u1eb9 nh\u00e0ng khi thoa l\u00ean da.<\/li>\n<\/ul>\n<p><b>Thoa m\u1ed9t l\u01b0\u1ee3ng v\u1eeba \u0111\u1ee7 tr\u01b0\u1edbc khi \u0111i ng\u1ee7 \u0111\u1ec3 th\u1ee9c d\u1eady v\u1edbi l\u00e0n da m\u1ec1m m\u1ecbn, c\u0103ng m\u01b0\u1edbt v\u00e0 \u0111\u01b0\u1ee3c ph\u1ee5c h\u1ed3i ho\u00e0n to\u00e0n.<\/b><\/p>\n<\/div>\n","protected":false},"excerpt":{"rendered":"<div id=\"model-response-message-contentr_11ea991f57277518\" class=\"markdown markdown-main-panel tutor-markdown-rendering enable-updated-hr-color\" dir=\"ltr\">\n<h2>B\u01a1 D\u01b0\u1ee1ng Th\u1ec3 O\u1ea3i h\u01b0\u01a1ng &amp; C\u00fac La M\u00e3 L\u00e0m D\u1ecbu Da<\/h2>\n<p>Chi\u1ec1u chu\u1ed9ng l\u00e0n da v\u1edbi <b>B\u01a1 D\u01b0\u1ee1ng Th\u1ec3 O\u1ea3i h\u01b0\u01a1ng &amp; C\u00fac La M\u00e3<\/b>, gi\u1ea3i ph\u00e1p thi\u00ean nhi\u00ean t\u1ed1i \u01b0u cho l\u00e0n da kh\u00f4. C\u00f4ng th\u1ee9c \u0111\u1eadm \u0111\u1eb7c n\u00e0y <img width=\"0\" height=\"0\"> kh\u00f4ng ch\u1ee9a paraben v\u00e0 h\u00f3a ch\u1ea5t g\u00e2y h\u1ea1i, k\u1ebft h\u1ee3p <b>B\u01a1 H\u1ea1t M\u1ee1, D\u1ea7u D\u1eeba, D\u1ea7u Jojoba v\u00e0 D\u1ea7u B\u01a1<\/b> \u0111\u1ec3 cung c\u1ea5p \u0111\u1ed9 \u1ea9m chuy\u00ean s\u00e2u. \u0110\u01b0\u1ee3c b\u1ed5 sung <b>Vitamin A &amp; E<\/b> c\u00f9ng D\u1ea7u G\u1ea5c, s\u1ea3n ph\u1ea9m nu\u00f4i d\u01b0\u1ee1ng l\u00e0n da t\u1eeb s\u00e2u b\u00ean trong, trong khi <b>tinh d\u1ea7u nguy\u00ean ch\u1ea5t<\/b> c\u1ee7a O\u1ea3i h\u01b0\u01a1ng v\u00e0 C\u00fac La M\u00e3 nh\u1eb9 nh\u00e0ng xoa d\u1ecbu c\u00e1c gi\u00e1c quan, mang l\u1ea1i c\u1ea3m gi\u00e1c th\u01b0 gi\u00e3n tr\u1ecdn v\u1eb9n.  <\/p>\n<\/div>\n","protected":false},"featured_media":12280,"template":"","meta":[],"pwb-brand":[288],"product_cat":[397,401,185],"product_tag":[555],"class_list":{"0":"post-12758","1":"product","2":"type-product","3":"status-publish","4":"has-post-thumbnail","6":"pwb-brand-bynature-vi","7":"product_cat-cham-soc-co-the","8":"product_cat-duong-am","9":"product_cat-suc-khoe-lam-dep","10":"product_tag-bo-duong-the-vitamin","12":"first","13":"instock","14":"shipping-taxable","15":"purchasable","16":"product-type-simple"},"acf":[],"brands":[{"id":288,"name":"ByNature","slug":"bynature-vi"}],"_links":{"self":[{"href":"https:\/\/bynature.vn\/vi\/wp-json\/wp\/v2\/product\/12758","targetHints":{"allow":["GET"]}}],"collection":[{"href":"https:\/\/bynature.vn\/vi\/wp-json\/wp\/v2\/product"}],"about":[{"href":"https:\/\/bynature.vn\/vi\/wp-json\/wp\/v2\/types\/product"}],"wp:featuredmedia":[{"embeddable":true,"href":"https:\/\/bynature.vn\/vi\/wp-json\/wp\/v2\/media\/12280"}],"wp:attachment":[{"href":"https:\/\/bynature.vn\/vi\/wp-json\/wp\/v2\/media?parent=12758"}],"wp:term":[{"taxonomy":"pwb-brand","embeddable":true,"href":"https:\/\/bynature.vn\/vi\/wp-json\/wp\/v2\/pwb-brand?post=12758"},{"taxonomy":"product_cat","embeddable":true,"href":"https:\/\/bynature.vn\/vi\/wp-json\/wp\/v2\/product_cat?post=12758"},{"taxonomy":"product_tag","embeddable":true,"href":"https:\/\/bynature.vn\/vi\/wp-json\/wp\/v2\/product_tag?post=12758"}],"curies":[{"name":"wp","href":"https:\/\/api.w.org\/{rel}","templated":true}]}}