{"id":12757,"date":"2025-12-03T12:53:41","date_gmt":"2025-12-03T05:53:41","guid":{"rendered":"https:\/\/bynature.vn\/product\/nuoc-tay-trang-60ml\/"},"modified":"2025-12-03T12:53:41","modified_gmt":"2025-12-03T05:53:41","slug":"nuoc-tay-trang-60ml","status":"publish","type":"product","link":"https:\/\/bynature.vn\/vi\/product\/nuoc-tay-trang-60ml\/","title":{"rendered":"N\u01b0\u1edbc T\u1ea9y Trang 60ml"},"content":{"rendered":"<h2 data-pm-slice=\"1 3 []\">N\u01b0\u1edbc t\u1ea9y trang v\u1edbi tinh d\u1ea7u phong l\u1eef<\/h2>\n<p><strong>L\u00e0m tan \u0111i c\u1ea3 ng\u00e0y d\u00e0i b\u1eb1ng c\u00e1i ch\u1ea1m thu\u1ea7n khi\u1ebft nh\u1ea5t.<\/strong><\/p>\n<p>S\u1ea3n ph\u1ea9m t\u1ea9y trang si\u00eau d\u1ecbu nh\u1eb9 nh\u01b0ng v\u00f4 c\u00f9ng hi\u1ec7u qu\u1ea3 c\u1ee7a ch\u00fang t\u00f4i t\u1eadn d\u1ee5ng s\u1ee9c m\u1ea1nh t\u1ef1 nhi\u00ean c\u1ee7a D<strong>\u1ea7u D\u1eeba Nguy\u00ean Ch\u1ea5t<\/strong> \u00e9p l\u1ea1nh, gi\u00fap d\u1ec5 d\u00e0ng h\u00f2a tan ngay c\u1ea3 mascara ch\u1ed1ng n\u01b0\u1edbc v\u00e0 kem n\u1ec1n l\u00e2u tr\u00f4i c\u1ee9ng \u0111\u1ea7u nh\u1ea5t.<\/p>\n<p>S\u1ea3n ph\u1ea9m l\u00e0m s\u1ea1ch m\u1ed9t b\u01b0\u1edbc n\u00e0y kh\u00f4ng g\u00e2y kh\u00f4 da, gi\u00fap l\u00e0n da c\u1ee7a b\u1ea1n lu\u00f4n m\u1ec1m m\u1ea1i, \u0111\u01b0\u1ee3c nu\u00f4i d\u01b0\u1ee1ng m\u00e0 kh\u00f4ng h\u1ec1 b\u1ecb m\u1ea5t \u0111i \u0111\u1ed9 \u1ea9m t\u1ef1 nhi\u00ean. S\u1ea3n ph\u1ea9m \u0111\u01b0\u1ee3c b\u1ed5 sung <strong>tinh d\u1ea7u Phong l\u1eef<\/strong> m\u1ed9t c\u00e1ch tinh t\u1ebf gi\u00fap c\u00e2n b\u1eb1ng v\u00e0 l\u00e0m d\u1ecbu da, \u0111\u1ed3ng th\u1eddi mang l\u1ea1i h\u01b0\u01a1ng th\u01a1m nh\u1eb9 nh\u00e0ng, th\u01b0 gi\u00e3n. \u0110\u01a1n gi\u1ea3n, tinh khi\u1ebft v\u00e0 ho\u00e0n to\u00e0n t\u1ef1 nhi\u00ean &#8211; c\u00e1ch nh\u1eb9 nh\u00e0ng nh\u01b0ng hi\u1ec7u qu\u1ea3 \u0111\u1ec3 kh\u00e9p l\u1ea1i m\u1ed9t ng\u00e0y d\u00e0i.<\/p>\n<p><strong>C\u00e1c l\u1ee3i \u00edch ch\u00ednh:<\/strong><\/p>\n<ul>\n<li>Ngay l\u1eadp t\u1ee9c gi\u1ea3i quy\u1ebft t\u1ea5t c\u1ea3 nh\u1eefng l\u1edbp trang \u0111i\u1ec3m.<\/li>\n<li>D\u01b0\u1ee1ng \u1ea9m s\u00e2u, kh\u00f4ng \u0111\u1ec3 l\u1ea1i c\u1eb7n hay c\u1ea3m gi\u00e1c nh\u1eddn r\u00edt.<\/li>\n<li>H\u01b0\u01a1ng th\u01a1m t\u1ef1 nhi\u00ean t\u1eeb tinh d\u1ea7u Phong l\u1eef.<\/li>\n<\/ul>\n","protected":false},"excerpt":{"rendered":"<p>N\u01b0\u1edbc t\u1ea9y trang<\/p>\n<p data-pm-slice=\"1 1 []\">D\u1ec5 d\u00e0ng l\u00e0m tan l\u1edbp trang \u0111i\u1ec3m c\u1ee9ng \u0111\u1ea7u ch\u1ec9 v\u1edbi hai th\u00e0nh ph\u1ea7n t\u1ef1 nhi\u00ean: <strong>D\u1ea7u D\u1eeba Nguy\u00ean Ch\u1ea5t<\/strong> d\u01b0\u1ee1ng \u1ea9m v\u00e0 <strong>tinh d\u1ea7u Phong l\u1eef<\/strong> c\u00e2n b\u1eb1ng da. L\u00e0m s\u1ea1ch ho\u00e0n to\u00e0n, \u0111\u1ec3 l\u1ea1i l\u00e0n da m\u1ec1m m\u1ea1i, d\u1ecbu nh\u1eb9 v\u00e0 \u0111\u01b0\u1ee3c nu\u00f4i d\u01b0\u1ee1ng, kh\u00f4ng g\u00e2y kh\u00f4 hay m\u1ea5t \u0111\u1ed9 \u1ea9m.<\/p>\n","protected":false},"featured_media":12530,"template":"","meta":[],"pwb-brand":[285],"product_cat":[205,208,185,209],"product_tag":[],"class_list":{"0":"post-12757","1":"product","2":"type-product","3":"status-publish","4":"has-post-thumbnail","6":"pwb-brand-baluchon-vi","7":"product_cat-cham-soc-da","8":"product_cat-lam-sach-da","9":"product_cat-suc-khoe-lam-dep","10":"product_cat-trang-diem","12":"first","13":"instock","14":"shipping-taxable","15":"purchasable","16":"product-type-simple"},"acf":[],"brands":[{"id":285,"name":"Baluchon","slug":"baluchon-vi"}],"_links":{"self":[{"href":"https:\/\/bynature.vn\/vi\/wp-json\/wp\/v2\/product\/12757","targetHints":{"allow":["GET"]}}],"collection":[{"href":"https:\/\/bynature.vn\/vi\/wp-json\/wp\/v2\/product"}],"about":[{"href":"https:\/\/bynature.vn\/vi\/wp-json\/wp\/v2\/types\/product"}],"wp:featuredmedia":[{"embeddable":true,"href":"https:\/\/bynature.vn\/vi\/wp-json\/wp\/v2\/media\/12530"}],"wp:attachment":[{"href":"https:\/\/bynature.vn\/vi\/wp-json\/wp\/v2\/media?parent=12757"}],"wp:term":[{"taxonomy":"pwb-brand","embeddable":true,"href":"https:\/\/bynature.vn\/vi\/wp-json\/wp\/v2\/pwb-brand?post=12757"},{"taxonomy":"product_cat","embeddable":true,"href":"https:\/\/bynature.vn\/vi\/wp-json\/wp\/v2\/product_cat?post=12757"},{"taxonomy":"product_tag","embeddable":true,"href":"https:\/\/bynature.vn\/vi\/wp-json\/wp\/v2\/product_tag?post=12757"}],"curies":[{"name":"wp","href":"https:\/\/api.w.org\/{rel}","templated":true}]}}