{"id":12754,"date":"2024-09-10T12:29:39","date_gmt":"2024-09-10T05:29:39","guid":{"rendered":"https:\/\/bynature.vn\/product\/fizz-soda-me-vani\/"},"modified":"2024-09-10T12:29:39","modified_gmt":"2024-09-10T05:29:39","slug":"fizz-soda-me-vani","status":"publish","type":"product","link":"https:\/\/bynature.vn\/vi\/product\/fizz-soda-me-vani\/","title":{"rendered":"Fizz Soda Me &amp; Vani"},"content":{"rendered":"<p>Fizz Soda T\u1ef1 Nhi\u00ean &#8211; Me Chua<\/p>\n<p>Tr\u1ea3i nghi\u1ec7m m\u1ed9t s\u1ef1 b\u00f9ng n\u1ed5h\u01b0\u01a1ng v\u1ecb t\u01b0\u01a1i m\u1edbi v\u1edbi Fizz Soda T\u1ef1 Nhi\u00ean 330ml c\u1ee7a ch\u00fang t\u00f4i! Th\u1ee9c u\u1ed1ng \u0111\u1ed9c \u0111\u00e1o n\u00e0y k\u1ebft h\u1ee3p v\u1ecb chua thanh \u0111\u1eb7c tr\u01b0ng c\u1ee7a n\u01b0\u1edbc me, \u0111\u01b0\u1ee3c c\u00e2n b\u1eb1ng ho\u00e0n h\u1ea3o v\u1edbi h\u01b0\u01a1ng vani ng\u1ecdt d\u1ecbu, t\u1ea1o n\u00ean h\u01b0\u01a1ng v\u1ecb chua v\u00e0 ng\u1ecdt h\u00e0i h\u00f2a \u0111\u1ea7y cu\u1ed1n h\u00fat, k\u00edch th\u00edch v\u1ecb gi\u00e1c c\u1ee7a b\u1ea1n ngay t\u1eeb ng\u1ee5m \u0111\u1ea7u ti\u00ean.<\/p>\n<p>\u0110\u1ec3 n\u00e2ng t\u1ea7m tr\u1ea3i nghi\u1ec7m th\u01b0\u1edfng th\u1ee9c, ch\u00fang t\u00f4i b\u1ed5 sung l\u1edbp ga nh\u1eb9, t\u1ea1o n\u00ean phi\u00ean b\u1ea3n cola l\u1ea5y c\u1ea3m h\u1ee9ng t\u1eeb ch\u00e2u \u00c1 \u0111\u1ed9c \u0111\u00e1o c\u1ee7a ch\u00fang ta. Ho\u00e0n h\u1ea3o cho nh\u1eefng ai y\u00eau th\u00edch m\u1ed9t l\u1ef1a ch\u1ecdn soda kh\u00e1c bi\u1ec7t v\u00e0 \u0111\u1ed9c \u0111\u00e1o, th\u1ee9c u\u1ed1ng n\u00e0y ph\u00f9 h\u1ee3p cho m\u1ecdi d\u1ecbp &#8211; d\u00f9 b\u1ea1n \u0111ang t\u1eadn h\u01b0\u1edfng m\u1ed9t ng\u00e0y n\u1eafng \u0111\u1eb9p, t\u1ed5 ch\u1ee9c bu\u1ed5i g\u1eb7p m\u1eb7t hay \u0111\u01a1n gi\u1ea3n l\u00e0 t\u1ef1 th\u01b0\u1edfng cho b\u1ea3n th\u00e2n!<\/p>\n<p>T\u1ea1i Sao B\u1ea1n S\u1ebd Y\u00eau Th\u00edch Th\u1ee9c U\u1ed1ng N\u00e0y:<\/p>\n<p>&#8211; S\u1ef1 k\u1ebft h\u1ee3p c\u1ee7a h\u01b0\u01a1ng v\u1ecb \u0111\u1ed9c \u0111\u00e1o v\u00e0 \u0111\u1eadm \u0111\u00e0 khi\u1ebfn cho s\u1ea3n ph\u1ea9m n\u00e0y tr\u1edf n\u00ean n\u1ed5i b\u1eadt h\u01a1n so v\u1edbi nh\u1eefng lo\u1ea1i soda th\u00f4ng th\u01b0\u1eddng<br \/>\n&#8211; \u0110\u01b0\u1ee3c l\u00e0m t\u1eeb nh\u1eefng th\u00e0nh ph\u1ea7n t\u1ef1 nhi\u00ean cho m\u1ed9t l\u1ef1a ch\u1ecdn soda l\u00e0nh m\u1ea1nh h\u01a1n<br \/>\n&#8211; M\u1ed9t s\u1ef1 thay th\u1ebf th\u00fa v\u1ecb cho cola truy\u1ec1n th\u1ed1ng, mang \u0111\u1ebfn h\u01b0\u01a1ng v\u1ecb gi\u1ea3i kh\u00e1t t\u01b0\u01a1i m\u1edbi l\u1ea5y c\u1ea3m h\u1ee9ng t\u1eeb ch\u00e2u \u00c1.<\/p>\n","protected":false},"excerpt":{"rendered":"<p>Fizz soda t\u1ef1 nhi\u00ean 330ml S\u1ef1 k\u1ebft h\u1ee3p gi\u1eefa n\u01b0\u1edbc me chua thanh c\u00f9ng ch\u00fat ng\u1ecdt d\u1ecbu c\u1ee7a vani t\u1ea1o n\u00ean h\u01b0\u01a1ng v\u1ecb chua ng\u1ecdt \u0111\u1ea7y cu\u1ed1n h\u00fat. Ch\u00fang t\u00f4i \u0111\u00e3 th\u00eam v\u00e0o m\u1ed9t l\u1edbp ga nh\u1eb9 \u0111\u1ec3 t\u1ea1o n\u00ean m\u1ed9t phi\u00ean b\u1ea3n cola ri\u00eang c\u1ee7a ch\u00e2u \u00c1 ch\u00fang ta!<\/p>\n<p>Ch\u00fang t\u00f4i s\u1ea3n xu\u1ea5t soda th\u1ee7 c\u00f4ng theo t\u1eebng m\u1ebb nh\u1ecf, s\u1eed d\u1ee5ng ngu\u1ed3n nguy\u00ean li\u1ec7u \u0111\u1ecba ph\u01b0\u01a1ng v\u00e0 \u00edt \u0111\u01b0\u1eddng h\u01a1n, ngay t\u1ea1i TP. H\u1ed3 Ch\u00ed Minh.<\/p>\n<p>D\u00f9ng ngon nh\u1ea5t khi \u01b0\u1edbp l\u1ea1nh v\u00e0 l\u1eafc nh\u1eb9 tr\u01b0\u1edbc khi u\u1ed1ng v\u00ec s\u1ea3n ph\u1ea9m c\u00f3 th\u1ec3 b\u1ecb t\u00e1ch l\u1edbp t\u1ef1 nhi\u00ean. H\u00e3y th\u01b0\u1edfng th\u1ee9c!<\/p>\n","protected":false},"featured_media":10111,"template":"","meta":[],"pwb-brand":[],"product_cat":[252,226,228],"product_tag":[],"class_list":{"0":"post-12754","1":"product","2":"type-product","3":"status-publish","4":"has-post-thumbnail","6":"product_cat-do-kho","7":"product_cat-do-uong","8":"product_cat-soda-vi","10":"first","11":"instock","12":"shipping-taxable","13":"purchasable","14":"product-type-simple"},"acf":[],"brands":[],"_links":{"self":[{"href":"https:\/\/bynature.vn\/vi\/wp-json\/wp\/v2\/product\/12754","targetHints":{"allow":["GET"]}}],"collection":[{"href":"https:\/\/bynature.vn\/vi\/wp-json\/wp\/v2\/product"}],"about":[{"href":"https:\/\/bynature.vn\/vi\/wp-json\/wp\/v2\/types\/product"}],"wp:featuredmedia":[{"embeddable":true,"href":"https:\/\/bynature.vn\/vi\/wp-json\/wp\/v2\/media\/10111"}],"wp:attachment":[{"href":"https:\/\/bynature.vn\/vi\/wp-json\/wp\/v2\/media?parent=12754"}],"wp:term":[{"taxonomy":"pwb-brand","embeddable":true,"href":"https:\/\/bynature.vn\/vi\/wp-json\/wp\/v2\/pwb-brand?post=12754"},{"taxonomy":"product_cat","embeddable":true,"href":"https:\/\/bynature.vn\/vi\/wp-json\/wp\/v2\/product_cat?post=12754"},{"taxonomy":"product_tag","embeddable":true,"href":"https:\/\/bynature.vn\/vi\/wp-json\/wp\/v2\/product_tag?post=12754"}],"curies":[{"name":"wp","href":"https:\/\/api.w.org\/{rel}","templated":true}]}}