{"id":12753,"date":"2024-09-10T12:47:40","date_gmt":"2024-09-10T05:47:40","guid":{"rendered":"https:\/\/bynature.vn\/product\/fizz-soda-cam-chanh-day\/"},"modified":"2024-09-10T12:47:40","modified_gmt":"2024-09-10T05:47:40","slug":"fizz-soda-cam-chanh-day","status":"publish","type":"product","link":"https:\/\/bynature.vn\/vi\/product\/fizz-soda-cam-chanh-day\/","title":{"rendered":"Fizz Soda Cam Chanh D\u00e2y"},"content":{"rendered":"<p>Fizz Soda T\u1ef1 Nhi\u00ean &#8211; Cam Chanh D\u00e2y 330ml<\/p>\n<p>Th\u01b0\u1edfng th\u1ee9c h\u01b0\u01a1ng v\u1ecb t\u01b0\u01a1i m\u00e1t, s\u1ed1ng \u0111\u1ed9ng c\u1ee7a soda cam chanh d\u00e2y c\u1ee7a ch\u00fang t\u00f4i. Th\u1ee9c u\u1ed1ng n\u00e0y \u0111\u01b0\u1ee3c ch\u1ebf t\u00e1c tinh t\u1ebf t\u1eeb cam v\u00e0 chanh d\u00e2y tr\u1ed3ng t\u1ea1i \u0111\u1ecba ph\u01b0\u01a1ng \u1edf v\u00f9ng \u0110\u1ed3ng b\u1eb1ng s\u00f4ng C\u1eedu Long, mang tr\u1ecdn tinh th\u1ea7n c\u1ee7a nh\u1eefng ng\u00e0y nhi\u1ec7t \u0111\u1edbi r\u1ef1c n\u1eafng trong t\u1eebng ng\u1ee5m. <\/p>\n<p>\u0110\u01b0\u1ee3c h\u00f2a quy\u1ec7n m\u1ed9t c\u00e1ch ho\u00e0n h\u1ea3o, Fizz Cam Chanh D\u00e2y c\u1ee7a ch\u00fang t\u00f4i c\u00f3 l\u1edbp ga nh\u1eb9 gi\u00fap t\u00f4n l\u00ean h\u01b0\u01a1ng v\u1ecb tr\u00e1i c\u00e2y, t\u1ea1o n\u00ean m\u1ed9t th\u1ee9c u\u1ed1ng s\u1ea3ng kho\u00e1i, ph\u00f9 h\u1ee3p cho m\u1ecdi d\u1ecbp. D\u00f9 b\u1ea1n \u0111ang \u0111i d\u00e3 ngo\u1ea1i, th\u01b0 gi\u00e3n b\u00ean h\u1ed3 b\u01a1i hay \u0111\u01a1n gi\u1ea3n l\u00e0 mu\u1ed1n t\u1ef1 th\u01b0\u1edfng cho m\u00ecnh m\u1ed9t th\u1ee9c u\u1ed1ng m\u00e1t l\u00e0nh, lo\u1ea1i soda n\u00e0y ch\u1eafc ch\u1eafn s\u1ebd l\u00e0m b\u1eebng s\u00e1ng ng\u00e0y c\u1ee7a b\u1ea1n! <\/p>\n<p>V\u00ec sao b\u1ea1n s\u1ebd y\u00eau th\u00edch th\u1ee9c u\u1ed1ng n\u00e0y:<br \/>&#8211; S\u1ef1 h\u00f2a quy\u1ec7n ho\u00e0n h\u1ea3o gi\u1eefa v\u1ecb ng\u1ecdt ng\u00e0o v\u00e0 th\u01a1m ngon, mang tr\u1ecdn ni\u1ec1m vui v\u00e0 s\u1eafc m\u00e0u c\u1ee7a tr\u00e1i c\u00e2y nhi\u1ec7t \u0111\u1edbi.<br \/>\n&#8211; \u0110\u01b0\u1ee3c l\u00e0m t\u1eeb nh\u1eefng nguy\u00ean li\u1ec7u t\u01b0\u01a1i ngon, t\u1ef1 nhi\u00ean, \u0111\u1ea3m b\u1ea3o h\u01b0\u01a1ng v\u1ecb thu\u1ea7n khi\u1ebft v\u00e0 ch\u00e2n th\u1eadt.<br \/>\n&#8211; M\u1ed9t l\u1ef1a ch\u1ecdn \u0111\u1ed9c \u0111\u00e1o thay th\u1ebf cho c\u00e1c lo\u1ea1i soda truy\u1ec1n th\u1ed1ng, mang \u0111\u1ebfn c\u1ea3m gi\u00e1c s\u1ea3ng kho\u00e1i v\u00e0 th\u01b0 gi\u00e3n trong t\u1eebng ng\u1ee5m.<\/p>\n","protected":false},"excerpt":{"rendered":"<p>Soda cam chanh d\u00e2y m\u00e1t l\u1ea1nh \u0111\u01b0\u1ee3c l\u00e0m t\u1eeb cam v\u00e0 chanh d\u00e2y tr\u1ed3ng t\u1ea1i \u0111\u1ecba ph\u01b0\u01a1ng \u1edf v\u00f9ng \u0110\u1ed3ng b\u1eb1ng s\u00f4ng C\u1eedu Long, k\u1ebft h\u1ee3p h\u00e0i h\u00f2a v\u1edbi l\u1edbp ga nh\u1eb9, mang tr\u1ecdn c\u1ea3m gi\u00e1c t\u01b0\u01a1i vui c\u1ee7a m\u1ed9t ng\u00e0y n\u1eafng r\u1ef1c r\u1ee1 mi\u1ec1n nhi\u1ec7t \u0111\u1edbi!<\/p>\n<p>Ch\u00fang t\u00f4i s\u1ea3n xu\u1ea5t soda th\u1ee7 c\u00f4ng theo t\u1eebng m\u1ebb nh\u1ecf v\u1edbi nguy\u00ean li\u1ec7u \u0111\u1ecba ph\u01b0\u01a1ng v\u00e0 \u00edt \u0111\u01b0\u1eddng, ngay t\u1ea1i TP. H\u1ed3 Ch\u00ed Minh.<\/p>\n<p>Ngon nh\u1ea5t khi d\u00f9ng l\u1ea1nh v\u00e0 l\u1eafc nh\u1eb9 tr\u01b0\u1edbc khi u\u1ed1ng \u0111\u1ec3 h\u00f2a tr\u1ed9n, v\u00ec c\u00f3 th\u1ec3 x\u1ea3y ra hi\u1ec7n t\u01b0\u1ee3ng t\u00e1ch l\u1edbp. Th\u01b0\u1edfng th\u1ee9c nh\u00e9! <\/p>\n","protected":false},"featured_media":10113,"template":"","meta":[],"pwb-brand":[],"product_cat":[252,226,228],"product_tag":[],"class_list":{"0":"post-12753","1":"product","2":"type-product","3":"status-publish","4":"has-post-thumbnail","6":"product_cat-do-kho","7":"product_cat-do-uong","8":"product_cat-soda-vi","10":"first","11":"instock","12":"shipping-taxable","13":"purchasable","14":"product-type-simple"},"acf":[],"brands":[],"_links":{"self":[{"href":"https:\/\/bynature.vn\/vi\/wp-json\/wp\/v2\/product\/12753","targetHints":{"allow":["GET"]}}],"collection":[{"href":"https:\/\/bynature.vn\/vi\/wp-json\/wp\/v2\/product"}],"about":[{"href":"https:\/\/bynature.vn\/vi\/wp-json\/wp\/v2\/types\/product"}],"wp:featuredmedia":[{"embeddable":true,"href":"https:\/\/bynature.vn\/vi\/wp-json\/wp\/v2\/media\/10113"}],"wp:attachment":[{"href":"https:\/\/bynature.vn\/vi\/wp-json\/wp\/v2\/media?parent=12753"}],"wp:term":[{"taxonomy":"pwb-brand","embeddable":true,"href":"https:\/\/bynature.vn\/vi\/wp-json\/wp\/v2\/pwb-brand?post=12753"},{"taxonomy":"product_cat","embeddable":true,"href":"https:\/\/bynature.vn\/vi\/wp-json\/wp\/v2\/product_cat?post=12753"},{"taxonomy":"product_tag","embeddable":true,"href":"https:\/\/bynature.vn\/vi\/wp-json\/wp\/v2\/product_tag?post=12753"}],"curies":[{"name":"wp","href":"https:\/\/api.w.org\/{rel}","templated":true}]}}