{"id":12746,"date":"2024-09-10T12:43:47","date_gmt":"2024-09-10T05:43:47","guid":{"rendered":"https:\/\/bynature.vn\/product\/fizz-soda-chanh-sa\/"},"modified":"2024-09-10T12:43:47","modified_gmt":"2024-09-10T05:43:47","slug":"fizz-soda-chanh-sa","status":"publish","type":"product","link":"https:\/\/bynature.vn\/vi\/product\/fizz-soda-chanh-sa\/","title":{"rendered":"Fizz Soda Chanh S\u1ea3"},"content":{"rendered":"<p>Fizz Soda t\u1ef1 nhi\u00ean &#8211; Chanh S\u1ea3 330ml<\/p>\n<p>Tho\u1ea3 c\u01a1n kh\u00e1t v\u1edbi Fizz Soda t\u1ef1 nhi\u00ean &#8211; Chanh s\u1ea3 330ml mang \u0111\u1eadm b\u1ea3n ch\u1ea5t Vi\u1ec7t Nam c\u1ee7a ch\u00fang t\u00f4i! \u0110\u01b0\u1ee3c l\u00e0m t\u1eeb nh\u1eefng qu\u1ea3 chanh v\u1eaft t\u01b0\u01a1i ngon, th\u1ee9c u\u1ed1ng n\u00e0y \u0111\u01b0\u1ee3c k\u1ebft h\u1ee3p v\u1edbi h\u01b0\u01a1ng s\u1ea3 \u0111\u1eb7c tr\u01b0ng cho c\u00e1c gi\u00e1c quan c\u1ee7a b\u1ea1n \u0111\u01b0\u1ee3c b\u00f9ng n\u1ed5. <\/p>\n<p>\u0110\u1ec3 n\u00e2ng cao tr\u1ea3i nghi\u1ec7m c\u1ee7a b\u1ea1n, ch\u00fang t\u00f4i b\u1ed5 sung ga nh\u1eb9, t\u1ea1o n\u00ean h\u01b0\u01a1ng v\u1ecb n\u01b0\u1edbc chanh nhi\u1ec7t \u0111\u1edbi th\u01a1m ngon ho\u00e0n h\u1ea3o cho m\u1ecdi d\u1ecbp. D\u00f9 b\u1ea1n \u0111ang th\u01b0 gi\u00e3n b\u00ean h\u1ed3 b\u01a1i, t\u1eadn h\u01b0\u1edfng bu\u1ed5i d\u00e3 ngo\u1ea1i hay \u0111\u01a1n gi\u1ea3n ch\u1ec9 mu\u1ed1n l\u00e0m m\u1edbi m\u1ed9t ng\u00e0y c\u1ee7a m\u00ecnh, Fizz Soda Chanh S\u1ea3 lu\u00f4n l\u00e0 l\u1ef1a ch\u1ecdn t\u01b0\u01a1i m\u1edbi v\u00e0 \u0111\u1ea7y h\u1ea5p d\u1eabn! <\/p>\n<p>V\u00ec Sao B\u1ea1n S\u1ebd Y\u00eau Th\u00edch S\u1ea3n Ph\u1ea9m N\u00e0y:<br \/>\n&#8211; S\u1ef1 k\u1ebft h\u1ee3p ho\u00e0n h\u1ea3o gi\u1eefa h\u01b0\u01a1ng v\u1ecb ng\u1ecdt ng\u00e0o v\u00e0 th\u01a1m ngon, \u0111\u01b0\u1ee3c n\u00e2ng t\u1ea7m b\u1edfi h\u01b0\u01a1ng s\u1ea3 th\u01a1m d\u1ecbu.<br \/>\n&#8211; \u0110\u01b0\u1ee3c l\u00e0m t\u1eeb nh\u1eefng qu\u1ea3 chanh v\u1eaft t\u01b0\u01a1i ngon, mang \u0111\u1ebfn h\u01b0\u01a1ng v\u1ecb t\u1ef1 nhi\u00ean s\u1ea3ng kho\u00e1i.<br \/>\n&#8211; M\u1ed9t l\u1ef1a ch\u1ecdn th\u00fa v\u1ecb thay th\u1ebf cho c\u00e1c lo\u1ea1i soda truy\u1ec1n th\u1ed1ng, \u0111em l\u1ea1i c\u1ea3m gi\u00e1c t\u01b0\u01a1i m\u00e1t \u0111\u1eadm ch\u1ea5t nhi\u1ec7t \u0111\u1edbi.<\/p>\n","protected":false},"excerpt":{"rendered":"<p>Ch\u00fang t\u00f4i l\u00e0m N\u01b0\u1edbc Chanh S\u1ea3 t\u1eeb nh\u1eefng qu\u1ea3 chanh t\u01b0\u01a1i \u0111\u01b0\u1ee3c tr\u1ed3ng t\u1ea1i Vi\u1ec7t Nam, v\u1eaft tr\u1ef1c ti\u1ebfp v\u00e0 \u1ee7 c\u00f9ng s\u1ea3 \u0111\u1ec3 t\u0103ng th\u00eam h\u01b0\u01a1ng v\u1ecb t\u01b0\u01a1i m\u00e1t! Sau \u0111\u00f3, ch\u00fang t\u00f4i th\u00eam m\u1ed9t l\u1edbp ga nh\u1eb9, t\u1ea1o n\u00ean ly n\u01b0\u1edbc chanh nhi\u1ec7t \u0111\u1edbi c\u00f3 h\u01b0\u01a1ng v\u1ecb ngon tuy\u1ec7t v\u1eddi! <\/p>\n<p>Ch\u00fang t\u00f4i s\u1ea3n xu\u1ea5t soda th\u1ee7 c\u00f4ng theo t\u1eebng m\u1ebb nh\u1ecf v\u1edbi nguy\u00ean li\u1ec7u \u0111\u1ecba ph\u01b0\u01a1ng v\u00e0 \u00edt \u0111\u01b0\u1eddng, ngay t\u1ea1i TP. H\u1ed3 Ch\u00ed Minh.<\/p>\n<p>Ngon nh\u1ea5t khi d\u00f9ng l\u1ea1nh v\u00e0 l\u1eafc nh\u1eb9 tr\u01b0\u1edbc khi u\u1ed1ng \u0111\u1ec3 h\u00f2a tr\u1ed9n, v\u00ec c\u00f3 th\u1ec3 x\u1ea3y ra hi\u1ec7n t\u01b0\u1ee3ng t\u00e1ch l\u1edbp. Th\u01b0\u1edfng th\u1ee9c nh\u00e9! <\/p>\n","protected":false},"featured_media":10115,"template":"","meta":[],"pwb-brand":[],"product_cat":[252,226,228],"product_tag":[],"class_list":{"0":"post-12746","1":"product","2":"type-product","3":"status-publish","4":"has-post-thumbnail","6":"product_cat-do-kho","7":"product_cat-do-uong","8":"product_cat-soda-vi","10":"first","11":"instock","12":"shipping-taxable","13":"purchasable","14":"product-type-simple"},"acf":[],"brands":[],"_links":{"self":[{"href":"https:\/\/bynature.vn\/vi\/wp-json\/wp\/v2\/product\/12746","targetHints":{"allow":["GET"]}}],"collection":[{"href":"https:\/\/bynature.vn\/vi\/wp-json\/wp\/v2\/product"}],"about":[{"href":"https:\/\/bynature.vn\/vi\/wp-json\/wp\/v2\/types\/product"}],"wp:featuredmedia":[{"embeddable":true,"href":"https:\/\/bynature.vn\/vi\/wp-json\/wp\/v2\/media\/10115"}],"wp:attachment":[{"href":"https:\/\/bynature.vn\/vi\/wp-json\/wp\/v2\/media?parent=12746"}],"wp:term":[{"taxonomy":"pwb-brand","embeddable":true,"href":"https:\/\/bynature.vn\/vi\/wp-json\/wp\/v2\/pwb-brand?post=12746"},{"taxonomy":"product_cat","embeddable":true,"href":"https:\/\/bynature.vn\/vi\/wp-json\/wp\/v2\/product_cat?post=12746"},{"taxonomy":"product_tag","embeddable":true,"href":"https:\/\/bynature.vn\/vi\/wp-json\/wp\/v2\/product_tag?post=12746"}],"curies":[{"name":"wp","href":"https:\/\/api.w.org\/{rel}","templated":true}]}}