{"id":12745,"date":"2024-07-31T14:14:12","date_gmt":"2024-07-31T07:14:12","guid":{"rendered":"https:\/\/bynature.vn\/product\/tinh-dau-quyt-30ml\/"},"modified":"2024-07-31T14:14:12","modified_gmt":"2024-07-31T07:14:12","slug":"tinh-dau-quyt-30ml","status":"publish","type":"product","link":"https:\/\/bynature.vn\/vi\/product\/tinh-dau-quyt-30ml\/","title":{"rendered":"TInh D\u1ea7u Qu\u00fdt 30ml"},"content":{"rendered":"<p>Tinh D\u1ea7u Qu\u00fdt Thu\u1ea7n Khi\u1ebft 30ml ByNature l\u00e0 m\u1ed9t b\u1ed5 sung \u0111a n\u0103ng v\u00e0 s\u1ea3ng kho\u00e1i cho b\u1ed9 s\u01b0u t\u1eadp tinh d\u1ea7u c\u1ee7a b\u1ea1n. \u0110\u01b0\u1ee3c chi\u1ebft xu\u1ea5t t\u1eeb nh\u1eefng qu\u1ea3 qu\u00fdt ch\u1ea5t l\u01b0\u1ee3ng cao nh\u1ea5t, tinh d\u1ea7u thu\u1ea7n khi\u1ebft n\u00e0y mang h\u01b0\u01a1ng cam qu\u00fdt ng\u1ecdt ng\u00e0o v\u00e0 t\u01b0\u01a1i m\u00e1t, v\u1eeba n\u00e2ng cao tinh th\u1ea7n v\u1eeba ti\u1ebfp th\u00eam n\u0103ng l\u01b0\u1ee3ng. N\u1ed5i ti\u1ebfng v\u1edbi kh\u1ea3 n\u0103ng l\u00e0m d\u1ecbu v\u00e0 th\u01b0 gi\u00e3n, tinh d\u1ea7u qu\u00fdt l\u00fd t\u01b0\u1edfng \u0111\u1ec3 gi\u1ea3m c\u0103ng th\u1eb3ng, th\u00fac \u0111\u1ea9y th\u01b0 gi\u00e3n v\u00e0 n\u00e2ng cao s\u1ee9c kh\u1ecfe t\u1ed5ng th\u1ec3. V\u1edbi dung t\u00edch 30ml l\u1edbn h\u01a1n, b\u1ea1n c\u00f3 th\u1ec3 s\u1eed d\u1ee5ng tinh d\u1ea7u th\u01a1m n\u00e0y l\u00e2u h\u01a1n v\u00e0 \u00e1p d\u1ee5ng trong nhi\u1ec1u c\u00f4ng th\u1ee9c t\u1ef1 l\u00e0m nh\u01b0 x\u1ecbt ph\u00f2ng, h\u1ed7n h\u1ee3p t\u1eafm hay d\u1ea7u massage. N\u00e2ng t\u1ea7m chu tr\u00ecnh ch\u0103m s\u00f3c b\u1ea3n th\u00e2n v\u00e0 mang \u0111\u1ebfn s\u1ef1 t\u01b0\u01a1i m\u1edbi trong cu\u1ed9c s\u1ed1ng h\u1eb1ng ng\u00e0y v\u1edbi tinh d\u1ea7u qu\u00fdt thu\u1ea7n khi\u1ebft ByNature 30ml ti\u1ec7n l\u1ee3i.    <\/p>\n","protected":false},"excerpt":{"rendered":"<p>Tinh D\u1ea7u Qu\u00fdt Thu\u1ea7n Khi\u1ebft 30ml ByNature l\u00e0 m\u1ed9t b\u1ed5 sung \u0111a n\u0103ng v\u00e0 s\u1ea3ng kho\u00e1i cho b\u1ed9 s\u01b0u t\u1eadp tinh d\u1ea7u c\u1ee7a b\u1ea1n. Chi\u1ebft xu\u1ea5t t\u1eeb nh\u1eefng qu\u1ea3 qu\u00fdt ch\u1ea5t l\u01b0\u1ee3ng cao nh\u1ea5t, tinh d\u1ea7u thu\u1ea7n khi\u1ebft n\u00e0y mang h\u01b0\u01a1ng cam qu\u00fdt ng\u1ecdt ng\u00e0o, v\u1eeba n\u00e2ng tinh th\u1ea7n v\u1eeba ti\u1ebfp th\u00eam n\u0103ng l\u01b0\u1ee3ng. <\/p>\n","protected":false},"featured_media":9848,"template":"","meta":[],"pwb-brand":[288],"product_cat":[202,185,203],"product_tag":[],"class_list":{"0":"post-12745","1":"product","2":"type-product","3":"status-publish","4":"has-post-thumbnail","6":"pwb-brand-bynature-vi","7":"product_cat-lieu-phap-tinh-dau","8":"product_cat-suc-khoe-lam-dep","9":"product_cat-tinh-dau","11":"first","12":"instock","13":"shipping-taxable","14":"purchasable","15":"product-type-simple"},"acf":[],"brands":[{"id":288,"name":"ByNature","slug":"bynature-vi"}],"_links":{"self":[{"href":"https:\/\/bynature.vn\/vi\/wp-json\/wp\/v2\/product\/12745","targetHints":{"allow":["GET"]}}],"collection":[{"href":"https:\/\/bynature.vn\/vi\/wp-json\/wp\/v2\/product"}],"about":[{"href":"https:\/\/bynature.vn\/vi\/wp-json\/wp\/v2\/types\/product"}],"wp:featuredmedia":[{"embeddable":true,"href":"https:\/\/bynature.vn\/vi\/wp-json\/wp\/v2\/media\/9848"}],"wp:attachment":[{"href":"https:\/\/bynature.vn\/vi\/wp-json\/wp\/v2\/media?parent=12745"}],"wp:term":[{"taxonomy":"pwb-brand","embeddable":true,"href":"https:\/\/bynature.vn\/vi\/wp-json\/wp\/v2\/pwb-brand?post=12745"},{"taxonomy":"product_cat","embeddable":true,"href":"https:\/\/bynature.vn\/vi\/wp-json\/wp\/v2\/product_cat?post=12745"},{"taxonomy":"product_tag","embeddable":true,"href":"https:\/\/bynature.vn\/vi\/wp-json\/wp\/v2\/product_tag?post=12745"}],"curies":[{"name":"wp","href":"https:\/\/api.w.org\/{rel}","templated":true}]}}