{"id":12744,"date":"2024-07-31T14:09:13","date_gmt":"2024-07-31T07:09:13","guid":{"rendered":"https:\/\/bynature.vn\/product\/tinh-dau-quyt-10ml\/"},"modified":"2024-07-31T14:09:13","modified_gmt":"2024-07-31T07:09:13","slug":"tinh-dau-quyt-10ml","status":"publish","type":"product","link":"https:\/\/bynature.vn\/vi\/product\/tinh-dau-quyt-10ml\/","title":{"rendered":"Tinh D\u1ea7u Qu\u00fdt 10ml"},"content":{"rendered":"<p>Tinh d\u1ea7u qu\u00fdt thu\u1ea7n khi\u1ebft 10ml t\u1eeb ByNature l\u00e0 b\u1ed5 sung tuy\u1ec7t v\u1eddi cho b\u1ed9 s\u01b0u t\u1eadp li\u1ec7u ph\u00e1p h\u01b0\u01a1ng th\u01a1m c\u1ee7a b\u1ea1n. \u0110\u01b0\u1ee3c chi\u1ebft xu\u1ea5t t\u1eeb nh\u1eefng qu\u1ea3 qu\u00fdt ch\u1ea5t l\u01b0\u1ee3ng cao, tinh d\u1ea7u n\u00e0y mang h\u01b0\u01a1ng cam qu\u00fdt ng\u1ecdt ng\u00e0o v\u00e0 s\u1ea3ng kho\u00e1i, ch\u1eafc ch\u1eafn s\u1ebd l\u00e0m b\u1eebng s\u00e1ng t\u00e2m tr\u1ea1ng v\u00e0 kh\u00f4ng gian c\u1ee7a b\u1ea1n. N\u1ed5i ti\u1ebfng v\u1edbi kh\u1ea3 n\u0103ng l\u00e0m d\u1ecbu v\u00e0 th\u00fac \u0111\u1ea9y th\u01b0 gi\u00e3n, tinh d\u1ea7u qu\u00fdt l\u00fd t\u01b0\u1edfng \u0111\u1ec3 t\u1ea1o b\u1ea7u kh\u00f4ng kh\u00ed \u00eam d\u1ecbu t\u1ea1i nh\u00e0 ho\u1eb7c n\u01a1i l\u00e0m vi\u1ec7c. V\u1edbi k\u00edch th\u01b0\u1edbc ti\u1ec7n l\u1ee3i, b\u1ea1n c\u00f3 th\u1ec3 d\u1ec5 d\u00e0ng t\u1eadn h\u01b0\u1edfng l\u1ee3i \u00edch c\u1ee7a tinh d\u1ea7u thu\u1ea7n khi\u1ebft n\u00e0y \u1edf b\u1ea5t c\u1ee9 \u0111\u00e2u. Nh\u1ecf v\u00e0i gi\u1ecdt v\u00e0o m\u00e1y khu\u1ebfch t\u00e1n, b\u1ed3n t\u1eafm ho\u1eb7c d\u1ea7u massage \u0111\u1ec3 c\u00f3 tr\u1ea3i nghi\u1ec7m s\u1ea3ng kho\u00e1i v\u00e0 ph\u1ee5c h\u1ed3i n\u0103ng l\u01b0\u1ee3ng. N\u00e2ng t\u1ea7m chu tr\u00ecnh ch\u0103m s\u00f3c b\u1ea3n th\u00e2n c\u1ee7a b\u1ea1n v\u1edbi tinh d\u1ea7u qu\u00fdt thu\u1ea7n khi\u1ebft ByNature ngay h\u00f4m nay!     <\/p>\n","protected":false},"excerpt":{"rendered":"<p>Tinh d\u1ea7u qu\u00fdt thu\u1ea7n khi\u1ebft ByNature. V\u1edbi k\u00edch th\u01b0\u1edbc ti\u1ec7n l\u1ee3i, b\u1ea1n c\u00f3 th\u1ec3 d\u1ec5 d\u00e0ng t\u1eadn h\u01b0\u1edfng l\u1ee3i \u00edch c\u1ee7a tinh d\u1ea7u thu\u1ea7n khi\u1ebft n\u00e0y \u1edf b\u1ea5t c\u1ee9 \u0111\u00e2u. Nh\u1ecf v\u00e0i gi\u1ecdt v\u00e0o m\u00e1y khu\u1ebfch t\u00e1n, b\u1ed3n t\u1eafm ho\u1eb7c d\u1ea7u massage \u0111\u1ec3 c\u00f3 tr\u1ea3i nghi\u1ec7m s\u1ea3ng kho\u00e1i v\u00e0 ph\u1ee5c h\u1ed3i n\u0103ng l\u01b0\u1ee3ng.  <\/p>\n","protected":false},"featured_media":9850,"template":"","meta":[],"pwb-brand":[288],"product_cat":[202,185,203],"product_tag":[],"class_list":{"0":"post-12744","1":"product","2":"type-product","3":"status-publish","4":"has-post-thumbnail","6":"pwb-brand-bynature-vi","7":"product_cat-lieu-phap-tinh-dau","8":"product_cat-suc-khoe-lam-dep","9":"product_cat-tinh-dau","11":"first","12":"instock","13":"shipping-taxable","14":"purchasable","15":"product-type-simple"},"acf":[],"brands":[{"id":288,"name":"ByNature","slug":"bynature-vi"}],"_links":{"self":[{"href":"https:\/\/bynature.vn\/vi\/wp-json\/wp\/v2\/product\/12744","targetHints":{"allow":["GET"]}}],"collection":[{"href":"https:\/\/bynature.vn\/vi\/wp-json\/wp\/v2\/product"}],"about":[{"href":"https:\/\/bynature.vn\/vi\/wp-json\/wp\/v2\/types\/product"}],"wp:featuredmedia":[{"embeddable":true,"href":"https:\/\/bynature.vn\/vi\/wp-json\/wp\/v2\/media\/9850"}],"wp:attachment":[{"href":"https:\/\/bynature.vn\/vi\/wp-json\/wp\/v2\/media?parent=12744"}],"wp:term":[{"taxonomy":"pwb-brand","embeddable":true,"href":"https:\/\/bynature.vn\/vi\/wp-json\/wp\/v2\/pwb-brand?post=12744"},{"taxonomy":"product_cat","embeddable":true,"href":"https:\/\/bynature.vn\/vi\/wp-json\/wp\/v2\/product_cat?post=12744"},{"taxonomy":"product_tag","embeddable":true,"href":"https:\/\/bynature.vn\/vi\/wp-json\/wp\/v2\/product_tag?post=12744"}],"curies":[{"name":"wp","href":"https:\/\/api.w.org\/{rel}","templated":true}]}}