{"id":12743,"date":"2024-07-31T14:04:54","date_gmt":"2024-07-31T07:04:54","guid":{"rendered":"https:\/\/bynature.vn\/product\/tinh-dau-bach-dan-30ml\/"},"modified":"2024-07-31T14:04:54","modified_gmt":"2024-07-31T07:04:54","slug":"tinh-dau-bach-dan-30ml","status":"publish","type":"product","link":"https:\/\/bynature.vn\/vi\/product\/tinh-dau-bach-dan-30ml\/","title":{"rendered":"TInh D\u1ea7u B\u1ea1ch \u0110\u00e0n 30ml"},"content":{"rendered":"<p>Gi\u1edbi thi\u1ec7u v\u1ec1 TInh D\u1ea7u B\u1ea1ch \u0110\u00e0n 30ml c\u1ee7a ch\u00fang t\u00f4i, l\u00e0 m\u1ed9t th\u1ee9 kh\u00f4ng th\u1ec3 thi\u1ebfu trong b\u1ed9 s\u01b0u t\u1eadp li\u1ec7u ph\u00e1p h\u01b0\u01a1ng th\u01a1m c\u1ee7a b\u1ea1n! \u0110\u01b0\u1ee3c chi\u1ebft xu\u1ea5t t\u1eeb nh\u1eefng l\u00e1 b\u1ea1ch \u0111\u00e0n tinh t\u00fay nh\u1ea5t, tinh d\u1ea7u n\u00e0y mang h\u01b0\u01a1ng th\u01a1m t\u01b0\u01a1i m\u00e1t v\u00e0 s\u1ea3ng kho\u00e1i, l\u00fd t\u01b0\u1edfng \u0111\u1ec3 t\u1ea1o kh\u00f4ng gian th\u01b0 gi\u00e3n v\u00e0 ph\u1ee5c h\u1ed3i n\u0103ng l\u01b0\u1ee3ng t\u1ea1i nh\u00e0 ho\u1eb7c n\u01a1i l\u00e0m vi\u1ec7c. N\u1ed5i ti\u1ebfng v\u1edbi nhi\u1ec1u c\u00f4ng d\u1ee5ng, bao g\u1ed3m h\u1ed7 tr\u1ee3 s\u1ee9c kh\u1ecfe h\u00f4 h\u1ea5p, gi\u1ea3m ngh\u1eb9t m\u0169i v\u00e0 t\u0103ng c\u01b0\u1eddng n\u0103ng l\u01b0\u1ee3ng t\u1ef1 nhi\u00ean, tinh d\u1ea7u b\u1ea1ch \u0111\u00e0n c\u1ee7a ch\u00fang t\u00f4i l\u00e0 c\u00f4ng c\u1ee5 \u0111a n\u0103ng v\u00e0 hi\u1ec7u qu\u1ea3 cho s\u1ee9c kh\u1ecfe v\u00e0 tinh th\u1ea7n c\u1ee7a b\u1ea1n. N\u00e2ng t\u1ea7m chu tr\u00ecnh ch\u0103m s\u00f3c b\u1ea3n th\u00e2n v\u00e0 tr\u1ea3i nghi\u1ec7m nh\u1eefng l\u1ee3i \u00edch tuy\u1ec7t v\u1eddi t\u1eeb tinh d\u1ea7u b\u1ea1ch \u0111\u00e0n ngay h\u00f4m nay.   <\/p>\n","protected":false},"excerpt":{"rendered":"<p>Tinh d\u1ea7u b\u1ea1ch \u0111\u00e0n thu\u1ea7n khi\u1ebft t\u1eeb ByNature. N\u1ed5i ti\u1ebfng v\u1edbi nhi\u1ec1u c\u00f4ng d\u1ee5ng, bao g\u1ed3m h\u1ed7 tr\u1ee3 s\u1ee9c kh\u1ecfe h\u00f4 h\u1ea5p, gi\u1ea3m ngh\u1eb9t m\u0169i v\u00e0 t\u0103ng c\u01b0\u1eddng n\u0103ng l\u01b0\u1ee3ng t\u1ef1 nhi\u00ean, tinh d\u1ea7u b\u1ea1ch \u0111\u00e0n c\u1ee7a ch\u00fang t\u00f4i l\u00e0 s\u1ea3n ph\u1ea9m \u0111a n\u0103ng v\u00e0 hi\u1ec7u qu\u1ea3 cho s\u1ee9c kh\u1ecfe v\u00e0 tinh th\u1ea7n c\u1ee7a b\u1ea1n. <\/p>\n","protected":false},"featured_media":9846,"template":"","meta":[],"pwb-brand":[288],"product_cat":[202,185,203],"product_tag":[],"class_list":{"0":"post-12743","1":"product","2":"type-product","3":"status-publish","4":"has-post-thumbnail","6":"pwb-brand-bynature-vi","7":"product_cat-lieu-phap-tinh-dau","8":"product_cat-suc-khoe-lam-dep","9":"product_cat-tinh-dau","11":"first","12":"instock","13":"shipping-taxable","14":"purchasable","15":"product-type-simple"},"acf":[],"brands":[{"id":288,"name":"ByNature","slug":"bynature-vi"}],"_links":{"self":[{"href":"https:\/\/bynature.vn\/vi\/wp-json\/wp\/v2\/product\/12743","targetHints":{"allow":["GET"]}}],"collection":[{"href":"https:\/\/bynature.vn\/vi\/wp-json\/wp\/v2\/product"}],"about":[{"href":"https:\/\/bynature.vn\/vi\/wp-json\/wp\/v2\/types\/product"}],"wp:featuredmedia":[{"embeddable":true,"href":"https:\/\/bynature.vn\/vi\/wp-json\/wp\/v2\/media\/9846"}],"wp:attachment":[{"href":"https:\/\/bynature.vn\/vi\/wp-json\/wp\/v2\/media?parent=12743"}],"wp:term":[{"taxonomy":"pwb-brand","embeddable":true,"href":"https:\/\/bynature.vn\/vi\/wp-json\/wp\/v2\/pwb-brand?post=12743"},{"taxonomy":"product_cat","embeddable":true,"href":"https:\/\/bynature.vn\/vi\/wp-json\/wp\/v2\/product_cat?post=12743"},{"taxonomy":"product_tag","embeddable":true,"href":"https:\/\/bynature.vn\/vi\/wp-json\/wp\/v2\/product_tag?post=12743"}],"curies":[{"name":"wp","href":"https:\/\/api.w.org\/{rel}","templated":true}]}}