{"id":12742,"date":"2024-07-31T13:13:09","date_gmt":"2024-07-31T06:13:09","guid":{"rendered":"https:\/\/bynature.vn\/product\/tinh-dau-bach-dan-10ml\/"},"modified":"2025-12-24T03:27:39","modified_gmt":"2025-12-23T20:27:39","slug":"tinh-dau-bach-dan-10ml","status":"publish","type":"product","link":"https:\/\/bynature.vn\/vi\/product\/tinh-dau-bach-dan-10ml\/","title":{"rendered":"Tinh D\u1ea7u B\u1ea1ch \u0110\u00e0n 10ml"},"content":{"rendered":"<p>Tr\u1ea3i nghi\u1ec7m h\u01b0\u01a1ng th\u01a1m s\u1ea3ng kho\u00e1i v\u00e0 \u0111\u1ea7y n\u0103ng l\u01b0\u1ee3ng t\u1eeb tinh d\u1ea7u b\u1ea1ch \u0111\u00e0n thu\u1ea7n khi\u1ebft 100% trong chai 10ml ti\u1ec7n l\u1ee3i. \u0110\u01b0\u1ee3c chi\u1ebft xu\u1ea5t t\u1eeb l\u00e1 b\u1ea1ch \u0111\u00e0n ch\u1ea5t l\u01b0\u1ee3ng cao, tinh d\u1ea7u n\u00e0y n\u1ed5i ti\u1ebfng v\u1edbi nhi\u1ec1u c\u00f4ng d\u1ee5ng, bao g\u1ed3m h\u1ed7 tr\u1ee3 s\u1ee9c kh\u1ecfe h\u00f4 h\u1ea5p, gi\u1ea3m ngh\u1eb9t m\u0169i v\u00e0 mang l\u1ea1i c\u1ea3m gi\u00e1c d\u1ec5 ch\u1ecbu, th\u01b0 gi\u00e3n. D\u00f9 b\u1ea1n d\u00f9ng tinh d\u1ea7u trong m\u00e1y khu\u1ebfch t\u00e1n \u0111\u1ec3 thanh l\u1ecdc kh\u00f4ng kh\u00ed hay cho v\u00e0o d\u1ea7u massage \u0111\u1ec3 c\u00f3 tr\u1ea3i nghi\u1ec7m tr\u1ebb h\u00f3a, tinh d\u1ea7u b\u1ea1ch \u0111\u00e0n c\u1ee7a ch\u00fang t\u00f4i v\u1eabn lu\u00f4n l\u00e0 th\u1ee9 kh\u00f4ng th\u1ec3 thi\u1ebfu v\u1edbi b\u1ea5t k\u00ec ng\u01b0\u1eddi \u0111am m\u00ea li\u1ec7u ph\u00e1p h\u01b0\u01a1ng th\u01a1m n\u00e0o. Nh\u1ecf v\u00e0i gi\u1ecdt v\u00e0o b\u1ed3n t\u1eafm \u0111\u1ec3 t\u1eadn h\u01b0\u1edfng tr\u1ea3i nghi\u1ec7m nh\u01b0 \u1edf spa ho\u1eb7c pha c\u00f9ng d\u1ea7u n\u1ec1n \u0111\u1ec3 t\u1ef1 l\u00e0m d\u1ea7u xoa ng\u1ef1c th\u01b0 gi\u00e3n. N\u00e2ng cao s\u1ee9c kh\u1ecfe c\u1ee7a b\u1ea1n v\u1edbi tinh d\u1ea7u b\u1ea1ch \u0111\u00e0n cao c\u1ea5p c\u1ee7a ch\u00fang t\u00f4i ngay h\u00f4m nay!<\/p>\n","protected":false},"excerpt":{"rendered":"<p>Tinh D\u1ea7u B\u1ea1ch \u0110\u00e0n Thu\u1ea7n Khi\u1ebft ByNature<\/p>\n","protected":false},"featured_media":9844,"template":"","meta":[],"pwb-brand":[288],"product_cat":[202,185,203],"product_tag":[],"class_list":{"0":"post-12742","1":"product","2":"type-product","3":"status-publish","4":"has-post-thumbnail","6":"pwb-brand-bynature-vi","7":"product_cat-lieu-phap-tinh-dau","8":"product_cat-suc-khoe-lam-dep","9":"product_cat-tinh-dau","11":"first","12":"instock","13":"shipping-taxable","14":"purchasable","15":"product-type-simple"},"acf":[],"brands":[{"id":288,"name":"ByNature","slug":"bynature-vi"}],"_links":{"self":[{"href":"https:\/\/bynature.vn\/vi\/wp-json\/wp\/v2\/product\/12742","targetHints":{"allow":["GET"]}}],"collection":[{"href":"https:\/\/bynature.vn\/vi\/wp-json\/wp\/v2\/product"}],"about":[{"href":"https:\/\/bynature.vn\/vi\/wp-json\/wp\/v2\/types\/product"}],"wp:featuredmedia":[{"embeddable":true,"href":"https:\/\/bynature.vn\/vi\/wp-json\/wp\/v2\/media\/9844"}],"wp:attachment":[{"href":"https:\/\/bynature.vn\/vi\/wp-json\/wp\/v2\/media?parent=12742"}],"wp:term":[{"taxonomy":"pwb-brand","embeddable":true,"href":"https:\/\/bynature.vn\/vi\/wp-json\/wp\/v2\/pwb-brand?post=12742"},{"taxonomy":"product_cat","embeddable":true,"href":"https:\/\/bynature.vn\/vi\/wp-json\/wp\/v2\/product_cat?post=12742"},{"taxonomy":"product_tag","embeddable":true,"href":"https:\/\/bynature.vn\/vi\/wp-json\/wp\/v2\/product_tag?post=12742"}],"curies":[{"name":"wp","href":"https:\/\/api.w.org\/{rel}","templated":true}]}}