{"id":12741,"date":"2024-07-23T16:56:45","date_gmt":"2024-07-23T09:56:45","guid":{"rendered":"https:\/\/bynature.vn\/product\/tinh-dau-oai-huong-30ml\/"},"modified":"2024-07-23T16:56:45","modified_gmt":"2024-07-23T09:56:45","slug":"tinh-dau-oai-huong-30ml","status":"publish","type":"product","link":"https:\/\/bynature.vn\/vi\/product\/tinh-dau-oai-huong-30ml\/","title":{"rendered":"Tinh D\u1ea7u O\u1ea3i H\u01b0\u01a1ng 30ml"},"content":{"rendered":"<p>Kh\u00e1m ph\u00e1 s\u1ee9c m\u1ea1nh th\u01b0 gi\u00e3n \u00eam d\u1ecbu c\u1ee7a tinh d\u1ea7u o\u1ea3i h\u01b0\u01a1ng thu\u1ea7n khi\u1ebft!<\/p>\n<p>Chai tinh d\u1ea7u o\u1ea3i h\u01b0\u01a1ng 30ml c\u1ee7a ch\u00fang t\u00f4i \u0111\u01b0\u1ee3c ch\u1ebf t\u00e1c c\u1ea9n th\u1eadn \u0111\u1ec3 mang \u0111\u1ebfn cho b\u1ea1n d\u1ea1ng tinh khi\u1ebft nh\u1ea5t c\u1ee7a k\u1ef3 quan t\u1ef1 nhi\u00ean n\u00e0y. \u0110\u01b0\u1ee3c bi\u1ebft \u0111\u1ebfn v\u1edbi kh\u1ea3 n\u0103ng l\u00e0m d\u1ecbu, itnh d\u1ea7u o\u1ea3i h\u01b0\u01a1ng c\u00f3 th\u1ec3 gi\u00fap b\u1ea1n th\u01b0 gi\u00e3n, xua tan m\u1ecdi m\u1ec7t m\u1ecfi v\u00e0 gi\u1ea3m c\u0103ng th\u1eb3ng sau m\u1ed9t ng\u00e0y d\u00e0i.<\/p>\n<p>Ch\u1ec9 c\u1ea7n cho v\u00e0i gi\u1ecdt v\u00e0o m\u00e1y khu\u1ebfch t\u00e1n, b\u1ed3n t\u1eafm ho\u1eb7c d\u1ea7u massage c\u1ee7a b\u1ea1n \u0111\u1ec3 t\u1eadn h\u01b0\u1edfng h\u01b0\u01a1ng th\u01a1m d\u1ec5 ch\u1ecbu v\u00e0 l\u1ee3i \u00edch c\u1ee7a tinh d\u1ea7u o\u1ea3i h\u01b0\u01a1ng. D\u00f9 b\u1ea1n mu\u1ed1n c\u1ea3i thi\u1ec7n ch\u1ea5t l\u01b0\u1ee3ng gi\u1ea5c ng\u1ee7, gi\u1ea3m lo l\u1eafng hay ch\u1ec9 \u0111\u01a1n gi\u1ea3n l\u00e0 t\u1ea1o kh\u00f4ng gian y\u00ean b\u00ecnh, tinh d\u1ea7u o\u1ea3i h\u01b0\u01a1ng c\u1ee7a ch\u00fang t\u00f4i l\u00e0 l\u1ef1a ch\u1ecdn ho\u00e0n h\u1ea3o d\u00e0nh cho b\u1ea1n.<\/p>\n<p>Tr\u1ea3i nghi\u1ec7m ph\u00e9p m\u00e0u c\u1ee7a tinh d\u1ea7u o\u1ea3i h\u01b0\u01a1ng ngay h\u00f4m nay v\u00e0 mang m\u1ed9t ch\u00fat c\u1ee7a b\u00ecnh y\u00ean \u0111\u1ebfn v\u1edbi cu\u1ed9c s\u1ed1ng c\u1ee7a b\u1ea1n!\ud83c\udf38<\/p>\n","protected":false},"excerpt":{"rendered":"<p>Tr\u1ea3i nghi\u1ec7m ph\u00e9p m\u00e0u c\u1ee7a tinh d\u1ea7u o\u1ea3i h\u01b0\u01a1ng ngay h\u00f4m nay v\u00e0 mang m\u1ed9t ch\u00fat c\u1ee7a b\u00ecnh y\u00ean \u0111\u1ebfn v\u1edbi cu\u1ed9c s\u1ed1ng c\u1ee7a b\u1ea1n! \ud83c\udf38 Ho\u00e0n to\u00e0n t\u1ef1 nhi\u00ean t\u1eeb ByNature.<\/p>\n","protected":false},"featured_media":9840,"template":"","meta":[],"pwb-brand":[288],"product_cat":[202,185,203],"product_tag":[],"class_list":{"0":"post-12741","1":"product","2":"type-product","3":"status-publish","4":"has-post-thumbnail","6":"pwb-brand-bynature-vi","7":"product_cat-lieu-phap-tinh-dau","8":"product_cat-suc-khoe-lam-dep","9":"product_cat-tinh-dau","11":"first","12":"instock","13":"shipping-taxable","14":"purchasable","15":"product-type-simple"},"acf":[],"brands":[{"id":288,"name":"ByNature","slug":"bynature-vi"}],"_links":{"self":[{"href":"https:\/\/bynature.vn\/vi\/wp-json\/wp\/v2\/product\/12741","targetHints":{"allow":["GET"]}}],"collection":[{"href":"https:\/\/bynature.vn\/vi\/wp-json\/wp\/v2\/product"}],"about":[{"href":"https:\/\/bynature.vn\/vi\/wp-json\/wp\/v2\/types\/product"}],"wp:featuredmedia":[{"embeddable":true,"href":"https:\/\/bynature.vn\/vi\/wp-json\/wp\/v2\/media\/9840"}],"wp:attachment":[{"href":"https:\/\/bynature.vn\/vi\/wp-json\/wp\/v2\/media?parent=12741"}],"wp:term":[{"taxonomy":"pwb-brand","embeddable":true,"href":"https:\/\/bynature.vn\/vi\/wp-json\/wp\/v2\/pwb-brand?post=12741"},{"taxonomy":"product_cat","embeddable":true,"href":"https:\/\/bynature.vn\/vi\/wp-json\/wp\/v2\/product_cat?post=12741"},{"taxonomy":"product_tag","embeddable":true,"href":"https:\/\/bynature.vn\/vi\/wp-json\/wp\/v2\/product_tag?post=12741"}],"curies":[{"name":"wp","href":"https:\/\/api.w.org\/{rel}","templated":true}]}}