{"id":12740,"date":"2024-07-23T16:43:37","date_gmt":"2024-07-23T09:43:37","guid":{"rendered":"https:\/\/bynature.vn\/product\/tinh-dau-oai-huong-10ml\/"},"modified":"2024-07-23T16:43:37","modified_gmt":"2024-07-23T09:43:37","slug":"tinh-dau-oai-huong-10ml","status":"publish","type":"product","link":"https:\/\/bynature.vn\/vi\/product\/tinh-dau-oai-huong-10ml\/","title":{"rendered":"Tinh D\u1ea7u O\u1ea3i H\u01b0\u01a1ng 10ml"},"content":{"rendered":"<p>Th\u01b0 gi\u00e3n v\u00e0 xua tan c\u0103ng th\u1eb3ng v\u1edbi Tinh D\u1ea7u O\u1ea3i H\u01b0\u01a1ng c\u1ee7a ch\u00fang t\u00f4i \u0110\u01b0\u1ee3c bi\u1ebft \u0111\u1ebfn v\u1edbi kh\u1ea3 n\u0103ng l\u00e0m d\u1ecbu v\u00e0 th\u01b0 gi\u00e3n, tinh d\u1ea7u o\u1ea3i h\u01b0\u01a1ng l\u00e0 s\u1ea3n ph\u1ea9m kh\u00f4ng th\u1ec3 thi\u1ebfu trong b\u1ed9 s\u01b0u t\u1eadp li\u1ec7u ph\u00e1p h\u01b0\u01a1ng th\u01a1m c\u1ee7a b\u1ea1n. S\u1eed d\u1ee5ng trong m\u00e1y khu\u1ebfch t\u00e1n \u0111\u1ec3 t\u1ea1o kh\u00f4ng gian y\u00ean b\u00ecnh ho\u1eb7c nh\u1ecf v\u00e0i gi\u1ecdt v\u00e0o b\u1ed3n t\u1eafm \u0111\u1ec3 tr\u1ea3i nghi\u1ec7m th\u01b0 gi\u00e3n nh\u01b0 \u1edf spa cao c\u1ea5p. Tinh d\u1ea7u o\u1ea3i h\u01b0\u01a1ng ch\u1ea5t l\u01b0\u1ee3ng cao c\u1ee7a ch\u00fang t\u00f4i 100% nguy\u00ean ch\u1ea5t v\u00e0 t\u1ef1 nhi\u00ean, \u0111\u1ea3m b\u1ea3o r\u1eb1ng b\u1ea1n s\u1ebd nh\u1eadn \u0111\u01b0\u1ee3c tr\u1ecdn v\u1eb9n nh\u1eefng l\u1ee3i \u00edch t\u1eeb tinh d\u1ea7u \u0111a n\u0103ng n\u00e0y.<\/p>\n","protected":false},"excerpt":{"rendered":"<p>Th\u01b0 gi\u00e3n v\u00e0 xua tan c\u0103ng th\u1eb3ng v\u1edbi Tinh D\u1ea7u O\u1ea3i H\u01b0\u01a1ng c\u1ee7a ch\u00fang t\u00f4i \u0110\u01b0\u1ee3c bi\u1ebft \u0111\u1ebfn v\u1edbi kh\u1ea3 n\u0103ng l\u00e0m d\u1ecbu v\u00e0 th\u01b0 gi\u00e3n, tinh d\u1ea7u o\u1ea3i h\u01b0\u01a1ng l\u00e0 s\u1ea3n ph\u1ea9m kh\u00f4ng th\u1ec3 thi\u1ebfu trong b\u1ed9 s\u01b0u t\u1eadp li\u1ec7u ph\u00e1p h\u01b0\u01a1ng th\u01a1m c\u1ee7a b\u1ea1n.<\/p>\n","protected":false},"featured_media":9842,"template":"","meta":[],"pwb-brand":[288],"product_cat":[202,185,203],"product_tag":[],"class_list":{"0":"post-12740","1":"product","2":"type-product","3":"status-publish","4":"has-post-thumbnail","6":"pwb-brand-bynature-vi","7":"product_cat-lieu-phap-tinh-dau","8":"product_cat-suc-khoe-lam-dep","9":"product_cat-tinh-dau","11":"first","12":"instock","13":"shipping-taxable","14":"purchasable","15":"product-type-simple"},"acf":[],"brands":[{"id":288,"name":"ByNature","slug":"bynature-vi"}],"_links":{"self":[{"href":"https:\/\/bynature.vn\/vi\/wp-json\/wp\/v2\/product\/12740","targetHints":{"allow":["GET"]}}],"collection":[{"href":"https:\/\/bynature.vn\/vi\/wp-json\/wp\/v2\/product"}],"about":[{"href":"https:\/\/bynature.vn\/vi\/wp-json\/wp\/v2\/types\/product"}],"wp:featuredmedia":[{"embeddable":true,"href":"https:\/\/bynature.vn\/vi\/wp-json\/wp\/v2\/media\/9842"}],"wp:attachment":[{"href":"https:\/\/bynature.vn\/vi\/wp-json\/wp\/v2\/media?parent=12740"}],"wp:term":[{"taxonomy":"pwb-brand","embeddable":true,"href":"https:\/\/bynature.vn\/vi\/wp-json\/wp\/v2\/pwb-brand?post=12740"},{"taxonomy":"product_cat","embeddable":true,"href":"https:\/\/bynature.vn\/vi\/wp-json\/wp\/v2\/product_cat?post=12740"},{"taxonomy":"product_tag","embeddable":true,"href":"https:\/\/bynature.vn\/vi\/wp-json\/wp\/v2\/product_tag?post=12740"}],"curies":[{"name":"wp","href":"https:\/\/api.w.org\/{rel}","templated":true}]}}