{"id":12739,"date":"2024-06-18T17:15:46","date_gmt":"2024-06-18T10:15:46","guid":{"rendered":"https:\/\/bynature.vn\/product\/kem-que-vani\/"},"modified":"2024-06-18T17:15:46","modified_gmt":"2024-06-18T10:15:46","slug":"kem-que-vani","status":"publish","type":"product","link":"https:\/\/bynature.vn\/vi\/product\/kem-que-vani\/","title":{"rendered":"Kem Que Vani"},"content":{"rendered":"<p>100g kem ho\u00e0n to\u00e0n t\u1ef1 nhi\u00ean t\u1eeb \u00d8sterberg. <span style=\"font-weight: 400;\">Kem que vani mang \u0111\u1ebfn l\u1edbp kem vani m\u1ecbn m\u00e0ng, b\u00e9o ng\u1eady \u0111\u01b0\u1ee3c ph\u1ee7 b\u1edfi socola \u0111en t\u1eeb Marou.<\/span><\/p>\n<p>T\u1ea1i \u00d8sterberg, c\u00e1c nguy\u00ean li\u1ec7u t\u1ef1 nhi\u00ean v\u00e0 ch\u1ea5t l\u01b0\u1ee3ng cao lu\u00f4n \u0111\u01b0\u1ee3c \u01b0u ti\u00ean, kh\u00f4ng s\u1eed d\u1ee5ng ch\u1ea5t b\u1ea3o qu\u1ea3n hay m\u00e0u v\u00e0 h\u01b0\u01a1ng li\u1ec7u nh\u00e2n t\u1ea1o T\u1ea5t c\u1ea3 c\u00e1c s\u1ea3n ph\u1ea9m kem \u0111\u1ec1u \u0111\u01b0\u1ee3c l\u00e0m th\u1ee7 c\u00f4ng t\u1ea1i Vi\u1ec7t Nam v\u00e0 to\u00e0n b\u1ed9 c\u00f4ng th\u1ee9c kem c\u1ee7a \u00d8sterberg \u0111\u1ec1u do Cathrine \u00d8sterberg s\u00e1ng t\u1ea1o, ng\u01b0\u1eddi s\u1edf h\u1eefu b\u1eb1ng C\u1eed nh\u00e2n (B.Sc.). trong l\u0129nh v\u1ef1c Khoa h\u1ecdc Th\u1ef1c ph\u1ea9m v\u00e0 b\u1eb1ng Th\u1ea1c s\u0129 (M.Sc.) trong l\u0129nh v\u1ef1c \u1ea8m th\u1ef1c &amp; S\u1ee9c kh\u1ecfe t\u1ea1i \u0110\u1ea1i h\u1ecdc Copenhagen. V\u1edbi qu\u00e1 tr\u00ecnh nghi\u00ean c\u1ee9u chuy\u00ean s\u00e2u, bao g\u1ed3m lu\u1eadn v\u0103n th\u1ea1c s\u0129 v\u1ec1 c\u1ea5u tr\u00fac kem d\u01b0\u1edbi s\u1ef1 h\u01b0\u1edbng d\u1eabn c\u1ee7a Ti\u1ebfn s\u0129 Douglas Goff, m\u1ed9t trong nh\u1eefng nh\u00e0 nghi\u00ean c\u1ee9u h\u00e0ng \u0111\u1ea7u th\u1ebf gi\u1edbi v\u1ec1 kem, Cathrine \u0111\u1ea3m b\u1ea3o c\u00e1c s\u1ea3n ph\u1ea9m v\u1eeba mang t\u00ednh \u0111\u1ed5i m\u1edbi, v\u1eeba c\u00f3 c\u1ea5u tr\u00fac v\u00e0 h\u01b0\u01a1ng v\u1ecb v\u01b0\u1ee3t tr\u1ed9i.<\/p>\n","protected":false},"excerpt":{"rendered":"<p>\ud83c\udf68\ud83c\udf6b H\u00e3y t\u1ef1 th\u01b0\u1edfng cho b\u1ea3n th\u00e2n s\u1ef1 k\u1ebft h\u1ee3p c\u1ed5 \u0111i\u1ec3n gi\u1eefa kem vani m\u1ecbn m\u00e0ng h\u00f2a quy\u1ec7n v\u1edbi socola \u0111en \u0111\u1eadm \u0111\u00e0 &#8211; sao c\u00f3 th\u1ec3 ch\u1ed1i t\u1eeb \u0111\u01b0\u1ee3c ch\u1ee9? Th\u01b0\u1edfng th\u1ee9c s\u1ef1 m\u1ec1m m\u01b0\u1ee3t c\u1ee7a vani k\u1ebft h\u1ee3p ho\u00e0n h\u1ea3o v\u1edbi h\u01b0\u01a1ng socola \u0111en \u0111\u1eadm \u0111\u00e0. T\u1ea5t c\u1ea3 t\u1ea1o n\u00ean m\u1ed9t tr\u1ea3i nghi\u1ec7m tr\u00e1ng mi\u1ec7ng tuy\u1ec7t v\u1eddi khi\u1ebfn v\u1ecb gi\u00e1c c\u1ee7a b\u1ea1n nh\u01b0 \u0111ang reo h\u00f2 v\u1edbi ni\u1ec1m vui. D\u00f9 b\u1ea1n y\u00eau th\u00edch h\u01b0\u01a1ng v\u1ecb kinh \u0111i\u1ec3n hay ch\u1ec9 mu\u1ed1n m\u1ed9t l\u1ed1i tho\u00e1t ng\u1ecdt ng\u00e0o, kem vani k\u1ebft h\u1ee3p socola \u0111en c\u1ee7a ch\u00fang t\u00f4i ch\u1eafc ch\u1eafn s\u1ebd l\u00e0m h\u00e0i l\u00f2ng. \u0110\u1eafm ch\u00ecm v\u00e0o th\u1ebf gi\u1edbi c\u1ee7a s\u1ef1 \u0111\u1ed1i l\u1eadp th\u00fa v\u1ecb v\u00e0 t\u1eadn h\u01b0\u1edfng tinh t\u00fay c\u1ee7a c\u1ea3 hai h\u01b0\u01a1ng v\u1ecb trong t\u1eebng mu\u1ed7ng. \u0110\u1eebng b\u1ecf l\u1ee1 c\u1eb7p \u0111\u00f4i h\u1ea5p d\u1eabn n\u00e0y \u2013 m\u1ed9t tr\u1ea3i nghi\u1ec7m h\u01b0\u01a1ng v\u1ecb m\u00e0 b\u1ea1n s\u1ebd mu\u1ed1n t\u1eadn h\u01b0\u1edfng h\u1ebft m\u00ecnh!\ud83c\udf1f\ud83c\udf68 #VanillaChocolateBliss #ClassicCombination \ud83c\udf89      <\/p>\n","protected":false},"featured_media":9648,"template":"","meta":[],"pwb-brand":[],"product_cat":[553,554,252,220],"product_tag":[],"class_list":{"0":"post-12739","1":"product","2":"type-product","3":"status-publish","4":"has-post-thumbnail","6":"product_cat-kem","7":"product_cat-kem-va-sorbet","8":"product_cat-do-kho","9":"product_cat-bo-trung-sua","11":"first","12":"instock","13":"shipping-taxable","14":"purchasable","15":"product-type-simple"},"acf":[],"brands":[],"_links":{"self":[{"href":"https:\/\/bynature.vn\/vi\/wp-json\/wp\/v2\/product\/12739","targetHints":{"allow":["GET"]}}],"collection":[{"href":"https:\/\/bynature.vn\/vi\/wp-json\/wp\/v2\/product"}],"about":[{"href":"https:\/\/bynature.vn\/vi\/wp-json\/wp\/v2\/types\/product"}],"wp:featuredmedia":[{"embeddable":true,"href":"https:\/\/bynature.vn\/vi\/wp-json\/wp\/v2\/media\/9648"}],"wp:attachment":[{"href":"https:\/\/bynature.vn\/vi\/wp-json\/wp\/v2\/media?parent=12739"}],"wp:term":[{"taxonomy":"pwb-brand","embeddable":true,"href":"https:\/\/bynature.vn\/vi\/wp-json\/wp\/v2\/pwb-brand?post=12739"},{"taxonomy":"product_cat","embeddable":true,"href":"https:\/\/bynature.vn\/vi\/wp-json\/wp\/v2\/product_cat?post=12739"},{"taxonomy":"product_tag","embeddable":true,"href":"https:\/\/bynature.vn\/vi\/wp-json\/wp\/v2\/product_tag?post=12739"}],"curies":[{"name":"wp","href":"https:\/\/api.w.org\/{rel}","templated":true}]}}