{"id":12737,"date":"2024-06-18T17:07:30","date_gmt":"2024-06-18T10:07:30","guid":{"rendered":"https:\/\/bynature.vn\/product\/kem-que-sorbet-mam-xoi-thuan-chay\/"},"modified":"2024-06-18T17:07:30","modified_gmt":"2024-06-18T10:07:30","slug":"kem-que-sorbet-mam-xoi-thuan-chay","status":"publish","type":"product","link":"https:\/\/bynature.vn\/vi\/product\/kem-que-sorbet-mam-xoi-thuan-chay\/","title":{"rendered":"Kem Que Sorbet M\u00e2m X\u00f4i (thu\u1ea7n chay)"},"content":{"rendered":"<p>100g kem sorbet thu\u1ea7n chay ho\u00e0n to\u00e0n t\u1ef1 nhi\u00ean t\u1eeb \u00d8sterberg. <span style=\"font-weight: 400;\">Kem que sorbet m\u00e2m x\u00f4i \u0111\u01b0\u1ee3c l\u00e0m t\u1eeb m\u00e2m x\u00f4i t\u01b0\u01a1i th\u1eadt, mang \u0111\u1ebfn h\u01b0\u01a1ng v\u1ecb t\u1ef1 nhi\u00ean v\u00e0 t\u01b0\u01a1i m\u00e1t, b\u00ean ngo\u00e0i ph\u1ee7 l\u1edbp socola \u0111en t\u1eeb Marou.<\/span> <\/p>\n<p>T\u1ea1i \u00d8sterberg, c\u00e1c nguy\u00ean li\u1ec7u t\u1ef1 nhi\u00ean v\u00e0 ch\u1ea5t l\u01b0\u1ee3ng cao lu\u00f4n \u0111\u01b0\u1ee3c \u01b0u ti\u00ean, kh\u00f4ng s\u1eed d\u1ee5ng ch\u1ea5t b\u1ea3o qu\u1ea3n hay m\u00e0u v\u00e0 h\u01b0\u01a1ng li\u1ec7u nh\u00e2n t\u1ea1o. T\u1ea5t c\u1ea3 c\u00e1c s\u1ea3n ph\u1ea9m kem \u0111\u1ec1u \u0111\u01b0\u1ee3c l\u00e0m th\u1ee7 c\u00f4ng t\u1ea1i Vi\u1ec7t Nam v\u00e0 to\u00e0n b\u1ed9 c\u00f4ng th\u1ee9c kem c\u1ee7a \u00d8sterberg \u0111\u1ec1u do Cathrine \u00d8sterberg s\u00e1ng t\u1ea1o, ng\u01b0\u1eddi s\u1edf h\u1eefu b\u1eb1ng C\u1eed nh\u00e2n (B.Sc.). trong l\u0129nh v\u1ef1c Khoa h\u1ecdc Th\u1ef1c ph\u1ea9m v\u00e0 b\u1eb1ng Th\u1ea1c s\u0129 (M.Sc.) trong l\u0129nh v\u1ef1c \u1ea8m th\u1ef1c &amp; S\u1ee9c kh\u1ecfe t\u1ea1i \u0110\u1ea1i h\u1ecdc Copenhagen. V\u1edbi qu\u00e1 tr\u00ecnh nghi\u00ean c\u1ee9u chuy\u00ean s\u00e2u, bao g\u1ed3m lu\u1eadn v\u0103n th\u1ea1c s\u0129 v\u1ec1 c\u1ea5u tr\u00fac kem d\u01b0\u1edbi s\u1ef1 h\u01b0\u1edbng d\u1eabn c\u1ee7a Ti\u1ebfn s\u0129 Douglas Goff, m\u1ed9t trong nh\u1eefng nh\u00e0 nghi\u00ean c\u1ee9u h\u00e0ng \u0111\u1ea7u th\u1ebf gi\u1edbi v\u1ec1 kem, Cathrine \u0111\u1ea3m b\u1ea3o c\u00e1c s\u1ea3n ph\u1ea9m v\u1eeba mang t\u00ednh \u0111\u1ed5i m\u1edbi, v\u1eeba c\u00f3 c\u1ea5u tr\u00fac v\u00e0 h\u01b0\u01a1ng v\u1ecb v\u01b0\u1ee3t tr\u1ed9i.<\/p>\n","protected":false},"excerpt":{"rendered":"<p>\ud83c\udf47\ud83c\udf6b Th\u01b0\u1edfng th\u1ee9c b\u1ea3n h\u00f2a t\u1ea5u tr\u00e1i c\u00e2y v\u1edbi sorbet m\u00e2m x\u00f4i th\u1eadt c\u1ee7a ch\u00fang t\u00f4i, \u0111\u01b0\u1ee3c l\u00e0m t\u1eeb m\u00e2m x\u00f4i t\u01b0\u01a1i cho h\u01b0\u01a1ng v\u1ecb t\u1ef1 nhi\u00ean v\u00e0 ch\u00e2n th\u1ef1c, mang \u0111\u1ebfn c\u1ea3m gi\u00e1c s\u1ea3ng kho\u00e1i. H\u00e3y t\u01b0\u1edfng t\u01b0\u1ee3ng v\u1ecb th\u01a1m ng\u1ecdt t\u01b0\u01a1i m\u00e1t c\u1ee7a nh\u1eefng qu\u1ea3 m\u00e2m x\u00f4i ch\u00edn k\u1ebft h\u1ee3p v\u1edbi l\u1edbp socola \u0111en b\u00e9o m\u1ecbn \u2013 m\u1ed9t s\u1ef1 k\u1ebft h\u1ee3p ho\u00e0n h\u1ea3o trong thi\u00ean \u0111\u01b0\u1eddng tr\u00e1ng mi\u1ec7ng! T\u1ef1 th\u01b0\u1edfng cho m\u00ecnh m\u1ed9t tr\u1ea3i nghi\u1ec7m sang tr\u1ecdng trong t\u1eebng mi\u1ebfng, c\u1ea3m nh\u1eadn v\u1ecb ng\u1ecdt t\u1ef1 nhi\u00ean c\u1ee7a m\u00e2m x\u00f4i v\u00e0 c\u00fa ch\u1ea1m nh\u1eb9 nh\u00e0ng c\u1ee7a socola \u0111en. N\u00e2ng t\u1ea7m tr\u1ea3i nghi\u1ec7m tr\u00e1ng mi\u1ec7ng c\u1ee7a b\u1ea1n v\u1edbi c\u1eb7p \u0111\u00f4i sorbet m\u00e2m x\u00f4i v\u00e0 socola \u0111en \u2013 m\u1ed9t h\u01b0\u01a1ng v\u1ecb kh\u00f4ng th\u1ec3 b\u1ecf qua! \ud83c\udf1f\ud83c\udf47 #RaspberryIndulgence #DarkChocolateDelight \ud83c\udf89    <\/p>\n","protected":false},"featured_media":9671,"template":"","meta":[],"pwb-brand":[],"product_cat":[553,554,252,220],"product_tag":[],"class_list":{"0":"post-12737","1":"product","2":"type-product","3":"status-publish","4":"has-post-thumbnail","6":"product_cat-kem","7":"product_cat-kem-va-sorbet","8":"product_cat-do-kho","9":"product_cat-bo-trung-sua","11":"first","12":"instock","13":"shipping-taxable","14":"purchasable","15":"product-type-simple"},"acf":[],"brands":[],"_links":{"self":[{"href":"https:\/\/bynature.vn\/vi\/wp-json\/wp\/v2\/product\/12737","targetHints":{"allow":["GET"]}}],"collection":[{"href":"https:\/\/bynature.vn\/vi\/wp-json\/wp\/v2\/product"}],"about":[{"href":"https:\/\/bynature.vn\/vi\/wp-json\/wp\/v2\/types\/product"}],"wp:featuredmedia":[{"embeddable":true,"href":"https:\/\/bynature.vn\/vi\/wp-json\/wp\/v2\/media\/9671"}],"wp:attachment":[{"href":"https:\/\/bynature.vn\/vi\/wp-json\/wp\/v2\/media?parent=12737"}],"wp:term":[{"taxonomy":"pwb-brand","embeddable":true,"href":"https:\/\/bynature.vn\/vi\/wp-json\/wp\/v2\/pwb-brand?post=12737"},{"taxonomy":"product_cat","embeddable":true,"href":"https:\/\/bynature.vn\/vi\/wp-json\/wp\/v2\/product_cat?post=12737"},{"taxonomy":"product_tag","embeddable":true,"href":"https:\/\/bynature.vn\/vi\/wp-json\/wp\/v2\/product_tag?post=12737"}],"curies":[{"name":"wp","href":"https:\/\/api.w.org\/{rel}","templated":true}]}}