{"id":12736,"date":"2024-06-18T16:59:13","date_gmt":"2024-06-18T09:59:13","guid":{"rendered":"https:\/\/bynature.vn\/product\/kem-que-brownie\/"},"modified":"2024-06-18T16:59:13","modified_gmt":"2024-06-18T09:59:13","slug":"kem-que-brownie","status":"publish","type":"product","link":"https:\/\/bynature.vn\/vi\/product\/kem-que-brownie\/","title":{"rendered":"Kem Que Brownie"},"content":{"rendered":"<p>100g kem ho\u00e0n to\u00e0n t\u1ef1 nhi\u00ean t\u1eeb \u00d8sterberg. <span style=\"font-weight: 400;\">Th\u01b0\u1edfng th\u1ee9c kem que brownie \u00d8sterberg th\u01a1m ngon v\u00e0 \u0111\u1eadm \u0111\u00e0, v\u1edbi nh\u1eefng mi\u1ebfng brownie \u0111\u01b0\u1ee3c tr\u1ed9n \u0111\u1ec1u trong kem v\u00e0 b\u00ean ngo\u00e0i ph\u1ee7 l\u1edbp socola \u0111en t\u1eeb Marou.<\/span><\/p>\n<p>T\u1ea1i \u00d8sterberg, c\u00e1c nguy\u00ean li\u1ec7u t\u1ef1 nhi\u00ean v\u00e0 ch\u1ea5t l\u01b0\u1ee3ng cao lu\u00f4n \u0111\u01b0\u1ee3c \u01b0u ti\u00ean, kh\u00f4ng s\u1eed d\u1ee5ng ch\u1ea5t b\u1ea3o qu\u1ea3n hay m\u00e0u v\u00e0 h\u01b0\u01a1ng li\u1ec7u nh\u00e2n t\u1ea1o. T\u1ea5t c\u1ea3 c\u00e1c s\u1ea3n ph\u1ea9m kem \u0111\u1ec1u \u0111\u01b0\u1ee3c l\u00e0m th\u1ee7 c\u00f4ng t\u1ea1i Vi\u1ec7t Nam v\u00e0 to\u00e0n b\u1ed9 c\u00f4ng th\u1ee9c kem c\u1ee7a \u00d8sterberg \u0111\u1ec1u do Cathrine \u00d8sterberg s\u00e1ng t\u1ea1o, ng\u01b0\u1eddi s\u1edf h\u1eefu b\u1eb1ng C\u1eed nh\u00e2n (B.Sc.). trong l\u0129nh v\u1ef1c Khoa h\u1ecdc Th\u1ef1c ph\u1ea9m v\u00e0 b\u1eb1ng Th\u1ea1c s\u0129 (M.Sc.) trong l\u0129nh v\u1ef1c \u1ea8m th\u1ef1c &amp; S\u1ee9c kh\u1ecfe t\u1ea1i \u0110\u1ea1i h\u1ecdc Copenhagen. V\u1edbi qu\u00e1 tr\u00ecnh nghi\u00ean c\u1ee9u chuy\u00ean s\u00e2u, bao g\u1ed3m lu\u1eadn v\u0103n th\u1ea1c s\u0129 v\u1ec1 c\u1ea5u tr\u00fac kem d\u01b0\u1edbi s\u1ef1 h\u01b0\u1edbng d\u1eabn c\u1ee7a Ti\u1ebfn s\u0129 Douglas Goff, m\u1ed9t trong nh\u1eefng nh\u00e0 nghi\u00ean c\u1ee9u h\u00e0ng \u0111\u1ea7u th\u1ebf gi\u1edbi v\u1ec1 kem, Cathrine \u0111\u1ea3m b\u1ea3o c\u00e1c s\u1ea3n ph\u1ea9m v\u1eeba mang t\u00ednh \u0111\u1ed5i m\u1edbi, v\u1eeba c\u00f3 c\u1ea5u tr\u00fac v\u00e0 h\u01b0\u01a1ng v\u1ecb v\u01b0\u1ee3t tr\u1ed9i.<\/p>\n","protected":false},"excerpt":{"rendered":"<p>\ud83c\udf6b\ud83c\udf66 Th\u01b0\u1edfng th\u1ee9c s\u1ef1 b\u00e9o ng\u1eady tr\u1ecdn v\u1eb9n v\u1edbi kem brownie c\u1ee7a ch\u00fang t\u00f4i, \u0111\u01b0\u1ee3c l\u00e0m theo c\u00e1ch ho\u00e0n to\u00e0n t\u1ef1 nhi\u00ean! Ch\u00ecm \u0111\u1eafm v\u00e0o h\u01b0\u01a1ng v\u1ecb socola \u0111\u1eadm \u0111\u00e0 k\u1ebft h\u1ee3p v\u1edbi nh\u1eefng mi\u1ebfng brownie b\u00e9o ng\u1eady &#8211; m\u1ed9t s\u1ef1 k\u1ebft h\u1ee3p ho\u00e0n h\u1ea3o d\u00e0nh cho nh\u1eefng t\u00edn \u0111\u1ed3 tr\u00e1ng mi\u1ec7ng! Ch\u00fang t\u00f4i cam k\u1ebft ch\u1ec9 s\u1eed d\u1ee5ng nguy\u00ean li\u1ec7u t\u1ef1 nhi\u00ean gi\u00fap b\u1ea1n t\u1eadn h\u01b0\u1edfng t\u1eebng mu\u1ed7ng kem m\u00e0 kh\u00f4ng lo l\u1eafng g\u00ec. H\u00e3y \u0111\u1ec3 h\u01b0\u01a1ng v\u1ecb th\u01a1m ngon c\u1ee7a socola v\u00e0 brownie ng\u1ecdt ng\u00e0o lan t\u1ecfa tr\u00ean v\u1ecb gi\u00e1c c\u1ee7a b\u1ea1n, t\u1ea1o n\u00ean m\u1ed9t b\u1ea3n h\u00f2a nh\u1ea1c ng\u1ecdt ng\u00e0o trong t\u1eebng mi\u1ebfng th\u01b0\u1edfng th\u1ee9c. T\u1ef1 th\u01b0\u1edfng cho b\u1ea3n th\u00e2n m\u1ed9t mu\u1ed7ng c\u1ee7a ni\u1ec1m h\u1ea1nh ph\u00fac thu\u1ea7n khi\u1ebft v\u00e0 tr\u1ea3i nghi\u1ec7m ph\u00e9p m\u00e0u c\u1ee7a kem brownie \u0111\u00fang chu\u1ea9n! \ud83c\udf1f\ud83c\udf6b #BrownieBliss #NaturallyDelicious \ud83c\udf89<\/p>\n","protected":false},"featured_media":9673,"template":"","meta":[],"pwb-brand":[],"product_cat":[553,554,252,220],"product_tag":[],"class_list":{"0":"post-12736","1":"product","2":"type-product","3":"status-publish","4":"has-post-thumbnail","6":"product_cat-kem","7":"product_cat-kem-va-sorbet","8":"product_cat-do-kho","9":"product_cat-bo-trung-sua","11":"first","12":"instock","13":"shipping-taxable","14":"purchasable","15":"product-type-simple"},"acf":[],"brands":[],"_links":{"self":[{"href":"https:\/\/bynature.vn\/vi\/wp-json\/wp\/v2\/product\/12736","targetHints":{"allow":["GET"]}}],"collection":[{"href":"https:\/\/bynature.vn\/vi\/wp-json\/wp\/v2\/product"}],"about":[{"href":"https:\/\/bynature.vn\/vi\/wp-json\/wp\/v2\/types\/product"}],"wp:featuredmedia":[{"embeddable":true,"href":"https:\/\/bynature.vn\/vi\/wp-json\/wp\/v2\/media\/9673"}],"wp:attachment":[{"href":"https:\/\/bynature.vn\/vi\/wp-json\/wp\/v2\/media?parent=12736"}],"wp:term":[{"taxonomy":"pwb-brand","embeddable":true,"href":"https:\/\/bynature.vn\/vi\/wp-json\/wp\/v2\/pwb-brand?post=12736"},{"taxonomy":"product_cat","embeddable":true,"href":"https:\/\/bynature.vn\/vi\/wp-json\/wp\/v2\/product_cat?post=12736"},{"taxonomy":"product_tag","embeddable":true,"href":"https:\/\/bynature.vn\/vi\/wp-json\/wp\/v2\/product_tag?post=12736"}],"curies":[{"name":"wp","href":"https:\/\/api.w.org\/{rel}","templated":true}]}}