{"id":12734,"date":"2024-06-18T14:50:49","date_gmt":"2024-06-18T07:50:49","guid":{"rendered":"https:\/\/bynature.vn\/product\/kem-que-socola\/"},"modified":"2024-06-18T14:50:49","modified_gmt":"2024-06-18T07:50:49","slug":"kem-que-socola","status":"publish","type":"product","link":"https:\/\/bynature.vn\/vi\/product\/kem-que-socola\/","title":{"rendered":"Kem Que Socola"},"content":{"rendered":"<p><span style=\"font-weight: 400;\">100g kem ho\u00e0n to\u00e0n t\u1ef1 nhi\u00ean t\u1eeb \u00d8sterberg. Kem que socola \u0111\u1eadm \u0111\u00e0, \u0111\u01b0\u1ee3c l\u00e0m t\u1eeb socola cao c\u1ea5p Marou c\u1ea3 b\u00ean trong l\u1edbp kem l\u1eabn l\u1edbp ph\u1ee7 b\u00ean ngo\u00e0i. <\/span><\/p>\n<p>T\u1ea1i \u00d8sterberg, c\u00e1c nguy\u00ean li\u1ec7u t\u1ef1 nhi\u00ean v\u00e0 ch\u1ea5t l\u01b0\u1ee3ng cao lu\u00f4n \u0111\u01b0\u1ee3c \u01b0u ti\u00ean h\u00e0ng \u0111\u1ea7u; s\u1ea3n ph\u1ea9m kh\u00f4ng s\u1eed d\u1ee5ng ch\u1ea5t b\u1ea3o qu\u1ea3n hay m\u00e0u v\u00e0 h\u01b0\u01a1ng li\u1ec7u nh\u00e2n t\u1ea1o. To\u00e0n b\u1ed9 kem \u0111\u1ec1u \u0111\u01b0\u1ee3c l\u00e0m th\u1ee7 c\u00f4ng t\u1ea1i Vi\u1ec7t Nam v\u00e0 t\u1ea5t c\u1ea3 c\u00f4ng th\u1ee9c kem c\u1ee7a \u00d8sterberg \u0111\u1ec1u do Cathrine \u00d8sterberg s\u00e1ng t\u1ea1o. C\u00f4 s\u1edf h\u1eefu b\u1eb1ng C\u1eed nh\u00e2n Khoa h\u1ecdc Th\u1ef1c ph\u1ea9m v\u00e0 Th\u1ea1c s\u0129 \u1ea8m th\u1ef1c &amp; S\u1ee9c kh\u1ecfe t\u1eeb \u0110\u1ea1i h\u1ecdc Copenhagen. V\u1edbi qu\u00e1 tr\u00ecnh nghi\u00ean c\u1ee9u chuy\u00ean s\u00e2u, bao g\u1ed3m lu\u1eadn v\u0103n th\u1ea1c s\u0129 v\u1ec1 c\u1ea5u tr\u00fac kem d\u01b0\u1edbi s\u1ef1 h\u01b0\u1edbng d\u1eabn c\u1ee7a Ti\u1ebfn s\u0129 Douglas Goff, m\u1ed9t trong nh\u1eefng nh\u00e0 nghi\u00ean c\u1ee9u kem h\u00e0ng \u0111\u1ea7u th\u1ebf gi\u1edbi, Cathrine \u0111\u1ea3m b\u1ea3o m\u1ed7i s\u1ea3n ph\u1ea9m kh\u00f4ng ch\u1ec9 mang t\u00ednh \u0111\u1ed5i m\u1edbi m\u00e0 c\u00f2n c\u00f3 c\u1ea5u tr\u00fac ho\u00e0n h\u1ea3o v\u00e0 h\u01b0\u01a1ng v\u1ecb v\u01b0\u1ee3t tr\u1ed9i.    <\/p>\n","protected":false},"excerpt":{"rendered":"<p>H\u00e3y s\u1eb5n s\u00e0ng cho m\u1ed9t c\u01a1n l\u0169 socola v\u1edbi m\u00f3n kem socola \u0111\u1eadm \u0111\u00e0 v\u00e0 \u0111\u1ea7y quy\u1ebfn r\u0169 c\u1ee7a ch\u00fang t\u00f4i! \u0110\u1eafm m\u00ecnh trong th\u1ebf gi\u1edbi cacao thu\u1ea7n khi\u1ebft v\u1edbi t\u1eebng mi\u1ebfng kem m\u1ecbn m\u01b0\u1ee3t &#8211; m\u1ed9t tr\u1ea3i nghi\u1ec7m tr\u1ecdn v\u1eb9n h\u01b0\u01a1ng v\u1ecb socola! Chi\u1ec1u chu\u1ed9ng c\u01a1n th\u00e8m ng\u1ecdt c\u1ee7a b\u1ea1n v\u00e0 \u0111\u1ec3 m\u00f3n kem b\u00e9o m\u1ecbn n\u00e0y d\u1eabn l\u1ed1i v\u1ecb gi\u00e1c qua m\u1ed9t h\u00e0nh tr\u00ecnh h\u01b0\u01a1ng v\u1ecb kh\u00f3 qu\u00ean. D\u00f9 b\u1ea1n l\u00e0 t\u00edn \u0111\u1ed3 socola hay ch\u1ec9 \u0111\u01a1n gi\u1ea3n mu\u1ed1n th\u1ecfa m\u00e3n c\u01a1n th\u00e8m, kem socola c\u1ee7a ch\u00fang t\u00f4i ch\u1eafc ch\u1eafn l\u00e0 l\u1ef1a ch\u1ecdn kh\u00f4ng th\u1ec3 b\u1ecf qua! \u0110\u1eebng ch\u1ea7n ch\u1eeb, h\u00e3y th\u01b0\u1edfng th\u1ee9c ngay v\u00e0 \u0111\u1ec3 v\u1ecb gi\u00e1c c\u1ee7a b\u1ea1n \u0111\u1eafm ch\u00ecm trong b\u1eefa ti\u1ec7c cacao \u0111\u1ea7y m\u00ea ho\u1eb7c!    <\/p>\n<p>\ud83c\udf1f\ud83c\udf6b #ChocoholicsUnite #NewChocOnTheBlock \ud83c\udf89<\/p>\n","protected":false},"featured_media":9663,"template":"","meta":[],"pwb-brand":[],"product_cat":[553,554,252,220],"product_tag":[],"class_list":{"0":"post-12734","1":"product","2":"type-product","3":"status-publish","4":"has-post-thumbnail","6":"product_cat-kem","7":"product_cat-kem-va-sorbet","8":"product_cat-do-kho","9":"product_cat-bo-trung-sua","11":"first","12":"instock","13":"shipping-taxable","14":"purchasable","15":"product-type-simple"},"acf":[],"brands":[],"_links":{"self":[{"href":"https:\/\/bynature.vn\/vi\/wp-json\/wp\/v2\/product\/12734","targetHints":{"allow":["GET"]}}],"collection":[{"href":"https:\/\/bynature.vn\/vi\/wp-json\/wp\/v2\/product"}],"about":[{"href":"https:\/\/bynature.vn\/vi\/wp-json\/wp\/v2\/types\/product"}],"wp:featuredmedia":[{"embeddable":true,"href":"https:\/\/bynature.vn\/vi\/wp-json\/wp\/v2\/media\/9663"}],"wp:attachment":[{"href":"https:\/\/bynature.vn\/vi\/wp-json\/wp\/v2\/media?parent=12734"}],"wp:term":[{"taxonomy":"pwb-brand","embeddable":true,"href":"https:\/\/bynature.vn\/vi\/wp-json\/wp\/v2\/pwb-brand?post=12734"},{"taxonomy":"product_cat","embeddable":true,"href":"https:\/\/bynature.vn\/vi\/wp-json\/wp\/v2\/product_cat?post=12734"},{"taxonomy":"product_tag","embeddable":true,"href":"https:\/\/bynature.vn\/vi\/wp-json\/wp\/v2\/product_tag?post=12734"}],"curies":[{"name":"wp","href":"https:\/\/api.w.org\/{rel}","templated":true}]}}