{"id":12732,"date":"2024-06-17T15:46:01","date_gmt":"2024-06-17T08:46:01","guid":{"rendered":"https:\/\/bynature.vn\/product\/mieng-lot-tham-hut-lily\/"},"modified":"2024-06-17T15:46:01","modified_gmt":"2024-06-17T08:46:01","slug":"mieng-lot-tham-hut-lily","status":"publish","type":"product","link":"https:\/\/bynature.vn\/vi\/product\/mieng-lot-tham-hut-lily\/","title":{"rendered":"Mi\u1ebfng L\u00f3t Th\u1ea5m H\u00fat Lily"},"content":{"rendered":"<p><span data-sheets-root=\"1\" data-sheets-value=\"{\"1\":2,\"2\":\"Lily is a reusable and eco-friendly alternative to disposable menstrual pads and comes in 2 sizes to suit different flow levels and body types. It is designed to be worn inside underwear to absorb menstrual flow during menstruation. Are my period panty enough to hold a daily flow? For those having very heavy flow, we designed Lily that can also come in addition to your period panty. Whenever Lily is full, you can just fold it and place it in a bag. No more stress, everything is smooth as silk. Lily can range from pantyliner-sized pads for medium flow to larger, more absorbent pads for heavy flow days.\"}\" data-sheets-userformat=\"{\"2\":4480,\"10\":2,\"11\":4,\"15\":\"Arial\"}\">Lily l\u00e0 mi\u1ebfng l\u00f3t th\u1ea5m h\u00fat t\u00e1i s\u1eed d\u1ee5ng, th\u00e2n thi\u1ec7n v\u1edbi m\u00f4i tr\u01b0\u1eddng, thay th\u1ebf cho b\u0103ng v\u1ec7 sinh d\u00f9ng m\u1ed9t l\u1ea7n v\u00e0 c\u00f3 2 k\u00edch c\u1ee1 \u0111\u1ec3 ph\u00f9 h\u1ee3p v\u1edbi c\u00e1c m\u1ee9c \u0111\u1ed9 kinh nguy\u1ec7t v\u00e0 v\u00f3c d\u00e1ng kh\u00e1c nhau. S\u1ea3n ph\u1ea9m \u0111\u01b0\u1ee3c thi\u1ebft k\u1ebf \u0111\u1ec3 s\u1eed d\u1ee5ng b\u00ean trong qu\u1ea7n l\u00f3t nh\u1eb1m th\u1ea5m h\u00fat kinh nguy\u1ec7t trong nh\u1eefng ng\u00e0y \u201c\u0111\u00e8n \u0111\u1ecf\u201d. Qu\u1ea7n l\u00f3t nguy\u1ec7t san c\u1ee7a b\u1ea1n c\u00f3 \u0111\u1ee7 kh\u1ea3 n\u0103ng th\u1ea5m h\u00fat cho nhu c\u1ea7u h\u1eb1ng ng\u00e0y kh\u00f4ng? \u0110\u1ed1i v\u1edbi nh\u1eefng ng\u01b0\u1eddi c\u00f3 l\u01b0\u1ee3ng kinh r\u1ea5t nhi\u1ec1u, ch\u00fang t\u00f4i thi\u1ebft k\u1ebf Lily \u0111\u1ec3 c\u00f3 th\u1ec3 s\u1eed d\u1ee5ng k\u1ebft h\u1ee3p c\u00f9ng qu\u1ea7n l\u00f3t nguy\u1ec7t san. Khi Lily \u0111\u00e3 \u0111\u1ea7y, b\u1ea1n ch\u1ec9 c\u1ea7n g\u1ea5p l\u1ea1i v\u00e0 cho v\u00e0o t\u00fai. Kh\u00f4ng c\u00f2n c\u0103ng th\u1eb3ng, m\u1ecdi th\u1ee9 \u0111\u1ec1u \u00eam \u00e1i, nh\u1eb9 nh\u00e0ng. Lily c\u00f3 nhi\u1ec1u k\u00edch c\u1ee1 kh\u00e1c nhau, t\u1eeb lo\u1ea1i nh\u1ecf nh\u01b0 mi\u1ebfng l\u00f3t h\u1eb1ng ng\u00e0y cho l\u01b0\u1ee3ng kinh trung b\u00ecnh \u0111\u1ebfn lo\u1ea1i l\u1edbn h\u01a1n v\u1edbi kh\u1ea3 n\u0103ng th\u1ea5m h\u00fat cao cho nh\u1eefng ng\u00e0y kinh nhi\u1ec1u.      <\/span><\/p>\n<p>\u0110en \u2013 <span data-sheets-root=\"1\" data-sheets-value=\"{\"1\":2,\"2\":\"S: 22 cm \\nM: 28 cm\"}\" data-sheets-userformat=\"{\"2\":4224,\"10\":2,\"15\":\"Arial\"}\">Size S: 22 cm ho\u1eb7c M: 28 cm \u2013 kinh nhi\u1ec1u (m\u1ee9c th\u1ea5m h\u00fat 5 gi\u1ecdt)<\/span><\/p>\n","protected":false},"excerpt":{"rendered":"<p>Mi\u1ebfng L\u00f3t Th\u1ea5m H\u00fat T\u00e1i s\u1eed d\u1ee5ng v\u00e0 Th\u00e2n thi\u1ec7n v\u1edbi m\u00f4i tr\u01b0\u1eddng c\u1ee7a b\u1ea1n<\/p>\n<p>\u0110\u01b0\u1ee3c l\u00e0m t\u1eeb ch\u1ea5t li\u1ec7u cao c\u1ea5p v\u00e0 thi\u1ebft k\u1ebf \u0111\u1ec3 b\u1ea3o v\u1ec7 t\u1ed1i \u0111a, Lily l\u00e0 l\u1ef1a ch\u1ecdn l\u00fd t\u01b0\u1edfng cho m\u1ed9t k\u1ef3 kinh nguy\u1ec7t an to\u00e0n v\u00e0 l\u00e0nh m\u1ea1nh h\u01a1n. H\u00e3y n\u00f3i l\u1eddi t\u1ea1m bi\u1ec7t v\u1edbi r\u00e1c th\u1ea3i d\u00f9ng m\u1ed9t l\u1ea7n v\u00e0 ch\u00e0o \u0111\u00f3n chu tr\u00ecnh kinh nguy\u1ec7t b\u1ec1n v\u1eefng, th\u00e2n thi\u1ec7n v\u1edbi m\u00f4i tr\u01b0\u1eddng h\u01a1n. <\/p>\n<p>H\u00e3y gh\u00e9 th\u0103m c\u1eeda h\u00e0ng c\u1ee7a ch\u00fang t\u00f4i ngay h\u00f4m nay \u0111\u1ec3 kh\u00e1m ph\u00e1 Lily v\u00e0 chuy\u1ec3n sang gi\u1ea3i ph\u00e1p ch\u0103m s\u00f3c k\u1ef3 kinh th\u00e2n thi\u1ec7n h\u01a1n v\u1edbi m\u00f4i tr\u01b0\u1eddng. C\u00f9ng ch\u00fang t\u00f4i b\u1ea3o v\u1ec7 Tr\u00e1i \u0110\u1ea5t \u0111\u1ed3ng th\u1eddi ch\u0103m s\u00f3c s\u1ee9c kh\u1ecfe v\u00e0 s\u1ef1 tho\u1ea3i m\u00e1i c\u1ee7a ch\u00ednh b\u1ea1n. C\u00f9ng nhau, ch\u00fang ta c\u00f3 th\u1ec3 t\u1ea1o n\u00ean s\u1ef1 kh\u00e1c bi\u1ec7t.  <\/p>\n","protected":false},"featured_media":9636,"template":"","meta":[],"pwb-brand":[],"product_cat":[552,185],"product_tag":[],"class_list":{"0":"post-12732","1":"product","2":"type-product","3":"status-publish","4":"has-post-thumbnail","6":"product_cat-quan-lot-nguyet-san","7":"product_cat-suc-khoe-lam-dep","9":"first","10":"instock","11":"shipping-taxable","12":"purchasable","13":"product-type-simple"},"acf":[],"brands":[],"_links":{"self":[{"href":"https:\/\/bynature.vn\/vi\/wp-json\/wp\/v2\/product\/12732","targetHints":{"allow":["GET"]}}],"collection":[{"href":"https:\/\/bynature.vn\/vi\/wp-json\/wp\/v2\/product"}],"about":[{"href":"https:\/\/bynature.vn\/vi\/wp-json\/wp\/v2\/types\/product"}],"wp:featuredmedia":[{"embeddable":true,"href":"https:\/\/bynature.vn\/vi\/wp-json\/wp\/v2\/media\/9636"}],"wp:attachment":[{"href":"https:\/\/bynature.vn\/vi\/wp-json\/wp\/v2\/media?parent=12732"}],"wp:term":[{"taxonomy":"pwb-brand","embeddable":true,"href":"https:\/\/bynature.vn\/vi\/wp-json\/wp\/v2\/pwb-brand?post=12732"},{"taxonomy":"product_cat","embeddable":true,"href":"https:\/\/bynature.vn\/vi\/wp-json\/wp\/v2\/product_cat?post=12732"},{"taxonomy":"product_tag","embeddable":true,"href":"https:\/\/bynature.vn\/vi\/wp-json\/wp\/v2\/product_tag?post=12732"}],"curies":[{"name":"wp","href":"https:\/\/api.w.org\/{rel}","templated":true}]}}