{"id":12731,"date":"2024-06-17T15:32:29","date_gmt":"2024-06-17T08:32:29","guid":{"rendered":"https:\/\/bynature.vn\/product\/quan-lot-nguyet-san-ban-dem\/"},"modified":"2025-12-24T00:01:31","modified_gmt":"2025-12-23T17:01:31","slug":"quan-lot-nguyet-san-ban-dem","status":"publish","type":"product","link":"https:\/\/bynature.vn\/vi\/product\/quan-lot-nguyet-san-ban-dem\/","title":{"rendered":"Qu\u1ea7n L\u00f3t Nguy\u1ec7t San Ban \u0110\u00eam"},"content":{"rendered":"<p><span data-sheets-root=\"1\" data-sheets-value=\"{\"1\":2,\"2\":\"Stella heavy flow, offers a wider coverage in the back and provides reliable protection and absorbency to cater to the unique features and functionality during days of heavy menstrual flow. All areas prone to leaks are adequately covered. Stella Ultra is made from soft and breathable materials to ensure comfort and minimize irritation. The focus is on providing effective protection without feeling bulky. Stella night have additional absorbency and a longer length to accommodate overnight use, providing confidence and peace of mind while sleeping.\"}\" data-sheets-userformat=\"{\"2\":4480,\"10\":2,\"11\":4,\"15\":\"Arial\"}\">C\u00f3 c\u00e1c k\u00edch c\u1ee1 t\u1eeb XXS-XL. Stella Heavy Flow \u0111\u01b0\u1ee3c thi\u1ebft k\u1ebf v\u1edbi v\u00f9ng che ph\u1ee7 ph\u00eda sau r\u1ed9ng h\u01a1n v\u00e0 kh\u1ea3 n\u0103ng b\u1ea3o v\u1ec7, th\u1ea5m h\u00fat cao, \u0111\u00e1p \u1ee9ng \u0111\u01b0\u1ee3c nh\u1eefng ng\u00e0y l\u01b0\u1ee3ng kinh nguy\u1ec7t nhi\u1ec1u. T\u1ea5t c\u1ea3 c\u00e1c khu v\u1ef1c d\u1ec5 b\u1ecb r\u00f2 r\u1ec9 \u0111\u1ec1u \u0111\u01b0\u1ee3c che ch\u1eafn \u0111\u1ea7y \u0111\u1ee7. Stella Ultra \u0111\u01b0\u1ee3c l\u00e0m t\u1eeb ch\u1ea5t li\u1ec7u m\u1ec1m m\u1ea1i v\u00e0 tho\u00e1ng kh\u00ed nh\u1eb1m \u0111\u1ea3m b\u1ea3o s\u1ef1 tho\u1ea3i m\u00e1i v\u00e0 gi\u1ea3m thi\u1ec3u k\u00edch \u1ee9ng. S\u1ea3n ph\u1ea9m t\u1eadp trung v\u00e0o vi\u1ec7c cung c\u1ea5p kh\u1ea3 n\u0103ng b\u1ea3o v\u1ec7 hi\u1ec7u qu\u1ea3 m\u00e0 kh\u00f4ng g\u00e2y c\u1ea3m gi\u00e1c d\u00e0y c\u1ed9m. Stella Night c\u00f3 kh\u1ea3 n\u0103ng th\u1ea5m h\u00fat t\u0103ng c\u01b0\u1eddng v\u00e0 chi\u1ec1u d\u00e0i d\u00e0i h\u01a1n, ph\u00f9 h\u1ee3p cho t\u01b0 th\u1ebf n\u1eb1m ng\u1ee7, gi\u00fap b\u1ea1n y\u00ean t\u00e2m v\u00e0 t\u1ef1 tin su\u1ed1t \u0111\u00eam.    <\/span><\/p>\n<p>\u0110en \u2013 <span data-sheets-root=\"1\" data-sheets-value=\"{\"1\":2,\"2\":\"S: 22 cm \\nM: 28 cm\"}\" data-sheets-userformat=\"{\"2\":4224,\"10\":2,\"15\":\"Arial\"}\">K\u00edch c\u1ee1 t\u1eeb XXS \u0111\u1ebfn XL \u2013 D\u00e0nh cho ng\u00e0y kinh nhi\u1ec1u (4 gi\u1ecdt th\u1ea5m h\u00fat)<\/span><\/p>\n","protected":false},"excerpt":{"rendered":"<p>Qu\u1ea7n L\u00f3t Nguy\u1ec7t San cho \u0110\u00eam Tho\u1ea3i M\u00e1i ByNature<\/p>\n<p>Gi\u1edbi thi\u1ec7u s\u1ea3n ph\u1ea9m m\u1edbi nh\u1ea5t c\u1ee7a ch\u00fang t\u00f4i \u2013 qu\u1ea7n l\u00f3t nguy\u1ec7t san \u0111\u01b0\u1ee3c thi\u1ebft k\u1ebf \u0111\u1eb7c bi\u1ec7t \u0111\u1ec3 s\u1eed d\u1ee5ng v\u00e0o ban \u0111\u00eam! Tr\u1ea3i nghi\u1ec7m s\u1ef1 tho\u1ea3i m\u00e1i t\u1ed1i \u01b0u v\u00e0 kh\u1ea3 n\u0103ng b\u1ea3o v\u1ec7 hi\u1ec7u qu\u1ea3 trong k\u1ef3 kinh nguy\u1ec7t, gi\u00fap b\u1ea1n ng\u1ee7 ngon su\u1ed1t \u0111\u00eam. <\/p>\n<p>N\u00f3i l\u1eddi t\u1ea1m bi\u1ec7t v\u1edbi t\u00ecnh tr\u1ea1ng r\u00f2 r\u1ec9 v\u00e0 c\u1ea3m gi\u00e1c kh\u00f3 ch\u1ecbu c\u00f9ng qu\u1ea7n l\u00f3t nguy\u1ec7t san c\u1ea3i ti\u1ebfn v\u00e0 th\u1eddi trang c\u1ee7a ch\u00fang t\u00f4i. T\u1eadn h\u01b0\u1edfng m\u1ed9t gi\u1ea5c ng\u1ee7 \u0111\u00eam tr\u1ecdn v\u1eb9n kh\u00f4ng lo l\u1eafng v\u00e0 th\u1ee9c d\u1eady v\u1edbi c\u1ea3m gi\u00e1c tho\u1ea3i m\u00e1i, t\u1ef1 tin. <\/p>\n<p>Gh\u00e9 th\u0103m c\u1eeda h\u00e0ng c\u1ee7a ch\u00fang t\u00f4i \u0111\u1ec3 kh\u00e1m ph\u00e1 s\u1ea3n ph\u1ea9m m\u1edbi n\u00e0y v\u00e0 n\u00e2ng t\u1ea7m tr\u1ea3i nghi\u1ec7m v\u1edbi qu\u1ea7n l\u00f3t nguy\u1ec7t san ban \u0111\u00eam ch\u1ea5t l\u01b0\u1ee3ng cao. S\u1ef1 tho\u1ea3i m\u00e1i v\u00e0 an t\u00e2m c\u1ee7a b\u1ea1n lu\u00f4n l\u00e0 \u01b0u ti\u00ean h\u00e0ng \u0111\u1ea7u c\u1ee7a ch\u00fang t\u00f4i. <\/p>\n","protected":false},"featured_media":9621,"template":"","meta":[],"pwb-brand":[],"product_cat":[552,185],"product_tag":[],"class_list":{"0":"post-12731","1":"product","2":"type-product","3":"status-publish","4":"has-post-thumbnail","6":"product_cat-quan-lot-nguyet-san","7":"product_cat-suc-khoe-lam-dep","9":"first","10":"instock","11":"shipping-taxable","12":"purchasable","13":"product-type-simple"},"acf":[],"brands":[],"_links":{"self":[{"href":"https:\/\/bynature.vn\/vi\/wp-json\/wp\/v2\/product\/12731","targetHints":{"allow":["GET"]}}],"collection":[{"href":"https:\/\/bynature.vn\/vi\/wp-json\/wp\/v2\/product"}],"about":[{"href":"https:\/\/bynature.vn\/vi\/wp-json\/wp\/v2\/types\/product"}],"wp:featuredmedia":[{"embeddable":true,"href":"https:\/\/bynature.vn\/vi\/wp-json\/wp\/v2\/media\/9621"}],"wp:attachment":[{"href":"https:\/\/bynature.vn\/vi\/wp-json\/wp\/v2\/media?parent=12731"}],"wp:term":[{"taxonomy":"pwb-brand","embeddable":true,"href":"https:\/\/bynature.vn\/vi\/wp-json\/wp\/v2\/pwb-brand?post=12731"},{"taxonomy":"product_cat","embeddable":true,"href":"https:\/\/bynature.vn\/vi\/wp-json\/wp\/v2\/product_cat?post=12731"},{"taxonomy":"product_tag","embeddable":true,"href":"https:\/\/bynature.vn\/vi\/wp-json\/wp\/v2\/product_tag?post=12731"}],"curies":[{"name":"wp","href":"https:\/\/api.w.org\/{rel}","templated":true}]}}