{"id":12721,"date":"2024-05-21T15:20:14","date_gmt":"2024-05-21T08:20:14","guid":{"rendered":"https:\/\/bynature.vn\/product\/10-trung-ga-vuon-tu-nhien\/"},"modified":"2024-05-21T15:20:14","modified_gmt":"2024-05-21T08:20:14","slug":"10-trung-ga-vuon-tu-nhien","status":"publish","type":"product","link":"https:\/\/bynature.vn\/vi\/product\/10-trung-ga-vuon-tu-nhien\/","title":{"rendered":"10 tr\u1ee9ng g\u00e0 v\u01b0\u1eddn t\u1ef1 nhi\u00ean"},"content":{"rendered":"<p>Gi\u1edbi thi\u1ec7u v\u1ec1 Trang Tr\u1ea1i Tr\u1ee9ng G\u00e0 Th\u1ea3 V\u01b0\u1eddn T\u1ef1 Nhi\u00ean T\u01b0\u01a1i M\u1edbi!<\/p>\n<p>Th\u01b0\u1edfng th\u1ee9c tr\u1ecdn v\u1eb9n tinh t\u00fay c\u1ee7a thi\u00ean nhi\u00ean v\u1edbi tr\u1ee9ng g\u00e0 nu\u00f4i th\u1ea3 v\u01b0\u1eddn c\u1ee7a ch\u00fang t\u00f4i, \u0111\u01b0\u1ee3c thu ho\u1ea1ch t\u1eeb nh\u1eefng ch\u00fa g\u00e0 m\u00e1i kh\u1ecfe m\u1ea1nh, h\u1ea1nh ph\u00fac, t\u1ef1 do d\u1ea1o b\u01b0\u1edbc tr\u00ean nh\u1eefng \u0111\u1ed3ng c\u1ecf xanh m\u01b0\u1edbt. C\u1ea3m nh\u1eadn s\u1ef1 kh\u00e1c bi\u1ec7t trong t\u1eebng l\u1ea7n ch\u1ea1m v\u1edbi nh\u1eefng qu\u1ea3 tr\u1ee9ng t\u1ef1 nhi\u00ean thu\u1ea7n khi\u1ebft nh\u01b0 \u00e1nh n\u1eafng ban mai. N\u00e2ng t\u1ea7m tr\u1ea3i nghi\u1ec7m \u1ea9m th\u1ef1c c\u1ee7a b\u1ea1n v\u1edbi nh\u1eefng qu\u1ea3 tr\u1ee9ng kh\u00f4ng ch\u1ec9 l\u00e0 m\u00f3n \u0103n quen thu\u1ed9c cho b\u1eefa s\u00e1ng, m\u00e0 c\u00f2n l\u00e0 bi\u1ec3u t\u01b0\u1ee3ng c\u1ee7a canh t\u00e1c nh\u00e2n \u0111\u1ea1o v\u00e0 ch\u1ea5t l\u01b0\u1ee3ng v\u01b0\u1ee3t tr\u1ed9i. H\u00e3y ch\u1ecdn Trang Tr\u1ea1i Tr\u1ee9ng G\u00e0 Th\u1ea3 V\u01b0\u1eddn T\u1ef1 Nhi\u00ean T\u01b0\u01a1i M\u1edbi \u0111\u1ec3 c\u1ea3m nh\u1eadn h\u01b0\u01a1ng v\u1ecb \u0111\u00fang ngh\u0129a nu\u00f4i th\u1ea3 &#8211; \u0111\u1eadm \u0111\u00e0, t\u01b0\u01a1i ngon v\u00e0 tr\u1ecdn v\u1eb9n t\u1ef1 nhi\u00ean!<\/p>\n","protected":false},"excerpt":{"rendered":"<p>Th\u01b0\u1edfng th\u1ee9c tr\u1ecdn v\u1eb9n tinh t\u00fay c\u1ee7a thi\u00ean nhi\u00ean v\u1edbi tr\u1ee9ng g\u00e0 nu\u00f4i th\u1ea3 v\u01b0\u1eddn c\u1ee7a ch\u00fang t\u00f4i, \u0111\u01b0\u1ee3c thu ho\u1ea1ch t\u1eeb nh\u1eefng ch\u00fa g\u00e0 m\u00e1i kh\u1ecfe m\u1ea1nh, h\u1ea1nh ph\u00fac, t\u1ef1 do d\u1ea1o b\u01b0\u1edbc tr\u00ean nh\u1eefng \u0111\u1ed3ng c\u1ecf xanh m\u01b0\u1edbt. C\u1ea3m nh\u1eadn s\u1ef1 kh\u00e1c bi\u1ec7t trong t\u1eebng l\u1ea7n ch\u1ea1m v\u1edbi nh\u1eefng qu\u1ea3 tr\u1ee9ng t\u1ef1 nhi\u00ean thu\u1ea7n khi\u1ebft nh\u01b0 \u00e1nh n\u1eafng ban mai. N\u00e2ng t\u1ea7m tr\u1ea3i nghi\u1ec7m \u1ea9m th\u1ef1c c\u1ee7a b\u1ea1n v\u1edbi nh\u1eefng qu\u1ea3 tr\u1ee9ng kh\u00f4ng ch\u1ec9 l\u00e0 m\u00f3n \u0103n quen thu\u1ed9c cho b\u1eefa s\u00e1ng, m\u00e0 c\u00f2n l\u00e0 bi\u1ec3u t\u01b0\u1ee3ng c\u1ee7a canh t\u00e1c nh\u00e2n \u0111\u1ea1o v\u00e0 ch\u1ea5t l\u01b0\u1ee3ng v\u01b0\u1ee3t tr\u1ed9i. H\u00e3y ch\u1ecdn Trang Tr\u1ea1i Tr\u1ee9ng G\u00e0 Th\u1ea3 V\u01b0\u1eddn T\u1ef1 Nhi\u00ean T\u01b0\u01a1i M\u1edbi \u0111\u1ec3 c\u1ea3m nh\u1eadn h\u01b0\u01a1ng v\u1ecb \u0111\u00fang ngh\u0129a nu\u00f4i th\u1ea3 &#8211; \u0111\u1eadm \u0111\u00e0, t\u01b0\u01a1i ngon v\u00e0 tr\u1ecdn v\u1eb9n t\u1ef1 nhi\u00ean!<\/p>\n","protected":false},"featured_media":9494,"template":"","meta":[],"pwb-brand":[],"product_cat":[225,220],"product_tag":[],"class_list":{"0":"post-12721","1":"product","2":"type-product","3":"status-publish","4":"has-post-thumbnail","6":"product_cat-trung","7":"product_cat-bo-trung-sua","9":"first","10":"instock","11":"shipping-taxable","12":"purchasable","13":"product-type-simple"},"acf":[],"brands":[],"_links":{"self":[{"href":"https:\/\/bynature.vn\/vi\/wp-json\/wp\/v2\/product\/12721","targetHints":{"allow":["GET"]}}],"collection":[{"href":"https:\/\/bynature.vn\/vi\/wp-json\/wp\/v2\/product"}],"about":[{"href":"https:\/\/bynature.vn\/vi\/wp-json\/wp\/v2\/types\/product"}],"wp:featuredmedia":[{"embeddable":true,"href":"https:\/\/bynature.vn\/vi\/wp-json\/wp\/v2\/media\/9494"}],"wp:attachment":[{"href":"https:\/\/bynature.vn\/vi\/wp-json\/wp\/v2\/media?parent=12721"}],"wp:term":[{"taxonomy":"pwb-brand","embeddable":true,"href":"https:\/\/bynature.vn\/vi\/wp-json\/wp\/v2\/pwb-brand?post=12721"},{"taxonomy":"product_cat","embeddable":true,"href":"https:\/\/bynature.vn\/vi\/wp-json\/wp\/v2\/product_cat?post=12721"},{"taxonomy":"product_tag","embeddable":true,"href":"https:\/\/bynature.vn\/vi\/wp-json\/wp\/v2\/product_tag?post=12721"}],"curies":[{"name":"wp","href":"https:\/\/api.w.org\/{rel}","templated":true}]}}