{"id":12720,"date":"2024-04-01T14:20:47","date_gmt":"2024-04-01T07:20:47","guid":{"rendered":"https:\/\/bynature.vn\/product\/100g-bac-ha\/"},"modified":"2024-04-01T14:20:47","modified_gmt":"2024-04-01T07:20:47","slug":"100g-bac-ha","status":"publish","type":"product","link":"https:\/\/bynature.vn\/vi\/product\/100g-bac-ha\/","title":{"rendered":"100g B\u1ea1c H\u00e0"},"content":{"rendered":"<p>Th\u1ea3o d\u01b0\u1ee3c b\u1ea1c h\u00e0 ho\u00e0n to\u00e0n t\u1ef1 nhi\u00ean<\/p>\n<p>T\u00ecm hi\u1ec3u th\u00eam: <span style=\"text-decoration: underline; color: #008000;\"><a style=\"color: #008000; text-decoration: underline;\" href=\"https:\/\/bynature.vn\/the-amazing-benefits-of-herbs\/\">The amazing benefits of herbs<\/a><\/span><\/p>\n","protected":false},"excerpt":{"rendered":"<p>Th\u1ea3o d\u01b0\u1ee3c b\u1ea1c h\u00e0 ho\u00e0n to\u00e0n t\u1ef1 nhi\u00ean T\u00ecm hi\u1ec3u th\u00eam: The amazing benefits of herbs<\/p>\n","protected":false},"featured_media":8506,"template":"","meta":[],"pwb-brand":[],"product_cat":[372],"product_tag":[],"class_list":{"0":"post-12720","1":"product","2":"type-product","3":"status-publish","4":"has-post-thumbnail","6":"product_cat-rau-thom","8":"first","9":"instock","10":"shipping-taxable","11":"purchasable","12":"product-type-simple"},"acf":[],"brands":[],"_links":{"self":[{"href":"https:\/\/bynature.vn\/vi\/wp-json\/wp\/v2\/product\/12720","targetHints":{"allow":["GET"]}}],"collection":[{"href":"https:\/\/bynature.vn\/vi\/wp-json\/wp\/v2\/product"}],"about":[{"href":"https:\/\/bynature.vn\/vi\/wp-json\/wp\/v2\/types\/product"}],"wp:featuredmedia":[{"embeddable":true,"href":"https:\/\/bynature.vn\/vi\/wp-json\/wp\/v2\/media\/8506"}],"wp:attachment":[{"href":"https:\/\/bynature.vn\/vi\/wp-json\/wp\/v2\/media?parent=12720"}],"wp:term":[{"taxonomy":"pwb-brand","embeddable":true,"href":"https:\/\/bynature.vn\/vi\/wp-json\/wp\/v2\/pwb-brand?post=12720"},{"taxonomy":"product_cat","embeddable":true,"href":"https:\/\/bynature.vn\/vi\/wp-json\/wp\/v2\/product_cat?post=12720"},{"taxonomy":"product_tag","embeddable":true,"href":"https:\/\/bynature.vn\/vi\/wp-json\/wp\/v2\/product_tag?post=12720"}],"curies":[{"name":"wp","href":"https:\/\/api.w.org\/{rel}","templated":true}]}}