{"id":12719,"date":"2023-11-14T12:49:20","date_gmt":"2023-11-14T05:49:20","guid":{"rendered":"https:\/\/bynature.vn\/product\/hop-dung-ban-chai-danh-rang-tre-du-lich\/"},"modified":"2023-11-14T12:49:20","modified_gmt":"2023-11-14T05:49:20","slug":"hop-dung-ban-chai-danh-rang-tre-du-lich","status":"publish","type":"product","link":"https:\/\/bynature.vn\/vi\/product\/hop-dung-ban-chai-danh-rang-tre-du-lich\/","title":{"rendered":"H\u1ed9p \u0110\u1ef1ng B\u00e0n Ch\u1ea3i \u0110\u00e1nh R\u0103ng Tre Du L\u1ecbch"},"content":{"rendered":"<h6>H\u1ed9p \u0111\u1ef1ng b\u00e0n ch\u1ea3i \u0111\u00e1nh r\u0103ng tre du l\u1ecbch<\/h6>\n<p>K\u00edch c\u1ee1: 3\u00d721 cm<\/p>\n<p>T\u00ecm hi\u1ec3u th\u00eam: <span style=\"text-decoration: underline; color: #008000;\"><a style=\"color: #008000; text-decoration: underline;\" href=\"https:\/\/bynature.vn\/4-good-reasons-to-use-natural-skin-care-products\/\">4 good reasons to use natural skin care products<\/a><\/span><\/p>\n","protected":false},"excerpt":{"rendered":"<p>H\u1ed9p \u0111\u1ef1ng b\u00e0n ch\u1ea3i \u0111\u00e1nh r\u0103ng tre du l\u1ecbch K\u00edch c\u1ee1: 3\u00d721 cm T\u00ecm hi\u1ec3u th\u00eam: 4 good reasons to use natural skin care products<\/p>\n","protected":false},"featured_media":1534,"template":"","meta":[],"pwb-brand":[293],"product_cat":[406,185],"product_tag":[],"class_list":{"0":"post-12719","1":"product","2":"type-product","3":"status-publish","4":"has-post-thumbnail","6":"pwb-brand-my-natural-beauty-vi","7":"product_cat-cham-soc-rang-mieng","8":"product_cat-suc-khoe-lam-dep","10":"first","11":"instock","12":"purchasable","13":"product-type-simple"},"acf":[],"brands":[{"id":293,"name":"My Natural Beauty","slug":"my-natural-beauty-vi"}],"_links":{"self":[{"href":"https:\/\/bynature.vn\/vi\/wp-json\/wp\/v2\/product\/12719","targetHints":{"allow":["GET"]}}],"collection":[{"href":"https:\/\/bynature.vn\/vi\/wp-json\/wp\/v2\/product"}],"about":[{"href":"https:\/\/bynature.vn\/vi\/wp-json\/wp\/v2\/types\/product"}],"wp:featuredmedia":[{"embeddable":true,"href":"https:\/\/bynature.vn\/vi\/wp-json\/wp\/v2\/media\/1534"}],"wp:attachment":[{"href":"https:\/\/bynature.vn\/vi\/wp-json\/wp\/v2\/media?parent=12719"}],"wp:term":[{"taxonomy":"pwb-brand","embeddable":true,"href":"https:\/\/bynature.vn\/vi\/wp-json\/wp\/v2\/pwb-brand?post=12719"},{"taxonomy":"product_cat","embeddable":true,"href":"https:\/\/bynature.vn\/vi\/wp-json\/wp\/v2\/product_cat?post=12719"},{"taxonomy":"product_tag","embeddable":true,"href":"https:\/\/bynature.vn\/vi\/wp-json\/wp\/v2\/product_tag?post=12719"}],"curies":[{"name":"wp","href":"https:\/\/api.w.org\/{rel}","templated":true}]}}