{"id":12718,"date":"2023-11-14T12:49:15","date_gmt":"2023-11-14T05:49:15","guid":{"rendered":"https:\/\/bynature.vn\/product\/phieu-qua-tang-1-000-000-vnd\/"},"modified":"2023-11-14T12:49:15","modified_gmt":"2023-11-14T05:49:15","slug":"phieu-qua-tang-1-000-000-vnd","status":"publish","type":"product","link":"https:\/\/bynature.vn\/vi\/product\/phieu-qua-tang-1-000-000-vnd\/","title":{"rendered":"Phi\u1ebfu Qu\u00e0 T\u1eb7ng 1.000.000 VND"},"content":{"rendered":"<p style=\"text-align: justify;\">C\u00f3 ph\u1ea3i b\u1ea1n \u0111ang t\u00ecm m\u00f3n qu\u00e0 ho\u00e0n h\u1ea3o cho l\u1ed1i s\u1ed1ng t\u1ef1 nhi\u00ean ho\u1eb7c \u0111am m\u00ea c\u00e1c s\u1ea3n ph\u1ea9m l\u00e0m \u0111\u1eb9p?<br \/>\nH\u00e3y ch\u1ecdn m\u1ed9t Phi\u1ebfu Qu\u00e0 T\u1eb7ng!<br \/>\nPhi\u1ebfu c\u00f3 th\u1ec3 s\u1eed d\u1ee5ng c\u1ea3 tr\u1ef1c tuy\u1ebfn v\u00e0 t\u1ea1i c\u1eeda h\u00e0ng.<br \/>\n\u0110\u01a1n gi\u1ea3n b\u1ea1n ch\u1ec9 c\u1ea7n th\u00eam v\u00e0o gi\u1ecf h\u00e0ng v\u00e0 Phi\u1ebfu Qu\u00e0 T\u1eb7ng s\u1ebd \u0111\u01b0\u1ee3c g\u1eedi \u0111\u1ebfn email c\u1ee7a b\u1ea1n trong v\u00f2ng t\u1ed1i \u0111a 24h.<br \/>Sau \u0111\u00f3 b\u1ea1n ch\u1ec9 c\u1ea7n in Phi\u1ebfu Qu\u00e0 T\u1eb7ng ra ho\u1eb7c chuy\u1ec3n email tr\u1ef1c ti\u1ebfp cho ng\u01b0\u1eddi nh\u1eadn.<br \/>\nM\u1ed7i phi\u1ebfu qu\u00e0 t\u1eb7ng c\u00f3 m\u00e3 s\u1eed d\u1ee5ng ri\u00eang, ch\u1ec9 d\u00f9ng m\u1ed9t l\u1ea7n cho m\u1ed9t giao d\u1ecbch duy nh\u1ea5t.<br \/>\nC\u00e1c ch\u01b0\u01a1ng tr\u00ecnh khuy\u1ebfn m\u00e3i v\u00e0 gi\u1ea3m gi\u00e1 kh\u00f4ng \u00e1p d\u1ee5ng khi mua phi\u1ebfu qu\u00e0 t\u1eb7ng n\u00e0y.<br \/>\n<\/p>\n<p style=\"text-align: justify;\">Phi\u1ebfu Qu\u00e0 T\u1eb7ng ch\u1ec9 c\u00f3 gi\u00e1 tr\u1ecb cho m\u1ed9t l\u1ea7n giao d\u1ecbch duy nh\u1ea5t Kh\u00f4ng ho\u00e0n ti\u1ec1n v\u00e0 kh\u00f4ng th\u1ec3 quy \u0111\u1ed5i th\u00e0nh ti\u1ec1n m\u1eb7t d\u00f9 m\u1ed9t ph\u1ea7n hay to\u00e0n b\u1ed9 Kh\u00f4ng \u00e1p d\u1ee5ng \u0111\u1ed3ng th\u1eddi v\u1edbi b\u1ea5t k\u1ef3 \u01b0u \u0111\u00e3i ho\u1eb7c ch\u01b0\u01a1ng tr\u00ecnh gi\u1ea3m gi\u00e1 n\u00e0o kh\u00e1c; kh\u00f4ng th\u1ec3 quy \u0111\u1ed5i th\u00e0nh ti\u1ec1n m\u1eb7t ho\u1eb7c s\u1eed d\u1ee5ng \u0111\u1ec3 mua phi\u1ebfu qu\u00e0 t\u1eb7ng. Ph\u1ea7n gi\u00e1 tr\u1ecb ch\u01b0a s\u1eed d\u1ee5ng c\u1ee7a Phi\u1ebfu Qu\u00e0 T\u1eb7ng s\u1ebd kh\u00f4ng \u0111\u01b0\u1ee3c ho\u00e0n l\u1ea1i ho\u1eb7c quy \u0111\u1ed5i th\u00e0nh t\u00edn d\u1ee5ng.<\/p>\n<p style=\"text-align: justify;\">Ch\u00fang t\u00f4i s\u1ebd kh\u00f4ng ch\u1ecbu tr\u00e1ch nhi\u1ec7m trong tr\u01b0\u1eddng h\u1ee3p Phi\u1ebfu Qu\u00e0 T\u1eb7ng b\u1ecb m\u1ea5t, b\u1ecb \u0111\u00e1nh c\u1eafp, h\u01b0 h\u1ecfng ho\u1eb7c b\u1ecb ti\u00eau h\u1ee7y v\u00e0 s\u1ebd kh\u00f4ng c\u1ea5p l\u1ea1i phi\u1ebfu thay th\u1ebf trong c\u00e1c tr\u01b0\u1eddng h\u1ee3p n\u00e0y.<\/p>\n","protected":false},"excerpt":{"rendered":"<p>C\u00f3 ph\u1ea3i b\u1ea1n \u0111ang t\u00ecm m\u00f3n qu\u00e0 ho\u00e0n h\u1ea3o cho l\u1ed1i s\u1ed1ng t\u1ef1 nhi\u00ean ho\u1eb7c \u0111am m\u00ea c\u00e1c s\u1ea3n ph\u1ea9m l\u00e0m \u0111\u1eb9p? H\u00e3y ch\u1ecdn m\u1ed9t Phi\u1ebfu Qu\u00e0 T\u1eb7ng! Phi\u1ebfu c\u00f3 th\u1ec3 s\u1eed d\u1ee5ng c\u1ea3 tr\u1ef1c tuy\u1ebfn v\u00e0 t\u1ea1i c\u1eeda h\u00e0ng. \u0110\u01a1n gi\u1ea3n b\u1ea1n ch\u1ec9 c\u1ea7n th\u00eam v\u00e0o gi\u1ecf h\u00e0ng v\u00e0 Phi\u1ebfu Qu\u00e0 T\u1eb7ng s\u1ebd \u0111\u01b0\u1ee3c &hellip; <\/p>\n<p class=\"link-more\"><a href=\"https:\/\/bynature.vn\/vi\/product\/phieu-qua-tang-1-000-000-vnd\/\" class=\"more-link\">Continue reading<span class=\"screen-reader-text\"> &#8220;Phi\u1ebfu Qu\u00e0 T\u1eb7ng 1.000.000 VND&#8221;<\/span><\/a><\/p>\n","protected":false},"featured_media":4219,"template":"","meta":[],"pwb-brand":[293],"product_cat":[409],"product_tag":[],"class_list":{"0":"post-12718","1":"product","2":"type-product","3":"status-publish","4":"has-post-thumbnail","6":"pwb-brand-my-natural-beauty-vi","7":"product_cat-500-000d-1-000-000d","9":"first","10":"instock","11":"purchasable","12":"product-type-simple"},"acf":[],"brands":[{"id":293,"name":"My Natural Beauty","slug":"my-natural-beauty-vi"}],"_links":{"self":[{"href":"https:\/\/bynature.vn\/vi\/wp-json\/wp\/v2\/product\/12718","targetHints":{"allow":["GET"]}}],"collection":[{"href":"https:\/\/bynature.vn\/vi\/wp-json\/wp\/v2\/product"}],"about":[{"href":"https:\/\/bynature.vn\/vi\/wp-json\/wp\/v2\/types\/product"}],"wp:featuredmedia":[{"embeddable":true,"href":"https:\/\/bynature.vn\/vi\/wp-json\/wp\/v2\/media\/4219"}],"wp:attachment":[{"href":"https:\/\/bynature.vn\/vi\/wp-json\/wp\/v2\/media?parent=12718"}],"wp:term":[{"taxonomy":"pwb-brand","embeddable":true,"href":"https:\/\/bynature.vn\/vi\/wp-json\/wp\/v2\/pwb-brand?post=12718"},{"taxonomy":"product_cat","embeddable":true,"href":"https:\/\/bynature.vn\/vi\/wp-json\/wp\/v2\/product_cat?post=12718"},{"taxonomy":"product_tag","embeddable":true,"href":"https:\/\/bynature.vn\/vi\/wp-json\/wp\/v2\/product_tag?post=12718"}],"curies":[{"name":"wp","href":"https:\/\/api.w.org\/{rel}","templated":true}]}}