{"id":12714,"date":"2025-11-18T16:47:08","date_gmt":"2025-11-18T09:47:08","guid":{"rendered":"https:\/\/bynature.vn\/product\/dishwasher-salt-12-kg-muoi-may-rua-bat-12-kg\/"},"modified":"2026-01-05T12:28:18","modified_gmt":"2026-01-05T05:28:18","slug":"dishwasher-salt-12-kg-muoi-may-rua-bat-12-kg","status":"publish","type":"product","link":"https:\/\/bynature.vn\/vi\/product\/dishwasher-salt-12-kg-muoi-may-rua-bat-12-kg\/","title":{"rendered":"Mu\u1ed1i M\u00e1y R\u1eeda B\u00e1t"},"content":{"rendered":"<div id=\"model-response-message-contentr_cdb0cc2a6872bbc5\" class=\"markdown markdown-main-panel enable-updated-hr-color\" dir=\"ltr\" aria-live=\"polite\" aria-busy=\"false\">\n<h2>Mu\u1ed1i M\u00e1y R\u1eeda B\u00e1t Cao c\u1ea5p Enzyco (1.2KG)<\/h2>\n<p data-path-to-node=\"1\"><b>B\u1ea3o v\u1ec7 m\u00e1y r\u1eeda b\u00e1t c\u1ee7a b\u1ea1n v\u00e0 mang l\u1ea1i b\u00e1t \u0111\u0129a s\u1ea1ch b\u00f3ng ho\u00e0n h\u1ea3o v\u1edbi Mu\u1ed1i M\u00e1y R\u1eeda B\u00e1t Cao c\u1ea5p Enzyco. <\/b><\/p>\n<p data-path-to-node=\"2\">N\u01b0\u1edbc c\u1ee9ng l\u00e0 \u201ck\u1ebb th\u00f9\u201d c\u1ee7a m\u1ed9t m\u00e1y r\u1eeda ch\u00e9n s\u00e1ng b\u00f3ng. N\u00f3 \u0111\u1ec3 l\u1ea1i c\u1eb7n b\u1ea9n tr\u00ean b\u00e1t \u0111\u0129a v\u00e0 quan tr\u1ecdng h\u01a1n l\u00e0 g\u00e2y t\u00edch t\u1ee5 c\u1eb7n v\u00f4i l\u00e0m h\u1ecfng b\u00ean trong m\u00e1y. Mu\u1ed1i M\u00e1y R\u1eeda B\u00e1t Cao c\u1ea5p c\u1ee7a ch\u00fang t\u00f4i l\u00e0 gi\u1ea3i ph\u00e1p thi\u1ebft y\u1ebfu gi\u00fap l\u00e0m m\u1ec1m n\u01b0\u1edbc v\u00e0 k\u00e9o d\u00e0i tu\u1ed5i th\u1ecd m\u00e1y.  <\/p>\n<h3><b>T\u1ea1i sao b\u1ea1n c\u1ea7n Mu\u1ed1i M\u00e1y R\u1eeda B\u00e1t Enzyco:<\/b><\/h3>\n<ul data-path-to-node=\"4\">\n<li>\n<p data-path-to-node=\"4,0,0\"><b>\ud83d\udca7 S\u1ee9c m\u1ea1nh l\u00e0m m\u1ec1m n\u01b0\u1edbc hi\u1ec7u qu\u1ea3:<\/b> Bao g\u1ed3m <span class=\"math-inline\" data-math=\"&gt;99\\%\">&gt;99\\%<\/span> Natri Clorua tinh khi\u1ebft, c\u00f3 t\u00e1c d\u1ee5ng trung h\u00f2a hi\u1ec7u qu\u1ea3 c\u00e1c ion Calcium (<span class=\"math-inline\" data-math=\"Ca^{2+}\">Ca^{2+}<\/span>) v\u00e0 Magnesium (<span class=\"math-inline\" data-math=\"Mg^{2+}\">Mg^{2+}<\/span>) trong n\u01b0\u1edbc c\u1ee9ng. \u0110i\u1ec1u n\u00e0y ng\u0103n ng\u1eeba s\u1ef1 h\u00ecnh th\u00e0nh c\u1eb7n v\u00f4i v\u00e0 c\u00e1c v\u1ebft tr\u1eafng tr\u00ean th\u1ee7y tinh v\u00e0 \u0111\u1ed3 s\u1ee9 c\u1ee7a b\u1ea1n.<\/p>\n<p> <\/p>\n<\/li>\n<li>\n<p data-path-to-node=\"4,1,0\">\u2728 <b>Hi\u1ec7u su\u1ea5t l\u00e0m s\u1ea1ch n\u00e2ng cao: <\/b>Nh\u1edd l\u00e0m m\u1ec1m n\u01b0\u1edbc, mu\u1ed1i gi\u00fap ch\u1ea5t t\u1ea9y r\u1eeda trong m\u00e1y r\u1eeda ch\u00e9n ph\u00e1t huy t\u1ed1i \u0111a hi\u1ec7u qu\u1ea3, \u0111\u1ea3m b\u1ea3o b\u00e1t \u0111\u0129a lu\u00f4n s\u1ea1ch b\u00f3ng v\u00e0 s\u00e1ng l\u1ea5p l\u00e1nh sau m\u1ed7i l\u1ea7n r\u1eeda.<\/p>\n<\/li>\n<li>\n<p data-path-to-node=\"4,2,0\"><b>\ud83d\udee0\ufe0f K\u00e9o d\u00e0i tu\u1ed5i th\u1ecd c\u1ee7a m\u00e1y r\u1eeda b\u00e1t:<\/b> Ch\u1ee9c n\u0103ng ch\u00ednh c\u1ee7a mu\u1ed1i l\u00e0 t\u00e1i t\u1ea1o b\u1ed9 ph\u1eadn trao \u0111\u1ed5i ion b\u00ean trong m\u00e1y rauwr b\u00e1t c\u1ee7a b\u1ea1n. Qu\u00e1 tr\u00ecnh quan tr\u1ecdng n\u00e0y ng\u0103n ng\u1eeba c\u1eb7n v\u00f4i t\u00edch t\u1ee5, b\u1ea3o v\u1ec7 thanh nhi\u1ec7t v\u00e0 c\u00e1c b\u1ed9 ph\u1eadn thi\u1ebft y\u1ebfu kh\u00e1c c\u1ea3u m\u00e1y, gi\u00fap b\u1ea1n ti\u1ebft ki\u1ec7m th\u1eddi gian v\u00e0 chi ph\u00ed s\u1eeda ch\u1eefa. <\/p>\n<\/li>\n<li>\n<p data-path-to-node=\"4,3,0\"><b>\ud83c\udf3f An to\u00e0n v\u00e0 tinh khi\u1ebft:<\/b> \u0110\u00e2y l\u00e0 m\u1ed9t lo\u1ea1i mu\u1ed1i tinh khi\u1ebft, t\u1ef1 nhi\u00ean v\u00e0 kh\u00f4ng c\u00f3 h\u00f3a ch\u1ea5t ph\u1ee5 gia \u0111\u1ed9c h\u1ea1i, ch\u1ea5t ch\u1ed1ng v\u00f3n c\u1ee5c ho\u1eb7c h\u01b0\u01a1ng li\u1ec7u<\/p>\n<\/li>\n<li>\n<p data-path-to-node=\"4,4,0\"><b>\u2714\ufe0f Ph\u00f9 h\u1ee3p v\u1edbi h\u1ea7u h\u1ebft c\u00e1c m\u00e1y r\u1eeda b\u00e1t:<\/b> Th\u00edch h\u1ee3p \u0111\u1ec3 s\u1eed d\u1ee5ng cho h\u1ea7u h\u1ebft c\u00e1c m\u1eabu m\u00e1y r\u1eeda b\u00e1t c\u00f3 m\u1eb7t tr\u00ean th\u1ecb tr\u01b0\u1eddng.<\/p>\n<\/li>\n<\/ul>\n<p data-path-to-node=\"5\"><b>\u0110\u1ec3 \u0111\u1ea1t hi\u1ec7u qu\u1ea3 t\u1ed1i \u01b0u, b\u1ec1n l\u00e2u v\u00e0 b\u00e1t \u0111\u0129a lu\u00f4n s\u1ea1ch b\u00f3ng lo\u00e1ng, \u0111\u1eebng bao gi\u1edd b\u1ecf qua mu\u1ed1i m\u00e1y r\u1eeda ch\u00e9n!<\/b><\/p>\n<h3><b>C\u00e1ch s\u1eed d\u1ee5ng:<\/b><\/h3>\n<p data-path-to-node=\"8\">L\u00e0m theo h\u01b0\u1edbng d\u1eabn c\u1ee7a nh\u00e0 s\u1ea3n xu\u1ea5t m\u00e1y r\u1eeda ch\u00e9n \u0111\u1ec3 \u0111\u1ed5 v\u00e0o ng\u0103n ch\u1ee9a mu\u1ed1i chuy\u00ean d\u1ee5ng. Ki\u1ec3m tra ng\u0103n ch\u1ee9a \u0111\u1ecbnh k\u00ec v\u00e0 th\u00eam mu\u1ed1i khi \u0111\u00e8n b\u00e1o mu\u1ed1i s\u00e1ng. <\/p>\n<ul data-path-to-node=\"9\">\n<li>\n<p data-path-to-node=\"9,0,0\"><b>Kh\u1ed1i l\u01b0\u1ee3ng:<\/b> 1,2kg<\/p>\n<h3 data-start=\"121\" data-end=\"143\"><\/h3>\n<p data-start=\"1538\" data-end=\"1561\">\n<\/li>\n<\/ul>\n<\/div>\n","protected":false},"excerpt":{"rendered":"<div id=\"model-response-message-contentr_27407fea716c114b\" class=\"markdown markdown-main-panel enable-updated-hr-color\" dir=\"ltr\" aria-live=\"polite\" aria-busy=\"false\">\n<div id=\"model-response-message-contentr_27407fea716c114b\" class=\"markdown markdown-main-panel enable-updated-hr-color\" dir=\"ltr\" aria-live=\"polite\" aria-busy=\"false\">\n<h2>Mu\u1ed1i M\u00e1y R\u1eeda B\u00e1t Cao c\u1ea5p<\/h2>\n<p data-path-to-node=\"1\">Mu\u1ed1i R\u1eeda B\u00e1t Cao c\u1ea5p Enzyco l\u00e0 s\u1ea3n ph\u1ea9m thi\u1ebft y\u1ebfu cho m\u1ecdi m\u00e1y r\u1eeda b\u00e1t, gi\u00fap l\u00e0m m\u1ec1m n\u01b0\u1edbc c\u1ee9ng hi\u1ec7u qu\u1ea3, \u0111\u1ea3m b\u1ea3o ch\u1ea5t t\u1ea9y r\u1eeda ho\u1ea1t \u0111\u1ed9ng t\u1ed1i \u01b0u \u0111\u1ec3 b\u00e1t \u0111\u0129a lu\u00f4n s\u1ea1ch b\u00f3ng v\u00e0 kh\u00f4ng t\u00ec v\u1ebft. B\u1eb1ng c\u00e1ch ng\u0103n ng\u1eeba c\u1eb7n v\u00f4i t\u00edch t\u1ee5 b\u00ean trong, mu\u1ed1i tinh khi\u1ebft cao n\u00e0y b\u1ea3o v\u1ec7 c\u00e1c b\u1ed9 ph\u1eadn quan tr\u1ecdng c\u1ee7a m\u00e1y, k\u00e9o d\u00e0i tu\u1ed5i th\u1ecd m\u00e1y v\u00e0 duy tr\u00ec hi\u1ec7u su\u1ea5t t\u1ed1i \u01b0u. \u0110\u00e2y l\u00e0 gi\u1ea3i ph\u00e1p \u0111\u01a1n gi\u1ea3n, t\u1ef1 nhi\u00ean cho m\u00e1y lu\u00f4n kh\u1ecfe m\u1ea1nh v\u00e0 hi\u1ec7u qu\u1ea3 l\u00e0m s\u1ea1ch t\u1ed1i \u0111a.  <\/p>\n<\/div>\n<\/div>\n","protected":false},"featured_media":12380,"template":"","meta":[],"pwb-brand":[],"product_cat":[265,271,269],"product_tag":[551],"class_list":{"0":"post-12714","1":"product","2":"type-product","3":"status-publish","4":"has-post-thumbnail","6":"product_cat-do-dung-nha-bep","7":"product_cat-nuoc-rua-chen","8":"product_cat-san-pham-tay-rua-ve-sinh","9":"product_tag-muoi-may-rua-bat","11":"first","12":"instock","13":"shipping-taxable","14":"purchasable","15":"product-type-simple"},"acf":[],"brands":[],"_links":{"self":[{"href":"https:\/\/bynature.vn\/vi\/wp-json\/wp\/v2\/product\/12714","targetHints":{"allow":["GET"]}}],"collection":[{"href":"https:\/\/bynature.vn\/vi\/wp-json\/wp\/v2\/product"}],"about":[{"href":"https:\/\/bynature.vn\/vi\/wp-json\/wp\/v2\/types\/product"}],"wp:featuredmedia":[{"embeddable":true,"href":"https:\/\/bynature.vn\/vi\/wp-json\/wp\/v2\/media\/12380"}],"wp:attachment":[{"href":"https:\/\/bynature.vn\/vi\/wp-json\/wp\/v2\/media?parent=12714"}],"wp:term":[{"taxonomy":"pwb-brand","embeddable":true,"href":"https:\/\/bynature.vn\/vi\/wp-json\/wp\/v2\/pwb-brand?post=12714"},{"taxonomy":"product_cat","embeddable":true,"href":"https:\/\/bynature.vn\/vi\/wp-json\/wp\/v2\/product_cat?post=12714"},{"taxonomy":"product_tag","embeddable":true,"href":"https:\/\/bynature.vn\/vi\/wp-json\/wp\/v2\/product_tag?post=12714"}],"curies":[{"name":"wp","href":"https:\/\/api.w.org\/{rel}","templated":true}]}}