{"id":12713,"date":"2025-12-20T13:28:42","date_gmt":"2025-12-20T06:28:42","guid":{"rendered":"https:\/\/bynature.vn\/product\/tinh-chat-tang-cuong-collagen-20ml\/"},"modified":"2026-02-07T19:56:02","modified_gmt":"2026-02-07T12:56:02","slug":"tinh-chat-tang-cuong-collagen-20ml","status":"publish","type":"product","link":"https:\/\/bynature.vn\/vi\/product\/tinh-chat-tang-cuong-collagen-20ml\/","title":{"rendered":"Tinh ch\u1ea5t T\u0103ng c\u01b0\u1eddng Collagen 20ml"},"content":{"rendered":"<div class=\"container\">\n<div id=\"model-response-message-contentr_011f1324acf8fa50\" class=\"markdown markdown-main-panel enable-updated-hr-color\" dir=\"ltr\" aria-live=\"off\" aria-busy=\"false\">\n<h1 data-path-to-node=\"2\">Tinh ch\u1ea5t T\u0103ng c\u01b0\u1eddng Collagen (20ml) | Natur Boutique<\/h1>\n<p data-path-to-node=\"3\"><b>C\u00f4ng th\u1ee9c L\u00e0m s\u0103n ch\u1eafc &amp; Ph\u1ee5c h\u1ed3i<\/b><\/p>\n<p data-path-to-node=\"4\">Kh\u00f4i ph\u1ee5c kh\u1ea3 n\u0103ng ph\u1ee5c h\u1ed3i t\u1ef1 nhi\u00ean cho l\u00e0n da v\u1edbi Tinh ch\u1ea5t T\u0103ng c\u01b0\u1eddng Collagen c\u1ee7a Natur Boutique. Tinh ch\u1ea5t c\u00f4 \u0111\u1eb7c cao n\u00e0y \u0111\u01b0\u1ee3c \u0111i\u1ec1u ch\u1ebf \u0111\u1ec3 h\u1ed7 tr\u1ee3 c\u1ea5u tr\u00fac da, t\u1eadp trung v\u00e0o c\u00e1c d\u1ea5u hi\u1ec7u m\u1ea5t \u0111\u00e0n h\u1ed3i v\u00e0 s\u1ef1 xu\u1ea5t hi\u1ec7n c\u1ee7a n\u1ebfp nh\u0103n. \u0110\u01b0\u1ee3c t\u1ea1o n\u00ean d\u00e0nh cho nh\u1eefng ai mong mu\u1ed1n l\u00e0n da tr\u1ebb trung h\u01a1n, s\u0103n ch\u1eafc v\u00e0 \u0111\u1ee7 \u1ea9m, s\u1ea3n ph\u1ea9m mang l\u1ea1i hi\u1ec7u qu\u1ea3 chuy\u00ean nghi\u1ec7p trong m\u1ed9t c\u00f4ng th\u1ee9c nh\u1eb9 nh\u00e0ng, ph\u00f9 h\u1ee3p s\u1eed d\u1ee5ng h\u1eb1ng ng\u00e0y.  <\/p>\n<h3 data-path-to-node=\"5\"><b>C\u00e1c l\u1ee3i \u00edch ch\u00ednh:<\/b><\/h3>\n<ul data-path-to-node=\"6\">\n<li>\n<p data-path-to-node=\"6,0,0\"><b>T\u0103ng c\u01b0\u1eddng \u0111\u1ed9 \u0111\u00e0n h\u1ed3i:<\/b> \u0110\u01b0\u1ee3c \u0111i\u1ec1u ch\u1ebf v\u1edbi collagen ch\u1ea5t l\u01b0\u1ee3ng cao gi\u00fap l\u00e0m s\u0103n ch\u1eafc da v\u00e0 c\u1ea3i thi\u1ec7n \u0111\u01b0\u1eddng n\u00e9t t\u1ed5ng th\u1ec3.<\/p>\n<\/li>\n<li>\n<p data-path-to-node=\"6,1,0\"><b>C\u1ea5p \u1ea9m chuy\u00ean s\u00e2u:<\/b> Cung c\u1ea5p \u0111\u1ed9 \u1ea9m s\u00e2u v\u00e0 l\u00e2u d\u00e0i, gi\u00fap l\u00e0m c\u0103ng m\u1ecdng v\u00e0 m\u1ecbn m\u00e0ng b\u1ec1 m\u1eb7t da.<\/p>\n<\/li>\n<li>\n<p data-path-to-node=\"6,2,0\"><b>Ph\u1ee5c h\u1ed3i r\u1ea1ng r\u1ee1:<\/b> T\u00e1i t\u1ea1o l\u00e0n da x\u1ec9n m\u00e0u ho\u1eb7c m\u1ec7t m\u1ecfi, mang l\u1ea1i v\u1ebb s\u00e1ng kh\u1ecfe t\u1ef1 nhi\u00ean.<\/p>\n<p><\/p>\n<\/li>\n<li>\n<p data-path-to-node=\"6,3,0\"><b>K\u1ebft c\u1ea5u th\u1ea9m th\u1ea5u nhanh:<\/b> C\u00f4ng th\u1ee9c nh\u1eb9 nh\u00e0ng, kh\u00f4ng nh\u1eddn, th\u1ea9m th\u1ea5u s\u00e2u v\u00e0 d\u1ec5 d\u00e0ng k\u1ebft h\u1ee3p v\u1edbi kem d\u01b0\u1ee1ng ho\u1eb7c l\u1edbp trang \u0111i\u1ec3m.<\/p>\n<\/li>\n<\/ul>\n<h3 data-path-to-node=\"7\"><b>Ti\u00eau chu\u1ea9n s\u1ea3n ph\u1ea9m:<\/b><\/h3>\n<p data-path-to-node=\"8\">Natur Boutique cam k\u1ebft mang \u0111\u1ebfn v\u1ebb \u0111\u1eb9p s\u1ea1ch s\u00e2u. Tinh ch\u1ea5t n\u00e0y \u0111\u01b0\u1ee3c ph\u00e1t tri\u1ec3n v\u1edbi ti\u00eau ch\u00ed da li\u1ec5u, \u01b0u ti\u00ean s\u1ee9c kh\u1ecfe l\u00e0n da th\u00f4ng qua c\u00e1c th\u00e0nh ph\u1ea7n tinh khi\u1ebft. <\/p>\n<ul data-path-to-node=\"9\">\n<li>\n<p data-path-to-node=\"9,0,0\"><b>Dung t\u00edch:<\/b> 20ml (L\u00fd t\u01b0\u1edfng \u0111\u1ec3 duy tr\u00ec \u0111\u1ed9 t\u01b0\u01a1i m\u1edbi v\u00e0 hi\u1ec7u qu\u1ea3 d\u01b0\u1ee1ng ch\u1ea5t).<\/p>\n<\/li>\n<li>\n<p data-path-to-node=\"9,1,0\"><b>\u0110\u1ed9 ph\u00f9 h\u1ee3p:<\/b> C\u00f4ng th\u1ee9c d\u00e0nh cho m\u1ecdi lo\u1ea1i da, bao g\u1ed3m c\u1ea3 da nh\u1ea1y c\u1ea3m.<\/p>\n<\/li>\n<li>\n<p data-path-to-node=\"9,2,0\"><b>Tri\u1ebft l\u00fd:<\/b> Kh\u00f4ng ch\u1ee9a paraben, kh\u00f4ng th\u1eed nghi\u1ec7m tr\u00ean \u0111\u1ed9ng v\u1eadt v\u00e0 \u0111\u01b0\u1ee3c khai th\u00e1c ngu\u1ed3n g\u1ed1c c\u00f3 tr\u00e1ch nhi\u1ec7m.<\/p>\n<\/li>\n<\/ul>\n<h3 data-path-to-node=\"10\"><b>H\u01b0\u1edbng d\u1eabn s\u1eed d\u1ee5ng:<\/b><\/h3>\n<p data-path-to-node=\"11\">\u0110\u1ec3 \u0111\u1ea1t hi\u1ec7u qu\u1ea3 t\u1ed1i \u01b0u, t\u00edch h\u1ee3p v\u00e0o chu tr\u00ecnh ch\u0103m s\u00f3c da s\u00e1ng v\u00e0 t\u1ed1i.<\/p>\n<ol start=\"1\" data-path-to-node=\"12\">\n<li>\n<p data-path-to-node=\"12,0,0\">L\u00e0m s\u1ea1ch da k\u1ef9 l\u01b0\u1ee1ng v\u00e0 thoa toner.<\/p>\n<\/li>\n<li>\n<p data-path-to-node=\"12,1,0\">L\u1ea5y 2\u20133 gi\u1ecdt serum ra \u0111\u1ea7u ng\u00f3n tay.<\/p>\n<\/li>\n<li>\n<p data-path-to-node=\"12,2,0\">Nh\u1eb9 nh\u00e0ng thoa serum l\u00ean m\u1eb7t v\u00e0 c\u1ed5 theo chuy\u1ec3n \u0111\u1ed9ng h\u01b0\u1edbng l\u00ean.<\/p>\n<\/li>\n<li>\n<p data-path-to-node=\"12,3,0\">Ti\u1ebfp t\u1ee5c v\u1edbi kem d\u01b0\u1ee1ng \u1ea9m v\u00e0 kem ch\u1ed1ng n\u1eafng ph\u1ed5 r\u1ed9ng v\u00e0o ban ng\u00e0y.<\/p>\n<\/li>\n<\/ol>\n<table data-path-to-node=\"2\">\n<thead>\n<tr>\n<td><strong>\u0110\u1eb7c \u0111i\u1ec3m<\/strong><\/td>\n<td><strong>S\u1eefa R\u1eeda M\u1eb7t T\u1ef1 nhi\u00ean (50ml)<\/strong><\/td>\n<td><strong>Tinh ch\u1ea5t T\u0103ng c\u01b0\u1eddng Collagen (20ml)<\/strong><\/td>\n<td><strong>Kem D\u01b0\u1ee1ng \u1ea8m S\u00e1ng Da (30ml)<\/strong><\/td>\n<\/tr>\n<\/thead>\n<tbody>\n<tr>\n<td><span data-path-to-node=\"2,1,0,0\"><b>M\u1ee5c ti\u00eau ch\u00ednh<\/b><\/span><\/td>\n<td><span data-path-to-node=\"2,1,1,0\"><b>L\u00e0m s\u1ea1ch &amp; Chu\u1ea9n b\u1ecb:<\/b> Lo\u1ea1i b\u1ecf t\u1ea1p ch\u1ea5t \u0111\u1ed3ng th\u1eddi l\u00e0m d\u1ecbu h\u00e0ng r\u00e0o b\u1ea3o v\u1ec7 da.<\/span><\/td>\n<td><span data-path-to-node=\"2,1,2,0\"><b>S\u1eeda ch\u1eefa &amp; C\u0103ng ch\u1eafc:<\/b> T\u0103ng \u0111\u1ed9 \u0111\u00e0n h\u1ed3i v\u00e0 ph\u1ee5c h\u1ed3i c\u1ea5u tr\u00fac s\u00e2u c\u1ee7a da.<\/span><\/td>\n<td><span data-path-to-node=\"2,1,3,0\"><b>L\u00e0m s\u00e1ng &amp; B\u1ea3o v\u1ec7:<\/b> L\u00e0m s\u00e1ng b\u1ec1 m\u1eb7t da v\u00e0 gi\u1eef \u1ea9m<\/span><\/td>\n<\/tr>\n<tr>\n<td><span data-path-to-node=\"2,2,0,0\"><b>K\u1ebft c\u1ea5u<\/b><\/span><\/td>\n<td><span data-path-to-node=\"2,2,1,0\">D\u1ea1ng gel t\u1ea1o b\u1ecdt nh\u1eb9 nh\u00e0ng, t\u01b0\u01a1i m\u00e1t.<\/span><\/td>\n<td><span data-path-to-node=\"2,2,2,0\">Dung d\u1ecbch si\u00eau nh\u1eb9, th\u1ea9m th\u1ea5u nhanh.<\/span><\/td>\n<td><span data-path-to-node=\"2,2,3,0\">Ch\u1ea5t kem m\u1ec1m m\u1ecbn nh\u01b0 nhung.<\/span><\/td>\n<\/tr>\n<tr>\n<td><span data-path-to-node=\"2,3,0,0\"><b>Ho\u1ea1t ch\u1ea5t ch\u00ednh<\/b><\/span><\/td>\n<td><span data-path-to-node=\"2,3,1,0\">Gi\u1ea3i quy\u1ebft b\u1ee5i b\u1ea9n v\u00e0 d\u1ea7u nh\u1eddn m\u00e0 kh\u00f4ng l\u00e0m m\u1ea5t \u0111\u1ed9 \u1ea9m.<\/span><\/td>\n<td><span data-path-to-node=\"2,3,2,0\">Th\u1ea9m th\u1ea5u s\u00e2u \u0111\u1ec3 \u201ct\u0103ng c\u01b0\u1eddng\u201d l\u01b0\u1ee3ng protein trong da.<\/span><\/td>\n<td><span data-path-to-node=\"2,3,3,0\">Kh\u00f3a \u1ea9m v\u00e0 t\u1ea1o l\u1edbp ho\u00e0n thi\u1ec7n r\u1ea1ng r\u1ee1.<\/span><\/td>\n<\/tr>\n<tr>\n<td><span data-path-to-node=\"2,4,0,0\"><b>Th\u1eddi \u0111i\u1ec3m s\u1eed d\u1ee5ng<\/b><\/span><\/td>\n<td><span data-path-to-node=\"2,4,1,0\"><b>B\u01b0\u1edbc 1:<\/b> S\u1eed d\u1ee5ng tr\u00ean da c\u00f2n \u1ea9m, c\u1ea3 s\u00e1ng v\u00e0 t\u1ed1i.<\/span><\/td>\n<td><span data-path-to-node=\"2,4,2,0\"><b>B\u01b0\u1edbc 2:<\/b> Thoa l\u00ean da s\u1ea1ch tr\u01b0\u1edbc khi d\u01b0\u1ee1ng \u1ea9m.<\/span><\/td>\n<td><span data-path-to-node=\"2,4,3,0\"><b>B\u01b0\u1edbc 3:<\/b> Thoa sau serum \u0111\u1ec3 &#8220;kh\u00f3a&#8221; c\u00e1c d\u01b0\u1ee1ng ch\u1ea5t.<\/span><\/td>\n<\/tr>\n<tr>\n<td><span data-path-to-node=\"2,5,0,0\"><b>K\u1ebft qu\u1ea3<\/b><\/span><\/td>\n<td><span data-path-to-node=\"2,5,1,0\">Da ho\u00e0n to\u00e0n s\u1ea1ch s\u1ebd, c\u00e2n b\u1eb1ng v\u00e0 t\u01b0\u01a1i m\u1edbi.<\/span><\/td>\n<td><span data-path-to-node=\"2,5,2,0\">Da c\u0103ng m\u1ecdng, s\u0103n ch\u1eafc v\u00e0 \u0111\u00e0n h\u1ed3i h\u01a1n.<\/span><\/td>\n<td><span data-path-to-node=\"2,5,3,0\">L\u00e0n da \u1ea9m m\u01b0\u1ee3t, c\u0103ng b\u00f3ng v\u00e0 r\u1ea1ng r\u1ee1.<\/span><\/td>\n<\/tr>\n<\/tbody>\n<\/table>\n<\/div>\n<div id=\"model-response-message-contentr_011f1324acf8fa50\" class=\"markdown markdown-main-panel enable-updated-hr-color\" dir=\"ltr\" aria-live=\"off\" aria-busy=\"false\">\n<p data-path-to-node=\"16\">\n<\/div>\n<\/div>\n","protected":false},"excerpt":{"rendered":"<h2 data-path-to-node=\"0\"><b>Natur Boutique | Tinh ch\u1ea5t T\u0103ng c\u01b0\u1eddng Collagen (20ml)<\/b><\/h2>\n<p data-path-to-node=\"1\"><b>Ph\u1ee5c h\u1ed3i \u0111\u1ed9 \u0111\u00e0n h\u1ed3i t\u1ef1 nhi\u00ean cho l\u00e0n da b\u1ea1n.<\/b><\/p>\n<p data-path-to-node=\"2\">Tinh ch\u1ea5t nh\u1eb9 nh\u00e0ng nh\u01b0ng m\u1ea1nh m\u1ebd n\u00e0y k\u1ebft h\u1ee3p Collagen th\u1ee7y ph\u00e2n v\u1edbi c\u00e1c chi\u1ebft xu\u1ea5t qu\u00fd hi\u1ebfm t\u1eeb Isodon Nh\u1eadt B\u1ea3n v\u00e0 T\u1ea3o l\u1ee5c (Chlorella), gi\u00fap l\u00e0n da s\u0103n ch\u1eafc v\u00e0 t\u01b0\u01a1i m\u1edbi r\u00f5 r\u1ec7t. B\u1ed5 sung Niacinamide v\u00e0 chi\u1ebft xu\u1ea5t T\u00e1o, s\u1ea3n ph\u1ea9m c\u1ea5p \u1ea9m s\u00e2u \u0111\u1ed3ng th\u1eddi c\u1ea3i thi\u1ec7n k\u1ebft c\u1ea5u da, mang l\u1ea1i l\u00e0n da m\u1ecbn m\u00e0ng v\u00e0 r\u1ea1ng r\u1ee1 tr\u1ebb trung h\u01a1n. <\/p>\n","protected":false},"featured_media":12702,"template":"","meta":[],"pwb-brand":[301],"product_cat":[205,211,185],"product_tag":[],"class_list":{"0":"post-12713","1":"product","2":"type-product","3":"status-publish","4":"has-post-thumbnail","6":"pwb-brand-daquyn-the-queen-vi","7":"product_cat-cham-soc-da","8":"product_cat-duong-am-cho-da","9":"product_cat-suc-khoe-lam-dep","11":"first","12":"instock","13":"shipping-taxable","14":"purchasable","15":"product-type-simple"},"acf":[],"brands":[{"id":301,"name":"Daquyn - The Queen","slug":"daquyn-the-queen-vi"}],"_links":{"self":[{"href":"https:\/\/bynature.vn\/vi\/wp-json\/wp\/v2\/product\/12713","targetHints":{"allow":["GET"]}}],"collection":[{"href":"https:\/\/bynature.vn\/vi\/wp-json\/wp\/v2\/product"}],"about":[{"href":"https:\/\/bynature.vn\/vi\/wp-json\/wp\/v2\/types\/product"}],"wp:featuredmedia":[{"embeddable":true,"href":"https:\/\/bynature.vn\/vi\/wp-json\/wp\/v2\/media\/12702"}],"wp:attachment":[{"href":"https:\/\/bynature.vn\/vi\/wp-json\/wp\/v2\/media?parent=12713"}],"wp:term":[{"taxonomy":"pwb-brand","embeddable":true,"href":"https:\/\/bynature.vn\/vi\/wp-json\/wp\/v2\/pwb-brand?post=12713"},{"taxonomy":"product_cat","embeddable":true,"href":"https:\/\/bynature.vn\/vi\/wp-json\/wp\/v2\/product_cat?post=12713"},{"taxonomy":"product_tag","embeddable":true,"href":"https:\/\/bynature.vn\/vi\/wp-json\/wp\/v2\/product_tag?post=12713"}],"curies":[{"name":"wp","href":"https:\/\/api.w.org\/{rel}","templated":true}]}}