{"id":12712,"date":"2025-12-20T17:14:04","date_gmt":"2025-12-20T10:14:04","guid":{"rendered":"https:\/\/bynature.vn\/product\/natural-facial-cleanser-50ml\/"},"modified":"2025-12-20T22:39:32","modified_gmt":"2025-12-20T15:39:32","slug":"natural-facial-cleanser-50ml","status":"publish","type":"product","link":"https:\/\/bynature.vn\/vi\/product\/natural-facial-cleanser-50ml\/","title":{"rendered":"Natural Facial Cleanser 50ml"},"content":{"rendered":"<h2 data-path-to-node=\"0\"><b>S\u1eeda R\u1eeda M\u1eb7t T\u1ef1 nhi\u00ean (50ml) <\/b><b style=\"font-size: 16px;\">| <\/b><b style=\"font-size: 16px;\">Natur Boutique<\/b><\/h2>\n<p data-path-to-node=\"1\"><b>L\u00e0n da thu\u1ea7n khi\u1ebft, t\u1ef1 nhi\u00ean.<\/b><\/p>\n<p data-path-to-node=\"2\">B\u1eaft \u0111\u1ea7u chu tr\u00ecnh ch\u0103m s\u00f3c da v\u1edbi l\u00e0n da s\u1ea1ch tinh khi\u1ebft. S\u1eefa r\u1eeda m\u1eb7t nh\u1eb9 nh\u00e0ng n\u00e0y lo\u1ea1i b\u1ecf t\u1ea1p ch\u1ea5t, d\u1ea7u th\u1eeba v\u00e0 c\u00e1c ch\u1ea5t \u00f4 nhi\u1ec5m h\u00e0ng ng\u00e0y m\u00e0 v\u1eabn duy tr\u00ec h\u00e0ng r\u00e0o \u0111\u1ed9 \u1ea9m t\u1ef1 nhi\u00ean c\u1ee7a da. \u0110\u01b0\u1ee3c \u0111i\u1ec1u ch\u1ebf v\u1edbi c\u00e1c chi\u1ebft xu\u1ea5t th\u1ea3o m\u1ed9c l\u00e0m d\u1ecbu, s\u1ea3n ph\u1ea9m mang l\u1ea1i cho g\u01b0\u01a1ng m\u1eb7t b\u1ea1n c\u1ea3m gi\u00e1c s\u1ea3ng kho\u00e1i, m\u1ecbn m\u00e0ng, t\u01b0\u01a1i m\u1edbi v\u00e0 c\u00e2n b\u1eb1ng ho\u00e0n h\u1ea3o-kh\u00f4ng bao gi\u1edd c\u0103ng th\u1eb3ng hay kh\u00f4.  <\/p>\n<h3 data-path-to-node=\"4\"><b>T\u1ea1i sao s\u1ea3n ph\u1ea9m n\u00e0y \u0111\u1eb7c bi\u1ec7t:<\/b><\/h3>\n<ul data-path-to-node=\"5\">\n<li>\n<p data-path-to-node=\"5,0,0\"><b>L\u00e0m s\u1ea1ch d\u1ecbu nh\u1eb9:<\/b> Lo\u1ea1i b\u1ecf b\u1ee5i b\u1ea9n hi\u1ec7u qu\u1ea3 m\u00e0 kh\u00f4ng ch\u1ee9a sulfate m\u1ea1nh hay ch\u1ea5t t\u1ea9y r\u1eeda t\u1ed5ng h\u1ee3p.<\/p>\n<\/li>\n<li>\n<p data-path-to-node=\"5,1,0\"><b>L\u00e0m d\u1ecbu t\u1eeb thi\u00ean nhi\u00ean:<\/b> Ch\u1ee9a c\u00e1c chi\u1ebft xu\u1ea5t th\u1ef1c v\u1eadt gi\u00fap l\u00e0m d\u1ecbu da trong qu\u00e1 tr\u00ecnh r\u1eeda m\u1eb7t.<\/p>\n<\/li>\n<li>\n<p data-path-to-node=\"5,2,0\"><b>C\u00f4ng th\u1ee9c \u01b0u ti\u00ean d\u01b0\u1ee1ng \u1ea9m:<\/b> B\u1ed5 sung <b>Glycerin<\/b> gi\u00fap l\u00e0n da lu\u00f4n m\u1ec1m m\u1ecbn v\u00e0 gi\u1eef \u1ea9m l\u00e2u d\u00e0i.<\/p>\n<\/li>\n<li>\n<p data-path-to-node=\"5,3,0\"><b>C\u00e2n b\u1eb1ng pH:<\/b> \u0110\u01b0\u1ee3c thi\u1ebft k\u1ebf ph\u00f9 h\u1ee3p v\u1edbi \u0111\u1ed9 pH t\u1ef1 nhi\u00ean c\u1ee7a da, gi\u00fap duy tr\u00ec l\u00e0n da kh\u1ecfe m\u1ea1nh v\u00e0 s\u00e1ng m\u1ecbn.<\/p>\n<\/li>\n<\/ul>\n<h3 data-path-to-node=\"7\"><\/h3>\n<h3 data-path-to-node=\"7\"><b>Nh\u1eefng th\u00e0nh ph\u1ea7n ch\u00ednh:<\/b><\/h3>\n<ul data-path-to-node=\"8\">\n<li>\n<p data-path-to-node=\"8,0,0\"><b>Ch\u1ea5t t\u1ea9y r\u1eeda ngu\u1ed3n g\u1ed1c th\u1ef1c v\u1eadt:<\/b> C\u00e1c ch\u1ea5t ho\u1ea1t \u0111\u1ed9ng b\u1ec1 m\u1eb7t nh\u1eb9 nh\u00e0ng lo\u1ea1i b\u1ecf b\u1ee5i b\u1ea9n \u0111\u1ed3ng th\u1eddi b\u1ea3o v\u1ec7 l\u1edbp lipid t\u1ef1 nhi\u00ean c\u1ee7a da.<\/p>\n<\/li>\n<li>\n<p data-path-to-node=\"8,1,0\"><b>Chi\u1ebft xu\u1ea5t Isodon Japonicus:<\/b> Cung c\u1ea5p kh\u1ea3 n\u0103ng ch\u1ed1ng oxy h\u00f3a v\u00e0 l\u00e0m d\u1ecbu c\u00e1c v\u1ebft \u0111\u1ecf tr\u00ean da.<\/p>\n<\/li>\n<li>\n<p data-path-to-node=\"8,2,0\"><b>Ch\u1ea5t h\u00fat \u1ea9m t\u1ef1 nhi\u00ean:<\/b> K\u00e9o n\u01b0\u1edbc v\u00e0o da, ng\u0103n c\u1ea3m gi\u00e1c c\u0103ng kh\u00f4 sau khi r\u1eeda m\u1eb7t.<\/p>\n<\/li>\n<\/ul>\n<h3 data-path-to-node=\"10\"><\/h3>\n<h3 data-path-to-node=\"10\"><b>C\u00e1ch s\u1eed d\u1ee5ng:<\/b><\/h3>\n<p data-path-to-node=\"11\">L\u1ea5y m\u1ed9t l\u01b0\u1ee3ng nh\u1ecf thoa l\u00ean da c\u00f2n \u1ea9m, massage nh\u1eb9 nh\u00e0ng theo chuy\u1ec3n \u0111\u1ed9ng tr\u00f2n. R\u1eeda s\u1ea1ch v\u1edbi n\u01b0\u1edbc \u1ea5m. Ti\u1ebfp t\u1ee5c s\u1eed d\u1ee5ng Tinh ch\u1ea5t T\u0103ng c\u01b0\u1eddng Collagen \u0111\u1ec3 \u0111\u1ea1t hi\u1ec7u qu\u1ea3 t\u1ed1i \u01b0u.  <\/p>\n<table data-path-to-node=\"2\">\n<thead>\n<tr>\n<td><strong>\u0110\u1eb7c \u0111i\u1ec3m<\/strong><\/td>\n<td><strong>S\u1eefa R\u1eeda M\u1eb7t T\u1ef1 nhi\u00ean (50ml)<\/strong><\/td>\n<td><strong>Tinh ch\u1ea5t T\u0103ng c\u01b0\u1eddng Collagen (20ml)<\/strong><\/td>\n<td><strong>Kem D\u01b0\u1ee1ng \u1ea8m S\u00e1ng Da (30ml)<\/strong><\/td>\n<\/tr>\n<\/thead>\n<tbody>\n<tr>\n<td><span data-path-to-node=\"2,1,0,0\"><b>M\u1ee5c ti\u00eau ch\u00ednh<\/b><\/span><\/td>\n<td><span data-path-to-node=\"2,1,1,0\"><b>L\u00e0m s\u1ea1ch &amp; Chu\u1ea9n b\u1ecb:<\/b> Lo\u1ea1i b\u1ecf t\u1ea1p ch\u1ea5t \u0111\u1ed3ng th\u1eddi l\u00e0m d\u1ecbu h\u00e0ng r\u00e0o b\u1ea3o v\u1ec7 da.<\/span><\/td>\n<td><span data-path-to-node=\"2,1,2,0\"><b>S\u1eeda ch\u1eefa &amp; C\u0103ng ch\u1eafc:<\/b> T\u0103ng \u0111\u1ed9 \u0111\u00e0n h\u1ed3i v\u00e0 ph\u1ee5c h\u1ed3i c\u1ea5u tr\u00fac s\u00e2u c\u1ee7a da.<\/span><\/td>\n<td><span data-path-to-node=\"2,1,3,0\"><b>L\u00e0m s\u00e1ng &amp; B\u1ea3o v\u1ec7:<\/b> L\u00e0m s\u00e1ng b\u1ec1 m\u1eb7t da v\u00e0 gi\u1eef \u1ea9m<\/span><\/td>\n<\/tr>\n<tr>\n<td><span data-path-to-node=\"2,2,0,0\"><b>K\u1ebft c\u1ea5u<\/b><\/span><\/td>\n<td><span data-path-to-node=\"2,2,1,0\">D\u1ea1ng gel t\u1ea1o b\u1ecdt nh\u1eb9 nh\u00e0ng, t\u01b0\u01a1i m\u00e1t.<\/span><\/td>\n<td>Dung d\u1ecbch si\u00eau nh\u1eb9, th\u1ea9m th\u1ea5u nhanh.<\/td>\n<td><span data-path-to-node=\"2,2,3,0\">Ch\u1ea5t kem m\u1ec1m m\u1ecbn nh\u01b0 nhung.<\/span><\/td>\n<\/tr>\n<tr>\n<td><span data-path-to-node=\"2,3,0,0\"><b>Ho\u1ea1t ch\u1ea5t ch\u00ednh<\/b><\/span><\/td>\n<td><span data-path-to-node=\"2,3,1,0\">Gi\u1ea3i quy\u1ebft b\u1ee5i b\u1ea9n v\u00e0 d\u1ea7u nh\u1eddn m\u00e0 kh\u00f4ng l\u00e0m m\u1ea5t \u0111\u1ed9 \u1ea9m.<\/span><\/td>\n<td><span data-path-to-node=\"2,3,2,0\">Th\u1ea9m th\u1ea5u s\u00e2u \u0111\u1ec3 \u201ct\u0103ng c\u01b0\u1eddng\u201d l\u01b0\u1ee3ng protein trong da.<\/span><\/td>\n<td><span data-path-to-node=\"2,3,3,0\">Kh\u00f3a \u1ea9m v\u00e0 t\u1ea1o l\u1edbp ho\u00e0n thi\u1ec7n r\u1ea1ng r\u1ee1.<\/span><\/td>\n<\/tr>\n<tr>\n<td><span data-path-to-node=\"2,4,0,0\"><b>Th\u1eddi \u0111i\u1ec3m s\u1eed d\u1ee5ng<\/b><\/span><\/td>\n<td><span data-path-to-node=\"2,4,1,0\"><b>B\u01b0\u1edbc 1:<\/b> S\u1eed d\u1ee5ng tr\u00ean da c\u00f2n \u1ea9m, c\u1ea3 s\u00e1ng v\u00e0 t\u1ed1i.<\/span><\/td>\n<td><span data-path-to-node=\"2,4,2,0\"><b>B\u01b0\u1edbc 2:<\/b> Thoa l\u00ean da s\u1ea1ch tr\u01b0\u1edbc khi d\u01b0\u1ee1ng \u1ea9m.<\/span><\/td>\n<td><span data-path-to-node=\"2,4,3,0\"><b>B\u01b0\u1edbc 3:<\/b> Thoa sau serum \u0111\u1ec3 &#8220;kh\u00f3a&#8221; c\u00e1c d\u01b0\u1ee1ng ch\u1ea5t.<\/span><\/td>\n<\/tr>\n<tr>\n<td><span data-path-to-node=\"2,5,0,0\"><b>K\u1ebft qu\u1ea3<\/b><\/span><\/td>\n<td><span data-path-to-node=\"2,5,1,0\">Da ho\u00e0n to\u00e0n s\u1ea1ch s\u1ebd, c\u00e2n b\u1eb1ng v\u00e0 t\u01b0\u01a1i m\u1edbi.<\/span><\/td>\n<td><span data-path-to-node=\"2,5,2,0\">Da c\u0103ng m\u1ecdng, s\u0103n ch\u1eafc v\u00e0 \u0111\u00e0n h\u1ed3i h\u01a1n.<\/span><\/td>\n<td><span data-path-to-node=\"2,5,3,0\">L\u00e0n da \u1ea9m m\u01b0\u1ee3t, c\u0103ng b\u00f3ng v\u00e0 r\u1ea1ng r\u1ee1.<\/span><\/td>\n<\/tr>\n<\/tbody>\n<\/table>\n","protected":false},"excerpt":{"rendered":"<h3 data-path-to-node=\"0\"><b>S\u1eefa R\u1eeda M\u1eb7t T\u1ef1 nhi\u00ean (50ml) <\/b><b>| <\/b><b><\/b><b>Natur Boutique <\/b> <\/h3>\n<p data-path-to-node=\"1\"><b>L\u00e0n da thu\u1ea7n khi\u1ebft, c\u00e2n b\u1eb1ng ho\u00e0n h\u1ea3o.<\/b><\/p>\n<p data-path-to-node=\"2\">S\u1eefa r\u1eeda m\u1eb7t nh\u1eb9 nh\u00e0ng, kh\u00f4ng ch\u1ee9a sulfate n\u00e0y lo\u1ea1i b\u1ecf b\u1ee5i b\u1ea9n v\u00e0 d\u1ea7u nh\u1eddn h\u00e0ng ng\u00e0y m\u00e0 kh\u00f4ng l\u00e0m m\u1ea5t \u0111\u1ed9 \u1ea9m t\u1ef1 nhi\u00ean c\u1ee7a da. V\u1edbi chi\u1ebft xu\u1ea5t<b> Isodon Japonicus<\/b> v\u00e0 <b>Glycerin<\/b>, s\u1ea3n ph\u1ea9m mang l\u1ea1i l\u00e0n da m\u1ec1m m\u1ecbn, t\u01b0\u01a1i m\u1edbi v\u00e0 chu\u1ea9n b\u1ecb ho\u00e0n h\u1ea3o cho b\u01b0\u1edbc serum ti\u1ebfp theo. <\/p>\n<ul data-path-to-node=\"3\">\n<li>\n<p data-path-to-node=\"3,0,0\"><b>Ho\u1ea1t ch\u1ea5t:<\/b> L\u00e0m s\u1ea1ch d\u1ecbu nh\u1eb9 v\u00e0 l\u00e0m d\u1ecbu da.<\/p>\n<\/li>\n<li>\n<p data-path-to-node=\"3,1,0\"><b>C\u1ea3m gi\u00e1c tr\u00ean da:<\/b> M\u1ec1m m\u1ea1i, \u1ea9m m\u01b0\u1ee3t v\u00e0 kh\u00f4ng bao gi\u1edd c\u0103ng th\u1eb3ng kh\u00f4 r\u00e1p.<\/p>\n<\/li>\n<li>\n<p data-path-to-node=\"3,2,0\"><b>Nh\u1eefng th\u00e0nh ph\u1ea7n ch\u00ednh:<\/b> S\u1eefa r\u1eeda m\u1eb7t ngu\u1ed3n g\u1ed1c th\u1ef1c v\u1eadt &amp; ch\u1ea5t ch\u1ed1ng oxy h\u00f3a t\u1eeb th\u1ea3o m\u1ed9c.<\/p>\n<\/li>\n<\/ul>\n","protected":false},"featured_media":12711,"template":"","meta":[],"pwb-brand":[301],"product_cat":[205,208,185,206],"product_tag":[],"class_list":{"0":"post-12712","1":"product","2":"type-product","3":"status-publish","4":"has-post-thumbnail","6":"pwb-brand-daquyn-the-queen-vi","7":"product_cat-cham-soc-da","8":"product_cat-lam-sach-da","9":"product_cat-suc-khoe-lam-dep","10":"product_cat-tri-mun","12":"first","13":"instock","14":"shipping-taxable","15":"purchasable","16":"product-type-simple"},"acf":[],"brands":[{"id":301,"name":"Daquyn - The Queen","slug":"daquyn-the-queen-vi"}],"_links":{"self":[{"href":"https:\/\/bynature.vn\/vi\/wp-json\/wp\/v2\/product\/12712","targetHints":{"allow":["GET"]}}],"collection":[{"href":"https:\/\/bynature.vn\/vi\/wp-json\/wp\/v2\/product"}],"about":[{"href":"https:\/\/bynature.vn\/vi\/wp-json\/wp\/v2\/types\/product"}],"wp:featuredmedia":[{"embeddable":true,"href":"https:\/\/bynature.vn\/vi\/wp-json\/wp\/v2\/media\/12711"}],"wp:attachment":[{"href":"https:\/\/bynature.vn\/vi\/wp-json\/wp\/v2\/media?parent=12712"}],"wp:term":[{"taxonomy":"pwb-brand","embeddable":true,"href":"https:\/\/bynature.vn\/vi\/wp-json\/wp\/v2\/pwb-brand?post=12712"},{"taxonomy":"product_cat","embeddable":true,"href":"https:\/\/bynature.vn\/vi\/wp-json\/wp\/v2\/product_cat?post=12712"},{"taxonomy":"product_tag","embeddable":true,"href":"https:\/\/bynature.vn\/vi\/wp-json\/wp\/v2\/product_tag?post=12712"}],"curies":[{"name":"wp","href":"https:\/\/api.w.org\/{rel}","templated":true}]}}