{"id":12708,"date":"2025-12-20T13:57:30","date_gmt":"2025-12-20T06:57:30","guid":{"rendered":"https:\/\/bynature.vn\/product\/kem-duong-am-sang-da-30ml\/"},"modified":"2025-12-28T00:15:52","modified_gmt":"2025-12-27T17:15:52","slug":"kem-duong-am-sang-da-30ml","status":"publish","type":"product","link":"https:\/\/bynature.vn\/vi\/product\/kem-duong-am-sang-da-30ml\/","title":{"rendered":"Kem D\u01b0\u1ee1ng \u1ea8m S\u00e1ng Da 30ml"},"content":{"rendered":"<h2 data-path-to-node=\"0\"><b>Kem D\u01b0\u1ee1ng \u1ea8m S\u00e1ng Da (30ml) <\/b><b>| <\/b><b>Natur Boutique <\/b> <\/h2>\n<p data-path-to-node=\"1\"><b>S\u1ef1 r\u1ea1ng r\u1ee1 g\u00f3i g\u1ecdn trong m\u1ed9t h\u0169 kem<\/b><\/p>\n<p data-path-to-node=\"2\">M\u1edf kh\u00f3a l\u00e0n da r\u1ea1ng r\u1ee1 t\u1eeb b\u00ean trong v\u1edbi <b>Kem D\u01b0\u1ee1ng \u1ea8m S\u00e1ng Da<\/b>. \u0110\u01b0\u1ee3c thi\u1ebft k\u1ebf nh\u1eb1m cung c\u1ea5p \u0111\u1ed9 \u1ea9m s\u00e2u v\u00e0 l\u00e2u d\u00e0i m\u00e0 kh\u00f4ng n\u1eb7ng n\u1ec1, l\u1edbp kem m\u1ecbn m\u00e0ng n\u00e0y th\u1ea9m th\u1ea5u v\u00e0o da gi\u00fap l\u00e0m s\u00e1ng l\u00e0n da x\u1ec9n m\u00e0u v\u00e0 l\u00e0m m\u1edd c\u00e1c n\u1ebfp nh\u0103n. <\/p>\n<p data-path-to-node=\"3\">\u0110\u01b0\u1ee3c \u0111i\u1ec1u ch\u1ebf t\u1eeb h\u1ed7n h\u1ee3p c\u00e1c th\u1ea3o m\u1ed9c m\u1ea1nh m\u1ebd v\u00e0 c\u00e1c ch\u1ea5t h\u00fat \u1ea9m kh\u00f3a \u1ea9m, s\u1ea3n ph\u1ea9m t\u1ea1o ra l\u1edbp m\u00e0ng b\u1ea3o v\u1ec7 gi\u1eef cho l\u00e0n da lu\u00f4n m\u1ec1m m\u1ea1i, c\u0103ng m\u1ecdng v\u00e0 tr\u00e0n \u0111\u1ea7y s\u1ee9c s\u1ed1ng t\u1eeb s\u00e1ng \u0111\u1ebfn t\u1ed1i.<\/p>\n<h3 data-path-to-node=\"5\"><b>C\u00e1c l\u1ee3i \u00edch ch\u00ednh:<\/b><\/h3>\n<ul data-path-to-node=\"6\">\n<li>\n<p data-path-to-node=\"6,0,0\"><b>R\u1ef1c r\u1ee1 t\u1ee9c th\u00ec:<\/b> Ch\u1ee9a c\u00e1c chi\u1ebft xu\u1ea5t l\u00e0m s\u00e1ng da, gi\u00fap t\u0103ng \u0111\u1ed9 s\u00e1ng t\u1ef1 nhi\u00ean c\u1ee7a l\u00e0n da.<\/p>\n<\/li>\n<li>\n<p data-path-to-node=\"6,1,0\"><span class=\"citation-299\"><b>C\u1ea5p \u1ea9m s\u00e2u:<\/b><\/span> <span class=\"citation-299 citation-end-299\">C\u1ea5p \u1ea9m cho l\u00e0n da kh\u00f4 v\u1edbi \u0111\u1ed9 \u1ea9m nh\u1eb9 nh\u00e0ng, gi\u00fap l\u00e0n da lu\u00f4n m\u1ec1m m\u1ecbn su\u1ed1t c\u1ea3 ng\u00e0y.<\/span><\/p>\n<\/li>\n<li>\n<p data-path-to-node=\"6,2,0\"><b>M\u1ecbn m\u00e0ng &amp; Tinh ch\u1ec9nh:<\/b> Thu nh\u1ecf c\u00e1c l\u1ed7 ch\u00e2n l\u00f4ng v\u00e0 c\u1ea3i thi\u1ec7n k\u1ebft c\u1ea5u da kh\u00f4ng \u0111\u1ec1u, mang \u0111\u1ebfn l\u1edbp n\u1ec1n ho\u00e0n h\u1ea3o.<\/p>\n<\/li>\n<li>\n<p data-path-to-node=\"6,3,0\"><b>L\u1edbp n\u1ec1n ho\u00e0n h\u1ea3o: <\/b>C\u00f4ng th\u1ee9c nh\u1eb9 nh\u00e0ng c\u00f3 th\u1ec3 s\u1eed d\u1ee5ng d\u01b0\u1edbi l\u1edbp trang \u0111i\u1ec3m ho\u1eb7c s\u1eed d\u1ee5ng \u0111\u01a1n l\u1ebb \u0111\u1ec3 c\u00f3 l\u00e0n da t\u1ef1 nhi\u00ean \u201ckh\u00f4ng c\u1ea7n filter\u201d.<\/p>\n<\/li>\n<\/ul>\n<h3 data-path-to-node=\"8\"><b>Nh\u1eefng th\u00e0nh ph\u1ea7n n\u1ed5i b\u1eadt:<\/b><\/h3>\n<ul>\n<li data-path-to-node=\"7,0,0\"><b>Ph\u1ee9c h\u1ee3p gi\u1eef \u1ea9m s\u00e2u:<\/b> S\u1eed d\u1ee5ng <b>Glycerin<\/b> v\u00e0 <b>Propanediol<\/b> \u0111\u1ec3 k\u00e9o \u0111\u1ed9 \u1ea9m s\u00e2u v\u00e0o trong da mang l\u1ea1i c\u1ea3m gi\u00e1c c\u0103ng m\u1ecdng, \u0111\u00e0n h\u1ed3i.<\/li>\n<li data-path-to-node=\"7,0,0\"><b>\u0110\u1ed9 \u1ea9m t\u1eeb bi\u1ec3n (T\u1ea3o l\u1ee5c): <\/b>M\u1ed9t lo\u1ea1i t\u1ea3o gi\u00e0u ch\u1ea5t dinh d\u01b0\u1ee1ng, ho\u1ea1t \u0111\u1ed9ng nh\u01b0 m\u1ed9t b\u1ec3 ch\u1ee9a \u0111\u1ed9 \u1ea9m t\u1ef1 nhi\u00ean, gi\u1eef cho da duy tr\u00ec \u0111\u1ed9 \u1ea9m l\u00e2u h\u01a1n c\u00e1c lo\u1ea1i kem truy\u1ec1n th\u1ed1ng.<\/li>\n<li data-path-to-node=\"7,0,0\"><b>Chi\u1ebft xu\u1ea5t t\u1eeb T\u00e1o:<\/b> Gi\u00e0u saccharide t\u1ef1 nhi\u00ean, l\u00e0m m\u1ecbn b\u1ec1 m\u1eb7t da v\u00e0 ng\u0103n ng\u1eeba m\u1ea5t n\u01b0\u1edbc.<\/li>\n<li style=\"list-style-type: none;\">\n<\/li>\n<\/ul>\n<h3 data-path-to-node=\"11\"><b>C\u00e1ch s\u1eed d\u1ee5ng:<\/b><\/h3>\n<p data-path-to-node=\"12\">Sau khi thoa <b>Tinh ch\u1ea5t t\u0103ng c\u01b0\u1eddng Collagen<\/b> (Collagen Boost Serum), l\u1ea5y l\u01b0\u1ee3ng b\u1eb1ng h\u1ea1t \u0111\u1eadu, massage l\u00ean m\u1eb7t v\u00e0 c\u1ed5 theo chuy\u1ec3n \u0111\u1ed9ng v\u00f2ng h\u01b0\u1edbng l\u00ean. S\u1eed d\u1ee5ng cho s\u00e1ng v\u00e0 t\u1ed1i \u0111\u1ec3 \u0111\u1ea1t hi\u1ec7u qu\u1ea3 t\u1ed1t nh\u1ea5t. <\/p>\n<table data-path-to-node=\"2\">\n<thead>\n<tr>\n<td><strong>\u0110\u1eb7c \u0111i\u1ec3m<\/strong><\/td>\n<td><strong>S\u1eefa R\u1eeda M\u1eb7t T\u1ef1 nhi\u00ean (50ml)<\/strong><\/td>\n<td><strong>Tinh ch\u1ea5t T\u0103ng c\u01b0\u1eddng Collagen (20ml)<\/strong><\/td>\n<td><strong>Kem D\u01b0\u1ee1ng \u1ea8m S\u00e1ng Da (30ml)<\/strong><\/td>\n<\/tr>\n<\/thead>\n<tbody>\n<tr>\n<td><span data-path-to-node=\"2,1,0,0\"><b>M\u1ee5c ti\u00eau ch\u00ednh<\/b><\/span><\/td>\n<td><span data-path-to-node=\"2,1,1,0\"><b>L\u00e0m s\u1ea1ch &amp; Chu\u1ea9n b\u1ecb:<\/b> Lo\u1ea1i b\u1ecf t\u1ea1p ch\u1ea5t \u0111\u1ed3ng th\u1eddi l\u00e0m d\u1ecbu h\u00e0ng r\u00e0o b\u1ea3o v\u1ec7 da.<\/span><\/td>\n<td><span data-path-to-node=\"2,1,2,0\"><b>S\u1eeda ch\u1eefa &amp; C\u0103ng ch\u1eafc:<\/b> T\u0103ng \u0111\u1ed9 \u0111\u00e0n h\u1ed3i v\u00e0 ph\u1ee5c h\u1ed3i c\u1ea5u tr\u00fac s\u00e2u c\u1ee7a da.<\/span><\/td>\n<td><span data-path-to-node=\"2,1,3,0\"><b>L\u00e0m s\u00e1ng &amp; B\u1ea3o v\u1ec7:<\/b> L\u00e0m s\u00e1ng b\u1ec1 m\u1eb7t da v\u00e0 gi\u1eef \u1ea9m<\/span><\/td>\n<\/tr>\n<tr>\n<td><span data-path-to-node=\"2,2,0,0\"><b>K\u1ebft c\u1ea5u<\/b><\/span><\/td>\n<td><span data-path-to-node=\"2,2,1,0\">D\u1ea1ng gel t\u1ea1o b\u1ecdt nh\u1eb9 nh\u00e0ng, t\u01b0\u01a1i m\u00e1t.<\/span><\/td>\n<td><span data-path-to-node=\"2,2,2,0\">Dung d\u1ecbch si\u00eau nh\u1eb9, th\u1ea9m th\u1ea5u nhanh.<\/span><\/td>\n<td><span data-path-to-node=\"2,2,3,0\">Ch\u1ea5t kem m\u1ec1m m\u1ecbn nh\u01b0 nhung.<\/span><\/td>\n<\/tr>\n<tr>\n<td><span data-path-to-node=\"2,3,0,0\"><b>Ho\u1ea1t ch\u1ea5t ch\u00ednh<\/b><\/span><\/td>\n<td><span data-path-to-node=\"2,3,1,0\">Gi\u1ea3i quy\u1ebft b\u1ee5i b\u1ea9n v\u00e0 d\u1ea7u nh\u1eddn m\u00e0 kh\u00f4ng l\u00e0m m\u1ea5t \u0111\u1ed9 \u1ea9m.<\/span><\/td>\n<td><span data-path-to-node=\"2,3,2,0\">Th\u1ea9m th\u1ea5u s\u00e2u \u0111\u1ec3 \u201ct\u0103ng c\u01b0\u1eddng\u201d l\u01b0\u1ee3ng protein trong da.<\/span><\/td>\n<td><span data-path-to-node=\"2,3,3,0\">Kh\u00f3a \u1ea9m v\u00e0 t\u1ea1o l\u1edbp ho\u00e0n thi\u1ec7n r\u1ea1ng r\u1ee1.<\/span><\/td>\n<\/tr>\n<tr>\n<td><span data-path-to-node=\"2,4,0,0\"><b>Th\u1eddi \u0111i\u1ec3m s\u1eed d\u1ee5ng<\/b><\/span><\/td>\n<td><span data-path-to-node=\"2,4,1,0\"><b>B\u01b0\u1edbc 1:<\/b> S\u1eed d\u1ee5ng tr\u00ean da c\u00f2n \u1ea9m, c\u1ea3 s\u00e1ng v\u00e0 t\u1ed1i.<\/span><\/td>\n<td><span data-path-to-node=\"2,4,2,0\"><b>B\u01b0\u1edbc 2:<\/b> Thoa l\u00ean da s\u1ea1ch tr\u01b0\u1edbc khi d\u01b0\u1ee1ng \u1ea9m.<\/span><\/td>\n<td><span data-path-to-node=\"2,4,3,0\"><b>B\u01b0\u1edbc 3:<\/b> Thoa sau serum \u0111\u1ec3 &#8220;kh\u00f3a&#8221; c\u00e1c d\u01b0\u1ee1ng ch\u1ea5t.<\/span><\/td>\n<\/tr>\n<tr>\n<td><span data-path-to-node=\"2,5,0,0\"><b>K\u1ebft qu\u1ea3<\/b><\/span><\/td>\n<td><span data-path-to-node=\"2,5,1,0\">Da c\u0103ng m\u1ecdng, s\u0103n ch\u1eafc v\u00e0 \u0111\u00e0n h\u1ed3i h\u01a1n.<\/span><\/td>\n<td><span data-path-to-node=\"2,5,2,0\">L\u00e0n da c\u0103ng m\u1ecdng, \u1ea9m v\u00e0 s\u00e1ng.<\/span><\/td>\n<td><\/td>\n<\/tr>\n<\/tbody>\n<\/table>\n","protected":false},"excerpt":{"rendered":"<h2 data-path-to-node=\"0\"><b>Kem D\u01b0\u1ee1ng \u1ea8m S\u00e1ng Da (30ml) <\/b><b>| <\/b><b>Natur Boutique<\/b><\/h2>\n<p data-path-to-node=\"1\"><b>R\u1ef1c s\u00e1ng m\u1ecdi g\u00f3c nh\u00ecn.<\/b><\/p>\n<p data-path-to-node=\"2\">L\u1edbp kem d\u01b0\u1ee1ng nh\u1eb9 nh\u00e0ng, m\u01b0\u1ee3t m\u00e0 n\u00e0y cung c\u1ea5p \u0111\u1ed9 \u1ea9m t\u1ee9c th\u00ec, mang l\u1ea1i l\u00e0n da c\u0103ng m\u1ecdng v\u00e0 r\u1ea1ng r\u1ee1 t\u1eeb b\u00ean trong. V\u1edbi chi\u1ebft xu\u1ea5t <b>T\u1ea3o l\u1ee5c<\/b> v\u00e0 <b>T\u00e1o<\/b>, s\u1ea3n ph\u1ea9m gi\u00fap kh\u00f3a \u1ea9m v\u00e0 c\u1ea3i thi\u1ec7n k\u1ebft c\u1ea5u da m\u00e0 kh\u00f4ng g\u00e2y c\u1ea3m gi\u00e1c n\u1eb7ng. Ho\u00e0n h\u1ea3o cho l\u00e0n da x\u1ec9n m\u00e0u ho\u1eb7c thi\u1ebfu n\u01b0\u1edbc, gi\u00fap da t\u1ecfa s\u00e1ng t\u1ef1 nhi\u00ean v\u00e0 kh\u1ecfe m\u1ea1nh.  <\/p>\n<h3 data-path-to-node=\"4\"><b>Nh\u1eefng \u0111i\u1ec3m n\u1ed5i b\u1eadt:<\/b><\/h3>\n<ul data-path-to-node=\"5\">\n<li>\n<p data-path-to-node=\"5,0,0\"><b>R\u1ea1ng r\u1ee1 t\u1ee9c th\u00ec:<\/b> L\u00e0m s\u00e1ng v\u00e0 l\u00e0m \u0111\u1ec1u m\u00e0u da gi\u00fap cho v\u1ebb ngo\u00e0i t\u01b0\u01a1i s\u00e1ng<\/p>\n<\/li>\n<li>\n<p data-path-to-node=\"5,1,0\"><b>\u0110\u1ed9 \u1ea9m t\u1eeb bi\u1ec3n: <\/b>S\u1eed d\u1ee5ng d\u01b0\u1ee1ng ch\u1ea5t t\u1eeb t\u1ea3o bi\u1ec3n gi\u00fap l\u00e0n da c\u0103ng m\u1ecdng v\u00e0 m\u1ecbn m\u00e0ng<\/p>\n<\/li>\n<li>\n<p data-path-to-node=\"5,2,0\"><b>L\u1edbp ho\u00e0n thi\u1ec7n m\u1ec1m m\u1ea1i nh\u01b0 nhung:<\/b> Gi\u00fap l\u00e0m m\u1edd khuy\u1ebft \u0111i\u1ec3m v\u00e0 t\u1ea1o l\u1edbp n\u1ec1n m\u1ecbn m\u00e0ng, kh\u00f4ng b\u00f3ng nh\u1eddn.<\/p>\n<\/li>\n<\/ul>\n","protected":false},"featured_media":12700,"template":"","meta":[],"pwb-brand":[301],"product_cat":[205,211,185],"product_tag":[],"class_list":{"0":"post-12708","1":"product","2":"type-product","3":"status-publish","4":"has-post-thumbnail","6":"pwb-brand-daquyn-the-queen-vi","7":"product_cat-cham-soc-da","8":"product_cat-duong-am-cho-da","9":"product_cat-suc-khoe-lam-dep","11":"first","12":"instock","13":"shipping-taxable","14":"purchasable","15":"product-type-simple"},"acf":[],"brands":[{"id":301,"name":"Daquyn - The Queen","slug":"daquyn-the-queen-vi"}],"_links":{"self":[{"href":"https:\/\/bynature.vn\/vi\/wp-json\/wp\/v2\/product\/12708","targetHints":{"allow":["GET"]}}],"collection":[{"href":"https:\/\/bynature.vn\/vi\/wp-json\/wp\/v2\/product"}],"about":[{"href":"https:\/\/bynature.vn\/vi\/wp-json\/wp\/v2\/types\/product"}],"wp:featuredmedia":[{"embeddable":true,"href":"https:\/\/bynature.vn\/vi\/wp-json\/wp\/v2\/media\/12700"}],"wp:attachment":[{"href":"https:\/\/bynature.vn\/vi\/wp-json\/wp\/v2\/media?parent=12708"}],"wp:term":[{"taxonomy":"pwb-brand","embeddable":true,"href":"https:\/\/bynature.vn\/vi\/wp-json\/wp\/v2\/pwb-brand?post=12708"},{"taxonomy":"product_cat","embeddable":true,"href":"https:\/\/bynature.vn\/vi\/wp-json\/wp\/v2\/product_cat?post=12708"},{"taxonomy":"product_tag","embeddable":true,"href":"https:\/\/bynature.vn\/vi\/wp-json\/wp\/v2\/product_tag?post=12708"}],"curies":[{"name":"wp","href":"https:\/\/api.w.org\/{rel}","templated":true}]}}