{"id":12707,"date":"2025-11-26T16:55:18","date_gmt":"2025-11-26T09:55:18","guid":{"rendered":"https:\/\/bynature.vn\/product\/tinh-dau-duong-da-mat-thien-nhien-60ml\/"},"modified":"2026-01-05T12:30:16","modified_gmt":"2026-01-05T05:30:16","slug":"tinh-dau-duong-da-mat-thien-nhien-60ml","status":"publish","type":"product","link":"https:\/\/bynature.vn\/vi\/product\/tinh-dau-duong-da-mat-thien-nhien-60ml\/","title":{"rendered":"Tinh d\u1ea7u d\u01b0\u1ee1ng da m\u1eb7t"},"content":{"rendered":"<h2>Tinh D\u1ea7u D\u01b0\u1ee1ng \u1ea8m Da M\u1eb7t 100% TINH KHI\u1ebeT: D\u1eeba, O\u1ea3i h\u01b0\u01a1ng &amp; C\u00fac La M\u00e3 (60ml)<\/h2>\n<h2>Li\u1ec7u tr\u00ecnh ch\u0103m s\u00f3c t\u1ed1i \u01b0u gi\u00fap l\u00e0m d\u1ecbu v\u00e0 c\u1ea5p \u1ea9m s\u00e2u<\/h2>\n<p data-path-to-node=\"4\">Kh\u00e1m ph\u00e1 \u0111\u1ed9 tinh khi\u1ebft, ph\u1ee5c h\u1ed3i \u0111\u1ed9 \u1ea9m c\u1ee7a l\u00e0n da v\u1edbi Tinh d\u1ea7u d\u01b0\u1ee1ng da m\u1eb7t thi\u00ean nhi\u00ean c\u1ee7a ch\u00fang t\u00f4i. Tinh ch\u1ea5t nh\u1eb9, sang tr\u1ecdng n\u00e0y \u0111\u01b0\u1ee3c \u0111i\u1ec1u ch\u1ebf chuy\u00ean bi\u1ec7t \u0111\u1ec3 l\u00e0m d\u1ecbu, c\u1ea5p \u1ea9m v\u00e0 l\u00e0m m\u1ec1m da, \u0111\u1ed3ng th\u1eddi mang l\u1ea1i c\u1ea3m gi\u00e1c th\u01b0 th\u00e1i v\u00e0 s\u1ef1 h\u00e0i l\u00f2ng c\u1ea3 v\u1ec1 th\u1ec3 ch\u1ea5t l\u1eabn tinh th\u1ea7n cho b\u1ea1n. <\/p>\n<p data-path-to-node=\"5\">\u0110\u01b0\u1ee3c t\u1ea1o n\u00ean t\u1eeb nh\u1eefng th\u00e0nh ph\u1ea7n \u00e9p l\u1ea1nh \u1edf ch\u1ea5t l\u01b0\u1ee3ng cao nh\u1ea5t, Tinh d\u1ea7u n\u00e0y mang \u0111\u1ebfn cho b\u1ea1n nh\u1eefng axit b\u00e9o c\u1ea7n thi\u1ebft v\u00e0 ch\u1ea5t ch\u1ed1ng oxy h\u00f3a m\u1ea1nh m\u1ebd, ho\u00e0n to\u00e0n kh\u00f4ng ch\u1ee9a b\u1ea5t k\u00ec ch\u1ea5t ph\u1ee5 gia t\u1ed5ng h\u1ee3p hay ch\u1ea5t \u0111\u1ed9n n\u00e0o. \u0110\u00e2y ch\u00ednh l\u00e0 ngu\u1ed3n d\u01b0\u1ee1ng ch\u1ea5t tinh khi\u1ebft, hi\u1ec7u qu\u1ea3 m\u00e0 l\u00e0n da b\u1ea1n \u0111ang c\u1ea7n. <\/p>\n<p data-path-to-node=\"0\">M\u00f4 t\u1ea3 s\u1ea3n ph\u1ea9m n\u00e0y \u0111\u01b0\u1ee3c thi\u1ebft k\u1ebf d\u00e0nh cho trang web c\u1ee7a b\u1ea1n, v\u1edbi c\u00e1ch tr\u00ecnh b\u00e0y r\u00f5 r\u00e0ng v\u00e0 \u0111a d\u1ea1ng t\u1eeb ng\u1eef nh\u1eb1m truy\u1ec1n t\u1ea3i tr\u1ecdn v\u1eb9n ch\u1ea5t l\u01b0\u1ee3ng v\u00e0 l\u1ee3i \u00edch c\u1ee7a tinh ch\u1ea5t.<\/p>\n<p data-path-to-node=\"5\">Nh\u1eefng th\u00e0nh ph\u1ea7n b\u1ea1n c\u00f3 th\u1ec3 tin c\u1eady<\/p>\n<p data-path-to-node=\"11\">Ch\u00fang ta s\u1eed d\u1ee5ng n\u1ec1n d\u1ea7u d\u1eeba \u00e9p l\u1ea1nh cao c\u1ea5p \u0111\u1ec3 \u0111\u1ea3m b\u1ea3o gi\u1eef l\u1ea1i t\u1ed1i \u0111a vitamin v\u00e0 d\u01b0\u1ee1ng ch\u1ea5t t\u1ef1 nhi\u00ean. C\u00f4ng th\u1ee9c sau \u0111\u00f3 \u0111\u01b0\u1ee3c ho\u00e0n thi\u1ec7n v\u1edbi h\u1ed7n h\u1ee3p tinh d\u1ea7u \u0111\u01b0\u1ee3c tuy\u1ec3n ch\u1ecdn k\u1ef9 l\u01b0\u1ee1ng: <\/p>\n<ul data-path-to-node=\"12\">\n<li>\n<p data-path-to-node=\"12,0,0\">D\u1ea7u D\u1eeba \u00c9p L\u1ea1nh: N\u1ec1n d\u01b0\u1ee1ng \u1ea9m, l\u00e0m d\u1ecbu da<\/p>\n<\/li>\n<li>\n<p data-path-to-node=\"12,1,0\">Tinh d\u1ea7u O\u1ea3i h\u01b0\u01a1ng: \u0110\u01b0\u1ee3c bi\u1ebft \u0111\u1ebfn v\u1edbi kh\u1ea3 n\u0103ng c\u00e2n b\u1eb1ng v\u00e0 \u0111\u1eb7c t\u00ednh l\u00e0m d\u1ecbu m\u1ea1nh m\u1ebd, mang l\u1ea1i c\u1ea3m gi\u00e1c th\u01b0 gi\u00e3n s\u00e2u cho da.<\/p>\n<\/li>\n<li>\n<p data-path-to-node=\"12,2,0\">Tinh d\u1ea7u c\u00fac La M\u00e3: L\u00e0m d\u1ecbu v\u00e0 h\u1ed7 tr\u1ee3 gi\u1ea3m s\u1ef1 xu\u1ea5t hi\u1ec7n c\u1ee7a m\u1eabn \u0111\u1ecf v\u00e0 k\u00edch \u1ee9ng<\/p>\n<\/li>\n<li>\n<p data-path-to-node=\"12,3,0\">C\u00e1c lo\u1ea1i tinh d\u1ea7u kh\u00e1c: H\u1ed7n h\u1ee3p \u0111\u1ed9c quy\u1ec1n gi\u00fap t\u0103ng c\u01b0\u1eddng hi\u1ec7u qu\u1ea3 ch\u0103m s\u00f3c v\u00e0 tr\u1ea3i nghi\u1ec7m h\u01b0\u01a1ng th\u01a1m th\u01b0 gi\u00e3n.<\/p>\n<\/li>\n<\/ul>\n<p>C\u00e1ch s\u1eed d\u1ee5ng:<\/p>\n<p data-path-to-node=\"14\">Nh\u1ecf 2\u20133 gi\u1ecdt d\u1ea7u l\u00ean da s\u1ea1ch (m\u1eb7t v\u00e0 c\u1ed5) sau khi l\u00e0m s\u1ea1ch v\u00e0 d\u00f9ng toner. Massage nh\u1eb9 nh\u00e0ng cho \u0111\u1ebfn khi d\u1ea7u th\u1ea9m th\u1ea5u ho\u00e0n to\u00e0n. C\u00f3 th\u1ec3 d\u00f9ng v\u00e0o bu\u1ed5i s\u00e1ng v\u00e0 t\u1ed1i, ho\u1eb7c k\u1ebft h\u1ee3p trong chu tr\u00ecnh bu\u1ed5i t\u1ed1i \u0111\u1ec3 mang l\u1ea1i c\u1ea3m gi\u00e1c th\u01b0 gi\u00e3n s\u00e2u tr\u01b0\u1edbc khi ng\u1ee7.  <\/p>\n<p data-path-to-node=\"15\"><b>Th\u1ec3 t\u00edch:<\/b> <span class=\"math-inline\" data-math=\"60 \\text{ ml}\">60ml<\/span><\/p>\n","protected":false},"excerpt":{"rendered":"<p>Kh\u00e1m ph\u00e1 tr\u1ea3i nghi\u1ec7m ch\u0103m s\u00f3c da sang tr\u1ecdng v\u00e0 kh\u1ea3 n\u0103ng ph\u1ee5c h\u1ed3i v\u01b0\u1ee3t tr\u1ed9i v\u1edbi Tinh D\u1ea7u D\u01b0\u1ee1ng \u1ea8m Da M\u1eb7t 100% Tinh Khi\u1ebft c\u1ee7a ch\u00fang t\u00f4i. Tinh ch\u1ea5t m\u1ea1nh m\u1ebd n\u00e0y \u0111\u01b0\u1ee3c \u0111i\u1ec1u ch\u1ebf t\u1eeb c\u00e1c th\u00e0nh ph\u1ea7n th\u00e2n thi\u1ec7n v\u1edbi l\u00e0n da, n\u1ed5i b\u1eadt v\u1edbi d\u1ea7u d\u1eeba \u00e9p l\u1ea1nh gi\u00e0u d\u01b0\u1ee1ng ch\u1ea5t, gi\u00fap c\u1ea5p \u1ea9m s\u00e2u v\u00e0 kh\u00f3a \u1ea9m hi\u1ec7u qu\u1ea3. \u0110\u01b0\u1ee3c k\u1ebft h\u1ee3p c\u00f9ng Tinh d\u1ea7u O\u1ea3i h\u01b0\u01a1ng v\u00e0 c\u00fac La M\u00e3 c\u00f3 \u0111\u1eb7c t\u00ednh tr\u1ecb li\u1ec7u, c\u00f4ng th\u1ee9c tinh khi\u1ebft n\u00e0y gi\u00fap l\u00e0m d\u1ecbu l\u00e0n da kh\u00f4 ho\u1eb7c c\u0103ng th\u1eb3ng, gi\u1ea3m m\u1ea9n \u0111\u1ecf v\u00e0 mang \u0111\u1ebfn tr\u1ea3i nghi\u1ec7m ch\u0103m s\u00f3c b\u1ea3n th\u00e2n th\u01b0 gi\u00e3n. Ph\u00f9 h\u1ee3p s\u1eed d\u1ee5ng c\u1ea3 s\u00e1ng v\u00e0 t\u1ed1i, s\u1ea3n ph\u1ea9m gi\u00fap l\u00e0n da tr\u1edf n\u00ean m\u1ec1m m\u1ea1i, m\u1ecbn m\u00e0ng v\u00e0 r\u1ea1ng r\u1ee1, cam k\u1ebft kh\u00f4ng ch\u1ee9a h\u00f3a ch\u1ea5t g\u00e2y h\u1ea1i.   <\/p>\n<p data-start=\"375\" data-end=\"688\">\n","protected":false},"featured_media":12407,"template":"","meta":[],"pwb-brand":[285],"product_cat":[205,211,185],"product_tag":[550,549,548,547],"class_list":{"0":"post-12707","1":"product","2":"type-product","3":"status-publish","4":"has-post-thumbnail","6":"pwb-brand-baluchon-vi","7":"product_cat-cham-soc-da","8":"product_cat-duong-am-cho-da","9":"product_cat-suc-khoe-lam-dep","10":"product_tag-kem-duong-am","11":"product_tag-mat","12":"product_tag-tinh-dau-nguyen-chat","13":"product_tag-tinh-khiet","15":"first","16":"instock","17":"shipping-taxable","18":"purchasable","19":"product-type-simple"},"acf":[],"brands":[{"id":285,"name":"Baluchon","slug":"baluchon-vi"}],"_links":{"self":[{"href":"https:\/\/bynature.vn\/vi\/wp-json\/wp\/v2\/product\/12707","targetHints":{"allow":["GET"]}}],"collection":[{"href":"https:\/\/bynature.vn\/vi\/wp-json\/wp\/v2\/product"}],"about":[{"href":"https:\/\/bynature.vn\/vi\/wp-json\/wp\/v2\/types\/product"}],"wp:featuredmedia":[{"embeddable":true,"href":"https:\/\/bynature.vn\/vi\/wp-json\/wp\/v2\/media\/12407"}],"wp:attachment":[{"href":"https:\/\/bynature.vn\/vi\/wp-json\/wp\/v2\/media?parent=12707"}],"wp:term":[{"taxonomy":"pwb-brand","embeddable":true,"href":"https:\/\/bynature.vn\/vi\/wp-json\/wp\/v2\/pwb-brand?post=12707"},{"taxonomy":"product_cat","embeddable":true,"href":"https:\/\/bynature.vn\/vi\/wp-json\/wp\/v2\/product_cat?post=12707"},{"taxonomy":"product_tag","embeddable":true,"href":"https:\/\/bynature.vn\/vi\/wp-json\/wp\/v2\/product_tag?post=12707"}],"curies":[{"name":"wp","href":"https:\/\/api.w.org\/{rel}","templated":true}]}}