{"id":12683,"date":"2025-12-03T09:49:50","date_gmt":"2025-12-03T02:49:50","guid":{"rendered":"https:\/\/bynature.vn\/product\/dau-dua-250ml\/"},"modified":"2025-12-27T10:10:25","modified_gmt":"2025-12-27T03:10:25","slug":"dau-dua-250ml","status":"publish","type":"product","link":"https:\/\/bynature.vn\/vi\/product\/dau-dua-250ml\/","title":{"rendered":"D\u1ea7u d\u1eeba 250ml"},"content":{"rendered":"<h2>M\u00f4 t\u1ea3 s\u1ea3n ph\u1ea9m<\/h2>\n<div dir=\"ltr\" aria-live=\"polite\" aria-busy=\"false\"><b>Tinh khi\u1ebft t\u1ef1 nhi\u00ean: D\u1ea7u D\u1eeba Ki\u1ec1m Th\u00f4 100%<\/b><\/div>\n<div id=\"model-response-message-contentr_5922a33597527738\" class=\"markdown markdown-main-panel enable-updated-hr-color\" dir=\"ltr\" aria-live=\"polite\" aria-busy=\"false\">\n<h3 data-path-to-node=\"2\"><b>Tr\u1ea3i nghi\u1ec7m s\u1ef1 kh\u00e1c bi\u1ec7t c\u1ee7a tinh khi\u1ebft \u0111\u00edch th\u1ef1c<\/b><\/h3>\n<p data-path-to-node=\"3\">Kh\u00e1m ph\u00e1 b\u00ed quy\u1ebft cho l\u00e0n da r\u1ea1ng r\u1ee1, m\u00e1i t\u00f3c \u00f3ng m\u01b0\u1ee3t v\u00e0 tr\u00e0n \u0111\u1ea7y s\u1ee9c s\u1ed1ng v\u1edbi <b>D\u1ea7u D\u1eeba Ki\u1ec1m Th\u00f4 100%<\/b> c\u1ee7a ch\u00fang t\u00f4i. \u0110\u01b0\u1ee3c chi\u1ebft xu\u1ea5t t\u1eeb nh\u1eefng tr\u00e1i d\u1eeba h\u1ea3o h\u1ea1ng, \u0111\u01b0\u1ee3c thu ho\u1ea1ch b\u1ec1n v\u1eefng, s\u1ea3n ph\u1ea9m n\u00e0y kh\u00f4ng ch\u1ec9 l\u00e0 d\u1ea7u d\u1eeba &#8211; m\u00e0 c\u00f2n l\u00e0 m\u1ed9t \u201csi\u00eau th\u1ef1c ph\u1ea9m\u201d ho\u00e0n to\u00e0n t\u1ef1 nhi\u00ean, m\u1ea1nh m\u1ebd cho cu\u1ed9c s\u1ed1ng c\u1ee7a b\u1ea1n. <\/p>\n<h3 data-path-to-node=\"4\"><b>\u0110i\u1ec1u g\u00ec l\u00e0m s\u1ea3n ph\u1ea9m c\u1ee7a ch\u00fang t\u00f4i tr\u1edf n\u00ean v\u01b0\u1ee3t tr\u1ed9i?<\/b><\/h3>\n<ul data-path-to-node=\"5\">\n<li>\n<p data-path-to-node=\"5,0,0\"><b>\ud83c\udf31 100% Th\u00f4 &amp; Ki\u1ec1m t\u00ednh:<\/b> Kh\u00f4ng gi\u1ed1ng v\u1edbi nh\u1eefng lo\u1ea1i d\u1ea7u d\u1eeba th\u00f4ng th\u01b0\u1eddng, s\u1ea3n ph\u1ea9m c\u1ee7a ch\u00fang t\u00f4i \u0111\u01b0\u1ee3c x\u1eed l\u00fd \u0111\u01a1n gi\u1ea3n nh\u1ea5t, kh\u00f4ng qua tinh ch\u1ebf ph\u1ee9c t\u1ea1p, nh\u1edd \u0111\u00f3 m\u00e0 gi\u1eef \u0111\u01b0\u1ee3c to\u00e0n b\u1ed9 enzym, ch\u1ea5t ch\u1ed1ng oxy h\u00f3a quan tr\u1ecdng, v\u00e0 \u0111\u1ed9 <span class=\"math-inline\" data-math=\"\\text&lt;wpml_curved wpml_value='pH'&gt;&lt;\/wpml_curved&gt;\">pH<\/span> t\u1ef1 nhi\u00ean cao. \u1ede tr\u1ea1ng th\u00e1i th\u00f4 n\u00e0y, d\u1ea7u d\u1eeba \u0111\u1ea1t gi\u00e1 tr\u1ecb dinh d\u01b0\u1ee1ng t\u1ed1i \u0111a v\u00e0 d\u1ec5 d\u00e0ng h\u1ea5p th\u1ee5 h\u01a1n.  <\/p>\n<\/li>\n<li>\n<p data-path-to-node=\"5,1,0\"><b>\ud83c\udf3f Ho\u00e0n to\u00e0n t\u1ef1 nhi\u00ean &amp; Thu\u1ea7n chay:<\/b> S\u1ea3n ph\u1ea9m ch\u1ec9 c\u00f3 m\u1ed9t th\u00e0nh ph\u1ea7n duy nh\u1ea5t. Ho\u00e0n to\u00e0n kh\u00f4ng ch\u1ee9a ch\u1ea5t ph\u1ee5 gia, ch\u1ea5t b\u1ea3o qu\u1ea3n ho\u1eb7c th\u00e0nh ph\u1ea7n nh\u00e2n t\u1ea1o. T\u1ef1 nhi\u00ean <b>thu\u1ea7n chay<\/b> v\u00e0 kh\u00f4ng th\u1eed nghi\u1ec7m tr\u00ean \u0111\u1ed9ng v\u1eadt, l\u00fd t\u01b0\u1edfng cho l\u1ed1i s\u1ed1ng xanh, s\u1ea1ch, c\u00f3 tr\u00e1ch nhi\u1ec7m.   <\/p>\n<\/li>\n<li>\n<p data-path-to-node=\"5,2,0\"><b>\ud83d\udca7 Nguy\u00ean ch\u1ea5t, \u00e9p l\u1ea1nh ho\u00e0n h\u1ea3o:<\/b> D\u1ea7u d\u1eeba c\u1ee7a ch\u00fang t\u00f4i \u0111\u01b0\u1ee3c \u00e9p l\u1ea1nh m\u1ed9t c\u00e1ch t\u1ec9 m\u1ec9 \u0111\u1ec3 chi\u1ebft xu\u1ea5t tinh ch\u1ea5t tinh khi\u1ebft nh\u1ea5t, kh\u00f4ng s\u1eed d\u1ee5ng nhi\u1ec7t hay h\u00f3a ch\u1ea5t m\u1ea1nh, nh\u1edd \u0111\u00f3 gi\u1eef tr\u1ecdn h\u01b0\u01a1ng v\u1ecb nh\u1eb9 nh\u00e0ng, m\u00f9i th\u01a1m t\u1ef1 nhi\u00ean v\u00e0 c\u00e1c axit b\u00e9o thi\u1ebft y\u1ebfu.<\/p>\n<\/li>\n<\/ul>\n<p data-path-to-node=\"9\"><b>D\u00e0nh cho L\u00e0m \u0111\u1eb9p &amp; S\u1ee9c kh\u1ecfe:<\/b><\/p>\n<ul data-path-to-node=\"10\">\n<li>\n<p data-path-to-node=\"10,0,0\"><b>Kem d\u01b0\u1ee1ng \u1ea9m<\/b> chuy\u00ean s\u00e2u, gi\u00fap c\u1ea5p \u1ea9m t\u1ed1i \u0111a cho l\u00e0n da kh\u00f4, b\u00e0n tay v\u00e0 v\u00f9ng da quanh m\u00f3ng.<\/p>\n<\/li>\n<li>\n<p data-path-to-node=\"10,1,0\"><b>Ch\u1ea5t t\u1ea9y trang <\/b>t\u1ef1 nhi\u00ean m\u1ea1nh m\u1ebd nh\u01b0ng d\u1ecbu nh\u1eb9, an to\u00e0n cho c\u1ea3 v\u00f9ng da quanh m\u1eaft.<\/p>\n<\/li>\n<li>\n<p data-path-to-node=\"10,2,0\"><b>M\u1eb7t n\u1ea1 \u1ee7 t\u00f3c<\/b> d\u01b0\u1ee1ng s\u00e2u, gi\u00fap ph\u1ee5c h\u1ed3i \u0111\u1ed9 b\u00f3ng m\u01b0\u1ee3t v\u00e0 t\u0103ng c\u01b0\u1eddng s\u1ee9c kh\u1ecfe cho m\u00e1i t\u00f3c.<\/p>\n<\/li>\n<li>\n<p data-path-to-node=\"10,3,0\">N\u1ec1n d\u1ea7u t\u1ef1 nhi\u00ean ho\u00e0n h\u1ea3o \u0111\u1ec3 lo\u1ea1i b\u1ecf t\u1ebf b\u00e0o ch\u1ebft, d\u01b0\u1ee1ng th\u1ec3 v\u00e0 c\u00e1c h\u1ed7n h\u1ee3p tinh d\u1ea7u.<\/p>\n<\/li>\n<\/ul>\n<h3 data-path-to-node=\"11\"><b>T\u1ed5ng quan nh\u1eefng n\u00e9t n\u1ed5i b\u1eadt<\/b><\/h3>\n<table data-path-to-node=\"12\">\n<thead>\n<tr>\n<td><strong>\u0110\u1eb7c \u0111i\u1ec3m<\/strong><\/td>\n<td><strong>M\u00f4 t\u1ea3<\/strong><\/td>\n<\/tr>\n<\/thead>\n<tbody>\n<tr>\n<td><span data-path-to-node=\"12,1,0,0\"><b>Tinh khi\u1ebft<\/b><\/span><\/td>\n<td><span data-path-to-node=\"12,1,1,0\">D\u1ea7u D\u1eeba 100% Duy nh\u1ea5t m\u1ed9t th\u00e0nh ph\u1ea7n<\/span><\/td>\n<\/tr>\n<tr>\n<td><span data-path-to-node=\"12,2,0,0\"><b>Quy tr\u00ecnh<\/b><\/span><\/td>\n<td><span data-path-to-node=\"12,2,1,0\">Th\u00f4, \u00e9p l\u1ea1nh, nguy\u00ean ch\u1ea5t<\/span><\/td>\n<\/tr>\n<tr>\n<td><span data-path-to-node=\"12,3,0,0\"><b>Ch\u1ebf \u0111\u1ed9 \u0103n<\/b><\/span><\/td>\n<td><span data-path-to-node=\"12,3,1,0\">Ho\u00e0n to\u00e0n t\u1ef1 nhi\u00ean, thu\u1ea7n chay, kh\u00f4ng Glutent, kh\u00f4ng bi\u1ebfn \u0111\u1ed5i gen<\/span><\/td>\n<\/tr>\n<tr>\n<td><span data-path-to-node=\"12,4,0,0\"><b>K\u1ebft c\u1ea5u<\/b><\/span><\/td>\n<td><span data-path-to-node=\"12,4,1,0\">D\u1ea1ng r\u1eafn \u1edf nhi\u1ec7t \u0111\u1ed9 ph\u00f2ng, tan ch\u1ea3y th\u00e0nh d\u1ea7u trong su\u1ed1t<\/span><\/td>\n<\/tr>\n<tr>\n<td><span data-path-to-node=\"12,5,0,0\"><b>T\u00ednh ki\u1ec1m<\/b><\/span><\/td>\n<td><span data-path-to-node=\"12,5,1,0\"><span class=\"math-inline\" data-math=\"\\text&lt;wpml_curved wpml_value='pH'&gt;&lt;\/wpml_curved&gt;\">\u0110\u1ed9 pH t\u1ef1 nhi\u00ean cao h\u01a1n, h\u1ed7 tr\u1ee3 t\u1ebf b\u00e0o ho\u1ea1t \u0111\u1ed9ng t\u1ed1t h\u01a1n<\/span><\/span><\/td>\n<\/tr>\n<\/tbody>\n<\/table>\n<p><b>Nu\u00f4i d\u01b0\u1ee1ng c\u01a1 th\u1ec3 b\u1ea1n b\u1eb1ng s\u1ee9c m\u1ea1nh tinh khi\u1ebft, nguy\u00ean b\u1ea3n t\u1eeb thi\u00ean nhi\u00ean. H\u00e3y chuy\u1ec3n sang l\u1ef1a ch\u1ecdn D\u1ea7u D\u1eeba Ki\u1ec1m Th\u00f4 100% ch\u1ea5t l\u01b0\u1ee3ng v\u01b0\u1ee3t tr\u1ed9i ngay h\u00f4m nay! <\/b><\/p>\n<\/div>\n","protected":false},"excerpt":{"rendered":"<p data-path-to-node=\"1\"><b>100% Th\u00f4, Nguy\u00ean ch\u1ea5t v\u00e0 S\u1eb5n s\u00e0ng cho m\u1ecdi nhu c\u1ea7u s\u1eed d\u1ee5ng<\/b><\/p>\n<p data-path-to-node=\"2\">Tr\u1ea3i nghi\u1ec7m s\u1ef1 kh\u00e1c bi\u1ec7t c\u1ee7a tinh khi\u1ebft \u0111\u00edch th\u1ef1c. <b>D\u1ea7u D\u1eeba Ki\u1ec1m Th\u00f4 100%<\/b> c\u1ee7a ch\u00fang t\u00f4i \u0111\u01b0\u1ee3c \u00e9p l\u1ea1nh v\u00e0 \u0111\u01b0\u1ee3c x\u1eed l\u00fd \u1edf m\u1ee9c \u0111\u01a1n gi\u1ea3n nh\u1ea5t, gi\u1eef \u0111\u01b0\u1ee3c m\u1ecdi ch\u1ea5t dinh d\u01b0\u1ee1ng c\u1ea7n thi\u1ebft v\u00e0 enzyme thi\u1ebft y\u1ebfu. V\u1edbi ch\u1ec9 m\u1ed9t th\u00e0nh ph\u1ea7n duy nh\u1ea5t, ho\u00e0n to\u00e0n t\u1ef1 nhi\u00ean v\u00e0 l\u00e0 si\u00eau th\u1ef1c ph\u1ea9m \u0111\u01b0\u1ee3c ch\u1ee9ng nh\u1eadn thu\u1ea7n chay, \u0111\u00e2y l\u00e0 l\u1ef1a ch\u1ecdn \u0111a n\u0103ng cho n\u1ea5u \u0103n l\u00e0nh m\u1ea1nh, l\u00e0n da r\u1ea1ng r\u1ee1 v\u00e0 m\u00e1i t\u00f3c ch\u1eafc kh\u1ecfe  <\/p>\n","protected":false},"featured_media":12527,"template":"","meta":[],"pwb-brand":[285,297],"product_cat":[397,278,402,401,199],"product_tag":[],"class_list":{"0":"post-12683","1":"product","2":"type-product","3":"status-publish","4":"has-post-thumbnail","6":"pwb-brand-baluchon-vi","7":"pwb-brand-coconam-vi","8":"product_cat-cham-soc-co-the","9":"product_cat-cham-soc-toc-vi","10":"product_cat-dau-dua","11":"product_cat-duong-am","12":"product_cat-duong-toc","14":"first","15":"instock","16":"shipping-taxable","17":"purchasable","18":"product-type-simple"},"acf":[],"brands":[{"id":285,"name":"Baluchon","slug":"baluchon-vi"},{"id":297,"name":"Coconam","slug":"coconam-vi"}],"_links":{"self":[{"href":"https:\/\/bynature.vn\/vi\/wp-json\/wp\/v2\/product\/12683","targetHints":{"allow":["GET"]}}],"collection":[{"href":"https:\/\/bynature.vn\/vi\/wp-json\/wp\/v2\/product"}],"about":[{"href":"https:\/\/bynature.vn\/vi\/wp-json\/wp\/v2\/types\/product"}],"wp:featuredmedia":[{"embeddable":true,"href":"https:\/\/bynature.vn\/vi\/wp-json\/wp\/v2\/media\/12527"}],"wp:attachment":[{"href":"https:\/\/bynature.vn\/vi\/wp-json\/wp\/v2\/media?parent=12683"}],"wp:term":[{"taxonomy":"pwb-brand","embeddable":true,"href":"https:\/\/bynature.vn\/vi\/wp-json\/wp\/v2\/pwb-brand?post=12683"},{"taxonomy":"product_cat","embeddable":true,"href":"https:\/\/bynature.vn\/vi\/wp-json\/wp\/v2\/product_cat?post=12683"},{"taxonomy":"product_tag","embeddable":true,"href":"https:\/\/bynature.vn\/vi\/wp-json\/wp\/v2\/product_tag?post=12683"}],"curies":[{"name":"wp","href":"https:\/\/api.w.org\/{rel}","templated":true}]}}