{"id":5934,"date":"2023-12-18T14:33:43","date_gmt":"2023-12-18T07:33:43","guid":{"rendered":"https:\/\/bynature.vn\/?page_id=5934"},"modified":"2024-04-16T10:15:06","modified_gmt":"2024-04-16T03:15:06","slug":"tuoi-moi-tien-loi","status":"publish","type":"page","link":"https:\/\/bynature.vn\/vi\/tuoi-moi-tien-loi\/","title":{"rendered":"T\u01b0\u01a1i M\u1edbi &amp; Ti\u1ec7n L\u1ee3i"},"content":{"rendered":"<h6>T\u01b0\u01a1i m\u1edbi v\u00e0 ti\u1ec7n l\u1ee3i<\/h6>\n<p id=\"input_line_0\" style=\"text-align: justify;\"><span id=\"input_part_0\" class=\"\" data-mention=\"S\u1ef1 thu\u1eadn ti\u1ec7n l\u00e0 y\u1ebfu t\u1ed1 then ch\u1ed1t khi n\u00f3i \u0111\u1ebfn ByNature, n\u01a1i ch\u00fang t\u00f4i c\u1ed1 g\u1eafng cung c\u1ea5p cho kh\u00e1ch h\u00e0ng tr\u1ea3i nghi\u1ec7m mua s\u1eafm hi\u1ec7u qu\u1ea3 v\u00e0 d\u1ec5 d\u00e0ng nh\u1ea5t. Cho d\u00f9 b\u1ea1n \u0111ang t\u00ecm ki\u1ebfm c\u00e1c s\u1ea3n ph\u1ea9m h\u1eefu c\u01a1, t\u1ef1 nhi\u00ean hay c\u00e1c s\u1ea3n ph\u1ea9m thay th\u1ebf th\u00e2n thi\u1ec7n v\u1edbi m\u00f4i tr\u01b0\u1eddng, trang web c\u1ee7a ch\u00fang t\u00f4i \u0111\u1ec1u cung c\u1ea5p nhi\u1ec1u l\u1ef1a ch\u1ecdn m\u1eb7t h\u00e0ng m\u00e0 b\u1ea1n c\u00f3 th\u1ec3 d\u1ec5 d\u00e0ng duy\u1ec7t qua v\u00e0 mua tho\u1ea3i m\u00e1i t\u1ea1i nh\u00e0 ri\u00eang c\u1ee7a m\u00ecnh.\">T\u01b0\u01a1i m\u1edbi v\u00e0 ti\u1ec7n l\u1ee3i l\u00e0 m\u1ed9t trong nh\u1eefng n\u00e9t \u0111\u1eb7c tr\u01b0ng khi nh\u1eafc \u0111\u1ebfn ByNature. ByNature lu\u00f4n c\u1ed1 g\u1eafng mang \u0111\u1ebfn cho b\u1ea1n nh\u1eefng tr\u1ea3i nghi\u1ec7m mua s\u1eafm d\u1ec5 d\u00e0ng v\u00e0 hi\u1ec7u qu\u1ea3 nh\u1ea5t. <\/span><\/p>\n<p style=\"text-align: justify;\"><span id=\"input_part_0\" class=\"\" data-mention=\"S\u1ef1 thu\u1eadn ti\u1ec7n l\u00e0 y\u1ebfu t\u1ed1 then ch\u1ed1t khi n\u00f3i \u0111\u1ebfn ByNature, n\u01a1i ch\u00fang t\u00f4i c\u1ed1 g\u1eafng cung c\u1ea5p cho kh\u00e1ch h\u00e0ng tr\u1ea3i nghi\u1ec7m mua s\u1eafm hi\u1ec7u qu\u1ea3 v\u00e0 d\u1ec5 d\u00e0ng nh\u1ea5t. Cho d\u00f9 b\u1ea1n \u0111ang t\u00ecm ki\u1ebfm c\u00e1c s\u1ea3n ph\u1ea9m h\u1eefu c\u01a1, t\u1ef1 nhi\u00ean hay c\u00e1c s\u1ea3n ph\u1ea9m thay th\u1ebf th\u00e2n thi\u1ec7n v\u1edbi m\u00f4i tr\u01b0\u1eddng, trang web c\u1ee7a ch\u00fang t\u00f4i \u0111\u1ec1u cung c\u1ea5p nhi\u1ec1u l\u1ef1a ch\u1ecdn m\u1eb7t h\u00e0ng m\u00e0 b\u1ea1n c\u00f3 th\u1ec3 d\u1ec5 d\u00e0ng duy\u1ec7t qua v\u00e0 mua tho\u1ea3i m\u00e1i t\u1ea1i nh\u00e0 ri\u00eang c\u1ee7a m\u00ecnh.\">B\u1ea1n \u0111ang t\u00ecm ki\u1ebfm c\u00e1c s\u1ea3n ph\u1ea9m h\u1eefu c\u01a1, c\u00f3 ngu\u1ed3n g\u1ed1c thu\u1eadn t\u1ef1 nhi\u00ean hay c\u00e1c s\u1ea3n ph\u1ea9m xanh th\u00e2n thi\u1ec7n v\u1edbi m\u00f4i tr\u01b0\u1eddng? ByNature v\u1edbi \u0111a d\u1ea1ng c\u00e1c s\u1ea3n ph\u1ea9m s\u1ebd mang \u0111\u1ebfn cho b\u1ea1n nhi\u1ec1u s\u1ef1 l\u1ef1a ch\u1ecdn v\u00e0 tr\u1ea3i nghi\u1ec7m s\u1ea3n ph\u1ea9m tuy\u1ec7t v\u1eddi.<\/span><\/p>\n<p id=\"input_line_2\" style=\"text-align: justify;\"><span id=\"input_part_0\" class=\"\" data-mention=\"V\u1edbi c\u00e1c t\u00f9y ch\u1ecdn v\u1eadn chuy\u1ec3n v\u00e0 giao h\u00e0ng thu\u1eadn ti\u1ec7n, b\u1ea1n c\u00f3 th\u1ec3 giao s\u1ea3n ph\u1ea9m \u0111\u1ebfn t\u1eadn nh\u00e0, ti\u1ebft ki\u1ec7m th\u1eddi gian v\u00e0 c\u00f4ng s\u1ee9c. Ngo\u00e0i ra, nh\u00f3m d\u1ecbch v\u1ee5 kh\u00e1ch h\u00e0ng c\u1ee7a ch\u00fang t\u00f4i lu\u00f4n s\u1eb5n s\u00e0ng h\u1ed7 tr\u1ee3 b\u1ea1n n\u1ebfu b\u1ea1n c\u00f3 b\u1ea5t k\u1ef3 c\u00e2u h\u1ecfi ho\u1eb7c th\u1eafc m\u1eafc n\u00e0o, \u0111\u1ea3m b\u1ea3o tr\u1ea3i nghi\u1ec7m mua s\u1eafm thu\u1eadn ti\u1ec7n v\u00e0 su\u00f4n s\u1ebb m\u1ed7i khi b\u1ea1n gh\u00e9 th\u0103m ByNature.\">Song song \u0111\u00f3, v\u1edbi d\u1ecbch v\u1ee5 giao h\u00e0ng t\u1eadn nh\u00e0 v\u00e0 linh \u0111\u1ed9ng th\u1eddi gian c\u1ee7a ByNature, b\u1ea1n s\u1ebd ti\u1ebft ki\u1ec7m \u0111\u01b0\u1ee3c kh\u00e1 nhi\u1ec1u th\u1eddi gian so v\u1edbi vi\u1ec7c ph\u1ea3i t\u1ef1 m\u00ecnh ra ngo\u00e0i mua s\u1eafm, m\u00e0 v\u1eabn \u0111\u1ea3m b\u1ea3o nh\u1eadn \u0111\u01b0\u1ee3c nh\u1eefng s\u1ea3n ph\u1ea9m t\u01b0\u01a1i ngon nh\u1ea5t. Ngo\u00e0i ra, \u0111\u1ed9i ng\u0169 ch\u0103m s\u00f3c kh\u00e1ch h\u00e0ng c\u1ee7a ByNature lu\u00f4n s\u1eb5n s\u00e0ng h\u1ed7 tr\u1ee3 khi b\u1ea1n c\u00f3 b\u1ea5t k\u1ef3 v\u1ea5n \u0111\u1ec1 hay th\u1eafc m\u1eafc n\u00e0o li\u00ean qua \u0111\u1ebfn s\u1ea3n ph\u1ea9m v\u00e0 d\u1ecbch v\u1ee5.<\/span><\/p>\n<p id=\"input_line_4\" style=\"text-align: justify;\"><span id=\"input_part_0\" class=\"\" data-mention=\"ByNature c\u0169ng cung c\u1ea5p d\u1ecbch v\u1ee5 giao h\u00e0ng nhanh ch\u00f3ng v\u00e0 \u0111\u00e1ng tin c\u1eady, gi\u00fap b\u1ea1n d\u1ec5 d\u00e0ng k\u1ebft h\u1ee3p c\u00e1c s\u1ea3n ph\u1ea9m t\u1ef1 nhi\u00ean v\u00e0 b\u1ec1n v\u1eefng v\u00e0o th\u00f3i quen h\u00e0ng ng\u00e0y c\u1ee7a m\u00ecnh. V\u1edbi ByNature, s\u1ef1 ti\u1ec7n l\u1ee3i v\u00e0 b\u1ec1n v\u1eefng lu\u00f4n song h\u00e0nh, khi\u1ebfn n\u01a1i \u0111\u00e2y tr\u1edf th\u00e0nh \u0111i\u1ec3m \u0111\u1ebfn l\u00fd t\u01b0\u1edfng cho nh\u1eefng ai mong mu\u1ed1n c\u00f3 m\u1ed9t l\u1ed1i s\u1ed1ng th\u00e2n thi\u1ec7n v\u1edbi m\u00f4i tr\u01b0\u1eddng h\u01a1n.\">ByNature &#8211; N\u01a1i cung c\u1ea5p cho b\u1ea1n c\u00e1c s\u1ea3n ch\u1ea5t l\u01b0\u1ee3ng v\u1edbi d\u1ecbch v\u1ee5 giao h\u00e0ng nhanh ch\u00f3ng v\u00e0 \u0111\u00e1ng tin c\u1eady &#8211; Lu\u00f4n t\u01b0\u01a1i m\u1edbi v\u00e0 ti\u1ec7n l\u1ee3i, g\u00f3p ph\u1ea7n mang \u0111\u1ebfn cho b\u1ea1n m\u1ed9t l\u1ed1i s\u1ed1ng xanh b\u1ec1n v\u1eefng v\u00e0 th\u00e2n thi\u1ec7n v\u1edbi m\u00f4i tr\u01b0\u1eddng.<\/span><\/p>\n<p style=\"text-align: justify;\">Email:\u00a0<span style=\"text-decoration: underline;\"><span style=\"color: #008000;\"><a style=\"color: #008000; text-decoration: underline;\" href=\"mailto:%20info@bynature.vn\">info@bynature.vn<\/a><\/span><\/span><\/p>\n<p style=\"text-align: justify;\"><span id=\"input_part_0\" class=\"\" data-mention=\"Website:\u00a0bynature.vn\">Website: <span style=\"color: #008000;\"><a style=\"color: #008000;\" href=\"https:\/\/bynature.vn\/vi\/\">bynature.vn<\/a><\/span><\/span><\/p>\n<p><img loading=\"lazy\" decoding=\"async\" class=\"aligncenter wp-image-6068\" src=\"https:\/\/bynature.vn\/wp-content\/uploads\/2023\/12\/bynature-box-300x244.png\" alt=\"fresh and convenient - tuoi moi va tien loi - bynature\" width=\"464\" height=\"377\" srcset=\"https:\/\/bynature.vn\/wp-content\/uploads\/2023\/12\/bynature-box-300x244.png 300w, https:\/\/bynature.vn\/wp-content\/uploads\/2023\/12\/bynature-box-600x487.png 600w, https:\/\/bynature.vn\/wp-content\/uploads\/2023\/12\/bynature-box-768x624.png 768w, https:\/\/bynature.vn\/wp-content\/uploads\/2023\/12\/bynature-box.png 1000w\" sizes=\"auto, (max-width: 464px) 100vw, 464px\" \/><\/p>\n","protected":false},"excerpt":{"rendered":"<p>T\u01b0\u01a1i m\u1edbi v\u00e0 ti\u1ec7n l\u1ee3i T\u01b0\u01a1i m\u1edbi v\u00e0 ti\u1ec7n l\u1ee3i l\u00e0 m\u1ed9t trong nh\u1eefng n\u00e9t \u0111\u1eb7c tr\u01b0ng khi nh\u1eafc \u0111\u1ebfn ByNature. ByNature lu\u00f4n c\u1ed1 g\u1eafng mang \u0111\u1ebfn cho b\u1ea1n nh\u1eefng tr\u1ea3i nghi\u1ec7m mua s\u1eafm d\u1ec5 d\u00e0ng v\u00e0 hi\u1ec7u qu\u1ea3 nh\u1ea5t. B\u1ea1n \u0111ang t\u00ecm ki\u1ebfm c\u00e1c s\u1ea3n ph\u1ea9m h\u1eefu c\u01a1, c\u00f3 ngu\u1ed3n g\u1ed1c thu\u1eadn t\u1ef1 nhi\u00ean &hellip; <\/p>\n<p class=\"link-more\"><a href=\"https:\/\/bynature.vn\/vi\/tuoi-moi-tien-loi\/\" class=\"more-link\">Continue reading<span class=\"screen-reader-text\"> &#8220;T\u01b0\u01a1i M\u1edbi &amp; Ti\u1ec7n L\u1ee3i&#8221;<\/span><\/a><\/p>\n","protected":false},"author":426,"featured_media":0,"parent":0,"menu_order":0,"comment_status":"closed","ping_status":"closed","template":"","meta":{"footnotes":""},"class_list":["post-5934","page","type-page","status-publish","hentry"],"acf":[],"_links":{"self":[{"href":"https:\/\/bynature.vn\/vi\/wp-json\/wp\/v2\/pages\/5934","targetHints":{"allow":["GET"]}}],"collection":[{"href":"https:\/\/bynature.vn\/vi\/wp-json\/wp\/v2\/pages"}],"about":[{"href":"https:\/\/bynature.vn\/vi\/wp-json\/wp\/v2\/types\/page"}],"author":[{"embeddable":true,"href":"https:\/\/bynature.vn\/vi\/wp-json\/wp\/v2\/users\/426"}],"replies":[{"embeddable":true,"href":"https:\/\/bynature.vn\/vi\/wp-json\/wp\/v2\/comments?post=5934"}],"version-history":[{"count":3,"href":"https:\/\/bynature.vn\/vi\/wp-json\/wp\/v2\/pages\/5934\/revisions"}],"predecessor-version":[{"id":9009,"href":"https:\/\/bynature.vn\/vi\/wp-json\/wp\/v2\/pages\/5934\/revisions\/9009"}],"wp:attachment":[{"href":"https:\/\/bynature.vn\/vi\/wp-json\/wp\/v2\/media?parent=5934"}],"curies":[{"name":"wp","href":"https:\/\/api.w.org\/{rel}","templated":true}]}}