{"id":5931,"date":"2023-12-18T14:33:23","date_gmt":"2023-12-18T07:33:23","guid":{"rendered":"https:\/\/bynature.vn\/?page_id=5931"},"modified":"2024-04-16T10:13:46","modified_gmt":"2024-04-16T03:13:46","slug":"thuan-tu-nhien","status":"publish","type":"page","link":"https:\/\/bynature.vn\/vi\/thuan-tu-nhien\/","title":{"rendered":"Thu\u1eadn T\u1ef1 Nhi\u00ean"},"content":{"rendered":"<h6>Thu\u1eadn t\u1ef1 nhi\u00ean<\/h6>\n<p style=\"text-align: justify;\">Xu\u1ea5t ph\u00e1t l\u00e0 m\u1ed9t doanh nghi\u1ec7p gia \u0111\u00ecnh, ByNature t\u00e2m huy\u1ebft v\u1edbi s\u1ee9 m\u1ec7nh mang \u0111\u1ebfn cho b\u1ea1n nh\u1eefng s\u1ea3n ph\u1ea9m ch\u1ea5t l\u01b0\u1ee3ng \u0111\u1ed3ng th\u1eddi h\u1ed7 tr\u1ee3 ng\u01b0\u1eddi n\u00f4ng d\u00e2n, \u0111\u1ed1i t\u00e1c v\u00e0 th\u1ec3 hi\u1ec7n tr\u00e1ch nhi\u1ec7m v\u1edbi m\u00f4i tr\u01b0\u1eddng s\u1ed1ng c\u1ee7a ch\u00fang ta.<\/p>\n<p style=\"text-align: justify;\">C\u00e1c s\u1ea3n ph\u1ea9m ByNature \u0111\u1ec1u c\u00f3 ngu\u1ed3n g\u1ed1c ho\u00e0n to\u00e0n t\u1ef1 nhi\u00ean, kh\u00f4ng ch\u1ee9a h\u00f3a ch\u1ea5t ho\u1eb7c c\u00e1c ch\u1ea5t ph\u1ee5 gia \u0111\u1ed9c h\u1ea1i.<\/p>\n<p style=\"text-align: justify;\">T\u1ea1i c\u00e1c nh\u00e0 v\u01b0\u1eddn v\u00e0 trang tr\u1ea1i \u0111\u1ed1i t\u00e1c, vi\u1ec7c canh t\u00e1c ho\u00e0n to\u00e0n kh\u00f4ng s\u1eed d\u1ee5ng ph\u00e2n b\u00f3n h\u00f3a h\u1ecdc v\u00e0 thu\u1ed1c tr\u1eeb s\u00e2u, thay v\u00e0o \u0111\u00f3, ch\u00fang t\u00f4i l\u1ef1a ch\u1ecdn s\u1eed d\u1ee5ng c\u00e1c ph\u01b0\u01a1ng ph\u00e1p b\u1ec1n v\u1eefng nh\u01b0 ph\u00e1t tri\u1ec3n \u0111\u1ea5t \u0111ai m\u00e0u m\u1ee1, kh\u1ecfe m\u1ea1nh v\u00e0 \u00e1p d\u1ee5ng c\u00e1c bi\u1ec7n ph\u00e1p xen canh, \u0111a canh. ByNature c\u0169ng kh\u00f4ng \u1ee7ng h\u1ed9 vi\u1ec7c s\u1eed d\u1ee5ng c\u00e2y tr\u1ed3ng bi\u1ebfn \u0111\u1ed5i gen, \u01b0u ti\u00ean s\u1eed d\u1ee5ng gi\u1ed1ng n\u1ed9i \u0111\u1ecba v\u00e0 c\u00e2y tr\u1ed3ng n\u1ed9i \u0111\u1ecba.<\/p>\n<p style=\"text-align: justify;\">C\u00e1c s\u1ea3n ph\u1ea9m phi th\u1ef1c ph\u1ea9m kh\u00e1c c\u1ee7a ByNature \u0111\u1ec1u \u0111\u01b0\u1ee3c l\u1ef1a ch\u1ecdn k\u1ef9 c\u00e0ng t\u1eeb nh\u1eefng \u0111\u1ed1i t\u00e1c tin c\u1eady, c\u00f3 chung ni\u1ec1m \u0111am m\u00ea v\u1ec1 c\u00e1c s\u1ea3n ph\u1ea9m t\u1ef1 nhi\u00ean. M\u1ef9 ph\u1ea9m thi\u00ean nhi\u00ean ByNature \u0111\u1ea3m b\u1ea3o kh\u00f4ng ch\u1ee9a h\u00f3a ch\u1ea5t v\u00e0 paraben, \u0111\u1ea3m b\u1ea3o an to\u00e0n cho s\u1ee9c kho\u1ebb.<\/p>\n<p style=\"text-align: justify;\">Ch\u00fang ta ng\u00e0y c\u00e0ng \u00fd th\u1ee9c h\u01a1n v\u1ec1 t\u00e1c h\u1ea1i c\u1ee7a c\u00e1c th\u00e0nh ph\u1ea7n nh\u00e2n t\u1ea1o \u0111\u1ebfn s\u1ee9c kho\u1ebb, v\u00ec v\u1eady, ng\u00e0y c\u00e0ng nhi\u1ec1u ng\u01b0\u1eddi ti\u00eau d\u00f9ng l\u1ef1a ch\u1ecdn v\u00e0 \u01b0u ti\u00ean s\u1eed d\u1ee5ng c\u00e1c s\u1ea3n ph\u1ea9m c\u00f3 ngu\u1ed3n g\u1ed1c thi\u00ean nhi\u00ean, h\u1ea1n ch\u1ebf ho\u00e1 ch\u1ea5t v\u00e0 c\u00e1c ch\u1ea5t ph\u1ee5 gia. H\u01a1n n\u1eefa, vi\u1ec7c s\u1eed d\u1ee5ng c\u00e1c s\u1ea3n ph\u1ea9m thi\u00ean nhi\u00ean c\u0169ng g\u00f3p ph\u1ea7n b\u1ea3o v\u1ec7 t\u1ef1 nhi\u00ean v\u00e0 m\u00f4i tr\u01b0\u1eddng s\u1ed1ng.<\/p>\n<p style=\"text-align: justify;\">Email:\u00a0<span style=\"text-decoration: underline;\"><span style=\"color: #008000;\"><a style=\"color: #008000; text-decoration: underline;\" href=\"mailto:%20info@bynature.vn\">info@bynature.vn<\/a><\/span><\/span><\/p>\n<p style=\"text-align: justify;\"><span id=\"input_part_0\" class=\"\" data-mention=\"Website:\u00a0bynature.vn\">Website: <span style=\"color: #008000;\"><a style=\"color: #008000;\" href=\"https:\/\/bynature.vn\/vi\/\">bynature.vn<\/a><\/span><\/span><\/p>\n","protected":false},"excerpt":{"rendered":"<p>Thu\u1eadn t\u1ef1 nhi\u00ean Xu\u1ea5t ph\u00e1t l\u00e0 m\u1ed9t doanh nghi\u1ec7p gia \u0111\u00ecnh, ByNature t\u00e2m huy\u1ebft v\u1edbi s\u1ee9 m\u1ec7nh mang \u0111\u1ebfn cho b\u1ea1n nh\u1eefng s\u1ea3n ph\u1ea9m ch\u1ea5t l\u01b0\u1ee3ng \u0111\u1ed3ng th\u1eddi h\u1ed7 tr\u1ee3 ng\u01b0\u1eddi n\u00f4ng d\u00e2n, \u0111\u1ed1i t\u00e1c v\u00e0 th\u1ec3 hi\u1ec7n tr\u00e1ch nhi\u1ec7m v\u1edbi m\u00f4i tr\u01b0\u1eddng s\u1ed1ng c\u1ee7a ch\u00fang ta. C\u00e1c s\u1ea3n ph\u1ea9m ByNature \u0111\u1ec1u c\u00f3 ngu\u1ed3n g\u1ed1c &hellip; <\/p>\n<p class=\"link-more\"><a href=\"https:\/\/bynature.vn\/vi\/thuan-tu-nhien\/\" class=\"more-link\">Continue reading<span class=\"screen-reader-text\"> &#8220;Thu\u1eadn T\u1ef1 Nhi\u00ean&#8221;<\/span><\/a><\/p>\n","protected":false},"author":426,"featured_media":0,"parent":0,"menu_order":0,"comment_status":"closed","ping_status":"closed","template":"","meta":{"footnotes":""},"class_list":["post-5931","page","type-page","status-publish","hentry"],"acf":[],"_links":{"self":[{"href":"https:\/\/bynature.vn\/vi\/wp-json\/wp\/v2\/pages\/5931","targetHints":{"allow":["GET"]}}],"collection":[{"href":"https:\/\/bynature.vn\/vi\/wp-json\/wp\/v2\/pages"}],"about":[{"href":"https:\/\/bynature.vn\/vi\/wp-json\/wp\/v2\/types\/page"}],"author":[{"embeddable":true,"href":"https:\/\/bynature.vn\/vi\/wp-json\/wp\/v2\/users\/426"}],"replies":[{"embeddable":true,"href":"https:\/\/bynature.vn\/vi\/wp-json\/wp\/v2\/comments?post=5931"}],"version-history":[{"count":3,"href":"https:\/\/bynature.vn\/vi\/wp-json\/wp\/v2\/pages\/5931\/revisions"}],"predecessor-version":[{"id":9005,"href":"https:\/\/bynature.vn\/vi\/wp-json\/wp\/v2\/pages\/5931\/revisions\/9005"}],"wp:attachment":[{"href":"https:\/\/bynature.vn\/vi\/wp-json\/wp\/v2\/media?parent=5931"}],"curies":[{"name":"wp","href":"https:\/\/api.w.org\/{rel}","templated":true}]}}