{"id":5310,"date":"2023-10-22T13:12:55","date_gmt":"2023-10-22T06:12:55","guid":{"rendered":"https:\/\/bynature.vn\/?page_id=5310"},"modified":"2026-01-31T22:24:05","modified_gmt":"2026-01-31T15:24:05","slug":"chinh-sach-bao-mat","status":"publish","type":"page","link":"https:\/\/bynature.vn\/vi\/chinh-sach-bao-mat\/","title":{"rendered":"Ch\u00ednh s\u00e1ch b\u1ea3o m\u1eadt"},"content":{"rendered":"\n<h2 class=\"wp-block-heading has-text-align-center\">Ch\u00ednh s\u00e1ch b\u1ea3o m\u1eadt c\u1ee7a ByNature<\/h2>\n\n\n\n<p class=\"has-text-align-center\">C\u00f3 hi\u1ec7u l\u1ef1c t\u1eeb ng\u00e0y 27 th\u00e1ng 6 n\u0103m 2019<\/p>\n\n\n<p>ByNature v\u1eadn h\u00e0nh trang web <span style=\"text-decoration: underline; color: #008000;\"><a style=\"color: #008000; text-decoration: underline;\" href=\"https:\/\/bynature.vn\/\">www.bynature.vn<\/a><\/span>, cung c\u1ea5p d\u1ecbch v\u1ee5 b\u00e1n c\u00e1c s\u1ea3n ph\u1ea9m.<\/p>\n<p>Trang n\u00e0y \u0111\u01b0\u1ee3c s\u1eed d\u1ee5ng \u0111\u1ec3 th\u00f4ng b\u00e1o cho kh\u00e1ch h\u00e0ng truy c\u1eadp trang web v\u1ec1 c\u00e1c ch\u00ednh s\u00e1ch c\u1ee7a ch\u00fang t\u00f4i v\u1ec1 vi\u1ec7c thu th\u1eadp, s\u1eed d\u1ee5ng v\u00e0 ti\u1ebft l\u1ed9 Th\u00f4ng tin C\u00e1 nh\u00e2n n\u1ebfu b\u1ea5t k\u1ef3 ai quy\u1ebft \u0111\u1ecbnh s\u1eed d\u1ee5ng D\u1ecbch v\u1ee5 c\u1ee7a ch\u00fang t\u00f4i qua trang web <span style=\"text-decoration: underline; color: #008000;\"><a style=\"color: #008000; text-decoration: underline;\" href=\"https:\/\/bynature.vn\/\">www.bynature.vn<\/a><\/span> ho\u1eb7c c\u00e1c tin nh\u1eafn\/ ph\u01b0\u01a1ng ti\u1ec7n truy\u1ec1n th\u00f4ng x\u00e3 h\u1ed9i c\u00f3 li\u00ean quan.<\/p>\n<h2 data-start=\"112\" data-end=\"152\">M\u1ee5c \u0111\u00edch thu th\u1eadp th\u00f4ng tin c\u00e1 nh\u00e2n<\/h2>\n<p data-start=\"154\" data-end=\"391\">Ch\u00fang t\u00f4i thu th\u1eadp th\u00f4ng tin c\u1ee7a b\u1ea1n nh\u1eb1m x\u1eed l\u00fd \u0111\u01a1n h\u00e0ng, giao s\u1ea3n ph\u1ea9m v\u00e0 cung c\u1ea5p d\u1ecbch v\u1ee5 h\u1ed7 tr\u1ee3 kh\u00e1ch h\u00e0ng. N\u1ebfu b\u1ea1n \u0111\u1ed3ng \u00fd \u0111\u0103ng k\u00fd, ch\u00fang t\u00f4i c\u0169ng c\u00f3 th\u1ec3 s\u1eed d\u1ee5ng th\u00f4ng tin c\u1ee7a b\u1ea1n \u0111\u1ec3 g\u1eedi b\u1ea3n tin v\u00e0 c\u00e1c c\u1eadp nh\u1eadt m\u1edbi nh\u1ea5t t\u1eeb ByNature.<\/p>\n<p data-start=\"393\" data-end=\"584\">C\u00e1c thu\u1eadt ng\u1eef \u0111\u01b0\u1ee3c s\u1eed d\u1ee5ng trong Ch\u00ednh s\u00e1ch B\u1ea3o m\u1eadt n\u00e0y c\u00f3 c\u00f9ng \u00fd ngh\u0129a nh\u01b0 trong \u0110i\u1ec1u kho\u1ea3n &amp; \u0110i\u1ec1u ki\u1ec7n, c\u00f3 th\u1ec3 truy c\u1eadp \u1edf ph\u00eda tr\u00ean, tr\u1eeb khi c\u00f3 \u0111\u1ecbnh ngh\u0129a kh\u00e1c trong Ch\u00ednh s\u00e1ch B\u1ea3o m\u1eadt n\u00e0y.<\/p>\n<p data-start=\"591\" data-end=\"621\"><strong>Ph\u1ea1m vi s\u1eed d\u1ee5ng th\u00f4ng tin<\/strong><\/p>\n<p data-start=\"623\" data-end=\"710\">Th\u00f4ng tin c\u1ee7a b\u1ea1n ch\u1ec9 \u0111\u01b0\u1ee3c s\u1eed d\u1ee5ng cho c\u00e1c m\u1ee5c \u0111\u00edch n\u1ed9i b\u1ed9 c\u1ee7a doanh nghi\u1ec7p, bao g\u1ed3m:<\/p>\n<ul>\n<li data-start=\"712\" data-end=\"751\">\n<p data-start=\"714\" data-end=\"751\">X\u1eed l\u00fd v\u00e0 ho\u00e0n t\u1ea5t \u0111\u01a1n mua h\u00e0ng.<\/p>\n<\/li>\n<li data-start=\"752\" data-end=\"814\">\n<p data-start=\"754\" data-end=\"814\">Li\u00ean h\u1ec7 v\u1edbi b\u1ea1n li\u00ean quan \u0111\u1ebfn t\u00e0i kho\u1ea3n ho\u1eb7c \u0111\u01a1n h\u00e0ng.<\/p>\n<\/li>\n<li data-start=\"817\" data-end=\"863\">C\u1ea3i thi\u1ec7n ch\u1ea5t l\u01b0\u1ee3ng website v\u00e0 d\u1ecbch v\u1ee5.<\/li>\n<\/ul>\n<p data-start=\"870\" data-end=\"902\"><strong>c) Th\u1eddi gian l\u01b0u tr\u1eef th\u00f4ng tin<\/strong><\/p>\n<p data-start=\"904\" data-end=\"1192\">Ch\u00fang t\u00f4i s\u1ebd l\u01b0u tr\u1eef d\u1eef li\u1ec7u c\u00e1 nh\u00e2n c\u1ee7a b\u1ea1n trong th\u1eddi gian t\u00e0i kho\u1ea3n c\u1ee7a b\u1ea1n c\u00f2n ho\u1ea1t \u0111\u1ed9ng ho\u1eb7c trong kho\u1ea3ng th\u1eddi gian c\u1ea7n thi\u1ebft \u0111\u1ec3 th\u1ef1c hi\u1ec7n c\u00e1c ngh\u0129a v\u1ee5 ph\u00e1p l\u00fd v\u00e0 thu\u1ebf. N\u1ebfu b\u1ea1n y\u00eau c\u1ea7u x\u00f3a t\u00e0i kho\u1ea3n, d\u1eef li\u1ec7u c\u1ee7a b\u1ea1n s\u1ebd \u0111\u01b0\u1ee3c lo\u1ea1i b\u1ecf kh\u1ecfi h\u1ec7 th\u1ed1ng d\u1eef li\u1ec7u \u0111ang ho\u1ea1t \u0111\u1ed9ng c\u1ee7a ch\u00fang t\u00f4i.<\/p>\n<p data-start=\"1199\" data-end=\"1248\"><strong>d) C\u00e1 nh\u00e2n ho\u1eb7c t\u1ed5 ch\u1ee9c \u0111\u01b0\u1ee3c ti\u1ebfp c\u1eadn th\u00f4ng tin<\/strong><\/p>\n<p data-start=\"1250\" data-end=\"1332\">Ch\u00fang t\u00f4i kh\u00f4ng b\u00e1n d\u1eef li\u1ec7u c\u1ee7a b\u1ea1n. Quy\u1ec1n truy c\u1eadp th\u00f4ng tin \u0111\u01b0\u1ee3c gi\u1edbi h\u1ea1n cho:<\/p>\n<ul data-start=\"1334\" data-end=\"1575\">\n<li data-start=\"1334\" data-end=\"1401\">\n<p data-start=\"1336\" data-end=\"1401\"><strong data-start=\"1336\" data-end=\"1358\">Nh\u00e2n vi\u00ean ByNature<\/strong> c\u1ea7n th\u00f4ng tin \u0111\u1ec3 x\u1eed l\u00fd \u0111\u01a1n h\u00e0ng c\u1ee7a b\u1ea1n.<\/p>\n<\/li>\n<li data-start=\"1402\" data-end=\"1494\">\n<p data-start=\"1404\" data-end=\"1494\"><strong data-start=\"1404\" data-end=\"1426\">\u0110\u1ed1i t\u00e1c b\u00ean th\u1ee9 ba<\/strong> nh\u01b0 \u0111\u01a1n v\u1ecb v\u1eadn chuy\u1ec3n v\u00e0 c\u1ed5ng thanh to\u00e1n nh\u1eb1m ho\u00e0n t\u1ea5t giao d\u1ecbch.<\/p>\n<\/li>\n<li data-start=\"1495\" data-end=\"1575\">\n<p data-start=\"1497\" data-end=\"1575\"><strong data-start=\"1497\" data-end=\"1522\">C\u01a1 quan c\u00f3 th\u1ea9m quy\u1ec1n<\/strong> khi c\u00f3 y\u00eau c\u1ea7u theo quy \u0111\u1ecbnh c\u1ee7a ph\u00e1p lu\u1eadt Vi\u1ec7t Nam.<\/p>\n<\/li>\n<\/ul>\n<p data-start=\"1582\" data-end=\"1624\"><strong>Truy c\u1eadp v\u00e0 ch\u1ec9nh s\u1eeda d\u1eef li\u1ec7u c\u00e1 nh\u00e2n<\/strong><\/p>\n<p data-start=\"1626\" data-end=\"1721\">B\u1ea1n c\u00f3 th\u1ec3 truy c\u1eadp, xem x\u00e9t v\u00e0 c\u1eadp nh\u1eadt th\u00f4ng tin c\u00e1 nh\u00e2n c\u1ee7a m\u00ecnh b\u1ea5t c\u1ee9 l\u00fac n\u00e0o b\u1eb1ng c\u00e1ch:<\/p>\n<ol data-start=\"1723\" data-end=\"1880\">\n<li data-start=\"1723\" data-end=\"1779\">\n<p data-start=\"1726\" data-end=\"1779\">\u0110\u0103ng nh\u1eadp v\u00e0o t\u00e0i kho\u1ea3n tr\u00ean website c\u1ee7a ch\u00fang t\u00f4i.<\/p>\n<\/li>\n<li data-start=\"1780\" data-end=\"1880\">\n<p data-start=\"1783\" data-end=\"1880\">Li\u00ean h\u1ec7 tr\u1ef1c ti\u1ebfp qua email <strong data-start=\"1811\" data-end=\"1832\"><a class=\"decorated-link cursor-pointer\" rel=\"noopener\" data-start=\"1813\" data-end=\"1830\">signe@bynature.vn<\/a><\/strong> \u0111\u1ec3 y\u00eau c\u1ea7u ch\u1ec9nh s\u1eeda th\u1ee7 c\u00f4ng ho\u1eb7c x\u00f3a d\u1eef li\u1ec7u.<\/p>\n<\/li>\n<\/ol>\n<h2 data-start=\"1887\" data-end=\"1918\"><strong>D\u1eef li\u1ec7u nh\u1eadt k\u00fd<\/strong><\/h2>\n<p data-start=\"1920\" data-end=\"2266\">Ch\u00fang t\u00f4i xin th\u00f4ng b\u00e1o r\u1eb1ng m\u1ed7i khi b\u1ea1n truy c\u1eadp D\u1ecbch v\u1ee5 c\u1ee7a ch\u00fang t\u00f4i, ch\u00fang t\u00f4i s\u1ebd thu th\u1eadp th\u00f4ng tin m\u00e0 tr\u00ecnh duy\u1ec7t c\u1ee7a b\u1ea1n g\u1eedi \u0111\u1ebfn, g\u1ecdi l\u00e0 D\u1eef li\u1ec7u Nh\u1eadt k\u00fd. D\u1eef li\u1ec7u n\u00e0y c\u00f3 th\u1ec3 bao g\u1ed3m \u0111\u1ecba ch\u1ec9 IP c\u1ee7a m\u00e1y t\u00ednh, phi\u00ean b\u1ea3n tr\u00ecnh duy\u1ec7t, c\u00e1c trang b\u1ea1n truy c\u1eadp, ng\u00e0y gi\u1edd truy c\u1eadp, th\u1eddi gian b\u1ea1n \u1edf l\u1ea1i tr\u00ean c\u00e1c trang \u0111\u00f3 v\u00e0 c\u00e1c s\u1ed1 li\u1ec7u th\u1ed1ng k\u00ea kh\u00e1c.<\/p>\n<h2 data-start=\"2273\" data-end=\"2285\"><strong>Cookies<\/strong><\/h2>\n<p data-start=\"2287\" data-end=\"2472\">Cookies l\u00e0 c\u00e1c t\u1ec7p ch\u1ee9a m\u1ed9t l\u01b0\u1ee3ng nh\u1ecf d\u1eef li\u1ec7u, th\u01b0\u1eddng \u0111\u01b0\u1ee3c s\u1eed d\u1ee5ng nh\u01b0 m\u1ed9t m\u00e3 \u0111\u1ecbnh danh \u1ea9n danh. Cookies \u0111\u01b0\u1ee3c g\u1eedi t\u1eeb website b\u1ea1n truy c\u1eadp v\u00e0 \u0111\u01b0\u1ee3c l\u01b0u tr\u1eef tr\u00ean \u1ed5 c\u1ee9ng m\u00e1y t\u00ednh c\u1ee7a b\u1ea1n.<\/p>\n<p data-start=\"2474\" data-end=\"2740\">Website c\u1ee7a ch\u00fang t\u00f4i s\u1eed d\u1ee5ng cookies \u0111\u1ec3 thu th\u1eadp th\u00f4ng tin v\u00e0 c\u1ea3i thi\u1ec7n d\u1ecbch v\u1ee5. B\u1ea1n c\u00f3 quy\u1ec1n ch\u1ea5p nh\u1eadn ho\u1eb7c t\u1eeb ch\u1ed1i cookies, \u0111\u1ed3ng th\u1eddi bi\u1ebft khi n\u00e0o cookie \u0111\u01b0\u1ee3c g\u1eedi v\u1ec1 m\u00e1y t\u00ednh c\u1ee7a b\u1ea1n. N\u1ebfu b\u1ea1n t\u1eeb ch\u1ed1i cookies, b\u1ea1n c\u00f3 th\u1ec3 kh\u00f4ng s\u1eed d\u1ee5ng \u0111\u01b0\u1ee3c m\u1ed9t s\u1ed1 ph\u1ea7n c\u1ee7a d\u1ecbch v\u1ee5.<\/p>\n<h2 data-start=\"2747\" data-end=\"2772\"><strong>Nh\u00e0 cung c\u1ea5p d\u1ecbch v\u1ee5<\/strong><\/h2>\n<p data-start=\"2774\" data-end=\"2854\">Ch\u00fang t\u00f4i c\u00f3 th\u1ec3 thu\u00ea c\u00e1c c\u00f4ng ty ho\u1eb7c c\u00e1 nh\u00e2n b\u00ean th\u1ee9 ba v\u00ec c\u00e1c m\u1ee5c \u0111\u00edch sau:<\/p>\n<ul data-start=\"2856\" data-end=\"3046\">\n<li data-start=\"2856\" data-end=\"2888\">\n<p data-start=\"2858\" data-end=\"2888\">H\u1ed7 tr\u1ee3 v\u1eadn h\u00e0nh d\u1ecbch v\u1ee5.<\/p>\n<\/li>\n<li data-start=\"2889\" data-end=\"2933\">\n<p data-start=\"2891\" data-end=\"2933\">Cung c\u1ea5p d\u1ecbch v\u1ee5 thay m\u1eb7t ch\u00fang t\u00f4i.<\/p>\n<\/li>\n<li data-start=\"2934\" data-end=\"2988\">\n<p data-start=\"2936\" data-end=\"2988\">Th\u1ef1c hi\u1ec7n c\u00e1c ho\u1ea1t \u0111\u1ed9ng li\u00ean quan \u0111\u1ebfn d\u1ecbch v\u1ee5.<\/p>\n<\/li>\n<li data-start=\"2989\" data-end=\"3046\">\n<p data-start=\"2991\" data-end=\"3046\">H\u1ed7 tr\u1ee3 ph\u00e2n t\u00edch c\u00e1ch ng\u01b0\u1eddi d\u00f9ng s\u1eed d\u1ee5ng d\u1ecbch v\u1ee5.<\/p>\n<\/li>\n<\/ul>\n<p data-start=\"3048\" data-end=\"3310\">Ch\u00fang t\u00f4i th\u00f4ng b\u00e1o t\u1edbi ng\u01b0\u1eddi d\u00f9ng r\u1eb1ng c\u00e1c b\u00ean th\u1ee9 ba n\u00e0y c\u00f3 quy\u1ec1n truy c\u1eadp v\u00e0o Th\u00f4ng tin C\u00e1 nh\u00e2n c\u1ee7a b\u1ea1n nh\u1eb1m th\u1ef1c hi\u1ec7n c\u00e1c nhi\u1ec7m v\u1ee5 \u0111\u01b0\u1ee3c giao thay m\u1eb7t ch\u00fang t\u00f4i. Tuy nhi\u00ean, h\u1ecd c\u00f3 ngh\u0129a v\u1ee5 kh\u00f4ng \u0111\u01b0\u1ee3c ti\u1ebft l\u1ed9 ho\u1eb7c s\u1eed d\u1ee5ng th\u00f4ng tin cho b\u1ea5t k\u1ef3 m\u1ee5c \u0111\u00edch n\u00e0o kh\u00e1c.<\/p>\n<h2><strong>B\u1ea3o v\u1ec7<\/strong><\/h2>\n<p><span style=\"font-weight: 400;\">Ch\u00fang t\u00f4i \u0111\u00e1nh gi\u00e1 cao s\u1ef1 tin t\u01b0\u1edfng c\u1ee7a b\u1ea1n trong vi\u1ec7c cung c\u1ea5p cho ch\u00fang t\u00f4i Th\u00f4ng tin c\u00e1 nh\u00e2n c\u1ee7a b\u1ea1n, do \u0111\u00f3 ch\u00fang t\u00f4i \u0111ang c\u1ed1 g\u1eafng s\u1eed d\u1ee5ng c\u00e1c ph\u01b0\u01a1ng ti\u1ec7n \u0111\u01b0\u1ee3c ch\u1ea5p nh\u1eadn v\u1ec1 m\u1eb7t th\u01b0\u01a1ng m\u1ea1i \u0111\u1ec3 b\u1ea3o v\u1ec7 th\u00f4ng tin \u0111\u00f3. Nh\u01b0ng h\u00e3y nh\u1edb r\u1eb1ng kh\u00f4ng c\u00f3 ph\u01b0\u01a1ng th\u1ee9c truy\u1ec1n t\u1ea3i n\u00e0o qua internet, ho\u1eb7c ph\u01b0\u01a1ng th\u1ee9c l\u01b0u tr\u1eef \u0111i\u1ec7n t\u1eed l\u00e0 an to\u00e0n v\u00e0 \u0111\u00e1ng tin c\u1eady 100%, v\u00e0 ch\u00fang t\u00f4i kh\u00f4ng th\u1ec3 \u0111\u1ea3m b\u1ea3o t\u00ednh b\u1ea3o m\u1eadt tuy\u1ec7t \u0111\u1ed1i c\u1ee7a n\u00f3.<\/span><\/p>\n<h2><strong>Li\u00ean k\u1ebft \u0111\u1ebfn c\u00e1c trang web kh\u00e1c<\/strong><\/h2>\n<p><span style=\"font-weight: 400;\">D\u1ecbch v\u1ee5 c\u1ee7a ch\u00fang t\u00f4i c\u00f3 th\u1ec3 ch\u1ee9a c\u00e1c li\u00ean k\u1ebft \u0111\u1ebfn c\u00e1c trang web kh\u00e1c. N\u1ebfu b\u1ea1n nh\u1ea5p v\u00e0o li\u00ean k\u1ebft c\u1ee7a b\u00ean th\u1ee9 ba, b\u1ea1n s\u1ebd \u0111\u01b0\u1ee3c d\u1eabn \u0111\u1ebfn trang web \u0111\u00f3. L\u01b0u \u00fd r\u1eb1ng c\u00e1c trang web b\u00ean ngo\u00e0i n\u00e0y kh\u00f4ng do ch\u00fang t\u00f4i qu\u1ea3n l\u00fd. Do \u0111\u00f3, ch\u00fang t\u00f4i \u0111\u1eb7c bi\u1ec7t khuy\u00ean b\u1ea1n n\u00ean xem l\u1ea1i Ch\u00ednh s\u00e1ch B\u1ea3o m\u1eadt c\u1ee7a c\u00e1c trang web n\u00e0y. Ch\u00fang t\u00f4i kh\u00f4ng ki\u1ec3m so\u00e1t v\u00e0 kh\u00f4ng ch\u1ecbu tr\u00e1ch nhi\u1ec7m v\u1ec1 n\u1ed9i dung, ch\u00ednh s\u00e1ch b\u1ea3o m\u1eadt ho\u1eb7c th\u1ef1c ti\u1ec5n c\u1ee7a b\u1ea5t k\u1ef3 trang web ho\u1eb7c d\u1ecbch v\u1ee5 n\u00e0o c\u1ee7a b\u00ean th\u1ee9 ba.<\/span><\/p>\n<p>Quy\u1ec1n ri\u00eang t\u01b0 c\u1ee7a tr\u1ebb em<\/p>\n<p>D\u1ecbch v\u1ee5 c\u1ee7a ch\u00fang t\u00f4i kh\u00f4ng \u0111\u1ec1 c\u1eadp \u0111\u1ebfn b\u1ea5t k\u1ef3 ai d\u01b0\u1edbi 13 tu\u1ed5i. Ch\u00fang t\u00f4i kh\u00f4ng c\u1ed1 \u00fd thu th\u1eadp th\u00f4ng tin nh\u1eadn d\u1ea1ng c\u00e1 nh\u00e2n t\u1eeb tr\u1ebb em d\u01b0\u1edbi 13 tu\u1ed5i. Trong tr\u01b0\u1eddng h\u1ee3p ch\u00fang t\u00f4i ph\u00e1t hi\u1ec7n tr\u1ebb em d\u01b0\u1edbi 13 tu\u1ed5i \u0111\u00e3 cung c\u1ea5p th\u00f4ng tin c\u00e1 nh\u00e2n cho ch\u00fang t\u00f4i, ch\u00fang t\u00f4i ngay l\u1eadp t\u1ee9c x\u00f3a th\u00f4ng tin n\u00e0y kh\u1ecfi m\u00e1y ch\u1ee7 c\u1ee7a m\u00ecnh. N\u1ebfu b\u1ea1n l\u00e0 cha m\u1eb9 ho\u1eb7c ng\u01b0\u1eddi gi\u00e1m h\u1ed9 v\u00e0 b\u1ea1n bi\u1ebft r\u1eb1ng con b\u1ea1n \u0111\u00e3 cung c\u1ea5p th\u00f4ng tin c\u00e1 nh\u00e2n cho ch\u00fang t\u00f4i, vui l\u00f2ng li\u00ean h\u1ec7 v\u1edbi ch\u00fang t\u00f4i \u0111\u1ec3 ch\u00fang t\u00f4i c\u00f3 th\u1ec3 th\u1ef1c hi\u1ec7n c\u00e1c h\u00e0nh \u0111\u1ed9ng c\u1ea7n thi\u1ebft.<\/p>\n<h2><strong>C\u00e1c thay \u0111\u1ed5i \u0111\u1ed1i v\u1edbi Ch\u00ednh s\u00e1ch B\u1ea3o m\u1eadt n\u00e0y<\/strong><\/h2>\n<p>Ch\u00fang t\u00f4i c\u00f3 th\u1ec3 c\u1eadp nh\u1eadt Ch\u00ednh s\u00e1ch B\u1ea3o m\u1eadt c\u1ee7a m\u00ecnh theo th\u1eddi gian. V\u00ec v\u1eady, ch\u00fang t\u00f4i khuy\u00ean b\u1ea1n n\u00ean xem l\u1ea1i trang n\u00e0y \u0111\u1ecbnh k\u1ef3 \u0111\u1ec3 c\u1eadp nh\u1eadt nh\u1eefng thay \u0111\u1ed5i. Ch\u00fang t\u00f4i s\u1ebd th\u00f4ng b\u00e1o cho b\u1ea1n v\u1ec1 b\u1ea5t k\u1ef3 thay \u0111\u1ed5i n\u00e0o b\u1eb1ng c\u00e1ch \u0111\u0103ng Ch\u00ednh s\u00e1ch B\u1ea3o m\u1eadt m\u1edbi l\u00ean trang n\u00e0y. Nh\u1eefng thay \u0111\u1ed5i n\u00e0y c\u00f3 hi\u1ec7u l\u1ef1c ngay l\u1eadp t\u1ee9c, sau khi ch\u00fang \u0111\u01b0\u1ee3c \u0111\u0103ng t\u1ea3i. L\u1ea7n c\u1eadp nh\u1eadt g\u1ea7n nh\u1ea5t: th\u00e1ng 1, 2026<\/p>\n<h2><strong>Li\u00ean h\u1ec7 v\u1edbi ch\u00fang t\u00f4i<\/strong><\/h2>\n<p>N\u1ebfu b\u1ea1n c\u00f3 b\u1ea5t k\u1ef3 c\u00e2u h\u1ecfi ho\u1eb7c \u0111\u1ec1 xu\u1ea5t n\u00e0o v\u1ec1 Ch\u00ednh s\u00e1ch B\u1ea3o m\u1eadt c\u1ee7a ch\u00fang t\u00f4i, vui l\u00f2ng li\u00ean h\u1ec7 v\u1edbi ch\u00fang t\u00f4i qua email info@bynature.vn.<\/p>\n<p data-start=\"117\" data-end=\"168\"><strong>Th\u00f4ng tin li\u00ean h\u1ec7 c\u1ee7a \u0111\u01a1n v\u1ecb ki\u1ec3m so\u00e1t d\u1eef li\u1ec7u<\/strong><\/p>\n<p data-start=\"170\" data-end=\"220\">\u0110\u01a1n v\u1ecb thu th\u1eadp v\u00e0 qu\u1ea3n l\u00fd th\u00f4ng tin c\u1ee7a b\u1ea1n l\u00e0:<\/p>\n<ul data-start=\"222\" data-end=\"407\">\n<li data-start=\"222\" data-end=\"245\">\n<p data-start=\"224\" data-end=\"245\"><strong data-start=\"224\" data-end=\"232\">T\u00ean:<\/strong> Signe Kuhl<\/p>\n<\/li>\n<li data-start=\"246\" data-end=\"335\">\n<p data-start=\"248\" data-end=\"335\"><strong data-start=\"248\" data-end=\"260\">\u0110\u1ecba ch\u1ec9:<\/strong> S\u1ed1 18 \u0111\u01b0\u1eddng Tr\u00fac \u0110\u01b0\u1eddng, Ph\u01b0\u1eddng An Kh\u00e1nh, Th\u00e0nh ph\u1ed1 H\u1ed3 Ch\u00ed Minh, Vi\u1ec7t Nam<\/p>\n<\/li>\n<li data-start=\"336\" data-end=\"368\">\n<p data-start=\"338\" data-end=\"368\"><strong data-start=\"338\" data-end=\"348\">Email:<\/strong> <a class=\"decorated-link cursor-pointer\" rel=\"noopener\" data-start=\"349\" data-end=\"366\">signe@bynature.vn<\/a><\/p>\n<\/li>\n<li data-start=\"369\" data-end=\"407\">\n<p data-start=\"371\" data-end=\"407\"><strong data-start=\"371\" data-end=\"389\">S\u1ed1 \u0111i\u1ec7n tho\u1ea1i:<\/strong> +84 934 188 041<\/p>\n<\/li>\n<\/ul>\n<p data-start=\"409\" data-end=\"555\">B\u1ea1n c\u00f3 th\u1ec3 li\u00ean h\u1ec7 v\u1edbi ch\u00fang t\u00f4i b\u1ea5t c\u1ee9 l\u00fac n\u00e0o qua email ho\u1eb7c \u0111i\u1ec7n tho\u1ea1i \u0111\u1ec3 h\u1ecfi v\u1ec1 c\u00e1ch d\u1eef li\u1ec7u c\u00e1 nh\u00e2n c\u1ee7a b\u1ea1n \u0111\u01b0\u1ee3c thu th\u1eadp, s\u1eed d\u1ee5ng v\u00e0 b\u1ea3o v\u1ec7.<\/p>","protected":false},"excerpt":{"rendered":"<p>Ch\u00ednh s\u00e1ch b\u1ea3o m\u1eadt c\u1ee7a ByNature C\u00f3 hi\u1ec7u l\u1ef1c t\u1eeb ng\u00e0y 27 th\u00e1ng 6 n\u0103m 2019 ByNature v\u1eadn h\u00e0nh trang web www.bynature.vn, cung c\u1ea5p d\u1ecbch v\u1ee5 b\u00e1n c\u00e1c s\u1ea3n ph\u1ea9m. Trang n\u00e0y \u0111\u01b0\u1ee3c s\u1eed d\u1ee5ng \u0111\u1ec3 th\u00f4ng b\u00e1o cho kh\u00e1ch h\u00e0ng truy c\u1eadp trang web v\u1ec1 c\u00e1c ch\u00ednh s\u00e1ch c\u1ee7a ch\u00fang t\u00f4i v\u1ec1 vi\u1ec7c thu &hellip; <\/p>\n<p class=\"link-more\"><a href=\"https:\/\/bynature.vn\/vi\/chinh-sach-bao-mat\/\" class=\"more-link\">Continue reading<span class=\"screen-reader-text\"> &#8220;Ch\u00ednh s\u00e1ch b\u1ea3o m\u1eadt&#8221;<\/span><\/a><\/p>\n","protected":false},"author":1,"featured_media":0,"parent":0,"menu_order":0,"comment_status":"closed","ping_status":"open","template":"","meta":{"footnotes":""},"class_list":["post-5310","page","type-page","status-publish","hentry"],"acf":[],"_links":{"self":[{"href":"https:\/\/bynature.vn\/vi\/wp-json\/wp\/v2\/pages\/5310","targetHints":{"allow":["GET"]}}],"collection":[{"href":"https:\/\/bynature.vn\/vi\/wp-json\/wp\/v2\/pages"}],"about":[{"href":"https:\/\/bynature.vn\/vi\/wp-json\/wp\/v2\/types\/page"}],"author":[{"embeddable":true,"href":"https:\/\/bynature.vn\/vi\/wp-json\/wp\/v2\/users\/1"}],"replies":[{"embeddable":true,"href":"https:\/\/bynature.vn\/vi\/wp-json\/wp\/v2\/comments?post=5310"}],"version-history":[{"count":6,"href":"https:\/\/bynature.vn\/vi\/wp-json\/wp\/v2\/pages\/5310\/revisions"}],"predecessor-version":[{"id":13100,"href":"https:\/\/bynature.vn\/vi\/wp-json\/wp\/v2\/pages\/5310\/revisions\/13100"}],"wp:attachment":[{"href":"https:\/\/bynature.vn\/vi\/wp-json\/wp\/v2\/media?parent=5310"}],"curies":[{"name":"wp","href":"https:\/\/api.w.org\/{rel}","templated":true}]}}