{"id":5308,"date":"2023-10-29T16:09:16","date_gmt":"2023-10-29T09:09:16","guid":{"rendered":"https:\/\/bynature.vn\/?page_id=5308"},"modified":"2023-12-15T14:27:28","modified_gmt":"2023-12-15T07:27:28","slug":"chinh-sach-thanh-toan","status":"publish","type":"page","link":"https:\/\/bynature.vn\/vi\/chinh-sach-thanh-toan\/","title":{"rendered":"Ch\u00ednh s\u00e1ch thanh to\u00e1n"},"content":{"rendered":"\n<p><strong><span id=\"input_part_0\" class=\"\" data-mention=\"Ph\u01b0\u01a1ng th\u1ee9c thanh to\u00e1n\">Ph\u01b0\u01a1ng th\u1ee9c thanh to\u00e1n<\/span><\/strong><\/p>\n\n\n\n<p><span id=\"input_part_0\" class=\"\" data-mention=\"Khi s\u1eed d\u1ee5ng d\u1ecbch v\u1ee5 c\u1ee7a ByNature, b\u1ea1n s\u1ebd c\u00f3 m\u1ed9t s\u1ed1 t\u00f9y ch\u1ecdn khi thanh to\u00e1n. B\u1ea1n c\u00f3 th\u1ec3 ch\u1ecdn thanh to\u00e1n b\u1eb1ng ti\u1ec1n m\u1eb7t khi nh\u1eadn h\u00e0ng ho\u1eb7c chuy\u1ec3n kho\u1ea3n qua ng\u00e2n h\u00e0ng. N\u1ebfu b\u1ea1n thanh to\u00e1n th\u00f4ng qua chuy\u1ec3n kho\u1ea3n ng\u00e2n h\u00e0ng, vui l\u00f2ng chuy\u1ec3n ti\u1ec1n v\u00e0o t\u00e0i kho\u1ea3n c\u1ee7a ch\u00fang t\u00f4i 24 gi\u1edd tr\u01b0\u1edbc ng\u00e0y giao h\u00e0ng b\u1ea1n y\u00eau c\u1ea7u.\">Khi s\u1eed d\u1ee5ng d\u1ecbch v\u1ee5 c\u1ee7a ByNature, b\u1ea1n s\u1ebd c\u00f3 m\u1ed9t s\u1ed1 t\u00f9y ch\u1ecdn khi thanh to\u00e1n. B\u1ea1n c\u00f3 th\u1ec3 ch\u1ecdn thanh to\u00e1n b\u1eb1ng ti\u1ec1n m\u1eb7t khi nh\u1eadn h\u00e0ng ho\u1eb7c chuy\u1ec3n kho\u1ea3n qua ng\u00e2n h\u00e0ng. N\u1ebfu b\u1ea1n thanh to\u00e1n th\u00f4ng qua chuy\u1ec3n kho\u1ea3n ng\u00e2n h\u00e0ng, vui l\u00f2ng chuy\u1ec3n ti\u1ec1n v\u00e0o t\u00e0i kho\u1ea3n c\u1ee7a ch\u00fang t\u00f4i 24 gi\u1edd tr\u01b0\u1edbc ng\u00e0y giao h\u00e0ng b\u1ea1n y\u00eau c\u1ea7u.<\/span><\/p>\n\n\n\n<p><span id=\"input_part_0\" class=\"\" data-mention=\"N\u1ebfu b\u1ea1n ch\u01b0a th\u1ef1c hi\u1ec7n thanh to\u00e1n, ByNature c\u00f3 quy\u1ec1n h\u1ee7y \u0111\u01a1n h\u00e0ng.\">N\u1ebfu b\u1ea1n ch\u01b0a th\u1ef1c hi\u1ec7n thanh to\u00e1n, ByNature c\u00f3 quy\u1ec1n h\u1ee7y \u0111\u01a1n h\u00e0ng.<\/span><\/p>\n\n\n\n<p><span id=\"input_part_0\" class=\"\" data-mention=\"Vui l\u00f2ng s\u1eed d\u1ee5ng th\u00f4ng tin t\u00e0i kho\u1ea3n ng\u00e2n h\u00e0ng d\u01b0\u1edbi \u0111\u00e2y v\u00e0 nh\u1edb ghi l\u1ea1i t\u00ean ho\u1eb7c s\u1ed1 \u0111\u01a1n h\u00e0ng c\u1ee7a b\u1ea1n khi thanh to\u00e1n.\">Vui l\u00f2ng s\u1eed d\u1ee5ng th\u00f4ng tin t\u00e0i kho\u1ea3n ng\u00e2n h\u00e0ng d\u01b0\u1edbi \u0111\u00e2y v\u00e0 nh\u1edb ghi l\u1ea1i t\u00ean ho\u1eb7c s\u1ed1 \u0111\u01a1n h\u00e0ng c\u1ee7a b\u1ea1n khi thanh to\u00e1n.<\/span><\/p>\n\n\n\n<p><span id=\"input_part_0\" class=\"\" data-mention=\"STK: 8007041001428\"><strong>STK:<\/strong> <strong>8007041001428<\/strong><\/span><\/p>\n\n\n\n<p><span id=\"input_part_0\" class=\"\" data-mention=\"T\u00ean t\u00e0i kho\u1ea3n: CHRISTIAN KUEHL\"><strong>T\u00ean t\u00e0i kho\u1ea3n: CHRISTIAN KUEHL<\/strong><\/span><\/p>\n\n\n\n<p><span id=\"input_part_0\" class=\"\" data-mention=\"Ng\u00e2n h\u00e0ng: VietCapital \u2013 Ng\u00e2n h\u00e0ng TMCP B\u1ea3n Vi\u1ec7t\"><strong>Ng\u00e2n h\u00e0ng:<\/strong> <strong>VietCapital \u2013 Ng\u00e2n h\u00e0ng TMCP B\u1ea3n Vi\u1ec7t<\/strong><\/span><\/p>\n\n\n\n<p><span id=\"input_part_0\" class=\"\" data-mention=\"Chi nh\u00e1nh: TP. H\u1ed3 Ch\u00ed Minh\"><strong>Chi nh\u00e1nh:<\/strong> <strong>TP. H\u1ed3 Ch\u00ed Minh<\/strong><\/span><\/p>\n\n\n\n<p><span id=\"input_part_0\" class=\"\" data-mention=\"T\u1ec9nh\/ Th\u00e0nh ph\u1ed1: H\u1ed3 Ch\u00ed Minh\"><strong>T\u1ec9nh\/ Th\u00e0nh ph\u1ed1: H\u1ed3 Ch\u00ed Minh<\/strong><\/span><\/p>\n\n\n\n<div style=\"height:25px\" aria-hidden=\"true\" class=\"wp-block-spacer\"><\/div>\n\n\n\n<p><strong><span id=\"input_part_0\" class=\"\" data-mention=\"Phi\u1ebfu qu\u00e0 t\u1eb7ng\">Phi\u1ebfu qu\u00e0 t\u1eb7ng<\/span><\/strong><\/p>\n\n\n\n<p><span id=\"input_part_0\" class=\"\" data-mention=\"- Phi\u1ebfu qu\u00e0 t\u1eb7ng kh\u00f4ng \u0111\u01b0\u1ee3c quy \u0111\u1ed5i th\u00e0nh ti\u1ec1n m\u1eb7t.\">&#8211; Phi\u1ebfu qu\u00e0 t\u1eb7ng kh\u00f4ng \u0111\u01b0\u1ee3c quy \u0111\u1ed5i th\u00e0nh ti\u1ec1n m\u1eb7t.<\/span><\/p>\n\n\n\n<p><span id=\"input_part_0\" class=\"\" data-mention=\"- Phi\u1ebfu qu\u00e0 t\u1eb7ng c\u00f3 th\u1ec3 \u0111\u01b0\u1ee3c s\u1eed d\u1ee5ng \u0111\u1ec3 mua s\u1ea3n ph\u1ea9m c\u00f3 gi\u00e1 cao h\u01a1n m\u1ec7nh gi\u00e1 n\u1ebfu b\u1ea1n thanh to\u00e1n kho\u1ea3n ch\u00eanh l\u1ec7ch. N\u1ebfu b\u1ea1n mua s\u1ea3n ph\u1ea9m c\u00f3 gi\u00e1 th\u1ea5p h\u01a1n m\u1ec7nh gi\u00e1 phi\u1ebfu qu\u00e0 t\u1eb7ng, ti\u1ec1n th\u1eeba s\u1ebd kh\u00f4ng \u0111\u01b0\u1ee3c ho\u00e0n tr\u1ea3.\">&#8211; Phi\u1ebfu qu\u00e0 t\u1eb7ng c\u00f3 th\u1ec3 \u0111\u01b0\u1ee3c s\u1eed d\u1ee5ng \u0111\u1ec3 mua s\u1ea3n ph\u1ea9m c\u00f3 gi\u00e1 cao h\u01a1n m\u1ec7nh gi\u00e1 n\u1ebfu b\u1ea1n thanh to\u00e1n kho\u1ea3n ch\u00eanh l\u1ec7ch. N\u1ebfu b\u1ea1n mua s\u1ea3n ph\u1ea9m c\u00f3 gi\u00e1 th\u1ea5p h\u01a1n m\u1ec7nh gi\u00e1 phi\u1ebfu qu\u00e0 t\u1eb7ng, ti\u1ec1n th\u1eeba s\u1ebd kh\u00f4ng \u0111\u01b0\u1ee3c ho\u00e0n tr\u1ea3.<\/span><\/p>\n\n\n\n<p><span id=\"input_part_0\" class=\"\" data-mention=\"- ByNature kh\u00f4ng ch\u1ecbu tr\u00e1ch nhi\u1ec7m thay th\u1ebf ho\u1eb7c ho\u00e0n ti\u1ec1n n\u1ebfu phi\u1ebfu qu\u00e0 t\u1eb7ng b\u1ecb m\u1ea5t, b\u1ecb \u0111\u00e1nh c\u1eafp, b\u1ecb h\u01b0 h\u1ecfng ho\u1eb7c b\u1ecb ph\u00e1 h\u1ee7y d\u00f9 cho ch\u00fang \u0111\u00e3 \u0111\u01b0\u1ee3c \u0111\u1ed5i hay ch\u01b0a.\">&#8211; ByNature kh\u00f4ng ch\u1ecbu tr\u00e1ch nhi\u1ec7m thay th\u1ebf ho\u1eb7c ho\u00e0n ti\u1ec1n n\u1ebfu phi\u1ebfu qu\u00e0 t\u1eb7ng b\u1ecb m\u1ea5t, b\u1ecb \u0111\u00e1nh c\u1eafp, b\u1ecb h\u01b0 h\u1ecfng ho\u1eb7c b\u1ecb ph\u00e1 h\u1ee7y d\u00f9 cho ch\u00fang \u0111\u00e3 \u0111\u01b0\u1ee3c \u0111\u1ed5i hay ch\u01b0a.<\/span><\/p>\n\n\n\n<div style=\"height:25px\" aria-hidden=\"true\" class=\"wp-block-spacer\"><\/div>\n\n\n\n<p><strong><span id=\"input_part_0\" class=\"\" data-mention=\"H\u1ee7y \u0111\u01a1n h\u00e0ng\">H\u1ee7y \u0111\u01a1n h\u00e0ng<\/span><\/strong><\/p>\n\n\n\n<p><span id=\"input_part_0\" class=\"\" data-mention=\"Li\u00ean h\u1ec7 v\u1edbi ByNature th\u00f4ng qua email info@bynature.vn n\u1ebfu b\u1ea1n mu\u1ed1n h\u1ee7y \u0111\u01a1n h\u00e0ng m\u00e0 kh\u00f4ng c\u1ea7n thanh to\u00e1n trong v\u00f2ng 2 ng\u00e0y tr\u01b0\u1edbc khi giao h\u00e0ng.\">Li\u00ean h\u1ec7 v\u1edbi ByNature th\u00f4ng qua email info@bynature.vn n\u1ebfu b\u1ea1n mu\u1ed1n h\u1ee7y \u0111\u01a1n h\u00e0ng m\u00e0 kh\u00f4ng c\u1ea7n thanh to\u00e1n trong v\u00f2ng 2 ng\u00e0y tr\u01b0\u1edbc khi giao h\u00e0ng.<\/span><\/p>\n","protected":false},"excerpt":{"rendered":"<p>Ph\u01b0\u01a1ng th\u1ee9c thanh to\u00e1n Khi s\u1eed d\u1ee5ng d\u1ecbch v\u1ee5 c\u1ee7a ByNature, b\u1ea1n s\u1ebd c\u00f3 m\u1ed9t s\u1ed1 t\u00f9y ch\u1ecdn khi thanh to\u00e1n. B\u1ea1n c\u00f3 th\u1ec3 ch\u1ecdn thanh to\u00e1n b\u1eb1ng ti\u1ec1n m\u1eb7t khi nh\u1eadn h\u00e0ng ho\u1eb7c chuy\u1ec3n kho\u1ea3n qua ng\u00e2n h\u00e0ng. N\u1ebfu b\u1ea1n thanh to\u00e1n th\u00f4ng qua chuy\u1ec3n kho\u1ea3n ng\u00e2n h\u00e0ng, vui l\u00f2ng chuy\u1ec3n ti\u1ec1n v\u00e0o t\u00e0i &hellip; <\/p>\n<p class=\"link-more\"><a href=\"https:\/\/bynature.vn\/vi\/chinh-sach-thanh-toan\/\" class=\"more-link\">Continue reading<span class=\"screen-reader-text\"> &#8220;Ch\u00ednh s\u00e1ch thanh to\u00e1n&#8221;<\/span><\/a><\/p>\n","protected":false},"author":1,"featured_media":0,"parent":0,"menu_order":0,"comment_status":"closed","ping_status":"closed","template":"","meta":{"footnotes":""},"class_list":["post-5308","page","type-page","status-publish","hentry"],"acf":[],"_links":{"self":[{"href":"https:\/\/bynature.vn\/vi\/wp-json\/wp\/v2\/pages\/5308","targetHints":{"allow":["GET"]}}],"collection":[{"href":"https:\/\/bynature.vn\/vi\/wp-json\/wp\/v2\/pages"}],"about":[{"href":"https:\/\/bynature.vn\/vi\/wp-json\/wp\/v2\/types\/page"}],"author":[{"embeddable":true,"href":"https:\/\/bynature.vn\/vi\/wp-json\/wp\/v2\/users\/1"}],"replies":[{"embeddable":true,"href":"https:\/\/bynature.vn\/vi\/wp-json\/wp\/v2\/comments?post=5308"}],"version-history":[{"count":12,"href":"https:\/\/bynature.vn\/vi\/wp-json\/wp\/v2\/pages\/5308\/revisions"}],"predecessor-version":[{"id":5874,"href":"https:\/\/bynature.vn\/vi\/wp-json\/wp\/v2\/pages\/5308\/revisions\/5874"}],"wp:attachment":[{"href":"https:\/\/bynature.vn\/vi\/wp-json\/wp\/v2\/media?parent=5308"}],"curies":[{"name":"wp","href":"https:\/\/api.w.org\/{rel}","templated":true}]}}