{"id":5306,"date":"2023-10-29T16:09:40","date_gmt":"2023-10-29T09:09:40","guid":{"rendered":"https:\/\/bynature.vn\/?page_id=5306"},"modified":"2023-12-06T09:55:55","modified_gmt":"2023-12-06T02:55:55","slug":"chinh-sach-hoan-tien-doi-tra","status":"publish","type":"page","link":"https:\/\/bynature.vn\/vi\/chinh-sach-hoan-tien-doi-tra\/","title":{"rendered":"Ch\u00ednh s\u00e1ch ho\u00e0n ti\u1ec1n &#038; \u0111\u1ed5i tr\u1ea3"},"content":{"rendered":"<p>ByNature lu\u00f4n hy v\u1ecdng b\u1ea1n h\u00e0i l\u00f2ng v\u1edbi s\u1ea3n ph\u1ea9m, tuy nhi\u00ean, n\u1ebfu s\u1ea3n ph\u1ea9m kh\u00f4ng \u0111\u00e1p \u1ee9ng \u0111\u01b0\u1ee3c mong \u0111\u1ee3i c\u1ee7a b\u1ea1n ho\u1eb7c ti\u00eau chu\u1ea9n c\u1ee7a ch\u00fang t\u00f4i khi\u1ebfn b\u1ea1n kh\u00f4ng h\u00e0i l\u00f2ng v\u1edbi b\u1ea5t k\u1ef3 m\u1eb7t h\u00e0ng n\u00e0o trong \u0111\u01a1n \u0111\u1eb7t h\u00e0ng ho\u1eb7c d\u1ecbch v\u1ee5 giao h\u00e0ng t\u1eeb ByNature, vui l\u00f2ng li\u00ean h\u1ec7 v\u1edbi ch\u00fang t\u00f4i qua \u0111\u1ecba ch\u1ec9 email info@bynature.vn, trang web ho\u1eb7c s\u1ed1 \u0111i\u1ec7n tho\u1ea1i 093 41 88 041.<\/p>\n<p>\u00a0<\/p>\n<p>Do h\u00e0ng h\u00f3a d\u1ec5 h\u1ecfng, ch\u00fang t\u00f4i c\u1ea7n b\u1ea1n ki\u1ec3m tra s\u1ea3n ph\u1ea9m ngay khi \u0111\u01b0\u1ee3c giao h\u00e0ng. N\u1ebfu b\u1ea1n kh\u00f4ng h\u00e0i l\u00f2ng v\u1edbi h\u00e0ng h\u00f3a, vui l\u00f2ng li\u00ean h\u1ec7 ngay v\u1edbi ch\u00fang t\u00f4i qua s\u1ed1 \u0111i\u1ec7n tho\u1ea1i 093 41 88 041. Ch\u00fang t\u00f4i s\u1eb5n l\u00f2ng \u0111\u1ed5i l\u1ea1i ho\u1eb7c ho\u00e0n ti\u1ec1n cho b\u1ea5t k\u1ef3 m\u1eb7t h\u00e0ng n\u00e0o b\u1ecb h\u01b0 h\u1ecfng trong qu\u00e1 tr\u00ecnh v\u1eadn chuy\u1ec3n.<\/p>\n<p>\u00a0<\/p>\n<p>N\u1ebfu ch\u00fang t\u00f4i g\u1eedi sai s\u1ea3n ph\u1ea9m cho b\u1ea1n, vui l\u00f2ng th\u00f4ng b\u00e1o cho ch\u00fang t\u00f4i c\u00e0ng s\u1edbm c\u00e0ng t\u1ed1t. N\u1ebfu b\u1ea1n mu\u1ed1n thay th\u1ebf s\u1ea3n ph\u1ea9m n\u00e0y b\u1eb1ng s\u1ea3n ph\u1ea9m b\u1ea1n \u0111\u00e3 \u0111\u1eb7t, ch\u00fang t\u00f4i s\u1ebd g\u1eedi l\u1ea1i s\u1ea3n ph\u1ea9m cho b\u1ea1n trong th\u1eddi gian s\u1edbm nh\u1ea5t v\u00e0 s\u1ebd kh\u00f4ng t\u00ednh b\u1ea5t k\u1ef3 chi ph\u00ed n\u00e0o.<\/p>\n<p>\u00a0<\/p>\n<p>T\u1ea1i ByNature, ch\u00fang t\u00f4i th\u1ef1c hi\u1ec7n m\u1ed9t ch\u00ednh s\u00e1ch c\u1edfi m\u1edf, trung th\u1ef1c v\u00e0 s\u1ebd l\u00e0m vi\u1ec7c h\u1ebft s\u1ee9c m\u00ecnh \u0111\u1ec3 \u0111\u1ea3m b\u1ea3o r\u1eb1ng ch\u00fang t\u00f4i c\u00f3 th\u1ec3 gi\u1ea3i quy\u1ebft v\u00e0 x\u1eed l\u00fd m\u1ecdi v\u1ea5n \u0111\u1ec1 ho\u1eb7c \u0111\u1ec1 xu\u1ea5t c\u1ee7a b\u1ea1n. Ch\u00fang t\u00f4i ti\u1ebfp thu m\u1ecdi ph\u1ea3n h\u1ed3i mang t\u00ednh x\u00e2y d\u1ef1ng c\u00f3 th\u1ec3 gi\u00fap ch\u00fang t\u00f4i c\u1ea3i thi\u1ec7n s\u1ea3n ph\u1ea9m v\u00e0 d\u1ecbch v\u1ee5 c\u1ee7a m\u00ecnh.<\/p>\n\n\n<p><\/p>\n\n\n\n<p><\/p>\n\n\n\n<p><\/p>\n","protected":false},"excerpt":{"rendered":"<p>ByNature lu\u00f4n hy v\u1ecdng b\u1ea1n h\u00e0i l\u00f2ng v\u1edbi s\u1ea3n ph\u1ea9m, tuy nhi\u00ean, n\u1ebfu s\u1ea3n ph\u1ea9m kh\u00f4ng \u0111\u00e1p \u1ee9ng \u0111\u01b0\u1ee3c mong \u0111\u1ee3i c\u1ee7a b\u1ea1n ho\u1eb7c ti\u00eau chu\u1ea9n c\u1ee7a ch\u00fang t\u00f4i khi\u1ebfn b\u1ea1n kh\u00f4ng h\u00e0i l\u00f2ng v\u1edbi b\u1ea5t k\u1ef3 m\u1eb7t h\u00e0ng n\u00e0o trong \u0111\u01a1n \u0111\u1eb7t h\u00e0ng ho\u1eb7c d\u1ecbch v\u1ee5 giao h\u00e0ng t\u1eeb ByNature, vui l\u00f2ng li\u00ean h\u1ec7 &hellip; <\/p>\n<p class=\"link-more\"><a href=\"https:\/\/bynature.vn\/vi\/chinh-sach-hoan-tien-doi-tra\/\" class=\"more-link\">Continue reading<span class=\"screen-reader-text\"> &#8220;Ch\u00ednh s\u00e1ch ho\u00e0n ti\u1ec1n &#038; \u0111\u1ed5i tr\u1ea3&#8221;<\/span><\/a><\/p>\n","protected":false},"author":1,"featured_media":0,"parent":0,"menu_order":0,"comment_status":"closed","ping_status":"closed","template":"","meta":{"footnotes":""},"class_list":["post-5306","page","type-page","status-publish","hentry"],"acf":[],"_links":{"self":[{"href":"https:\/\/bynature.vn\/vi\/wp-json\/wp\/v2\/pages\/5306","targetHints":{"allow":["GET"]}}],"collection":[{"href":"https:\/\/bynature.vn\/vi\/wp-json\/wp\/v2\/pages"}],"about":[{"href":"https:\/\/bynature.vn\/vi\/wp-json\/wp\/v2\/types\/page"}],"author":[{"embeddable":true,"href":"https:\/\/bynature.vn\/vi\/wp-json\/wp\/v2\/users\/1"}],"replies":[{"embeddable":true,"href":"https:\/\/bynature.vn\/vi\/wp-json\/wp\/v2\/comments?post=5306"}],"version-history":[{"count":2,"href":"https:\/\/bynature.vn\/vi\/wp-json\/wp\/v2\/pages\/5306\/revisions"}],"predecessor-version":[{"id":5439,"href":"https:\/\/bynature.vn\/vi\/wp-json\/wp\/v2\/pages\/5306\/revisions\/5439"}],"wp:attachment":[{"href":"https:\/\/bynature.vn\/vi\/wp-json\/wp\/v2\/media?parent=5306"}],"curies":[{"name":"wp","href":"https:\/\/api.w.org\/{rel}","templated":true}]}}