{"id":5297,"date":"2023-10-29T16:06:31","date_gmt":"2023-10-29T09:06:31","guid":{"rendered":"https:\/\/bynature.vn\/?page_id=5297"},"modified":"2023-12-06T09:39:23","modified_gmt":"2023-12-06T02:39:23","slug":"chinh-sach-giao-hang-2","status":"publish","type":"page","link":"https:\/\/bynature.vn\/vi\/chinh-sach-giao-hang-2\/","title":{"rendered":"Ch\u00ednh s\u00e1ch giao h\u00e0ng"},"content":{"rendered":"<p>ByNature giao h\u00e0ng rau c\u1ee7 qu\u1ea3 v\u00e0 th\u1ef1c ph\u1ea9m t\u01b0\u01a1i tr\u00ean to\u00e0n khu v\u1ef1c TP. HCM Ch\u00fang t\u00f4i lu\u00f4n c\u1ed1 g\u1eafng giao h\u00e0ng theo \u0111\u00fang th\u1eddi gian b\u1ea1n \u0111\u00e3 ch\u1ecdn. Tuy nhi\u00ean c\u00e1c y\u1ebfu t\u1ed1 nh\u01b0 th\u1eddi ti\u1ebft, s\u1ef1 ch\u1eadm tr\u1ec5 trong kh\u00e2u s\u1ea3n xu\u1ea5t ho\u1eb7c c\u00e1c tr\u01b0\u1eddng h\u1ee3p b\u1ea5t kh\u1ea3 kh\u00e1ng kh\u00e1c c\u00f3 th\u1ec3 s\u1ebd l\u00e0m cho \u0111\u01a1n h\u00e0ng b\u1ecb ch\u1eadm tr\u1ec5 \u0111\u00f4i ch\u00fat. Vui l\u00f2ng li\u00ean h\u1ec7 v\u1edbi ByNature n\u1ebfu b\u1ea1n c\u00f3 b\u1ea5t k\u1ef3 thay \u0111\u1ed5i n\u00e0o v\u1ec1 vi\u1ec7c giao h\u00e0ng.<\/p>\n<p>M\u1ef9 ph\u1ea9m v\u00e0 c\u00e1c lo\u1ea1i th\u1ef1c ph\u1ea9m kh\u00f4 giao h\u00e0ng to\u00e0n qu\u1ed1c.<\/p>\n<p>Ph\u00ed giao h\u00e0ng \u0111\u01b0\u1ee3c t\u00ednh d\u1ef1a tr\u00ean \u0111\u1ecba \u0111i\u1ec3m\/qu\u1eadn\/huy\u1ec7n m\u00e0 b\u1ea1n sinh s\u1ed1ng. Vui l\u00f2ng li\u00ean h\u1ec7 email info@bynature.vn \u0111\u1ec3 bi\u1ebft ph\u00ed giao h\u00e0ng c\u1ee5 th\u1ec3.<\/p>\n<p>Nh\u00e2n vi\u00ean giao h\u00e0ng c\u1ee7a ByNature s\u1ebd li\u00ean h\u1ec7 v\u1edbi b\u1ea1n khi \u0111\u1ebfn giao h\u00e0ng. Trong tr\u01b0\u1eddng h\u1ee3p ch\u00fang t\u00f4i kh\u00f4ng th\u1ec3 li\u00ean l\u1ea1c v\u1edbi b\u1ea1n, s\u1ea3n ph\u1ea9m s\u1ebd \u0111\u01b0\u1ee3c \u0111\u1ec3 l\u1ea1i t\u1ea1i qu\u1ea7y l\u1ec5 t\u00e2n (n\u1ebfu c\u00f3 th\u1ec3) ho\u1eb7c ho\u00e0n v\u1ec1 cho ByNature v\u00e0 nh\u1eefng l\u1ea7n giao h\u00e0ng sau \u0111\u00f3 c\u00f3 th\u1ec3 ph\u00e1t sinh th\u00eam ph\u00ed.<\/p>\n<p>Xin l\u01b0u \u00fd r\u1eb1ng ch\u00fang t\u00f4i lu\u00f4n c\u1ed1 g\u1eafng \u0111\u1ec3 \u0111\u1ea3m b\u1ea3o c\u00e1c th\u00f4ng tin tr\u00ean trang web c\u1ee7a m\u00ecnh l\u00e0 ch\u00ednh x\u00e1c. Gi\u00e1 s\u1ea3n ph\u1ea9m \u0111\u01b0\u1ee3c c\u00f4ng b\u1ed1 kh\u00f4ng bao g\u1ed3m ph\u00ed giao h\u00e0ng. Khi b\u1ea1n \u0111\u1eb7t h\u00e0ng tr\u00ean trang web, gi\u00e1 s\u1ebd \u0111\u01b0\u1ee3c hi\u1ec3n th\u1ecb. Ngo\u1ea1i tr\u1eeb b\u1ea5t k\u1ef3 l\u1ed7i k\u1ef9 thu\u1eadt v\u00f4 \u00fd n\u00e0o v\u1ec1 gi\u00e1, ch\u00fang t\u00f4i s\u1ebd tu\u00e2n theo m\u1ecdi m\u1ee9c gi\u00e1 \u0111\u01b0\u1ee3c c\u00f4ng b\u1ed1 t\u1ea1i th\u1eddi \u0111i\u1ec3m \u0111\u1eb7t h\u00e0ng c\u1ee7a b\u1ea1n.<\/p>\n\n\n<p><\/p>\n\n\n\n<p><\/p>\n\n\n\n<p><\/p>\n","protected":false},"excerpt":{"rendered":"<p>ByNature giao h\u00e0ng rau c\u1ee7 qu\u1ea3 v\u00e0 th\u1ef1c ph\u1ea9m t\u01b0\u01a1i tr\u00ean to\u00e0n khu v\u1ef1c TP. HCM Ch\u00fang t\u00f4i lu\u00f4n c\u1ed1 g\u1eafng giao h\u00e0ng theo \u0111\u00fang th\u1eddi gian b\u1ea1n \u0111\u00e3 ch\u1ecdn. Tuy nhi\u00ean c\u00e1c y\u1ebfu t\u1ed1 nh\u01b0 th\u1eddi ti\u1ebft, s\u1ef1 ch\u1eadm tr\u1ec5 trong kh\u00e2u s\u1ea3n xu\u1ea5t ho\u1eb7c c\u00e1c tr\u01b0\u1eddng h\u1ee3p b\u1ea5t kh\u1ea3 kh\u00e1ng kh\u00e1c c\u00f3 th\u1ec3 &hellip; <\/p>\n<p class=\"link-more\"><a href=\"https:\/\/bynature.vn\/vi\/chinh-sach-giao-hang-2\/\" class=\"more-link\">Continue reading<span class=\"screen-reader-text\"> &#8220;Ch\u00ednh s\u00e1ch giao h\u00e0ng&#8221;<\/span><\/a><\/p>\n","protected":false},"author":1,"featured_media":0,"parent":0,"menu_order":0,"comment_status":"closed","ping_status":"closed","template":"","meta":{"footnotes":""},"class_list":["post-5297","page","type-page","status-publish","hentry"],"acf":[],"_links":{"self":[{"href":"https:\/\/bynature.vn\/vi\/wp-json\/wp\/v2\/pages\/5297","targetHints":{"allow":["GET"]}}],"collection":[{"href":"https:\/\/bynature.vn\/vi\/wp-json\/wp\/v2\/pages"}],"about":[{"href":"https:\/\/bynature.vn\/vi\/wp-json\/wp\/v2\/types\/page"}],"author":[{"embeddable":true,"href":"https:\/\/bynature.vn\/vi\/wp-json\/wp\/v2\/users\/1"}],"replies":[{"embeddable":true,"href":"https:\/\/bynature.vn\/vi\/wp-json\/wp\/v2\/comments?post=5297"}],"version-history":[{"count":3,"href":"https:\/\/bynature.vn\/vi\/wp-json\/wp\/v2\/pages\/5297\/revisions"}],"predecessor-version":[{"id":5434,"href":"https:\/\/bynature.vn\/vi\/wp-json\/wp\/v2\/pages\/5297\/revisions\/5434"}],"wp:attachment":[{"href":"https:\/\/bynature.vn\/vi\/wp-json\/wp\/v2\/media?parent=5297"}],"curies":[{"name":"wp","href":"https:\/\/api.w.org\/{rel}","templated":true}]}}