{"id":5291,"date":"2023-11-23T20:19:34","date_gmt":"2023-11-23T13:19:34","guid":{"rendered":"https:\/\/bynature.vn\/?page_id=5291"},"modified":"2024-02-22T09:21:23","modified_gmt":"2024-02-22T02:21:23","slug":"dich-vu-khach-hang","status":"publish","type":"page","link":"https:\/\/bynature.vn\/vi\/dich-vu-khach-hang\/","title":{"rendered":"D\u1ecbch v\u1ee5 kh\u00e1ch h\u00e0ng"},"content":{"rendered":"<p style=\"text-align: justify;\">\u0110\u1eb7t ch\u1ea5t l\u01b0\u1ee3ng v\u00e0 d\u1ecbch v\u1ee5 kh\u00e1ch h\u00e0ng l\u00e0m \u01b0u ti\u00ean h\u00e0ng \u0111\u1ea7u, ByNature t\u1ef1 h\u00e0o cung c\u1ea5p cho b\u1ea1n nh\u1eefng s\u1ea3n ph\u1ea9m ch\u1ea5t l\u01b0\u1ee3ng cao v\u1edbi d\u1ecbch v\u1ee5 \u0111\u1eb7c bi\u1ec7t v\u00e0 c\u00e1 nh\u00e2n ho\u00e1 theo nhu c\u1ea7u c\u1ee7a t\u1eebng kh\u00e1ch h\u00e0ng b\u1eb1ng \u0111\u1ed9i ng\u0169 nh\u00e2n vi\u00ean nhi\u1ec7t t\u00ecnh v\u00e0 t\u1eadn t\u00e2m.<\/p>\n<p style=\"text-align: justify;\">ByNature lu\u00f4n n\u1ed7 l\u1ef1c \u0111\u1ec3 mang \u0111\u1ebfn cho b\u1ea1n nh\u1eefng tr\u1ea3i nghi\u1ec7m mua s\u1eafm tuy\u1ec7t v\u1eddi nh\u1ea5t, s\u1eb5n l\u00f2ng gi\u1ea3i \u0111\u00e1p th\u1eafc m\u1eafc, v\u1ea5n \u0111\u1ec1 c\u0169ng nh\u01b0 l\u1eafng nghe nh\u1eefng g\u00f3p \u00fd v\u00e0 \u0111\u1ec1 xu\u1ea5t c\u1ee7a b\u1ea1n \u0111\u1ec3 kh\u00f4ng ng\u1eebng ho\u00e0n thi\u1ec7n v\u00e0 n\u00e2ng cao ch\u1ea5t l\u01b0\u1ee3ng d\u1ecbch v\u1ee5 c\u1ee7a m\u00ecnh. Ch\u00fang t\u00f4i c\u0169ng \u01b0u ti\u00ean vi\u1ec7c x\u00e2y d\u1ef1ng v\u00e0 duy tr\u00ec m\u1ed1i quan h\u1ec7 v\u1edbi kh\u00e1ch h\u00e0ng th\u00e2n thi\u1ebft v\u00e0 kh\u00e1ch h\u00e0ng th\u00e0nh vi\u00ean c\u1ee7a m\u00ecnh b\u1eb1ng c\u00e1c \u01b0u \u0111\u00e3i \u0111\u1eb7c bi\u1ec7t.<\/p>\n<p>ByNature xin ghi nh\u1eadn v\u00e0 c\u1ea3m \u01a1n nh\u1eefng g\u00f3p \u00fd c\u1ee7a b\u1ea1n \u0111\u1ec3 ho\u00e0n thi\u1ec7n v\u00e0 n\u00e2ng cao ch\u1ea5t l\u01b0\u1ee3ng ph\u1ee5c v\u1ee5 c\u1ee7a m\u00ecnh. N\u1ebfu c\u00f3 b\u1ea5t c\u1ee9 th\u1eafc m\u1eafc ho\u1eb7c g\u00f3p \u00fd n\u00e0o, b\u1ea1n c\u00f3 th\u1ec3 g\u1eedi tin nh\u1eafn v\u1ec1 h\u1ed9p th\u01b0: <span style=\"text-decoration: underline; color: #008000;\"><a style=\"color: #008000; text-decoration: underline;\" href=\"mailto:signe@bynature.vn\">signe@bynature.vn<\/a><\/span>\u00a0ho\u1eb7c s\u1ed1 \u0111i\u1ec7n tho\u1ea1i <span style=\"text-decoration: underline; color: #008000;\"><a style=\"color: #008000; text-decoration: underline;\" href=\"tel: +84 34188041\">0934188041<\/a><\/span><\/p>\n<p>C\u1ea3m \u01a1n b\u1ea1n \u0111\u00e3 tin t\u01b0\u1edfng v\u00e0 l\u1ef1a ch\u1ecdn ByNature. Ch\u00fang t\u00f4i cam k\u1ebft s\u1ebd lu\u00f4n n\u1ed7 l\u1ef1c \u0111\u1ec3 kh\u00f4ng ng\u1eebng n\u00e2ng cao ch\u1ea5t l\u01b0\u1ee3ng s\u1ea3n ph\u1ea9m v\u00e0 ch\u1ea5t l\u01b0\u1ee3ng d\u1ecbch v\u1ee5 c\u1ee7a m\u00ecnh \u0111\u1ec3 \u0111\u00e1p \u1ee9ng nhu c\u1ea7u c\u1ee7a b\u1ea1n, b\u1edfi s\u1ef1 h\u00e0i l\u00f2ng c\u1ee7a kh\u00e1ch h\u00e0ng l\u00e0 ch\u00eca kh\u00f3a th\u00e0nh c\u00f4ng c\u1ee7a ch\u00fang t\u00f4i.<br \/>\n\u200b<\/p>\n","protected":false},"excerpt":{"rendered":"<p>\u0110\u1eb7t ch\u1ea5t l\u01b0\u1ee3ng v\u00e0 d\u1ecbch v\u1ee5 kh\u00e1ch h\u00e0ng l\u00e0m \u01b0u ti\u00ean h\u00e0ng \u0111\u1ea7u, ByNature t\u1ef1 h\u00e0o cung c\u1ea5p cho b\u1ea1n nh\u1eefng s\u1ea3n ph\u1ea9m ch\u1ea5t l\u01b0\u1ee3ng cao v\u1edbi d\u1ecbch v\u1ee5 \u0111\u1eb7c bi\u1ec7t v\u00e0 c\u00e1 nh\u00e2n ho\u00e1 theo nhu c\u1ea7u c\u1ee7a t\u1eebng kh\u00e1ch h\u00e0ng b\u1eb1ng \u0111\u1ed9i ng\u0169 nh\u00e2n vi\u00ean nhi\u1ec7t t\u00ecnh v\u00e0 t\u1eadn t\u00e2m. ByNature lu\u00f4n n\u1ed7 &hellip; <\/p>\n<p class=\"link-more\"><a href=\"https:\/\/bynature.vn\/vi\/dich-vu-khach-hang\/\" class=\"more-link\">Continue reading<span class=\"screen-reader-text\"> &#8220;D\u1ecbch v\u1ee5 kh\u00e1ch h\u00e0ng&#8221;<\/span><\/a><\/p>\n","protected":false},"author":1,"featured_media":0,"parent":0,"menu_order":0,"comment_status":"closed","ping_status":"closed","template":"","meta":{"footnotes":""},"class_list":["post-5291","page","type-page","status-publish","hentry"],"acf":[],"_links":{"self":[{"href":"https:\/\/bynature.vn\/vi\/wp-json\/wp\/v2\/pages\/5291","targetHints":{"allow":["GET"]}}],"collection":[{"href":"https:\/\/bynature.vn\/vi\/wp-json\/wp\/v2\/pages"}],"about":[{"href":"https:\/\/bynature.vn\/vi\/wp-json\/wp\/v2\/types\/page"}],"author":[{"embeddable":true,"href":"https:\/\/bynature.vn\/vi\/wp-json\/wp\/v2\/users\/1"}],"replies":[{"embeddable":true,"href":"https:\/\/bynature.vn\/vi\/wp-json\/wp\/v2\/comments?post=5291"}],"version-history":[{"count":4,"href":"https:\/\/bynature.vn\/vi\/wp-json\/wp\/v2\/pages\/5291\/revisions"}],"predecessor-version":[{"id":7438,"href":"https:\/\/bynature.vn\/vi\/wp-json\/wp\/v2\/pages\/5291\/revisions\/7438"}],"wp:attachment":[{"href":"https:\/\/bynature.vn\/vi\/wp-json\/wp\/v2\/media?parent=5291"}],"curies":[{"name":"wp","href":"https:\/\/api.w.org\/{rel}","templated":true}]}}