{"id":5279,"date":"2023-10-29T17:26:33","date_gmt":"2023-10-29T10:26:33","guid":{"rendered":"https:\/\/bynature.vn\/?page_id=5279"},"modified":"2024-04-16T10:15:57","modified_gmt":"2024-04-16T03:15:57","slug":"lich-su","status":"publish","type":"page","link":"https:\/\/bynature.vn\/vi\/lich-su\/","title":{"rendered":"L\u1ecbch S\u1eed"},"content":{"rendered":"<p style=\"text-align: justify;\"><img loading=\"lazy\" decoding=\"async\" class=\"aligncenter wp-image-7360\" src=\"https:\/\/bynature.vn\/wp-content\/uploads\/2024\/02\/The-Story-of-ByNature-300x150.jpg\" alt=\"history - lich su hinh thanh phat trien - bynature\" width=\"676\" height=\"338\" srcset=\"https:\/\/bynature.vn\/wp-content\/uploads\/2024\/02\/The-Story-of-ByNature-300x150.jpg 300w, https:\/\/bynature.vn\/wp-content\/uploads\/2024\/02\/The-Story-of-ByNature-600x300.jpg 600w, https:\/\/bynature.vn\/wp-content\/uploads\/2024\/02\/The-Story-of-ByNature-768x384.jpg 768w, https:\/\/bynature.vn\/wp-content\/uploads\/2024\/02\/The-Story-of-ByNature.jpg 1000w\" sizes=\"auto, (max-width: 676px) 100vw, 676px\" \/><\/p>\n<h6>L\u1ecbch s\u1eed h\u00ecnh th\u00e0nh v\u00e0 ph\u00e1t tri\u1ec3n<\/h6>\n<p style=\"text-align: justify;\"><span id=\"input_part_0\" class=\"\" data-mention=\"H\u00e0nh tr\u00ecnh c\u1ee7a ch\u00fang t\u00f4i b\u1eaft \u0111\u1ea7u v\u00e0o th\u00e1ng 9 n\u0103m 2017 khi ch\u00fang t\u00f4i nh\u1eadn th\u1ea5y s\u1ef1 thi\u1ebfu h\u1ee5t \u0111\u00e1ng lo ng\u1ea1i trong vi\u1ec7c ti\u1ebfp c\u1eadn c\u00e1c s\u1ea3n ph\u1ea9m kh\u00f4ng ch\u1ee9a h\u00f3a ch\u1ea5t. V\u1edbi ni\u1ec1m \u0111am m\u00ea v\u1ec1 dinh d\u01b0\u1ee1ng, s\u1ee9c kh\u1ecfe v\u00e0 th\u1ec3 ch\u1ea5t, ch\u00fang t\u00f4i c\u1ea3m th\u1ea5y c\u1ea7n m\u1ed9t doanh nghi\u1ec7p c\u00f3 th\u1ec3 cung c\u1ea5p th\u1ef1c ph\u1ea9m ch\u1ea5t l\u01b0\u1ee3ng cao, ho\u00e0n to\u00e0n t\u1ef1 nhi\u00ean v\u00e0 an to\u00e0n h\u01a1n khi ti\u00eau d\u00f9ng. \u0110\u1ed3ng th\u1eddi, ch\u00fang t\u00f4i mu\u1ed1n gi\u00fap c\u00e1c trang tr\u1ea1i nh\u1ecf v\u00e0 gia \u0111\u00ecnh h\u1ecd c\u00f3 c\u00e1ch s\u1ed1ng t\u1ed1t h\u01a1n. T\u1ea5t c\u1ea3 \u0111\u1ec1u h\u00f2a h\u1ee3p v\u1edbi m\u1eb9 thi\u00ean nhi\u00ean.\">Kho\u1ea3ng \u0111\u1ea7u th\u00e1ng 9 n\u0103m 2017, nh\u1eadn th\u1ea5y s\u1ef1 thi\u1ebfu h\u1ee5t \u0111\u00e1ng lo ng\u1ea1i trong vi\u1ec7c ti\u1ebfp c\u1eadn ngu\u1ed3n th\u1ef1c ph\u1ea9m s\u1ea1ch c\u00f9ng v\u1edbi ni\u1ec1m \u0111am m\u00ea v\u1ec1 dinh d\u01b0\u1ee1ng v\u00e0 s\u1ee9c kho\u1ebb th\u1ec3 ch\u1ea5t \u0111\u00e3 nhen nh\u00f3m cho s\u1ef1 ra \u0111\u1eddi c\u1ee7a m\u1ed9t doanh nghi\u1ec7p tr\u1ebb chuy\u00ean cung c\u1ea5p c\u00e1c lo\u1ea1i th\u1ef1c ph\u1ea9m ch\u1ea5t l\u01b0\u1ee3ng cao, thu\u1eadn t\u1ef1 nhi\u00ean v\u00e0 h\u01a1n h\u1ebft l\u00e0 an to\u00e0n cho s\u1ee9c kho\u1ebb ng\u01b0\u1eddi ti\u00eau d\u00f9ng, \u0111\u1ed3ng th\u1eddi c\u00f3 th\u1ec3 gi\u00fap \u0111\u1ee1 cho nh\u1eefng h\u1ed9 n\u00f4ng d\u00e2n nh\u1ecf c\u00f3 \u0111\u01b0\u1ee3c cu\u1ed9c s\u1ed1ng t\u1ed1t h\u01a1n v\u00e0 kho\u1ebb m\u1ea1nh h\u01a1n.<\/span><\/p>\n<p id=\"input_line_2\" style=\"text-align: justify;\"><span id=\"input_part_0\" class=\"\" data-mention=\"ByNature \u0111\u01b0\u1ee3c th\u00e0nh l\u1eadp t\u1ea1i Vi\u1ec7t Nam v\u00e0 \u0111\u01b0\u1ee3c \u0111\u0103ng k\u00fd ch\u00ednh th\u1ee9c v\u00e0o th\u00e1ng 3 n\u0103m 2018 v\u1edbi s\u1ee9 m\u1ec7nh mang \u0111\u1ebfn nh\u1eefng g\u00ec t\u1ed1t nh\u1ea5t c\u1ee7a thi\u00ean nhi\u00ean cho ng\u01b0\u1eddi ti\u00eau d\u00f9ng theo c\u00e1ch thu\u1eadn ti\u1ec7n v\u00e0 b\u1ec1n v\u1eefng nh\u1ea5t c\u00f3 th\u1ec3.ible.\">Theo \u0111\u00f3, ByNature ch\u00ednh th\u1ee9c \u0111\u01b0\u1ee3c th\u00e0nh l\u1eadp v\u00e0o th\u00e1ng 3 n\u0103m 2018 v\u1edbi s\u1ee9 m\u1ec7nh mang \u0111\u1ebfn cho b\u1ea1n nh\u1eefng s\u1ea3n ph\u1ea9m s\u1ea1ch l\u00e0nh m\u00e0 thi\u00ean nhi\u00ean ban t\u1eb7ng cho ch\u00fang ta theo c\u00e1ch b\u1ec1n v\u1eefng nh\u1ea5t c\u00f3 th\u1ec3.<\/span><\/p>\n<div id=\"input_line_3\" style=\"text-align: justify;\"><\/div>\n<p id=\"input_line_4\" style=\"text-align: justify;\"><span id=\"input_part_0\" class=\"\" data-mention=\"ByNature chuy\u00ean v\u1ec1 c\u00e1c s\u1ea3n ph\u1ea9m 100% t\u1ef1 nhi\u00ean. Kh\u00f4ng c\u00f3 th\u00e0nh ph\u1ea7n nh\u00e2n t\u1ea1o v\u00e0 kh\u00f3 ch\u1ecbu - \u0111\u01b0\u1ee3c \u0111\u1ea3m b\u1ea3o! N\u00f3 b\u1eaft \u0111\u1ea7u v\u1edbi The Box, m\u1ed9t lo\u1ea1i rau v\u00e0 tr\u00e1i c\u00e2y t\u01b0\u01a1i trang tr\u1ea1i n\u1eb7ng 5 kg \u0111\u1ea7y m\u00e0u s\u1eafc v\u00e0 h\u1ea5p d\u1eabn. The Box \u0111\u00e3 tr\u1edf th\u00e0nh cu\u1ed1n s\u00e1ch b\u00e1n ch\u1ea1y nh\u1ea5t k\u1ec3 t\u1eeb \u0111\u00f3. Chuy\u1ec3n nhanh \u0111\u1ebfn ng\u00e0y h\u00f4m nay, n\u01a1i ch\u00fang t\u00f4i cung c\u1ea5p nhi\u1ec1u l\u1ef1a ch\u1ecdn h\u01a1n v\u1ec1 th\u1ef1c ph\u1ea9m v\u00e0 \u0111\u1ed3 u\u1ed1ng ch\u1ee7 y\u1ebfu t\u01b0\u01a1i, \u01b0\u1edbp l\u1ea1nh, \u0111\u00f4ng l\u1ea1nh v\u00e0 \u0111\u1ef1ng th\u1ee9c \u0103n.\">ByNature chuy\u00ean v\u1ec1 c\u00e1c s\u1ea3n ph\u1ea9m c\u00f3 ngu\u1ed3n g\u1ed1c t\u1ef1 nhi\u00ean, thu\u1eadn t\u1ef1 nhi\u00ean v\u00e0 kh\u00f4ng ho\u00e1 ch\u1ea5t \u0111\u1ed9c h\u1ea1i. Ban \u0111\u1ea7u, ch\u1ee7 y\u1ebfu t\u1eadp trung v\u00e0o rau c\u1ee7 qu\u1ea3 v\u00e0 tr\u00e1i c\u00e2y t\u01b0\u01a1i v\u1edbi th\u00f9ng rau c\u1ee7 qu\u1ea3 theo ng\u00e0y v\u00e0 theo tu\u1ea7n The Box ByNature. D\u1ea7n d\u1ea7n, \u0111\u1ec3 \u0111\u00e1p \u1ee9ng nhu c\u1ea7u ng\u00e0y c\u00e0ng t\u0103ng c\u1ee7a kh\u00e1ch h\u00e0ng, ByNature \u0111\u00e3 m\u1edf r\u1ed9ng v\u00e0 \u0111a d\u1ea1ng c\u00e1c danh m\u1ee5c s\u1ea3n ph\u1ea9m c\u1ee7a m\u00ecnh \u0111\u1ec3 mang \u0111\u1ebfn cho b\u1ea1n nhi\u1ec1u s\u1ef1 l\u1ef1a ch\u1ecdn h\u01a1n, gi\u00fap tr\u1ea3i nghi\u1ec7m mua s\u1eafm c\u1ee7a b\u1ea1n ng\u00e0y c\u00e0ng \u0111\u01b0\u1ee3c nhanh ch\u00f3ng v\u00e0 thu\u1eadn ti\u1ec7n h\u01a1n.<\/span><\/p>\n<p style=\"text-align: justify;\"><span id=\"input_part_0\" class=\"\" data-mention=\"Vi\u1ec7c t\u00ecm ki\u1ebfm s\u1ea3n ph\u1ea9m th\u1ef1c s\u1ef1 kh\u00f4ng c\u00f3 thu\u1ed1c tr\u1eeb s\u00e2u c\u1ee7a ch\u00fang t\u00f4i kh\u00f4ng h\u1ec1 \u0111\u01a1n gi\u1ea3n. T\u00ecm ngu\u1ed3n cung \u1ee9ng s\u1ea3n ph\u1ea9m t\u01b0\u01a1i v\u00e0 n\u00f4ng s\u1ea3n t\u00e1i sinh v\u1eabn l\u00e0 m\u1ed9t nhi\u1ec7m v\u1ee5 kh\u00f3 kh\u0103n. Kh\u00f4ng d\u1ec5 \u0111\u1ec3 t\u00ecm \u0111\u01b0\u1ee3c nh\u1eefng ng\u01b0\u1eddi n\u00f4ng d\u00e2n \u0111\u00e1p \u1ee9ng c\u00e1c y\u00eau c\u1ea7u nghi\u00eam ng\u1eb7t c\u1ee7a ch\u00fang t\u00f4i v\u00e0 kh\u00f4ng dung n\u1ea1p h\u00f3a ch\u1ea5t trong b\u1ea5t k\u1ef3 giai \u0111o\u1ea1n n\u00e0o c\u1ee7a quy tr\u00ecnh. B\u1ea5t ch\u1ea5p nh\u1eefng th\u00e1ch th\u1ee9c, l\u1ee3i \u00edch c\u1ee7a vi\u1ec7c cung c\u1ea5p c\u00e1c s\u1ea3n ph\u1ea9m ho\u00e0n to\u00e0n t\u1ef1 nhi\u00ean cho ng\u01b0\u1eddi ti\u00eau d\u00f9ng l\u00e0 r\u1ea5t x\u1ee9ng \u0111\u00e1ng v\u1edbi nh\u1eefng n\u1ed7 l\u1ef1c. Nhi\u1ec1u n\u00f4ng d\u00e2n v\u00e0 kh\u00e1ch h\u00e0ng trung th\u00e0nh c\u1ee7a ch\u00fang t\u00f4i khi\u1ebfn ch\u00fang t\u00f4i t\u1ef1 h\u00e0o v\u00e0 bi\u1ebft \u01a1n m\u1ed7i ng\u00e0y. Ch\u01b0a k\u1ec3 \u0111\u1ebfn \u0111\u1ed9i ng\u0169 nh\u00e2n vi\u00ean tuy\u1ec7t v\u1eddi c\u1ee7a ch\u00fang t\u00f4i, nh\u1eefng ng\u01b0\u1eddi m\u00e0 \u0111i\u1ec1u \u0111\u00f3 kh\u00f4ng bao gi\u1edd c\u00f3 th\u1ec3 x\u1ea3y ra.\">Vi\u1ec7c t\u00ecm ki\u1ebfm ngu\u1ed3n cung c\u00e1c s\u1ea3n ph\u1ea9m thu\u1eadn t\u1ef1 nhi\u00ean v\u00e0 kh\u00f4ng ch\u1ee9a ho\u00e1 ch\u1ea5t \u0111\u1ed9c h\u1ea1i th\u1ef1c s\u1ef1 kh\u00f4ng h\u1ec1 \u0111\u01a1n gi\u1ea3n. Kh\u00f4ng d\u1ec5 \u0111\u1ec3 t\u00ecm \u0111\u01b0\u1ee3c v\u01b0\u1eddn tr\u1ed3ng kh\u00f4ng ho\u00e1 ch\u1ea5t v\u00e0 \u0111\u00e1p \u1ee9ng \u0111\u01b0\u1ee3c c\u00e1c y\u00eau c\u1ea7u ch\u1ea5t l\u01b0\u1ee3ng. Tuy v\u1eady, k\u1ebft qu\u1ea3 thu \u0111\u01b0\u1ee3c l\u1ea1i v\u00f4 c\u00f9ng x\u1ee9ng \u0111\u00e1ng cho nh\u1eefng n\u1ed7 l\u1ef1c \u0111\u00e3 b\u1ecf ra: \u0110\u01b0\u1ee3c l\u00e0m vi\u1ec7c v\u1edbi nh\u1eefng ng\u01b0\u1eddi n\u00f4ng d\u00e2n ch\u0103m ch\u1ec9 v\u00e0 t\u1eadn tu\u1ef5 c\u00f9ng v\u1edbi vi\u1ec7c c\u00f3 \u0111\u01b0\u1ee3c nh\u1eefng kh\u00e1ch h\u00e0ng th\u1ea5u hi\u1ec3u v\u00e0 th\u00e2n thi\u1ebft l\u00e0 \u0111i\u1ec1u khi\u1ebfn ByNature c\u1ea3m th\u1ea5y v\u00f4 c\u00f9ng t\u1ef1 h\u00e0o v\u00e0 bi\u1ebft \u01a1n.<\/span><\/p>\n<div id=\"input_line_7\" style=\"text-align: justify;\"><\/div>\n<p id=\"input_line_8\" style=\"text-align: justify;\"><span id=\"input_part_0\" class=\"\" data-mention=\"Khi ch\u00fang t\u00f4i c\u1ea3m th\u1ea5y t\u1ef1 tin \u0111\u00e3 h\u1ee3p t\u00e1c v\u1edbi nh\u1eefng ng\u01b0\u1eddi n\u00f4ng d\u00e2n ph\u00f9 h\u1ee3p, Box ByNature \u0111\u1ea7u ti\u00ean \u0111\u00e3 \u0111\u01b0\u1ee3c giao t\u1ea1i Th\u00e0nh ph\u1ed1 H\u1ed3 Ch\u00ed Minh v\u00e0o th\u00e1ng 8 n\u0103m 2018. Theo th\u1eddi gian, ng\u00e0y c\u00e0ng c\u00f3 nhi\u1ec1u s\u1ea3n ph\u1ea9m \u0111\u01b0\u1ee3c th\u00eam v\u00e0o d\u00f2ng s\u1ea3n ph\u1ea9m v\u00e0 c\u1eeda h\u00e0ng tr\u1ef1c tuy\u1ebfn c\u1ee7a ch\u00fang t\u00f4i. Trong su\u1ed1t nhi\u1ec1u n\u0103m, ch\u00fang t\u00f4i \u0111\u00e3 l\u00e0m vi\u1ec7c v\u1edbi ni\u1ec1m \u0111am m\u00ea v\u00e0 quy\u1ebft t\u00e2m kh\u00e1m ph\u00e1 c\u00e1c s\u1ea3n ph\u1ea9m m\u1edbi ch\u1ee7 y\u1ebfu t\u1eeb c\u00e1c trang tr\u1ea1i v\u00e0 doanh nghi\u1ec7p \u0111\u1ecba ph\u01b0\u01a1ng nh\u1ecf h\u01a1n \u0111\u00e1p \u1ee9ng ti\u00eau ch\u00ed ch\u00ednh c\u1ee7a ch\u00fang t\u00f4i l\u00e0 ho\u00e0n to\u00e0n t\u1ef1 nhi\u00ean v\u00e0 b\u1ec1n v\u1eefng.\">\u0110\u01a1n h\u00e0ng \u0111\u1ea7u ti\u00ean c\u1ee7a ByNature \u0111\u01b0\u1ee3c giao v\u00e0o th\u00e1ng 8 n\u0103m 2018. Vi\u1ec7c m\u1edf r\u1ed9ng v\u00e0 \u0111a d\u1ea1ng c\u00e1c danh m\u1ee5c s\u1ea3n ph\u1ea9m c\u0169ng tu\u00e2n theo quy \u0111\u1ecbnh nghi\u00eam ng\u1eb7t v\u1ec1 ch\u1ea5t l\u01b0\u1ee3ng c\u1ee7a ByNature. <\/span><span id=\"input_part_0\" class=\"\" data-mention=\"V\u00e0o th\u00e1ng 3 n\u0103m 2023, ch\u00fang t\u00f4i quy\u1ebft \u0111\u1ecbnh \u0111\u01b0a v\u00e0o s\u1eed d\u1ee5ng c\u00e1c s\u1ea3n ph\u1ea9m ch\u0103m s\u00f3c c\u00e1 nh\u00e2n v\u00e0 ch\u0103m s\u00f3c t\u1ea1i nh\u00e0 ho\u00e0n to\u00e0n t\u1ef1 nhi\u00ean. V\u1ebb \u0111\u1eb9p t\u1ef1 nhi\u00ean c\u1ee7a t\u00f4i \u0111\u00e3 tr\u1edf th\u00e0nh m\u1ed9t ph\u1ea7n c\u1ee7a gia \u0111\u00ecnh ch\u00fang t\u00f4i. Ch\u00fang t\u00f4i tin r\u1eb1ng nh\u1eefng g\u00ec ch\u00fang ta m\u1eb7c tr\u00ean c\u01a1 th\u1ec3 v\u00e0 trong nh\u00e0 c\u0169ng quan tr\u1ecdng nh\u01b0 nh\u1eefng g\u00ec ch\u00fang ta \u0103n. \u0110\u00f3 l\u00e0 l\u00fd do t\u1ea1i sao ch\u00fang t\u00f4i \u0111\u00e3 tuy\u1ec3n ch\u1ecdn m\u1ed9t lo\u1ea1t c\u00e1c s\u1ea3n ph\u1ea9m ch\u0103m s\u00f3c c\u01a1 th\u1ec3 nh\u1eb9 nh\u00e0ng, hi\u1ec7u qu\u1ea3 v\u00e0 ch\u1ec9 \u0111\u01b0\u1ee3c l\u00e0m t\u1eeb c\u00e1c th\u00e0nh ph\u1ea7n t\u1ef1 nhi\u00ean.\">Th\u00e1ng 3 n\u0103m 2023, ByNature quy\u1ebft \u0111\u1ecbnh m\u1edf r\u1ed9ng sang l\u0129nh v\u1ef1c c\u00e1c s\u1ea3n ph\u1ea9m ch\u0103m s\u00f3c c\u00e1 nh\u00e2n v\u00e0 m\u1ef9 ph\u1ea9m ho\u00e0n to\u00e0n t\u1ef1 nhi\u00ean. B\u1edfi ByNature hi\u1ec3u \u0111\u01b0\u1ee3c m\u1ef9 ph\u1ea9m v\u00e0 c\u00e1c s\u1ea3n ph\u1ea9m ch\u0103m s\u00f3c c\u01a1 th\u1ec3 c\u0169ng quan tr\u1ecdng kh\u00f4ng k\u00e9m th\u1ef1c ph\u1ea9m ch\u00fang ta \u0111\u01b0a v\u00e0o c\u01a1 th\u1ec3 h\u00e0ng ng\u00e0y. \u0110\u00e2y l\u00e0 l\u00fd do ByNature lu\u00f4n l\u1ef1a ch\u1ecdn cung c\u1ea5p c\u00e1c s\u1ea3n ph\u1ea9m c\u00f3 ngu\u1ed3n g\u1ed1c t\u1ef1 nhi\u00ean v\u00e0 kh\u00f4ng ho\u00e1 ch\u1ea5t \u0111\u1ed9c h\u1ea1i.<\/span><\/p>\n<p id=\"input_line_16\" style=\"text-align: justify;\"><span id=\"input_part_0\" class=\"\" data-mention=\"T\u1ea1i ByNature, ch\u00fang t\u00f4i kh\u00f4ng ch\u1ec9 l\u00e0 m\u1ed9t c\u00f4ng ty m\u00e0 c\u00f2n l\u00e0 m\u1ed9t c\u1ed9ng \u0111\u1ed3ng. Ch\u00fang t\u00f4i \u0111am m\u00ea l\u00e0m nh\u1eefng \u0111i\u1ec1u t\u1ed1t \u0111\u1eb9p c\u00f3 t\u00e1c \u0111\u1ed9ng t\u00edch c\u1ef1c \u0111\u1ebfn con ng\u01b0\u1eddi v\u00e0 thi\u00ean nhi\u00ean. Ch\u00fang t\u00f4i kh\u00f4ng ng\u1eebng n\u1ed7 l\u1ef1c c\u1ea3i thi\u1ec7n v\u00e0 m\u1edf r\u1ed9ng c\u00e1c d\u1ecbch v\u1ee5 c\u1ee7a m\u00ecnh, \u0111\u1ed3ng th\u1eddi v\u1eabn trung th\u00e0nh v\u1edbi c\u00e1c gi\u00e1 tr\u1ecb c\u1ed1t l\u00f5i c\u1ee7a m\u00ecnh l\u00e0 cung c\u1ea5p c\u00e1c s\u1ea3n ph\u1ea9m ho\u00e0n to\u00e0n t\u1ef1 nhi\u00ean, ti\u1ec7n l\u1ee3i v\u00e0 b\u1ec1n v\u1eefng. Kh\u00f4ng c\u00f3 s\u1ef1 th\u1ecfa hi\u1ec7p n\u00e0o \u0111\u01b0\u1ee3c th\u1ef1c hi\u1ec7n!\">Kh\u00f4ng ch\u1ec9 l\u00e0 m\u1ed9t doanh nghi\u1ec7p, ByNature mu\u1ed1n h\u01b0\u1edbng t\u1edbi x\u00e2y d\u1ef1ng m\u1ed9t c\u1ed9ng \u0111\u1ed3ng \u0103n s\u1ea1ch, s\u1ed1ng xanh v\u00ec m\u1ed9t t\u01b0\u01a1ng lai kho\u1ebb m\u1ea1nh v\u00e0 ph\u00e1t tri\u1ec3n b\u1ec1n v\u1eefng. Kh\u00f4ng ng\u1eebng c\u1ea3i thi\u1ec7n \u0111\u1ec3 n\u00e2ng cao ch\u1ea5t l\u01b0\u1ee3ng s\u1ea3n ph\u1ea9m v\u00e0 d\u1ecbch v\u1ee5, nh\u01b0ng \u0111\u1ed3ng th\u1eddi, ByNature v\u1eabn l\u1ef1a ch\u1ecdn trung th\u00e0nh v\u1edbi nh\u1eefng gi\u00e1 tr\u1ecb c\u1ed1t l\u00f5i v\u00e0 s\u1ee9 m\u1ec7nh ban \u0111\u1ea7u \u0111\u1ec3 mang \u0111\u1ebfn cho kh\u00e1ch h\u00e0ng m\u1ed9t l\u1ed1i s\u1ed1ng t\u1ed1t h\u01a1n.<\/span><\/p>\n<p id=\"input_line_18\" style=\"text-align: justify;\"><span id=\"input_part_0\" class=\"\" data-mention=\"C\u1ea3m \u01a1n b\u1ea1n \u0111\u00e3 tham gia c\u00f9ng ch\u00fang t\u00f4i tr\u00ean h\u00e0nh tr\u00ecnh h\u01b0\u1edbng t\u1edbi m\u1ed9t t\u01b0\u01a1ng lai l\u00e0nh m\u1ea1nh v\u00e0 b\u1ec1n v\u1eefng h\u01a1n. Ch\u00fang t\u00f4i mong mu\u1ed1n ti\u1ebfp t\u1ee5c mang \u0111\u1ebfn cho b\u1ea1n nh\u1eefng g\u00ec t\u1ed1t nh\u1ea5t c\u1ee7a thi\u00ean nhi\u00ean th\u00f4ng qua ByNature. H\u00e3y truy c\u1eadp nhi\u1ec1u b\u00e0i \u0111\u0103ng tr\u00ean blog c\u1ee7a ch\u00fang t\u00f4i \u0111\u1ec3 t\u00ecm hi\u1ec3u th\u00eam v\u1ec1 ch\u00fang t\u00f4i v\u00e0 c\u00e1c s\u1ea3n ph\u1ea9m c\u1ee7a ch\u00fang t\u00f4i.\">C\u1ea3m \u01a1n b\u1ea1n \u0111\u00e3 l\u1ef1a ch\u1ecdn \u0111\u1ed3ng h\u00e0nh c\u00f9ng ByNature tr\u00ean h\u00e0nh tr\u00ecnh h\u01b0\u1edbng t\u1edbi m\u1ed9t t\u01b0\u01a1ng lai kho\u1ebb m\u1ea1nh h\u01a1n, b\u1ec1n v\u1eefng h\u01a1n!<\/span><\/p>\n<p style=\"text-align: justify;\">Email:\u00a0<span style=\"text-decoration: underline;\"><span style=\"color: #008000;\"><a style=\"color: #008000; text-decoration: underline;\" href=\"mailto:%20info@bynature.vn\">info@bynature.vn<\/a><\/span><\/span><\/p>\n<p style=\"text-align: justify;\"><span id=\"input_part_0\" class=\"\" data-mention=\"Website:\u00a0bynature.vn\">Website: <span style=\"color: #008000;\"><a style=\"color: #008000;\" href=\"https:\/\/bynature.vn\/vi\/\">bynature.vn<\/a><\/span><\/span><\/p>\n<p style=\"text-align: justify;\">\n","protected":false},"excerpt":{"rendered":"<p>L\u1ecbch s\u1eed h\u00ecnh th\u00e0nh v\u00e0 ph\u00e1t tri\u1ec3n Kho\u1ea3ng \u0111\u1ea7u th\u00e1ng 9 n\u0103m 2017, nh\u1eadn th\u1ea5y s\u1ef1 thi\u1ebfu h\u1ee5t \u0111\u00e1ng lo ng\u1ea1i trong vi\u1ec7c ti\u1ebfp c\u1eadn ngu\u1ed3n th\u1ef1c ph\u1ea9m s\u1ea1ch c\u00f9ng v\u1edbi ni\u1ec1m \u0111am m\u00ea v\u1ec1 dinh d\u01b0\u1ee1ng v\u00e0 s\u1ee9c kho\u1ebb th\u1ec3 ch\u1ea5t \u0111\u00e3 nhen nh\u00f3m cho s\u1ef1 ra \u0111\u1eddi c\u1ee7a m\u1ed9t doanh nghi\u1ec7p tr\u1ebb chuy\u00ean &hellip; <\/p>\n<p class=\"link-more\"><a href=\"https:\/\/bynature.vn\/vi\/lich-su\/\" class=\"more-link\">Continue reading<span class=\"screen-reader-text\"> &#8220;L\u1ecbch S\u1eed&#8221;<\/span><\/a><\/p>\n","protected":false},"author":426,"featured_media":0,"parent":0,"menu_order":0,"comment_status":"closed","ping_status":"closed","template":"","meta":{"footnotes":""},"class_list":["post-5279","page","type-page","status-publish","hentry"],"acf":[],"_links":{"self":[{"href":"https:\/\/bynature.vn\/vi\/wp-json\/wp\/v2\/pages\/5279","targetHints":{"allow":["GET"]}}],"collection":[{"href":"https:\/\/bynature.vn\/vi\/wp-json\/wp\/v2\/pages"}],"about":[{"href":"https:\/\/bynature.vn\/vi\/wp-json\/wp\/v2\/types\/page"}],"author":[{"embeddable":true,"href":"https:\/\/bynature.vn\/vi\/wp-json\/wp\/v2\/users\/426"}],"replies":[{"embeddable":true,"href":"https:\/\/bynature.vn\/vi\/wp-json\/wp\/v2\/comments?post=5279"}],"version-history":[{"count":4,"href":"https:\/\/bynature.vn\/vi\/wp-json\/wp\/v2\/pages\/5279\/revisions"}],"predecessor-version":[{"id":9011,"href":"https:\/\/bynature.vn\/vi\/wp-json\/wp\/v2\/pages\/5279\/revisions\/9011"}],"wp:attachment":[{"href":"https:\/\/bynature.vn\/vi\/wp-json\/wp\/v2\/media?parent=5279"}],"curies":[{"name":"wp","href":"https:\/\/api.w.org\/{rel}","templated":true}]}}