{"id":5277,"date":"2023-10-29T17:26:06","date_gmt":"2023-10-29T10:26:06","guid":{"rendered":"https:\/\/bynature.vn\/?page_id=5277"},"modified":"2024-04-16T10:14:19","modified_gmt":"2024-04-16T03:14:19","slug":"ben-vung","status":"publish","type":"page","link":"https:\/\/bynature.vn\/vi\/ben-vung\/","title":{"rendered":"\u0110\u1ea1o \u0110\u1ee9c &#038; B\u1ec1n V\u1eefng"},"content":{"rendered":"<h6 id=\"input_line_0\" style=\"text-align: justify;\"><span id=\"input_part_0\" class=\"\" data-mention=\"T\u1ea1i ByNature, ch\u00fang t\u00f4i cam k\u1ebft cung c\u1ea5p c\u00e1c s\u1ea3n ph\u1ea9m b\u1ec1n v\u1eefng v\u00e0 th\u00e2n thi\u1ec7n v\u1edbi m\u00f4i tr\u01b0\u1eddng \u0111\u1ec3 gi\u00fap b\u1ea1n c\u00f3 l\u1ed1i s\u1ed1ng c\u00f3 \u00fd th\u1ee9c h\u01a1n v\u1edbi m\u00f4i tr\u01b0\u1eddng. C\u00e1c s\u1ea3n ph\u1ea9m c\u1ee7a ch\u00fang t\u00f4i \u0111\u01b0\u1ee3c s\u1ea3n xu\u1ea5t b\u1ec1n v\u1eefng v\u00e0 c\u00f3 ngu\u1ed3n g\u1ed1c h\u1ee3p ph\u00e1p, \u0111\u1ea3m b\u1ea3o r\u1eb1ng c\u1ea3 m\u00f4i tr\u01b0\u1eddng v\u00e0 nh\u1eefng ng\u01b0\u1eddi tham gia s\u1ea3n xu\u1ea5t \u0111\u1ec1u \u0111\u01b0\u1ee3c \u0111\u1ed1i x\u1eed c\u1ea9n th\u1eadn. T\u00ednh b\u1ec1n v\u1eefng l\u00e0 \u01b0u ti\u00ean h\u00e0ng \u0111\u1ea7u c\u1ee7a ch\u00fang t\u00f4i! C\u00e1c s\u1ea3n ph\u1ea9m c\u1ee7a ch\u00fang t\u00f4i \u0111\u01b0\u1ee3c l\u1ef1a ch\u1ecdn c\u1ea9n th\u1eadn \u0111\u1ec3 \u0111\u1ea3m b\u1ea3o r\u1eb1ng ch\u00fang \u0111\u01b0\u1ee3c s\u1ea3n xu\u1ea5t c\u00f3 \u0111\u1ea1o \u0111\u1ee9c v\u00e0 b\u1ec1n v\u1eefng, v\u00ec v\u1eady b\u1ea1n c\u00f3 th\u1ec3 c\u1ea3m th\u1ea5y h\u00e0i l\u00f2ng khi mua h\u00e0ng.\">\u0110\u1ea1o \u0111\u1ee9c v\u00e0 b\u1ec1n v\u1eefng l\u00e0 nh\u1eefng y\u1ebfu t\u1ed1 \u0111\u01b0\u1ee3c \u01b0u ti\u00ean h\u00e0ng \u0111\u1ea7u<\/span><\/h6>\n<p style=\"text-align: justify;\"><span id=\"input_part_0\" class=\"\" data-mention=\"T\u1ea1i ByNature, ch\u00fang t\u00f4i cam k\u1ebft cung c\u1ea5p c\u00e1c s\u1ea3n ph\u1ea9m b\u1ec1n v\u1eefng v\u00e0 th\u00e2n thi\u1ec7n v\u1edbi m\u00f4i tr\u01b0\u1eddng \u0111\u1ec3 gi\u00fap b\u1ea1n c\u00f3 l\u1ed1i s\u1ed1ng c\u00f3 \u00fd th\u1ee9c h\u01a1n v\u1edbi m\u00f4i tr\u01b0\u1eddng. C\u00e1c s\u1ea3n ph\u1ea9m c\u1ee7a ch\u00fang t\u00f4i \u0111\u01b0\u1ee3c s\u1ea3n xu\u1ea5t b\u1ec1n v\u1eefng v\u00e0 c\u00f3 ngu\u1ed3n g\u1ed1c h\u1ee3p ph\u00e1p, \u0111\u1ea3m b\u1ea3o r\u1eb1ng c\u1ea3 m\u00f4i tr\u01b0\u1eddng v\u00e0 nh\u1eefng ng\u01b0\u1eddi tham gia s\u1ea3n xu\u1ea5t \u0111\u1ec1u \u0111\u01b0\u1ee3c \u0111\u1ed1i x\u1eed c\u1ea9n th\u1eadn. T\u00ednh b\u1ec1n v\u1eefng l\u00e0 \u01b0u ti\u00ean h\u00e0ng \u0111\u1ea7u c\u1ee7a ch\u00fang t\u00f4i! C\u00e1c s\u1ea3n ph\u1ea9m c\u1ee7a ch\u00fang t\u00f4i \u0111\u01b0\u1ee3c l\u1ef1a ch\u1ecdn c\u1ea9n th\u1eadn \u0111\u1ec3 \u0111\u1ea3m b\u1ea3o r\u1eb1ng ch\u00fang \u0111\u01b0\u1ee3c s\u1ea3n xu\u1ea5t c\u00f3 \u0111\u1ea1o \u0111\u1ee9c v\u00e0 b\u1ec1n v\u1eefng, v\u00ec v\u1eady b\u1ea1n c\u00f3 th\u1ec3 c\u1ea3m th\u1ea5y h\u00e0i l\u00f2ng khi mua h\u00e0ng.\">ByNature cam k\u1ebft lu\u00f4n l\u1ef1a ch\u1ecdn cung c\u1ea5p nh\u1eefng s\u1ea3n ph\u1ea9m xanh v\u00e0 th\u00e2n thi\u1ec7n v\u1edbi m\u00f4i tr\u01b0\u1eddng, g\u00f3p ph\u1ea7n mang \u0111\u1ebfn cho b\u1ea1n m\u1ed9t l\u1ed1i s\u1ed1ng t\u1ed1t h\u01a1n!<\/span><\/p>\n<p>ByNature l\u1ef1a ch\u1ecdn h\u1ee3p t\u00e1c v\u1edbi c\u00e1c nh\u00e0 v\u01b0\u1eddn tin c\u1eady v\u00e0 \u0111\u1ed1i t\u00e1c uy t\u00edn c\u00f3 chung ni\u1ec1m \u0111am m\u00ea v\u1ec1 th\u1ef1c ph\u1ea9m s\u1ea1ch. Rau c\u1ee7 qu\u1ea3 \u0111\u01b0\u1ee3c ByNature l\u1ef1a ch\u1ecdn k\u1ef9 c\u00e0ng \u0111\u1ec3 lu\u00f4n \u0111\u1ea3m b\u1ea3o ch\u1ea5t l\u01b0\u1ee3ng v\u00e0 \u0111\u1ed9 t\u01b0\u01a1i ngon. M\u00f9a n\u00e0o th\u1ee9c n\u1ea5y v\u00e0 \u0111\u1ea3m b\u1ea3o kh\u00f4ng s\u1eed d\u1ee5ng h\u00f3a ch\u1ea5t, thu\u1ed1c tr\u1eeb s\u00e2u hay hormone t\u0103ng tr\u01b0\u1edfng.<\/p>\n<p id=\"input_line_2\" style=\"text-align: justify;\"><span id=\"input_part_0\" class=\"\" data-mention=\"Ch\u00fang t\u00f4i n\u1ed7 l\u1ef1c th\u00fac \u0111\u1ea9y l\u1ed1i s\u1ed1ng xanh h\u01a1n b\u1eb1ng c\u00e1ch h\u1ea1n ch\u1ebf s\u1eed d\u1ee5ng nh\u1ef1a d\u00f9ng m\u1ed9t l\u1ea7n trong chu\u1ed7i cung \u1ee9ng c\u1ee7a m\u00ecnh. Ch\u00fang t\u00f4i \u0111\u00e3 \u0111\u01b0a ra quy\u1ebft \u0111\u1ecbnh s\u00e1ng su\u1ed1t khi h\u1ee3p t\u00e1c v\u1edbi c\u00e1c trang tr\u1ea1i \u0111\u1ecba ph\u01b0\u01a1ng chuy\u00ean tr\u1ed3ng s\u1ea3n ph\u1ea9m h\u1eefu c\u01a1, \u0111\u1ea3m b\u1ea3o r\u1eb1ng s\u1ea3n ph\u1ea9m c\u1ee7a ch\u00fang t\u00f4i kh\u00f4ng ch\u1ec9 t\u1ed1t cho s\u1ee9c kh\u1ecfe c\u1ee7a kh\u00e1ch h\u00e0ng m\u00e0 c\u00f2n t\u1ed1t cho m\u00f4i tr\u01b0\u1eddng.\">ByNature c\u0169ng n\u1ed7 l\u1ef1c th\u00fac \u0111\u1ea9y l\u1ed1i s\u1ed1ng xanh b\u1eb1ng c\u00e1ch h\u1ea1n ch\u1ebf s\u1eed d\u1ee5ng c\u00e1c s\u1ea3n ph\u1ea9m nh\u1ef1a d\u00f9ng m\u1ed9t l\u1ea7n trong su\u1ed1t chu\u1ed7i cung \u1ee9ng.<\/span><\/p>\n<p id=\"input_line_6\" style=\"text-align: justify;\"><span id=\"input_part_0\" class=\"\" data-mention=\"Khi nh\u1eadn \u0111\u01b0\u1ee3c \u0111\u01a1n \u0111\u1eb7t h\u00e0ng, b\u1ea1n s\u1ebd kh\u00f4ng t\u00ecm th\u1ea5y b\u1ea5t k\u1ef3 bao b\u00ec nh\u1ef1a n\u00e0o v\u00ec ch\u00fang t\u00f4i tin t\u01b0\u1edfng v\u00e0o vi\u1ec7c t\u00e1i s\u1eed d\u1ee5ng h\u1ed9p v\u00e0 v\u1eadt li\u1ec7u \u0111\u00f3ng g\u00f3i \u0111\u1ec3 gi\u1ea3m thi\u1ec3u r\u00e1c th\u1ea3i. Ch\u00fang t\u00f4i c\u0169ng h\u1ed7 tr\u1ee3 c\u00e1c n\u1ed7 l\u1ef1c t\u00e1i ch\u1ebf b\u1eb1ng c\u00e1ch khuy\u1ebfn kh\u00edch kh\u00e1ch h\u00e0ng tr\u1ea3 l\u1ea1i ho\u1eb7c t\u00e1i s\u1eed d\u1ee5ng l\u1ecd v\u00e0 chai th\u1ee7y tinh. Ngo\u00e0i ra, ch\u00fang t\u00f4i giao h\u00e0ng v\u1edbi s\u1ed1 l\u01b0\u1ee3ng l\u1edbn v\u00e0 s\u1eafp x\u1ebfp c\u00e1c tuy\u1ebfn \u0111\u01b0\u1eddng \u0111\u1ec3 gi\u1ea3m thi\u1ec3u l\u01b0\u1ee3ng kh\u00ed th\u1ea3i carbon. B\u1eb1ng c\u00e1ch mua s\u1eafm v\u1edbi ch\u00fang t\u00f4i, b\u1ea1n kh\u00f4ng ch\u1ec9 h\u1ed7 tr\u1ee3 ho\u1ea1t \u0111\u1ed9ng kinh doanh b\u1ec1n v\u1eefng m\u00e0 c\u00f2n \u0111\u00f3ng g\u00f3p cho m\u1ed9t h\u00e0nh tinh l\u00e0nh m\u1ea1nh h\u01a1n.\">Khi nh\u1eadn \u0111\u01b0\u1ee3c s\u1ea3n ph\u1ea9m, b\u1ea1n s\u1ebd kh\u00f4ng t\u00ecm th\u1ea5y b\u1ea5t k\u1ef3 bao b\u00ec nh\u1ef1a n\u00e0o v\u00ec ByNature lu\u00f4n \u01b0u ti\u00ean s\u1eed d\u1ee5ng th\u00f9ng carton v\u00e0 t\u00fai gi\u1ea5y \u0111\u1ec3 gi\u1ea3m thi\u1ec3u r\u00e1c th\u1ea3i nh\u1ef1a. ByNature c\u0169ng \u1ee7ng h\u1ed9 vi\u1ec7c t\u00e1i ch\u1ebf b\u1eb1ng c\u00e1ch khuy\u1ebfn kh\u00edch kh\u00e1ch h\u00e0ng tr\u1ea3 l\u1ea1i ho\u1eb7c t\u00e1i s\u1eed d\u1ee5ng chai v\u00e0 l\u1ecd th\u1ee7y tinh. Ngo\u00e0i ra, ByNature lu\u00f4n c\u1ed1 g\u1eafng s\u1eafp x\u1ebfp vi\u1ec7c giao h\u00e0ng v\u1edbi s\u1ed1 l\u01b0\u1ee3ng l\u1edbn, s\u1eafp x\u1ebfp c\u00e1c \u0111\u1ecba ch\u1ec9 giao h\u00e0ng \u0111\u1ec3 gi\u1ea3m thi\u1ec3u \u0111\u1ebfn m\u1ee9c th\u1ea5p nh\u1ea5t l\u01b0\u1ee3ng kh\u00ed th\u1ea3i carbon th\u1ea3i ra m\u00f4i tr\u01b0\u1eddng.<\/span><\/p>\n<p style=\"text-align: justify;\"><span id=\"input_part_0\" class=\"\" data-mention=\"Khi nh\u1eadn \u0111\u01b0\u1ee3c \u0111\u01a1n \u0111\u1eb7t h\u00e0ng, b\u1ea1n s\u1ebd kh\u00f4ng t\u00ecm th\u1ea5y b\u1ea5t k\u1ef3 bao b\u00ec nh\u1ef1a n\u00e0o v\u00ec ch\u00fang t\u00f4i tin t\u01b0\u1edfng v\u00e0o vi\u1ec7c t\u00e1i s\u1eed d\u1ee5ng h\u1ed9p v\u00e0 v\u1eadt li\u1ec7u \u0111\u00f3ng g\u00f3i \u0111\u1ec3 gi\u1ea3m thi\u1ec3u r\u00e1c th\u1ea3i. Ch\u00fang t\u00f4i c\u0169ng h\u1ed7 tr\u1ee3 c\u00e1c n\u1ed7 l\u1ef1c t\u00e1i ch\u1ebf b\u1eb1ng c\u00e1ch khuy\u1ebfn kh\u00edch kh\u00e1ch h\u00e0ng tr\u1ea3 l\u1ea1i ho\u1eb7c t\u00e1i s\u1eed d\u1ee5ng l\u1ecd v\u00e0 chai th\u1ee7y tinh. Ngo\u00e0i ra, ch\u00fang t\u00f4i giao h\u00e0ng v\u1edbi s\u1ed1 l\u01b0\u1ee3ng l\u1edbn v\u00e0 s\u1eafp x\u1ebfp c\u00e1c tuy\u1ebfn \u0111\u01b0\u1eddng \u0111\u1ec3 gi\u1ea3m thi\u1ec3u l\u01b0\u1ee3ng kh\u00ed th\u1ea3i carbon. B\u1eb1ng c\u00e1ch mua s\u1eafm v\u1edbi ch\u00fang t\u00f4i, b\u1ea1n kh\u00f4ng ch\u1ec9 h\u1ed7 tr\u1ee3 ho\u1ea1t \u0111\u1ed9ng kinh doanh b\u1ec1n v\u1eefng m\u00e0 c\u00f2n \u0111\u00f3ng g\u00f3p cho m\u1ed9t h\u00e0nh tinh l\u00e0nh m\u1ea1nh h\u01a1n.\">L\u1ef1a ch\u1ecdn ByNature, b\u1ea1n kh\u00f4ng ch\u1ec9 \u0111ang h\u1ed7 tr\u1ee3 cho ho\u1ea1t \u0111\u1ed9ng kinh doanh b\u1ec1n v\u1eefng m\u00e0 c\u00f2n g\u00f3p ph\u1ea7n th\u00fac \u0111\u1ea9y m\u1ed9t l\u1ed1i s\u1ed1ng xanh v\u00ec m\u1ed9t h\u00e0nh tinh kho\u1ebb m\u1ea1nh h\u01a1n!<\/span><\/p>\n<p>\u0110\u1ecdc th\u00eam: <span style=\"text-decoration: underline; color: #008000;\"><a style=\"color: #008000; text-decoration: underline;\" href=\"https:\/\/bynature.vn\/vi\/bynature-chon-huong-di-xanh-va-phat-trien-ben-vung\/\">ByNature &#8211; Ch\u00fang t\u00f4i ch\u1ecdn m\u1ed9t h\u01b0\u1edbng \u0111i xanh v\u00e0 ph\u00e1t tri\u1ec3n b\u1ec1n v\u1eefng<\/a><\/span><\/p>\n","protected":false},"excerpt":{"rendered":"<p>\u0110\u1ea1o \u0111\u1ee9c v\u00e0 b\u1ec1n v\u1eefng l\u00e0 nh\u1eefng y\u1ebfu t\u1ed1 \u0111\u01b0\u1ee3c \u01b0u ti\u00ean h\u00e0ng \u0111\u1ea7u ByNature cam k\u1ebft lu\u00f4n l\u1ef1a ch\u1ecdn cung c\u1ea5p nh\u1eefng s\u1ea3n ph\u1ea9m xanh v\u00e0 th\u00e2n thi\u1ec7n v\u1edbi m\u00f4i tr\u01b0\u1eddng, g\u00f3p ph\u1ea7n mang \u0111\u1ebfn cho b\u1ea1n m\u1ed9t l\u1ed1i s\u1ed1ng t\u1ed1t h\u01a1n! ByNature l\u1ef1a ch\u1ecdn h\u1ee3p t\u00e1c v\u1edbi c\u00e1c nh\u00e0 v\u01b0\u1eddn tin c\u1eady v\u00e0 &hellip; <\/p>\n<p class=\"link-more\"><a href=\"https:\/\/bynature.vn\/vi\/ben-vung\/\" class=\"more-link\">Continue reading<span class=\"screen-reader-text\"> &#8220;\u0110\u1ea1o \u0110\u1ee9c &#038; B\u1ec1n V\u1eefng&#8221;<\/span><\/a><\/p>\n","protected":false},"author":426,"featured_media":0,"parent":0,"menu_order":0,"comment_status":"closed","ping_status":"closed","template":"","meta":{"footnotes":""},"class_list":["post-5277","page","type-page","status-publish","hentry"],"acf":[],"_links":{"self":[{"href":"https:\/\/bynature.vn\/vi\/wp-json\/wp\/v2\/pages\/5277","targetHints":{"allow":["GET"]}}],"collection":[{"href":"https:\/\/bynature.vn\/vi\/wp-json\/wp\/v2\/pages"}],"about":[{"href":"https:\/\/bynature.vn\/vi\/wp-json\/wp\/v2\/types\/page"}],"author":[{"embeddable":true,"href":"https:\/\/bynature.vn\/vi\/wp-json\/wp\/v2\/users\/426"}],"replies":[{"embeddable":true,"href":"https:\/\/bynature.vn\/vi\/wp-json\/wp\/v2\/comments?post=5277"}],"version-history":[{"count":7,"href":"https:\/\/bynature.vn\/vi\/wp-json\/wp\/v2\/pages\/5277\/revisions"}],"predecessor-version":[{"id":9007,"href":"https:\/\/bynature.vn\/vi\/wp-json\/wp\/v2\/pages\/5277\/revisions\/9007"}],"wp:attachment":[{"href":"https:\/\/bynature.vn\/vi\/wp-json\/wp\/v2\/media?parent=5277"}],"curies":[{"name":"wp","href":"https:\/\/api.w.org\/{rel}","templated":true}]}}