{"id":5275,"date":"2023-10-29T17:25:11","date_gmt":"2023-10-29T10:25:11","guid":{"rendered":"https:\/\/bynature.vn\/?page_id=5275"},"modified":"2024-04-16T10:25:03","modified_gmt":"2024-04-16T03:25:03","slug":"gia-tri-niem-tin","status":"publish","type":"page","link":"https:\/\/bynature.vn\/vi\/gia-tri-niem-tin\/","title":{"rendered":"Gi\u00e1 Tr\u1ecb &#038; Ni\u1ec1m Tin"},"content":{"rendered":"<h6>Gi\u00e1 tr\u1ecb v\u00e0 Ni\u1ec1m tin<\/h6>\n<p id=\"input_line_0\" style=\"text-align: justify;\"><span id=\"input_part_0\" class=\"\" data-mention=\"T\u1ea1i ByNature Company, ch\u00fang t\u00f4i tin t\u01b0\u1edfng m\u1ea1nh m\u1ebd v\u00e0o t\u1ea7m quan tr\u1ecdng c\u1ee7a c\u00e1c gi\u00e1 tr\u1ecb v\u00e0 ni\u1ec1m tin khi n\u00f3i \u0111\u1ebfn l\u1ed1i s\u1ed1ng b\u1ec1n v\u1eefng v\u00e0 l\u00e0nh m\u1ea1nh. \u0110\u00f3 l\u00e0 l\u00fd do t\u1ea1i sao ch\u00fang t\u00f4i th\u00e0nh l\u1eadp ByNature, m\u1ed9t c\u1eeda h\u00e0ng tr\u1ef1c tuy\u1ebfn chuy\u00ean cung c\u1ea5p c\u00e1c s\u1ea3n ph\u1ea9m ho\u00e0n to\u00e0n t\u1ef1 nhi\u00ean v\u00e0 \u0111\u01b0\u1ee3c tr\u1ed3ng h\u1eefu c\u01a1 nh\u1eb1m th\u00fac \u0111\u1ea9y l\u1ed1i s\u1ed1ng l\u00e0nh m\u1ea1nh.\">ByNature \u0111\u1ec1 cao t\u1ea7m quan tr\u1ecdng c\u1ee7a c\u00e1c gi\u00e1 tr\u1ecb v\u00e0 ni\u1ec1m tin khi n\u00f3i \u0111\u1ebfn m\u1ed9t l\u1ed1i s\u1ed1ng l\u00e0nh m\u1ea1nh v\u00e0 b\u1ec1n v\u1eefng. \u0110\u00f3 l\u00e0 l\u00fd do ra \u0111\u1eddi ByNature &#8211; c\u1eeda h\u00e0ng online chuy\u00ean cung c\u1ea5p c\u00e1c s\u1ea3n ph\u1ea9m c\u00f3 ngu\u1ed3n g\u1ed1c ho\u00e0n to\u00e0n t\u1ef1 nhi\u00ean v\u00e0 \u0111\u01b0\u1ee3c tr\u1ed3ng theo h\u01b0\u1edbng h\u1eefu c\u01a1 nh\u1eb1m th\u00fac \u0111\u1ea9y c\u1ed9ng \u0111\u1ed3ng m\u1ed9t l\u1ed1i s\u1ed1ng l\u00e0nh m\u1ea1nh.<\/span><\/p>\n<p id=\"input_line_2\" style=\"text-align: justify;\"><span id=\"input_part_0\" class=\"\" data-mention=\"Ch\u00fang t\u00f4i t\u1ef1 h\u00e0o v\u1ec1 c\u00e1c s\u1ea3n ph\u1ea9m c\u00f3 ngu\u1ed3n g\u1ed1c b\u1ec1n v\u1eefng v\u00e0 c\u00f3 \u0111\u1ea1o \u0111\u1ee9c t\u1eeb quan h\u1ec7 \u0111\u1ed1i t\u00e1c c\u1ee7a ch\u00fang t\u00f4i v\u1edbi n\u00f4ng d\u00e2n \u0111\u1ecba ph\u01b0\u01a1ng tr\u00ean kh\u1eafp \u0111\u1ea5t n\u01b0\u1edbc. Cam k\u1ebft c\u1ee7a ch\u00fang t\u00f4i v\u1ec1 t\u00ednh b\u1ec1n v\u1eefng c\u00f2n m\u1edf r\u1ed9ng \u0111\u1ebfn c\u00e1c ho\u1ea1t \u0111\u1ed9ng kinh doanh c\u1ee7a ch\u00fang t\u00f4i, khi ch\u00fang t\u00f4i c\u1ed1 g\u1eafng t\u00e1i s\u1eed d\u1ee5ng v\u00e0 cung c\u1ea5p ch\u1ee7 y\u1ebfu c\u00e1c s\u1ea3n ph\u1ea9m \u0111\u1ecba ph\u01b0\u01a1ng cho kh\u00e1ch h\u00e0ng c\u1ee7a m\u00ecnh.\">ByNature t\u1ef1 h\u00e0o v\u1ec1 c\u00e1c s\u1ea3n ph\u1ea9m, \u0111\u1ed1i t\u00e1c v\u00e0 nh\u1eefng ng\u01b0\u1eddi n\u00f4ng d\u00e2n tr\u00ean kh\u1eafp \u0111\u1ea5t n\u01b0\u1edbc c\u1ee7a m\u00ecnh. Cam k\u1ebft c\u1ee7a ByNature v\u1ec1 t\u00ednh b\u1ec1n v\u1eefng c\u00f2n \u0111\u01b0\u1ee3c th\u1ec3 hi\u1ec7n qua c\u00e1c ho\u1ea1t \u0111\u1ed9ng kinh doanh c\u1ee7a ch\u00fang t\u00f4i, ByNature lu\u00f4n c\u1ed1 g\u1eafng t\u00e1i s\u1eed d\u1ee5ng nhi\u1ec1u nh\u1ea5t c\u00f3 th\u1ec3 v\u00e0 cung c\u1ea5p ch\u1ee7 y\u1ebfu c\u00e1c s\u1ea3n ph\u1ea9m \u0111\u1ecba ph\u01b0\u01a1ng cho kh\u00e1ch h\u00e0ng c\u1ee7a m\u00ecnh.<\/span><\/p>\n<p id=\"input_line_4\" style=\"text-align: justify;\"><span id=\"input_part_0\" class=\"\" data-mention=\"D\u1ecbch v\u1ee5 cao c\u1ea5p c\u1ee7a ch\u00fang t\u00f4i bao g\u1ed3m giao h\u00e0ng t\u1eeb trang tr\u1ea1i \u0111\u1ebfn t\u1eadn nh\u00e0, gi\u00fap kh\u00e1ch h\u00e0ng thu\u1eadn ti\u1ec7n ti\u1ebfp c\u1eadn c\u00e1c s\u1ea3n ph\u1ea9m ch\u1ea5t l\u01b0\u1ee3ng cao ph\u00f9 h\u1ee3p v\u1edbi gi\u00e1 tr\u1ecb v\u00e0 ni\u1ec1m tin c\u1ee7a h\u1ecd. H\u00e3y tin t\u01b0\u1edfng ch\u00fang t\u00f4i s\u1ebd cung c\u1ea5p cho b\u1ea1n nh\u1eefng s\u1ea3n ph\u1ea9m t\u1ed1t nh\u1ea5t kh\u00f4ng ch\u1ec9 mang l\u1ea1i l\u1ee3i \u00edch cho s\u1ee9c kh\u1ecfe c\u1ee7a b\u1ea1n m\u00e0 c\u00f2n h\u1ed7 tr\u1ee3 m\u00f4i tr\u01b0\u1eddng v\u00e0 c\u1ed9ng \u0111\u1ed3ng \u0111\u1ecba ph\u01b0\u01a1ng.\">D\u1ecbch v\u1ee5 giao h\u00e0ng t\u1eeb v\u01b0\u1eddn \u0111\u1ebfn nh\u00e0 c\u1ee7a ByNature c\u0169ng gi\u00fap kh\u00e1ch h\u00e0ng d\u1ec5 d\u00e0ng ti\u1ebfp c\u1eadn v\u1edbi c\u00e1c s\u1ea3n ph\u1ea9m ch\u1ea5t l\u01b0\u1ee3ng cao. ByNature cam k\u1ebft kh\u00f4ng ch\u1ec9 mang \u0111\u1ebfn cho b\u1ea1n nh\u1eefng s\u1ea3n ph\u1ea9m t\u1ed1t nh\u1ea5t m\u00e0 c\u00f2n b\u1ea3o v\u1ec7 m\u00f4i tr\u01b0\u1eddng v\u00e0 h\u1ed7 tr\u1ee3 c\u1ed9ng \u0111\u1ed3ng c\u00e1c doanh nghi\u1ec7p v\u00e0 nh\u00e0 cung c\u1ea5p \u0111\u1ecba ph\u01b0\u01a1ng.<\/span><\/p>\n<p style=\"text-align: justify;\">Email:\u00a0<span style=\"text-decoration: underline;\"><span style=\"color: #008000;\"><a style=\"color: #008000; text-decoration: underline;\" href=\"mailto:%20info@bynature.vn\">info@bynature.vn<\/a><\/span><\/span><\/p>\n<p style=\"text-align: justify;\"><span id=\"input_part_0\" class=\"\" data-mention=\"Website:\u00a0bynature.vn\">Website: <span style=\"color: #008000;\"><a style=\"color: #008000;\" href=\"https:\/\/bynature.vn\/vi\/\">bynature.vn<\/a><\/span><\/span><\/p>\n<p><img loading=\"lazy\" decoding=\"async\" class=\"aligncenter wp-image-6134\" src=\"https:\/\/bynature.vn\/wp-content\/uploads\/2023\/12\/ByNature-Values-Beliefs-300x200.jpg\" alt=\"values and beliefs - gia tri va niem tin - bynature\" width=\"479\" height=\"319\" srcset=\"https:\/\/bynature.vn\/wp-content\/uploads\/2023\/12\/ByNature-Values-Beliefs-300x200.jpg 300w, https:\/\/bynature.vn\/wp-content\/uploads\/2023\/12\/ByNature-Values-Beliefs-600x400.jpg 600w, https:\/\/bynature.vn\/wp-content\/uploads\/2023\/12\/ByNature-Values-Beliefs-1024x682.jpg 1024w, https:\/\/bynature.vn\/wp-content\/uploads\/2023\/12\/ByNature-Values-Beliefs-768x512.jpg 768w, https:\/\/bynature.vn\/wp-content\/uploads\/2023\/12\/ByNature-Values-Beliefs-1536x1024.jpg 1536w, https:\/\/bynature.vn\/wp-content\/uploads\/2023\/12\/ByNature-Values-Beliefs.jpg 2000w\" sizes=\"auto, (max-width: 479px) 100vw, 479px\" \/><\/p>\n<p id=\"input_line_5\" style=\"text-align: justify;\">\n","protected":false},"excerpt":{"rendered":"<p>Gi\u00e1 tr\u1ecb v\u00e0 Ni\u1ec1m tin ByNature \u0111\u1ec1 cao t\u1ea7m quan tr\u1ecdng c\u1ee7a c\u00e1c gi\u00e1 tr\u1ecb v\u00e0 ni\u1ec1m tin khi n\u00f3i \u0111\u1ebfn m\u1ed9t l\u1ed1i s\u1ed1ng l\u00e0nh m\u1ea1nh v\u00e0 b\u1ec1n v\u1eefng. \u0110\u00f3 l\u00e0 l\u00fd do ra \u0111\u1eddi ByNature &#8211; c\u1eeda h\u00e0ng online chuy\u00ean cung c\u1ea5p c\u00e1c s\u1ea3n ph\u1ea9m c\u00f3 ngu\u1ed3n g\u1ed1c ho\u00e0n to\u00e0n t\u1ef1 nhi\u00ean v\u00e0 \u0111\u01b0\u1ee3c &hellip; <\/p>\n<p class=\"link-more\"><a href=\"https:\/\/bynature.vn\/vi\/gia-tri-niem-tin\/\" class=\"more-link\">Continue reading<span class=\"screen-reader-text\"> &#8220;Gi\u00e1 Tr\u1ecb &#038; Ni\u1ec1m Tin&#8221;<\/span><\/a><\/p>\n","protected":false},"author":426,"featured_media":0,"parent":0,"menu_order":0,"comment_status":"closed","ping_status":"closed","template":"","meta":{"footnotes":""},"class_list":["post-5275","page","type-page","status-publish","hentry"],"acf":[],"_links":{"self":[{"href":"https:\/\/bynature.vn\/vi\/wp-json\/wp\/v2\/pages\/5275","targetHints":{"allow":["GET"]}}],"collection":[{"href":"https:\/\/bynature.vn\/vi\/wp-json\/wp\/v2\/pages"}],"about":[{"href":"https:\/\/bynature.vn\/vi\/wp-json\/wp\/v2\/types\/page"}],"author":[{"embeddable":true,"href":"https:\/\/bynature.vn\/vi\/wp-json\/wp\/v2\/users\/426"}],"replies":[{"embeddable":true,"href":"https:\/\/bynature.vn\/vi\/wp-json\/wp\/v2\/comments?post=5275"}],"version-history":[{"count":5,"href":"https:\/\/bynature.vn\/vi\/wp-json\/wp\/v2\/pages\/5275\/revisions"}],"predecessor-version":[{"id":9013,"href":"https:\/\/bynature.vn\/vi\/wp-json\/wp\/v2\/pages\/5275\/revisions\/9013"}],"wp:attachment":[{"href":"https:\/\/bynature.vn\/vi\/wp-json\/wp\/v2\/media?parent=5275"}],"curies":[{"name":"wp","href":"https:\/\/api.w.org\/{rel}","templated":true}]}}