{"id":5259,"date":"2023-10-22T13:22:01","date_gmt":"2023-10-22T06:22:01","guid":{"rendered":"https:\/\/bynature.vn\/?page_id=5259"},"modified":"2024-04-16T10:33:06","modified_gmt":"2024-04-16T03:33:06","slug":"thong-tin-doanh-nghiep","status":"publish","type":"page","link":"https:\/\/bynature.vn\/vi\/thong-tin-doanh-nghiep\/","title":{"rendered":"Th\u00f4ng Tin Doanh Nghi\u1ec7p"},"content":{"rendered":"\n<h5 class=\"wp-block-heading\" id=\"input_line_0\"><span id=\"input_part_0\" class=\"\" data-mention=\"Address: \">\u0110\u1ecba ch\u1ec9:<\/span><\/h5>\n\n\n\n<p><span id=\"input_part_0\" data-mention=\"Address: \" class=\"\">14C12 Th\u1ea3o \u0110i\u1ec1n, ph\u01b0\u1eddng Th\u1ea3o \u0110i\u1ec1n, TP. Th\u1ee7 \u0110\u1ee9c, TP. HCM<\/span><\/p>\n\n\n\n<div style=\"height:39px\" aria-hidden=\"true\" class=\"wp-block-spacer\"><\/div>\n\n\n\n<h5 class=\"wp-block-heading\" id=\"input_line_1\">Th\u00f4ng tin doanh nghi\u1ec7p<\/h5>\n\n\n<p style=\"text-align: justify;\">Ch\u00fang t\u00f4i, Signe v\u00e0 Christian Kuhl th\u00e0nh l\u1eadp ByNature v\u00e0o n\u0103m 2018. B\u1eb1ng ni\u1ec1m \u0111am m\u00ea m\u00e3nh li\u1ec7t v\u1edbi ngu\u1ed3n th\u1ef1c ph\u1ea9m ch\u1ea5t l\u01b0\u1ee3ng c\u00f9ng s\u1ef1 quan t\u00e2m s\u00e2u s\u1eafc \u0111\u1ebfn v\u1ea5n \u0111\u1ec1 v\u1ec7 sinh an to\u00e0n th\u1ef1c ph\u1ea9m t\u1ea1i Vi\u1ec7t Nam, ch\u00fang t\u00f4i \u0111\u00e3 c\u00f9ng nhau b\u1eaft tay v\u00e0o chuy\u1ebfn h\u00e0nh tr\u00ecnh t\u1ea1o n\u00ean doanh nghi\u1ec7p n\u00e0y. Ch\u00fang t\u00f4i kh\u00f4ng ph\u1ea3i l\u00e0 n\u00f4ng d\u00e2n, c\u0169ng kh\u00f4ng nu\u00f4i gia s\u00fac hay ch\u0103n nu\u00f4i trang tr\u1ea1i. ByNature h\u1ee3p t\u00e1c v\u1edbi c\u00e1c trang tr\u1ea1i gia \u0111\u00ecnh c\u00f3 cam k\u1ebft \u0111\u1ea7y \u0111\u1ee7 v\u00e0 tu\u00e2n th\u1ee7 c\u00e1c ti\u00eau chu\u1ea9n gi\u00e1 tr\u1ecb c\u1ee7a ch\u00fang t\u00f4i. \u0110\u00e2y th\u1ef1c s\u1ef1 l\u00e0 nh\u1eefng ng\u01b0\u1eddi n\u00f4ng d\u00e2n gi\u1ecfi. H\u1ecd bi\u1ebft c\u00e1ch tr\u1ed3ng b\u1eafp c\u1ea3i ho\u00e0n to\u00e0n t\u1ef1 nhi\u00ean v\u00e0 s\u1ea3n xu\u1ea5t nh\u1eefng qu\u1ea3 tr\u1ee9ng h\u1eefu c\u01a1 tuy\u1ec7t v\u1eddi. Ch\u00fang t\u00f4i l\u00e0 m\u1ed9t \u0111\u1ea1i gia \u0111\u00ecnh. ByNature l\u00e0 m\u1ed9t ng\u01b0\u1eddi ti\u00eau d\u00f9ng kh\u00f3 t\u00ednh v\u00e0 s\u00e1ng su\u1ed1t thay b\u1ea1n! Ch\u00fang t\u00f4i bi\u1ebft r\u1eb1ng vi\u1ec7c \u0111\u01b0a ra quy\u1ebft \u0111\u1ecbnh khi mua h\u00e0ng l\u00e0 th\u1eadt s\u1ef1 kh\u00f3 kh\u0103n. B\u1ea1n s\u1ebd t\u00ecm th\u1ea5y nh\u1eefng g\u00ec b\u1ea1n c\u1ea7n? Th\u1ef1c ph\u1ea9m n\u00e0o t\u1ed1t v\u00e0 kh\u00f4ng t\u1ed1t? B\u1ea1n c\u00f3 th\u1ec3 tin t\u01b0\u1edfng ai? T\u1ea1i ByNature, b\u1ea1n c\u00f3 th\u1ec3 mua s\u1eafm online v\u00e0 ch\u1eafc ch\u1eafn r\u1eb1ng t\u1ea5t c\u1ea3 c\u00e1c s\u1ea3n ph\u1ea9m giao \u0111\u1ebfn b\u1ea1n \u0111\u1ec1u \u0111\u1ea3m b\u1ea3o s\u1ea1ch v\u00e0 an to\u00e0n \u0111\u1ec3 s\u1eed d\u1ee5ng.<\/p>\n\n\n<div id=\"input_line_7\">&nbsp;<\/div>\n\n\n\n<div id=\"input_line_8\">&nbsp;<\/div>\n\n\n\n<h5 class=\"wp-block-heading\" id=\"input_line_9\">G\u1eb7p g\u1ee1 ng\u01b0\u1eddi s\u00e1ng l\u1eadp<\/h5>\n\n\n\n<div class=\"wp-block-columns is-layout-flex wp-container-core-columns-is-layout-9d6595d7 wp-block-columns-is-layout-flex\">\n<div class=\"wp-block-column is-layout-flow wp-block-column-is-layout-flow\">\n<div class=\"wp-block-columns is-layout-flex wp-container-core-columns-is-layout-9d6595d7 wp-block-columns-is-layout-flex\">\n<div class=\"wp-block-column is-layout-flow wp-block-column-is-layout-flow\">\n<figure class=\"wp-block-image size-full\"><img loading=\"lazy\" decoding=\"async\" width=\"330\" height=\"397\" src=\"https:\/\/bynature.vn\/wp-content\/uploads\/2024\/01\/bynature-company-information-christian-1.jpg\" alt=\"\" class=\"wp-image-6197\" srcset=\"https:\/\/bynature.vn\/wp-content\/uploads\/2024\/01\/bynature-company-information-christian-1.jpg 330w, https:\/\/bynature.vn\/wp-content\/uploads\/2024\/01\/bynature-company-information-christian-1-249x300.jpg 249w\" sizes=\"auto, (max-width: 330px) 100vw, 330px\" \/><\/figure>\n<\/div>\n\n\n\n<div class=\"wp-block-column is-layout-flow wp-block-column-is-layout-flow\">\n<p><strong>Christian Kuhl<\/strong><br><strong><span style=\"color: #008000;\">CEO &amp; CO-FOUNDER<\/span><\/strong><br>Christian \u0111\u00e3 c\u00f3 m\u1ed9t th\u1eddi gian d\u00e0i l\u00e0m Chuy\u00ean vi\u00ean cao c\u1ea5p v\u1edbi kinh nghi\u1ec7m trong nhi\u1ec1u ng\u00e0nh c\u00f4ng nghi\u1ec7p, \u0111\u1ecba l\u00fd v\u1edbi h\u01a1n 25 n\u0103m l\u00e3nh \u0111\u1ea1o, m\u1edf r\u1ed9ng v\u00e0 t\u1ed1i \u01b0u h\u00f3a c\u00e1c doanh nghi\u1ec7p \u1edf ch\u00e2u \u00c1 \u2013 Th\u00e1i B\u00ecnh D\u01b0\u01a1ng, Trung \u0110\u00f4ng, Ch\u00e2u \u00c2u v\u00e0 Ch\u00e2u M\u1ef9. Khi nh\u1eadn ra m\u1ee9c \u0111\u1ed9 nghi\u00eam tr\u1ecdng c\u1ee7a v\u1ea5n \u0111\u1ec1 v\u1ec1 ch\u1ea5t l\u01b0\u1ee3ng th\u1ef1c ph\u1ea9m \u1edf Vi\u1ec7t Nam, Christian \u0111\u00e3 th\u00e0nh l\u1eadp ByNature nh\u1eb1m cung c\u1ea5p m\u1ed9t n\u1ec1n t\u1ea3ng, b\u1ea3o \u0111\u1ea3m th\u1ef1c ph\u1ea9m l\u00e0nh m\u1ea1nh v\u00e0 an to\u00e0n \u201ct\u1eeb n\u00f4ng tr\u1ea1i \u0111\u1ebfn b\u00e0n \u0103n\u201d cho ng\u01b0\u1eddi ti\u00eau d\u00f9ng.<\/p>\n\n\n\n<a href=\"https:\/\/www.linkedin.com\/in\/christiankuhl\/\" target=\"_blank\" rel=\"noopener nofollow\"><i class=\"fa fa-linkedin\"><\/i><\/a>\n<\/div>\n<\/div>\n<\/div>\n\n\n\n<div class=\"wp-block-column is-layout-flow wp-block-column-is-layout-flow\">\n<div class=\"wp-block-columns is-layout-flex wp-container-core-columns-is-layout-9d6595d7 wp-block-columns-is-layout-flex\">\n<div class=\"wp-block-column is-layout-flow wp-block-column-is-layout-flow\">\n<div class=\"wp-block-columns is-layout-flex wp-container-core-columns-is-layout-9d6595d7 wp-block-columns-is-layout-flex\">\n<div class=\"wp-block-column is-layout-flow wp-block-column-is-layout-flow\">\n<figure class=\"wp-block-image size-full\"><img decoding=\"async\" src=\"https:\/\/bynature.vn\/wp-content\/uploads\/2024\/01\/bynature-company-information-signe-6.jpg\" alt=\"\" class=\"wp-image-6215\"\/><\/figure>\n<\/div>\n\n\n\n<div class=\"wp-block-column is-layout-flow wp-block-column-is-layout-flow\">\n<p><strong>Signe Kuhl<\/strong><br><span style=\"color: #008000;\"><strong>CEE &amp; CO-FOUNDER<\/strong><\/span><br>L\u00e0 m\u1ed9t ng\u01b0\u1eddi l\u00e0m gi\u00e1o d\u1ee5c, Signe c\u00f9ng chia s\u1ebb m\u1ed1i quan t\u00e2m v\u1edbi Christian v\u1ec1 an to\u00e0n th\u1ef1c ph\u1ea9m. S\u1ed1ng v\u00e0 l\u00e0m vi\u1ec7c \u1edf ch\u00e2u \u00c1 trong h\u01a1n 15 n\u0103m, m\u1ed1i quan t\u00e2m v\u1ec1 th\u1ef1c ph\u1ea9m r\u00f5 r\u00e0ng l\u00e0 \u0111ang gia t\u0103ng. L\u00e0 m\u1eb9 c\u1ee7a hai c\u1eadu con trai, Signe r\u1ea5t quan t\u00e2m \u0111\u1ebfn vi\u1ec7c t\u00ecm ki\u1ebfm ngu\u1ed3n cung c\u1ea5p rau v\u00e0 th\u1ecbt kh\u00f4ng c\u00f3 thu\u1ed1c tr\u1eeb s\u00e2u, kh\u00e1ng sinh hay hormone t\u0103ng tr\u01b0\u1edfng cho gia \u0111\u00ecnh. Th\u00f4ng qua ByNature, gi\u1edd \u0111\u00e2y c\u00f4 c\u00f3 th\u1ec3 chia s\u1ebb c\u00e1c gi\u1ea3i ph\u00e1p c\u00f3 l\u1ee3i cho kh\u00f4ng ch\u1ec9 gia \u0111\u00ecnh c\u1ee7a m\u00ecnh m\u00e0 c\u1ea3 ng\u01b0\u1eddi ti\u00eau d\u00f9ng v\u00e0 doanh nghi\u1ec7p quanh Th\u00e0nh ph\u1ed1 H\u1ed3 Ch\u00ed Minh.<\/p>\n\n\n\n<a href=\"https:\/\/www.linkedin.com\/in\/signe-k%C3%BChl-0891061\/\" target=\"_blank\" rel=\"noopener nofollow\"><i class=\"fa fa-linkedin\"><\/i><\/a>\n<\/div>\n<\/div>\n<\/div>\n<\/div>\n\n\n\n<div class=\"wp-block-columns is-layout-flex wp-container-core-columns-is-layout-9d6595d7 wp-block-columns-is-layout-flex\">\n<div class=\"wp-block-column is-layout-flow wp-block-column-is-layout-flow\"><\/div>\n\n\n\n<div class=\"wp-block-column is-layout-flow wp-block-column-is-layout-flow\"><\/div>\n<\/div>\n\n\n\n<div class=\"wp-block-columns is-layout-flex wp-container-core-columns-is-layout-9d6595d7 wp-block-columns-is-layout-flex\">\n<div class=\"wp-block-column is-layout-flow wp-block-column-is-layout-flow\"><\/div>\n<\/div>\n<\/div>\n<\/div>\n\n\n\n<p><\/p>\n","protected":false},"excerpt":{"rendered":"<p>\u0110\u1ecba ch\u1ec9: 14C12 Th\u1ea3o \u0110i\u1ec1n, ph\u01b0\u1eddng Th\u1ea3o \u0110i\u1ec1n, TP. Th\u1ee7 \u0110\u1ee9c, TP. HCM Th\u00f4ng tin doanh nghi\u1ec7p Ch\u00fang t\u00f4i, Signe v\u00e0 Christian Kuhl th\u00e0nh l\u1eadp ByNature v\u00e0o n\u0103m 2018. B\u1eb1ng ni\u1ec1m \u0111am m\u00ea m\u00e3nh li\u1ec7t v\u1edbi ngu\u1ed3n th\u1ef1c ph\u1ea9m ch\u1ea5t l\u01b0\u1ee3ng c\u00f9ng s\u1ef1 quan t\u00e2m s\u00e2u s\u1eafc \u0111\u1ebfn v\u1ea5n \u0111\u1ec1 v\u1ec7 sinh an to\u00e0n th\u1ef1c &hellip; <\/p>\n<p class=\"link-more\"><a href=\"https:\/\/bynature.vn\/vi\/thong-tin-doanh-nghiep\/\" class=\"more-link\">Continue reading<span class=\"screen-reader-text\"> &#8220;Th\u00f4ng Tin Doanh Nghi\u1ec7p&#8221;<\/span><\/a><\/p>\n","protected":false},"author":426,"featured_media":0,"parent":0,"menu_order":0,"comment_status":"closed","ping_status":"closed","template":"","meta":{"footnotes":""},"class_list":["post-5259","page","type-page","status-publish","hentry"],"acf":[],"_links":{"self":[{"href":"https:\/\/bynature.vn\/vi\/wp-json\/wp\/v2\/pages\/5259","targetHints":{"allow":["GET"]}}],"collection":[{"href":"https:\/\/bynature.vn\/vi\/wp-json\/wp\/v2\/pages"}],"about":[{"href":"https:\/\/bynature.vn\/vi\/wp-json\/wp\/v2\/types\/page"}],"author":[{"embeddable":true,"href":"https:\/\/bynature.vn\/vi\/wp-json\/wp\/v2\/users\/426"}],"replies":[{"embeddable":true,"href":"https:\/\/bynature.vn\/vi\/wp-json\/wp\/v2\/comments?post=5259"}],"version-history":[{"count":8,"href":"https:\/\/bynature.vn\/vi\/wp-json\/wp\/v2\/pages\/5259\/revisions"}],"predecessor-version":[{"id":9003,"href":"https:\/\/bynature.vn\/vi\/wp-json\/wp\/v2\/pages\/5259\/revisions\/9003"}],"wp:attachment":[{"href":"https:\/\/bynature.vn\/vi\/wp-json\/wp\/v2\/media?parent=5259"}],"curies":[{"name":"wp","href":"https:\/\/api.w.org\/{rel}","templated":true}]}}