{"id":5256,"date":"2023-10-22T13:22:01","date_gmt":"2023-10-22T06:22:01","guid":{"rendered":"https:\/\/bynature.vn\/?page_id=5256"},"modified":"2024-04-16T10:31:02","modified_gmt":"2024-04-16T03:31:02","slug":"ve-chung-toi","status":"publish","type":"page","link":"https:\/\/bynature.vn\/vi\/ve-chung-toi\/","title":{"rendered":"V\u1ec1 Ch\u00fang T\u00f4i"},"content":{"rendered":"<h6>V\u1ec1 ch\u00fang t\u00f4i &#8211; ByNature<\/h6>\n<p id=\"input_line_0\" style=\"text-align: justify;\"><span id=\"input_part_0\" class=\"\" data-mention=\"Ch\u00e0o m\u1eebng b\u1ea1n \u0111\u1ebfn v\u1edbi ByNature - c\u00f4ng ty chuy\u00ean cung c\u1ea5p c\u00e1c s\u1ea3n ph\u1ea9m ch\u1ea5t l\u01b0\u1ee3ng cao, c\u00f3 ngu\u1ed3n g\u1ed1c ho\u00e0n to\u00e0n t\u1ef1 nhi\u00ean, t\u1ed1t cho s\u1ee9c kh\u1ecfe v\u00e0 th\u00e2n thi\u1ec7n v\u1edbi m\u00f4i tr\u01b0\u1eddng. \u0110\u01b0\u1ee3c th\u00e0nh l\u1eadp v\u00e0o n\u0103m 2017, ByNature ho\u1ea1t \u0111\u1ed9ng v\u1edbi ni\u1ec1m \u0111am m\u00ea, chia s\u1ebb v\u00e0 tr\u00e1ch nhi\u1ec7m v\u1edbi \u0111\u1ed1i t\u00e1c, ng\u01b0\u1eddi ti\u00eau d\u00f9ng v\u00e0 c\u1ea3 m\u00f4i tr\u01b0\u1eddng s\u1ed1ng.\">Ch\u00e0o m\u1eebng b\u1ea1n \u0111\u1ebfn v\u1edbi ByNature &#8211; C\u00f4ng ty chuy\u00ean cung c\u1ea5p c\u00e1c s\u1ea3n ph\u1ea9m ch\u1ea5t l\u01b0\u1ee3ng cao, c\u00f3 ngu\u1ed3n g\u1ed1c ho\u00e0n to\u00e0n t\u1ef1 nhi\u00ean, t\u1ed1t cho s\u1ee9c kh\u1ecfe v\u00e0 th\u00e2n thi\u1ec7n v\u1edbi m\u00f4i tr\u01b0\u1eddng. \u0110\u01b0\u1ee3c th\u00e0nh l\u1eadp v\u00e0o n\u0103m 2017, ByNature ho\u1ea1t \u0111\u1ed9ng v\u1edbi ni\u1ec1m \u0111am m\u00ea, chia s\u1ebb v\u00e0 tr\u00e1ch nhi\u1ec7m v\u1edbi \u0111\u1ed1i t\u00e1c, ng\u01b0\u1eddi ti\u00eau d\u00f9ng v\u00e0 c\u1ea3 m\u00f4i tr\u01b0\u1eddng s\u1ed1ng.<\/span><\/p>\n<p id=\"input_line_2\" style=\"text-align: justify;\"><span id=\"input_part_0\" class=\"\" data-mention=\"L\u00e0 m\u1ed9t c\u00f4ng ty \u0111\u1ecba ph\u01b0\u01a1ng, ch\u00fang t\u00f4i t\u1ef1 h\u00e0o h\u1ed7 tr\u1ee3 c\u1ed9ng \u0111\u1ed3ng c\u1ee7a m\u00ecnh b\u1eb1ng c\u00e1ch h\u1ee3p t\u00e1c v\u1edbi c\u00e1c trang tr\u1ea1i v\u00e0 doanh nghi\u1ec7p g\u1ea7n \u0111\u00f3. B\u1eb1ng c\u00e1ch mua nguy\u00ean li\u1ec7u \u0111\u01b0\u1ee3c s\u1ea3n xu\u1ea5t t\u1ea1i \u0111\u1ecba ph\u01b0\u01a1ng, ch\u00fang t\u00f4i kh\u00f4ng ch\u1ec9 h\u1ed7 tr\u1ee3 s\u1ef1 ph\u00e1t tri\u1ec3n c\u1ee7a n\u1ec1n kinh t\u1ebf \u0111\u1ecba ph\u01b0\u01a1ng m\u00e0 c\u00f2n gi\u1ea3m l\u01b0\u1ee3ng kh\u00ed th\u1ea3i carbon b\u1eb1ng c\u00e1ch gi\u1ea3m thi\u1ec3u kho\u1ea3ng c\u00e1ch v\u1eadn chuy\u1ec3n. S\u1ea3n ph\u1ea9m c\u1ee7a ch\u00fang t\u00f4i c\u00f3 ngu\u1ed3n g\u1ed1c t\u1eeb c\u00e1c trang tr\u1ea1i \u0111\u1ecba ph\u01b0\u01a1ng \u01b0u ti\u00ean c\u00e1c ph\u01b0\u01a1ng ph\u00e1p canh t\u00e1c h\u1eefu c\u01a1 v\u00e0 c\u00f3 \u0111\u1ea1o \u0111\u1ee9c.\">L\u00e0 m\u1ed9t c\u00f4ng ty \u0111\u1ecba ph\u01b0\u01a1ng, ByNature t\u1ef1 h\u00e0o khi m\u00ecnh c\u00f3 th\u1ec3 h\u1ed7 tr\u1ee3 c\u1ed9ng \u0111\u1ed3ng b\u1eb1ng c\u00e1ch h\u1ee3p t\u00e1c v\u1edbi c\u00e1c nh\u00e0 v\u01b0\u1eddn, trang tr\u1ea1i v\u00e0 doanh nghi\u1ec7p \u0111\u1ecba ph\u01b0\u01a1ng kh\u00e1c. L\u1ef1a ch\u1ecdn ngu\u1ed3n cung l\u00e0 c\u00e1c s\u1ea3n ph\u1ea9m \u0111\u01b0\u1ee3c s\u1ea3n xu\u1ea5t t\u1ea1i \u0111\u1ecba ph\u01b0\u01a1ng, ByNature kh\u00f4ng ch\u1ec9 h\u1ed7 tr\u1ee3 s\u1ef1 ph\u00e1t tri\u1ec3n c\u1ee7a n\u1ec1n kinh t\u1ebf \u0111\u1ecba ph\u01b0\u01a1ng m\u00e0 c\u00f2n gi\u00fap gi\u1ea3m l\u01b0\u1ee3ng kh\u00ed th\u1ea3i carbon trong khi gi\u1ea3m thi\u1ec3u kho\u1ea3ng c\u00e1ch v\u1eadn chuy\u1ec3n h\u00e0ng ho\u00e1. C\u00e1c s\u1ea3n ph\u1ea9m c\u1ee7a ByNature \u0111\u1ec1u \u0111\u01b0\u1ee3c l\u1ef1a ch\u1ecdn c\u1ea9n th\u1eadn t\u1eeb nh\u1eefng \u0111\u1ed1i t\u00e1c tin c\u1eady v\u00e0 c\u00f9ng chung ni\u1ec1m \u0111am m\u00ea v\u1ec1 th\u1ef1c ph\u1ea9m s\u1ea1ch, s\u1ea3n ph\u1ea9m thi\u00ean nhi\u00ean \u0111\u01b0\u1ee3c s\u1ea3n xu\u1ea5t theo h\u01b0\u1edbng h\u1eefu c\u01a1, \u0111\u1ea1o \u0111\u1ee9c v\u00e0 b\u1ec1n v\u1eefng.<\/span><\/p>\n<p id=\"input_line_4\" style=\"text-align: justify;\"><span id=\"input_part_0\" class=\"\" data-mention=\"Ch\u00fang t\u00f4i cung c\u1ea5p nhi\u1ec1u l\u1ef1a ch\u1ecdn g\u1ed3m h\u01a1n 600 l\u1ef1a ch\u1ecdn s\u1ea3n ph\u1ea9m ho\u00e0n to\u00e0n t\u1ef1 nhi\u00ean cho nh\u1eefng ai mong mu\u1ed1n c\u00f3 m\u1ed9t l\u1ed1i s\u1ed1ng l\u00e0nh m\u1ea1nh h\u01a1n v\u00e0 c\u00f3 \u00fd th\u1ee9c th\u00e2n thi\u1ec7n v\u1edbi m\u00f4i tr\u01b0\u1eddng h\u01a1n.\">V\u1edbi h\u01a1n 600 s\u1ea3n ph\u1ea9m thu\u1eadn t\u1ef1 nhi\u00ean, ByNature mang \u0111\u1ebfn cho b\u1ea1n nhi\u1ec1u l\u1ef1a ch\u1ecdn cho m\u1ed9t l\u1ed1i s\u1ed1ng l\u00e0nh m\u1ea1nh v\u00e0 th\u00e2n thi\u1ec7n v\u1edbi m\u00f4i tr\u01b0\u1eddng h\u01a1n.<\/span><\/p>\n<p id=\"input_line_6\" style=\"text-align: justify;\"><span id=\"input_part_0\" class=\"\" data-mention=\"T\u1ea1i ByNature, ch\u00fang t\u00f4i hi\u1ec3u t\u1ea7m quan tr\u1ecdng c\u1ee7a vi\u1ec7c s\u1ed1ng m\u1ed9t l\u1ed1i s\u1ed1ng l\u00e0nh m\u1ea1nh v\u00e0 t\u1ef1 nhi\u00ean, \u0111\u00f3 l\u00e0 l\u00fd do t\u1ea1i sao ch\u00fang t\u00f4i t\u1ef1 h\u00e0o cung c\u1ea5p nhi\u1ec1u lo\u1ea1i m\u1eb7t h\u00e0ng t\u1ea1p h\u00f3a kh\u00f4ng ch\u1ee9a b\u1ea5t k\u1ef3 h\u00f3a ch\u1ea5t ho\u1eb7c ch\u1ea5t ph\u1ee5 gia \u0111\u1ed9c h\u1ea1i n\u00e0o. S\u1ea3n ph\u1ea9m c\u1ee7a ch\u00fang t\u00f4i \u0111\u01b0\u1ee3c l\u1ef1a ch\u1ecdn c\u1ea9n th\u1eadn v\u00e0 tr\u1ea3i qua c\u00e1c bi\u1ec7n ph\u00e1p ki\u1ec3m so\u00e1t ch\u1ea5t l\u01b0\u1ee3ng nghi\u00eam ng\u1eb7t \u0111\u1ec3 \u0111\u1ea3m b\u1ea3o \u0111\u00e1p \u1ee9ng c\u00e1c ti\u00eau chu\u1ea9n cao nh\u1ea5t v\u1ec1 \u0111\u1ed9 tinh khi\u1ebft v\u00e0 \u0111\u1ed9 t\u01b0\u01a1i.\">Hi\u1ec3u r\u00f5 t\u1ea7m quan tr\u1ecdng c\u1ee7a m\u1ed9t l\u1ed1i s\u1ed1ng l\u00e0nh m\u1ea1nh v\u00e0 t\u1ef1 nhi\u00ean l\u00e0 l\u00fd do ByNature l\u1ef1a ch\u1ecdn mang \u0111\u1ebfn cho b\u1ea1n c\u00e1c s\u1ea3n ph\u1ea9m thu\u1eadn t\u1ef1 nhi\u00ean, kh\u00f4ng ch\u1ee9a h\u00f3a ch\u1ea5t ho\u1eb7c ch\u1ea5t ph\u1ee5 gia nh\u00e2n t\u1ea1o \u0111\u1ed9c h\u1ea1i. S\u1ea3n ph\u1ea9m ByNature \u0111\u01b0\u1ee3c l\u1ef1a ch\u1ecdn k\u1ef9 c\u00e0ng v\u00e0 tr\u1ea3i qua c\u00e1c bi\u1ec7n ph\u00e1p ki\u1ec3m so\u00e1t ch\u1ea5t l\u01b0\u1ee3ng ch\u1eb7t ch\u1ebd \u0111\u1ec3 \u0111\u1ea3m b\u1ea3o \u0111\u00e1p \u1ee9ng c\u00e1c ti\u00eau chu\u1ea9n cao nh\u1ea5t v\u1ec1 \u0111\u1ed9 tinh khi\u1ebft v\u00e0 t\u01b0\u01a1i ngon.<\/span><\/p>\n<p style=\"text-align: justify;\"><img loading=\"lazy\" decoding=\"async\" class=\"aligncenter wp-image-6068\" src=\"https:\/\/bynature.vn\/wp-content\/uploads\/2023\/12\/bynature-box-300x244.png\" alt=\"about us - ve chung toi - bynature\" width=\"441\" height=\"359\" srcset=\"https:\/\/bynature.vn\/wp-content\/uploads\/2023\/12\/bynature-box-300x244.png 300w, https:\/\/bynature.vn\/wp-content\/uploads\/2023\/12\/bynature-box-600x487.png 600w, https:\/\/bynature.vn\/wp-content\/uploads\/2023\/12\/bynature-box-768x624.png 768w, https:\/\/bynature.vn\/wp-content\/uploads\/2023\/12\/bynature-box.png 1000w\" sizes=\"auto, (max-width: 441px) 100vw, 441px\" \/><\/p>\n<p style=\"text-align: justify;\">ByNature mang \u0111\u1ebfn cho b\u1ea1n \u0111a d\u1ea1ng c\u00e1c d\u00f2ng s\u1ea3n ph\u1ea9m thu\u1eadn t\u1ef1 nhi\u00ean, t\u1eeb th\u1ef1c ph\u1ea9m, m\u1ef9 ph\u1ea9m thi\u00ean nhi\u00ean cho \u0111\u1ebfn c\u00e1c s\u1ea3n ph\u1ea9m d\u00f9ng h\u00e0ng ng\u00e0y, v.v. B\u1ea1n c\u00f3 th\u1ec3 ho\u00e0n to\u00e0n y\u00ean t\u00e2m khi ch\u1ecdn tin t\u01b0\u1edfng ByNature, c\u00e1c s\u1ea3n ph\u1ea9m \u0111\u1ec1u \u0111\u01b0\u1ee3c ByNature l\u1ef1a ch\u1ecdn c\u1ea9n th\u1eadn, \u0111\u1ea3m b\u1ea3o kh\u00f4ng ch\u1ee9a h\u00f3a ch\u1ea5t v\u00e0 ch\u1ea5t ph\u1ee5 gia \u0111\u1ed9c h\u1ea1i.<\/p>\n<p style=\"text-align: justify;\">ByNature kh\u00f4ng ng\u1eebng n\u1ed7 l\u1ef1c \u0111\u1ec3 ph\u00e1t tri\u1ec3n v\u00e0 m\u1edf r\u1ed9ng c\u00e1c d\u00f2ng s\u1ea3n ph\u1ea9m \u0111\u1ec3 \u0111\u00e1p \u1ee9ng \u0111\u1ea7y \u0111\u1ee7 nhu c\u1ea7u cho kh\u00e1ch h\u00e0ng c\u1ee7a m\u00ecnh. M\u1ed9t l\u1ed1i s\u1ed1ng t\u1ed1t h\u01a1n l\u00e0 \u0111i\u1ec1u ByNature c\u00f3 th\u1ec3 mang \u0111\u1ebfn cho b\u1ea1n!<\/p>\n<p style=\"text-align: justify;\">ByNature team lu\u00f4n n\u1ed7 l\u1ef1c v\u00e0 h\u1ed7 tr\u1ee3 l\u1eabn nhau v\u00ec m\u1ed9t m\u1ee5c ti\u00eau chung, c\u00f9ng nhau t\u1ea1o n\u00ean m\u1ed9t m\u00f4i tr\u01b0\u1eddng l\u00e0m vi\u1ec7c vui v\u1ebb v\u00e0 \u0111o\u00e0n k\u1ebft. Chia s\u1ebb v\u00e0 h\u1ed7 tr\u1ee3 nh\u1eefng ng\u01b0\u1eddi n\u00f4ng d\u00e2n v\u00e0 \u0111\u1ed1i t\u00e1c c\u1ee7a m\u00ecnh \u0111\u1ec3 c\u00f9ng nhau ph\u00e1t tri\u1ec3n.<\/p>\n<p style=\"text-align: justify;\">Nh\u1eefng chuy\u1ebfn th\u0103m v\u01b0\u1eddn v\u00e0 trang tr\u1ea1i kh\u00f4ng ch\u1ec9 gi\u00fap ByNature hi\u1ec3u r\u00f5 h\u01a1n v\u1ec1 s\u1ea3n ph\u1ea9m, v\u1ec1 nh\u1eefng ng\u01b0\u1eddi n\u00f4ng d\u00e2n, v\u1ec1 quy tr\u00ecnh s\u1ea3n xu\u1ea5t v\u00e0 t\u0103ng th\u00eam ki\u1ebfn th\u1ee9c v\u1ec1 ng\u00e0nh, kh\u00f4ng ch\u1ec9 gi\u00fap ByNature x\u00e2y d\u1ef1ng m\u1ed1i quan h\u1ec7 b\u1ec1n ch\u1eb7t v\u1edbi c\u00e1c nh\u00e0 cung c\u1ea5p m\u00e0 c\u00f2n gi\u00fap ByNature hi\u1ec3u r\u00f5 h\u01a1n v\u00e0 h\u1ed7 tr\u1ee3 k\u1ecbp th\u1eddi h\u01a1n nh\u1eefng kh\u00f3 kh\u0103n m\u00e0 \u0111\u1ed1i t\u00e1c m\u00ecnh \u0111ang ph\u1ea3i \u0111\u1ed1i m\u1eb7t.<\/p>\n<p style=\"text-align: justify;\">Th\u1eadt t\u1ef1 h\u00e0o khi ByNature \u0111\u01b0\u1ee3c tr\u1edf th\u00e0nh m\u1ed9t ph\u1ea7n nh\u1ecf c\u1ee7a chu\u1ed7i cung \u1ee9ng. ByNature cam k\u1ebft s\u1ebd lu\u00f4n n\u1ed7 l\u1ef1c \u0111\u1ec3 th\u00fac \u0111\u1ea9y m\u1ed9t l\u1ed1i s\u1ed1ng l\u00e0nh m\u1ea1nh h\u01a1n, b\u1ec1n v\u1eefng h\u01a1n th\u00f4ng qua vi\u1ec7c cung c\u1ea5p s\u1ea3n ph\u1ea9m v\u00e0 m\u1ed9t l\u1ed1i s\u1ed1ng t\u1ed1t h\u01a1n!<\/p>\n<p style=\"text-align: justify;\">Email:\u00a0<span style=\"text-decoration: underline;\"><span style=\"color: #008000;\"><a style=\"color: #008000; text-decoration: underline;\" href=\"mailto:%20info@bynature.vn\">info@bynature.vn<\/a><\/span><\/span><\/p>\n<p style=\"text-align: justify;\"><span id=\"input_part_0\" class=\"\" data-mention=\"Website:\u00a0bynature.vn\">Website: <span style=\"color: #008000;\"><a style=\"color: #008000;\" href=\"https:\/\/bynature.vn\/vi\/\">bynature.vn<\/a><\/span><\/span><\/p>\n","protected":false},"excerpt":{"rendered":"<p>V\u1ec1 ch\u00fang t\u00f4i &#8211; ByNature Ch\u00e0o m\u1eebng b\u1ea1n \u0111\u1ebfn v\u1edbi ByNature &#8211; C\u00f4ng ty chuy\u00ean cung c\u1ea5p c\u00e1c s\u1ea3n ph\u1ea9m ch\u1ea5t l\u01b0\u1ee3ng cao, c\u00f3 ngu\u1ed3n g\u1ed1c ho\u00e0n to\u00e0n t\u1ef1 nhi\u00ean, t\u1ed1t cho s\u1ee9c kh\u1ecfe v\u00e0 th\u00e2n thi\u1ec7n v\u1edbi m\u00f4i tr\u01b0\u1eddng. \u0110\u01b0\u1ee3c th\u00e0nh l\u1eadp v\u00e0o n\u0103m 2017, ByNature ho\u1ea1t \u0111\u1ed9ng v\u1edbi ni\u1ec1m \u0111am m\u00ea, chia s\u1ebb &hellip; <\/p>\n<p class=\"link-more\"><a href=\"https:\/\/bynature.vn\/vi\/ve-chung-toi\/\" class=\"more-link\">Continue reading<span class=\"screen-reader-text\"> &#8220;V\u1ec1 Ch\u00fang T\u00f4i&#8221;<\/span><\/a><\/p>\n","protected":false},"author":426,"featured_media":0,"parent":0,"menu_order":0,"comment_status":"closed","ping_status":"closed","template":"","meta":{"footnotes":""},"class_list":["post-5256","page","type-page","status-publish","hentry"],"acf":[],"_links":{"self":[{"href":"https:\/\/bynature.vn\/vi\/wp-json\/wp\/v2\/pages\/5256","targetHints":{"allow":["GET"]}}],"collection":[{"href":"https:\/\/bynature.vn\/vi\/wp-json\/wp\/v2\/pages"}],"about":[{"href":"https:\/\/bynature.vn\/vi\/wp-json\/wp\/v2\/types\/page"}],"author":[{"embeddable":true,"href":"https:\/\/bynature.vn\/vi\/wp-json\/wp\/v2\/users\/426"}],"replies":[{"embeddable":true,"href":"https:\/\/bynature.vn\/vi\/wp-json\/wp\/v2\/comments?post=5256"}],"version-history":[{"count":6,"href":"https:\/\/bynature.vn\/vi\/wp-json\/wp\/v2\/pages\/5256\/revisions"}],"predecessor-version":[{"id":9015,"href":"https:\/\/bynature.vn\/vi\/wp-json\/wp\/v2\/pages\/5256\/revisions\/9015"}],"wp:attachment":[{"href":"https:\/\/bynature.vn\/vi\/wp-json\/wp\/v2\/media?parent=5256"}],"curies":[{"name":"wp","href":"https:\/\/api.w.org\/{rel}","templated":true}]}}