{"id":5251,"date":"2023-10-29T17:37:40","date_gmt":"2023-10-29T10:37:40","guid":{"rendered":"https:\/\/bynature.vn\/?page_id=5251"},"modified":"2024-04-15T16:51:17","modified_gmt":"2024-04-15T09:51:17","slug":"uu-dai-thanh-vien","status":"publish","type":"page","link":"https:\/\/bynature.vn\/vi\/uu-dai-thanh-vien\/","title":{"rendered":"\u01afu \u0110\u00e3i Th\u00e0nh Vi\u00ean"},"content":{"rendered":"\n<h2 class=\"wp-block-heading has-text-align-center has-text-color has-link-color wp-elements-f05d5cb1a272befa94d97c68d303fc44\" id=\"mb-2\" style=\"color:#7b6a58\">\u01afu \u0110\u00e3i D\u00e0nh Ri\u00eang Cho Kh\u00e1ch H\u00e0ng Th\u00e2n Thi\u1ebft<\/h2>\n\n\n\n<p><\/p>\n\n\n\n<p class=\"has-text-align-center fs-7 mb-2 has-text-color has-link-color has-medium-font-size wp-elements-079dc8eae75fbe3139e29590becaabd4\" style=\"color:#7b6a58\">Ch\u00e0o m\u1eebng b\u1ea1n \u0111\u1ebfn v\u1edbi ch\u01b0\u01a1ng tr\u00ecnh \u01b0u \u0111\u00e3i d\u00e0nh cho kh\u00e1ch h\u00e0ng th\u00e2n thi\u1ebft c\u1ee7a ByNature!<br>Ti\u1ebft ki\u1ec7m 2% tr\u00ean m\u1ed7i \u0111\u01a1n \u0111\u1eb7t h\u00e0ng t\u1ea1i website<br>v\u00e0 c\u1eadp nh\u1eadt th\u00eam nhi\u1ec1u \u01b0u \u0111\u00e3i v\u00e0 ch\u01b0\u01a1ng tr\u00ecnh khuy\u1ebfn m\u00e3i kh\u00e1c!<\/p>\n\n\n\n<p><\/p>\n\n\n\n<div class=\"wp-block-cover is-light\"><span aria-hidden=\"true\" class=\"wp-block-cover__background has-background-dim-0 has-background-dim\"><\/span><img loading=\"lazy\" decoding=\"async\" width=\"1900\" height=\"300\" class=\"wp-block-cover__image-background wp-image-5047\" alt=\"\" src=\"https:\/\/bynature.vn\/wp-content\/uploads\/2023\/11\/header-banner.jpg\" data-object-fit=\"cover\" srcset=\"https:\/\/bynature.vn\/wp-content\/uploads\/2023\/11\/header-banner.jpg 1900w, https:\/\/bynature.vn\/wp-content\/uploads\/2023\/11\/header-banner-600x95.jpg 600w, https:\/\/bynature.vn\/wp-content\/uploads\/2023\/11\/header-banner-300x47.jpg 300w, https:\/\/bynature.vn\/wp-content\/uploads\/2023\/11\/header-banner-1024x162.jpg 1024w, https:\/\/bynature.vn\/wp-content\/uploads\/2023\/11\/header-banner-768x121.jpg 768w, https:\/\/bynature.vn\/wp-content\/uploads\/2023\/11\/header-banner-1536x243.jpg 1536w\" sizes=\"auto, (max-width: 1900px) 100vw, 1900px\" \/><div class=\"wp-block-cover__inner-container is-layout-constrained wp-block-cover-is-layout-constrained\">\n<p class=\"has-text-align-center mb-2 has-text-color has-link-color has-large-font-size wp-elements-8ed7c2d2868e2cbaf1a349cd914dd0f5\" style=\"color:#7b6a58\">Ch\u1ec9 v\u1edbi c\u00e1c b\u01b0\u1edbc \u0111\u01a1n gi\u1ea3n d\u01b0\u1edbi \u0111\u00e2y<\/p>\n\n\n\n<div class=\"wp-block-columns is-layout-flex wp-container-core-columns-is-layout-9d6595d7 wp-block-columns-is-layout-flex\">\n<div class=\"wp-block-column bg-opa is-layout-flow wp-block-column-is-layout-flow\">\n<h3 class=\"wp-block-heading has-text-align-center has-text-color has-link-color wp-elements-61cf842d644ba9cd94a5bb78e0d6d8ea\" style=\"color:#7b6a58\">01<\/h3>\n\n\n\n<h4 class=\"wp-block-heading has-text-align-center has-text-color has-link-color wp-elements-8f0c9e3824f60c5ac315075c51200ee5\" style=\"color:#7b6a58\">\u0110\u0103ng k\u00fd<\/h4>\n\n\n\n<p class=\"has-text-align-center has-text-color has-link-color wp-elements-3474e157ff8abcb664db3988e04d3593\" style=\"color:#7b6a58\">\u0110\u0103ng k\u00fd th\u00e0nh vi\u00ean v\u00e0 tr\u1edf th\u00e0nh kh\u00e1ch h\u00e0ng th\u00e2n thi\u1ebft c\u1ee7a ByNature<\/p>\n<\/div>\n\n\n\n<div class=\"wp-block-column bg-opa is-layout-flow wp-block-column-is-layout-flow\">\n<h3 class=\"wp-block-heading has-text-align-center has-text-color has-link-color wp-elements-ae9bdc1afb3d770f4b8ce5197b1273cf\" style=\"color:#7b6a58\">02<\/h3>\n\n\n\n<h4 class=\"wp-block-heading has-text-align-center has-text-color has-link-color wp-elements-021fb124eca561119d8b68fce6923c3a\" style=\"color:#7b6a58\">Nh\u1eadn \u01b0u \u0111\u00e3i<\/h4>\n\n\n\n<p class=\"has-text-align-center has-text-color has-link-color wp-elements-44749b3f6172eb8202b4b2b33c111534\" style=\"color:#7b6a58\">Ti\u1ebft ki\u1ec7m 2% tr\u00ean m\u1ed7i \u0111\u01a1n \u0111\u1eb7t h\u00e0ng t\u1ea1i website<\/p>\n<\/div>\n\n\n\n<div class=\"wp-block-column bg-opa is-layout-flow wp-block-column-is-layout-flow\">\n<h3 class=\"wp-block-heading has-text-align-center has-text-color has-link-color wp-elements-8c4be34f78cbd704f16cdf9fed1f167f\" style=\"color:#7b6a58\">03<\/h3>\n\n\n\n<h4 class=\"wp-block-heading has-text-align-center has-text-color has-link-color wp-elements-62be9c36454b771fc2be3de8fdd2d43c\" style=\"color:#7b6a58\">S\u1eed d\u1ee5ng \u01b0u \u0111\u00e3i<\/h4>\n\n\n\n<p class=\"has-text-align-center has-text-color has-link-color wp-elements-3b6c184547b595f7b55bdad8ae72db4c\" style=\"color:#7b6a58\">Tr\u1ea3i nghi\u1ec7m mua s\u1eafm s\u1ea3n ph\u1ea9m t\u1ea1i website ByNature v\u00e0 \u00e1p d\u1ee5ng \u01b0u \u0111\u00e3i khi thanh to\u00e1n <\/p>\n<\/div>\n<\/div>\n<\/div><\/div>\n\n\n\n<div style=\"height:40px\" aria-hidden=\"true\" class=\"wp-block-spacer\"><\/div>\n\n\n\n<h2 class=\"wp-block-heading has-text-align-center has-text-color has-link-color wp-elements-0012ad43a46c50f27a9fcc3ef06ff979\" style=\"color:#716658\">ByNature &#8211; V\u00ec M\u1ed9t L\u1ed1i S\u1ed1ng T\u1ed1t H\u01a1n!<\/h2>\n\n\n\n<div style=\"height:20px\" aria-hidden=\"true\" class=\"wp-block-spacer\"><\/div>\n\n\n\n<div class=\"wp-block-cover is-light mx-50 wp-duotone-unset-1\" style=\"min-height:200px;aspect-ratio:unset;\"><span aria-hidden=\"true\" class=\"wp-block-cover__background has-background-dim-0 has-background-dim\"><\/span><img loading=\"lazy\" decoding=\"async\" width=\"1918\" height=\"818\" class=\"wp-block-cover__image-background wp-image-5342\" alt=\"\" src=\"https:\/\/bynature.vn\/wp-content\/uploads\/2023\/12\/bg-001.jpg\" style=\"object-position:50% 50%\" data-object-fit=\"cover\" data-object-position=\"50% 50%\" srcset=\"https:\/\/bynature.vn\/wp-content\/uploads\/2023\/12\/bg-001.jpg 1918w, https:\/\/bynature.vn\/wp-content\/uploads\/2023\/12\/bg-001-600x256.jpg 600w, https:\/\/bynature.vn\/wp-content\/uploads\/2023\/12\/bg-001-300x128.jpg 300w, https:\/\/bynature.vn\/wp-content\/uploads\/2023\/12\/bg-001-1024x437.jpg 1024w, https:\/\/bynature.vn\/wp-content\/uploads\/2023\/12\/bg-001-768x328.jpg 768w, https:\/\/bynature.vn\/wp-content\/uploads\/2023\/12\/bg-001-1536x655.jpg 1536w\" sizes=\"auto, (max-width: 1918px) 100vw, 1918px\" \/><div class=\"wp-block-cover__inner-container is-layout-constrained wp-block-cover-is-layout-constrained\">\n<div class=\"wp-block-group\"><div class=\"wp-block-group__inner-container is-layout-constrained wp-block-group-is-layout-constrained\">\n<div class=\"wp-block-columns is-layout-flex wp-container-core-columns-is-layout-9d6595d7 wp-block-columns-is-layout-flex\">\n<div class=\"wp-block-column is-layout-flow wp-block-column-is-layout-flow\" style=\"flex-basis:66.66%\">\n<div style=\"height:45px\" aria-hidden=\"true\" class=\"wp-block-spacer\"><\/div>\n\n\n\n<h3 class=\"wp-block-heading has-text-color has-link-color wp-elements-cca7be9b77499db4ade4e99736c59974\" style=\"color:#716658\">H\u01a1n c\u1ea3 m\u1ed9t ch\u01b0\u01a1ng tr\u00ecnh \u01b0u \u0111\u00e3i, ByNature mong mu\u1ed1n mang \u0111\u1ebfn cho b\u1ea1n m\u1ed9t l\u1ed1i s\u1ed1ng t\u1ed1t h\u01a1n v\u00e0 kho\u1ebb m\u1ea1nh h\u01a1n! <\/h3>\n<\/div>\n\n\n\n<div class=\"wp-block-column is-layout-flow wp-block-column-is-layout-flow\" style=\"flex-basis:33.33%\">\t<div class='user-registration ur-frontend-form   ' id='user-registration-form-5347'>\n\t\t\t\t\t\t\t\t<form method='post' class='register' data-form-id=\"5347\"\n\t\t\t\tdata-enable-strength-password=\"\" data-minimum-password-strength=\"1\"\n\t\t\t\t\t\t\t\t\t\t\t\t\t\t\t data-captcha-enabled=\"\">\n\n\t\t\t\t<div class=\"ur-form-row\" data-row-id=\"0\">\t\t\t\t\t\t\t<div class=\"ur-form-grid ur-grid-1\"\n\t\t\t\t\t\t\t\tstyle=\"width:99%\">\n\t\t\t\t\t\t\t\t\t\t\t\t\t\t\t\t<div  data-field-id=\"user_login\" class=\"ur-field-item field-user_login \" data-ref-id=\"user_login\" data-field-pattern-enabled=\"0\" data-field-pattern-value=\" \" data-field-pattern-message=\" \">\n\t\t\t\t\t\t\t\t\t\t<div class=\"form-row validate-required\" id=\"user_login_field\" data-priority=\"\" ><label for=\"user_login\" class=\"ur-label\">T\u00ean t\u00e0i kho\u1ea3n <abbr class=\"required\" title=\"required\">*<\/abbr><\/label> <span class=\"input-wrapper\"> <input  data-rules=\"\" data-id=\"user_login\" type=\"text\" class=\"input-text   input-text ur-frontend-field  \" name=\"user_login\" id=\"user_login\" placeholder=\"\"  value=\"\" required=\"required\" data-label=\"T\u00ean t\u00e0i kho\u1ea3n\" data-username-character=\"1\"\/> <\/span> <\/div>\t\t\t\t\t\t\t\t\t<\/div>\n\t\t\t\t\t\t\t\t\t\t\t\t\t\t\t\t\t\t<div  data-field-id=\"user_email\" class=\"ur-field-item field-user_email \" data-ref-id=\"user_email\" data-field-pattern-enabled=\"0\" data-field-pattern-value=\" \" data-field-pattern-message=\" \">\n\t\t\t\t\t\t\t\t\t\t<div class=\"form-row validate-required\" id=\"user_email_field\" data-priority=\"\" ><label for=\"user_email\" class=\"ur-label\">Email <abbr class=\"required\" title=\"required\">*<\/abbr><\/label> <span class=\"input-wrapper\"> <input  data-rules=\"\" data-id=\"user_email\" type=\"email\" class=\"input-text   input-email ur-frontend-field  \" name=\"user_email\" id=\"user_email\" placeholder=\"\"  value=\"\" required=\"required\" data-label=\"Email\" \/> <\/span> <\/div>\t\t\t\t\t\t\t\t\t<\/div>\n\t\t\t\t\t\t\t\t\t\t\t\t\t\t\t\t\t\t<div  data-field-id=\"user_pass\" class=\"ur-field-item field-user_pass \" data-ref-id=\"user_pass\" data-field-pattern-enabled=\"0\" data-field-pattern-value=\" \" data-field-pattern-message=\" \">\n\t\t\t\t\t\t\t\t\t\t<div class=\"form-row validate-required hide_show_password\" id=\"user_pass_field\" data-priority=\"\"><label for=\"user_pass\" class=\"ur-label\">M\u1eadt kh\u1ea9u <abbr class=\"required\" title=\"required\">*<\/abbr><\/label> <span class=\"input-wrapper\"> <span class=\"password-input-group input-form-field-icons\"><input data-rules=\"\" data-id=\"user_pass\" type=\"password\" class=\"input-text  input-password ur-frontend-field  \" name=\"user_pass\" id=\"user_pass\" placeholder=\"\"  value=\"\" required=\"required\" data-label=\"M\u1eadt kh\u1ea9u\" \/><\/span> <\/span> <\/div>\t\t\t\t\t\t\t\t\t<\/div>\n\t\t\t\t\t\t\t\t\t\t\t\t\t\t\t\t\t\t<div  data-field-id=\"your_birthday\" class=\"ur-field-item field-date \" data-ref-id=\"your_birthday\" data-field-pattern-enabled=\"0\" data-field-pattern-value=\" \" data-field-pattern-message=\" \">\n\t\t\t\t\t\t\t\t\t\t<div class=\"form-row \" id=\"your_birthday_field\" data-priority=\"\" ><label for=\"your_birthday\" class=\"ur-label\">Ng\u00e0y sinh<\/label> <span class=\"input-wrapper\"> <input data-rules=\"\" data-id=\"your_birthday\" type=\"text\" value=\"\" class=\"ur-flatpickr-field regular-text \" readonly placeholder=\"\" data-date-format=\"Y-m-d\" data-locale=\"en\" data-label=\"Ng\u00e0y sinh\" \/><input type=\"hidden\" id=\"formated_date\" value=\"\"\/><input data-rules=\"\" data-id=\"your_birthday\" type=\"text\" data-field-type=\"date\" value=\"\" class=\"input-text input-date ur-frontend-field  \" name=\"your_birthday\" id=\"your_birthday\" placeholder=\"\"  data-date-format=\"Y-m-d\" data-locale=\"en\" data-label=\"Ng\u00e0y sinh\" style=\"display:none\"\/><\/span> <\/div>\t\t\t\t\t\t\t\t\t<\/div>\n\t\t\t\t\t\t\t\t\t\t\t\t\t\t\t\t\t\t<div  data-field-id=\"favorite_produce\" class=\"ur-field-item field-text \" data-ref-id=\"favorite_produce\" data-field-pattern-enabled=\"0\" data-field-pattern-value=\" \" data-field-pattern-message=\" \">\n\t\t\t\t\t\t\t\t\t\t<div class=\"form-row \" id=\"favorite_produce_field\" data-priority=\"\" ><label for=\"favorite_produce\" class=\"ur-label\">Rau c\u1ee7 qu\u1ea3 b\u1ea1n y\u00eau th\u00edch<\/label> <span class=\"input-wrapper\"> <input  data-rules=\"\" data-id=\"favorite_produce\" type=\"text\" class=\"input-text   input-text ur-frontend-field  \" name=\"favorite_produce\" id=\"favorite_produce\" placeholder=\"\"  value=\"\" data-label=\"Rau c\u1ee7 qu\u1ea3 b\u1ea1n y\u00eau th\u00edch\" maxlength=\"50\" \/> <\/span> <\/div>\t\t\t\t\t\t\t\t\t<\/div>\n\t\t\t\t\t\t\t\t\t\t\t\t\t\t\t\t<\/div>\n\t\t\t\t\t\t\t\t\t\t\t\t\t<\/div>\n\t\t\t\t\t\t\t\t\t\t\t\t\t\t\t\t\t\t<div class=\"ur-button-container \" >\n\t\t\t\t\t\t\t\t\t\t\t\t\t\t<button type=\"submit\" class=\"btn button ur-submit-button \"  conditional_rules=\"&quot;&quot;\">\n\t\t\t\t\t\t\t\t<span><\/span>\n\t\t\t\t\t\t\t\tG\u1eedi\t\t\t\t\t\t\t<\/button>\n\t\t\t\t\t\t\t\t\t\t\t\t\t\t\t\t\t\t\t\t<\/div>\n\t\t\t\t\t\t\n\t\t\t\t<div style=\"clear:both\"><\/div>\n\t\t\t\t\t\t\t\t<input type=\"hidden\" name=\"ur-registration-language\" value=\"vi\"\/>\n\t\t\t\t<input type=\"hidden\" name=\"ur-user-form-id\" value=\"5347\"\/>\n\t\t\t\t<input type=\"hidden\" name=\"ur-redirect-url\" value=\"https:\/\/bynature.vn\/home\/\"\/>\n\t\t\t\t<input type=\"hidden\" id=\"ur_frontend_form_nonce\" name=\"ur_frontend_form_nonce\" value=\"90e0867b44\" \/>\n\t\t\t\t\n\t\t\t<\/form>\n\t\t\t\n\t\t<div style=\"clear:both\"><\/div>\n\t<\/div>\n\n\n<\/div>\n<\/div>\n<\/div><\/div>\n<\/div><\/div>\n\n\n\n<div class=\"wp-block-cover is-light is-repeated mx-50\" style=\"min-height:100px;aspect-ratio:unset;\"><span aria-hidden=\"true\" class=\"wp-block-cover__background has-light-green-cyan-background-color has-background-dim-0 has-background-dim\"><\/span><div role=\"img\" class=\"wp-block-cover__image-background wp-image-5047 is-repeated\" style=\"background-position:50% 50%;background-image:url(https:\/\/bynature.vn\/wp-content\/uploads\/2023\/11\/header-banner.jpg)\"><\/div><div class=\"wp-block-cover__inner-container is-layout-constrained wp-block-cover-is-layout-constrained\">\n<div class=\"wp-block-columns is-layout-flex wp-container-core-columns-is-layout-9d6595d7 wp-block-columns-is-layout-flex\">\n<div class=\"wp-block-column is-layout-flow wp-block-column-is-layout-flow\" style=\"flex-basis:66.66%\">\n<div style=\"height:23px\" aria-hidden=\"true\" class=\"wp-block-spacer\"><\/div>\n\n\n\n<h2 class=\"wp-block-heading has-text-color has-link-color wp-elements-0dc4d0abbdfdfabc195673c9bacde72a\" style=\"color:#716658\">S\u1eed d\u1ee5ng \u01b0u \u0111\u00e3i ngay b\u00e2y gi\u1edd!<\/h2>\n\n\n\n<p class=\"has-text-color has-link-color wp-elements-5c95a63c4ddff2100fefd6daba4b551a\" style=\"color:#716658\">\u0110\u0103ng nh\u1eadp, \u0111\u0103ng k\u00fd th\u00e0nh vi\u00ean &#8211; tr\u1edf th\u00e0nh kh\u00e1ch h\u00e0ng th\u00e2n thi\u1ebft c\u1ee7a ByNature v\u00e0 nh\u1eadn ngay \u01b0u \u0111\u00e3i 2%!<\/p>\n\n\n\n<p class=\"has-text-color has-link-color wp-elements-7c238e7fe97a33c690b4605eaa9c6a8e\" style=\"color:#716658\">(Kh\u00f4ng \u00e1p d\u1ee5ng c\u00f9ng c\u00e1c ch\u01b0\u01a1ng tr\u00ecnh khuy\u1ebfn m\u00e3i kh\u00e1c)<\/p>\n<\/div>\n\n\n\n<div class=\"wp-block-column is-layout-flow wp-block-column-is-layout-flow\" style=\"flex-basis:33.33%\">\n<div style=\"height:47px\" aria-hidden=\"true\" class=\"wp-block-spacer\"><\/div>\n\n\n\n<div class=\"wp-block-buttons is-content-justification-right is-layout-flex wp-container-core-buttons-is-layout-765c4724 wp-block-buttons-is-layout-flex\">\n<div class=\"wp-block-button is-style-outline is-style-outline--2\"><a class=\"wp-block-button__link has-text-color has-link-color wp-element-button\" href=\"\/shop\/\" style=\"border-radius:0px;color:#716658\">\u0110\u1ebfn c\u1eeda h\u00e0ng<\/a><\/div>\n<\/div>\n<\/div>\n<\/div>\n<\/div><\/div>\n","protected":false},"excerpt":{"rendered":"<p>\u01afu \u0110\u00e3i D\u00e0nh Ri\u00eang Cho Kh\u00e1ch H\u00e0ng Th\u00e2n Thi\u1ebft Ch\u00e0o m\u1eebng b\u1ea1n \u0111\u1ebfn v\u1edbi ch\u01b0\u01a1ng tr\u00ecnh \u01b0u \u0111\u00e3i d\u00e0nh cho kh\u00e1ch h\u00e0ng th\u00e2n thi\u1ebft c\u1ee7a ByNature!Ti\u1ebft ki\u1ec7m 2% tr\u00ean m\u1ed7i \u0111\u01a1n \u0111\u1eb7t h\u00e0ng t\u1ea1i websitev\u00e0 c\u1eadp nh\u1eadt th\u00eam nhi\u1ec1u \u01b0u \u0111\u00e3i v\u00e0 ch\u01b0\u01a1ng tr\u00ecnh khuy\u1ebfn m\u00e3i kh\u00e1c! ByNature &#8211; V\u00ec M\u1ed9t L\u1ed1i S\u1ed1ng T\u1ed1t H\u01a1n!<\/p>\n","protected":false},"author":426,"featured_media":0,"parent":0,"menu_order":0,"comment_status":"closed","ping_status":"closed","template":"","meta":{"footnotes":""},"class_list":["post-5251","page","type-page","status-publish","hentry"],"acf":[],"_links":{"self":[{"href":"https:\/\/bynature.vn\/vi\/wp-json\/wp\/v2\/pages\/5251","targetHints":{"allow":["GET"]}}],"collection":[{"href":"https:\/\/bynature.vn\/vi\/wp-json\/wp\/v2\/pages"}],"about":[{"href":"https:\/\/bynature.vn\/vi\/wp-json\/wp\/v2\/types\/page"}],"author":[{"embeddable":true,"href":"https:\/\/bynature.vn\/vi\/wp-json\/wp\/v2\/users\/426"}],"replies":[{"embeddable":true,"href":"https:\/\/bynature.vn\/vi\/wp-json\/wp\/v2\/comments?post=5251"}],"version-history":[{"count":8,"href":"https:\/\/bynature.vn\/vi\/wp-json\/wp\/v2\/pages\/5251\/revisions"}],"predecessor-version":[{"id":5454,"href":"https:\/\/bynature.vn\/vi\/wp-json\/wp\/v2\/pages\/5251\/revisions\/5454"}],"wp:attachment":[{"href":"https:\/\/bynature.vn\/vi\/wp-json\/wp\/v2\/media?parent=5251"}],"curies":[{"name":"wp","href":"https:\/\/api.w.org\/{rel}","templated":true}]}}