{"id":5249,"date":"2023-10-29T17:37:59","date_gmt":"2023-10-29T10:37:59","guid":{"rendered":"https:\/\/bynature.vn\/?page_id=5249"},"modified":"2024-04-15T16:52:41","modified_gmt":"2024-04-15T09:52:41","slug":"uu-dai-gioi-thieu-ban-be","status":"publish","type":"page","link":"https:\/\/bynature.vn\/vi\/uu-dai-gioi-thieu-ban-be\/","title":{"rendered":"\u01afu \u0110\u00e3i Gi\u1edbi Thi\u1ec7u B\u1ea1n B\u00e8"},"content":{"rendered":"\n<h2 class=\"wp-block-heading\">Gi\u1edbi thi\u1ec7u b\u1ea1n m\u1edbi &#8211; C\u00f9ng nhau nh\u1eadn qu\u00e0!<\/h2>\n\n\n<ul>\n<li aria-level=\"1\">Gi\u1edbi thi\u1ec7u b\u1ea1n b\u00e8 mua h\u00e0ng t\u1ea1i ByNature \u0111\u1ec3 c\u00f9ng nhau nh\u1eadn v\u1ec1 nh\u1eefng m\u00f3n qu\u00e0 b\u1ea5t ng\u1edd v\u00e0 v\u00f4 c\u00f9ng d\u1ec5 th\u01b0\u01a1ng<\/li>\n<li aria-level=\"1\">V\u00e0 \u0111\u1eebng qu\u00ean ghi ch\u00fa l\u1ea1i \u0111\u1ec3 ByNature ghi nh\u1eadn th\u00f4ng tin g\u1eedi qu\u00e0 cho b\u1ea1n nha!<\/li>\n<\/ul>\n\n<div class=\"wp-block-image\">\n<figure class=\"aligncenter size-full is-resized\"><img loading=\"lazy\" decoding=\"async\" width=\"940\" height=\"788\" src=\"https:\/\/bynature.vn\/wp-content\/uploads\/2023\/12\/bynature-referal-program.jpg\" alt=\"\" class=\"wp-image-5317\" style=\"width:408px;height:auto\" srcset=\"https:\/\/bynature.vn\/wp-content\/uploads\/2023\/12\/bynature-referal-program.jpg 940w, https:\/\/bynature.vn\/wp-content\/uploads\/2023\/12\/bynature-referal-program-600x503.jpg 600w, https:\/\/bynature.vn\/wp-content\/uploads\/2023\/12\/bynature-referal-program-300x251.jpg 300w, https:\/\/bynature.vn\/wp-content\/uploads\/2023\/12\/bynature-referal-program-768x644.jpg 768w\" sizes=\"auto, (max-width: 940px) 100vw, 940px\" \/><\/figure>\n<\/div>","protected":false},"excerpt":{"rendered":"<p>Gi\u1edbi thi\u1ec7u b\u1ea1n m\u1edbi &#8211; C\u00f9ng nhau nh\u1eadn qu\u00e0! Gi\u1edbi thi\u1ec7u b\u1ea1n b\u00e8 mua h\u00e0ng t\u1ea1i ByNature \u0111\u1ec3 c\u00f9ng nhau nh\u1eadn v\u1ec1 nh\u1eefng m\u00f3n qu\u00e0 b\u1ea5t ng\u1edd v\u00e0 v\u00f4 c\u00f9ng d\u1ec5 th\u01b0\u01a1ng V\u00e0 \u0111\u1eebng qu\u00ean ghi ch\u00fa l\u1ea1i \u0111\u1ec3 ByNature ghi nh\u1eadn th\u00f4ng tin g\u1eedi qu\u00e0 cho b\u1ea1n nha!<\/p>\n","protected":false},"author":426,"featured_media":0,"parent":0,"menu_order":0,"comment_status":"closed","ping_status":"closed","template":"","meta":{"footnotes":""},"class_list":["post-5249","page","type-page","status-publish","hentry"],"acf":[],"_links":{"self":[{"href":"https:\/\/bynature.vn\/vi\/wp-json\/wp\/v2\/pages\/5249","targetHints":{"allow":["GET"]}}],"collection":[{"href":"https:\/\/bynature.vn\/vi\/wp-json\/wp\/v2\/pages"}],"about":[{"href":"https:\/\/bynature.vn\/vi\/wp-json\/wp\/v2\/types\/page"}],"author":[{"embeddable":true,"href":"https:\/\/bynature.vn\/vi\/wp-json\/wp\/v2\/users\/426"}],"replies":[{"embeddable":true,"href":"https:\/\/bynature.vn\/vi\/wp-json\/wp\/v2\/comments?post=5249"}],"version-history":[{"count":3,"href":"https:\/\/bynature.vn\/vi\/wp-json\/wp\/v2\/pages\/5249\/revisions"}],"predecessor-version":[{"id":5321,"href":"https:\/\/bynature.vn\/vi\/wp-json\/wp\/v2\/pages\/5249\/revisions\/5321"}],"wp:attachment":[{"href":"https:\/\/bynature.vn\/vi\/wp-json\/wp\/v2\/media?parent=5249"}],"curies":[{"name":"wp","href":"https:\/\/api.w.org\/{rel}","templated":true}]}}